{"id":113,"date":"2017-05-18T16:57:12","date_gmt":"2017-05-18T16:57:12","guid":{"rendered":"http:\/\/grupomontevideo.org\/ndca\/ndpelse\/?page_id=113"},"modified":"2025-02-20T18:56:04","modified_gmt":"2025-02-20T18:56:04","slug":"documentos-y-declaraciones","status":"publish","type":"page","link":"https:\/\/grupomontevideo.org\/ndca\/ndpelse\/?page_id=113","title":{"rendered":"DOCUMENTOS Y DECLARACIONES"},"content":{"rendered":"<p><a href=\"https:\/\/grupomontevideo.org\/ndca\/ndpelse\/wp-content\/uploads\/2017\/05\/Proyecto_Lectorado_PELSE.pdf\">Proyecto_Lectorado_PELSE<\/a><\/p>\n<p><a href=\"https:\/\/grupomontevideo.org\/ndca\/ndpelse\/wp-content\/uploads\/2017\/05\/Nota-al-Presidente-de-AUGM_-Dr.-Solezzi-Cid.pdf\">Nota al Presidente de AUGM_ Dr. Zolezzi Cid<\/a><\/p>\n<p><a href=\"https:\/\/grupomontevideo.org\/ndca\/ndpelse\/wp-content\/uploads\/2017\/05\/Documento_l\u00ednguas-na-internacionaliza\u00e7\u00e3o_PELSE.pdf\">Documento_l\u00ednguas na internacionaliza\u00e7\u00e3o_PELSE<\/a><\/p>\n<p><a href=\"https:\/\/grupomontevideo.org\/ndca\/ndpelse\/wp-content\/uploads\/2017\/05\/Documento_lenguas-en-la-internacionalizaci\u00f3n_PELSE.pdf\">Documento_lenguas en la internacionalizaci\u00f3n_PELSE<\/a><\/p>\n<p><a href=\"https:\/\/grupomontevideo.org\/ndca\/ndpelse\/wp-content\/uploads\/2017\/05\/Propuesta-presentada-por-UNL_Plan-bianual-ND-PELSE-2016-2018.pdf\">Propuesta presentada por UNL_Plan bianual ND PELSE 2016-2018<\/a><\/p>\n","protected":false},"excerpt":{"rendered":"<p>Proyecto_Lectorado_PELSE Nota al Presidente de AUGM_ Dr. Zolezzi Cid Documento_l\u00ednguas na internacionaliza\u00e7\u00e3o_PELSE Documento_lenguas en la internacionalizaci\u00f3n_PELSE Propuesta presentada por UNL_Plan bianual ND PELSE 2016-2018<\/p>\n","protected":false},"author":1,"featured_media":0,"parent":0,"menu_order":0,"comment_status":"closed","ping_status":"closed","template":"","meta":{"footnotes":""},"class_list":["post-113","page","type-page","status-publish","hentry"],"_links":{"self":[{"href":"https:\/\/grupomontevideo.org\/ndca\/ndpelse\/index.php?rest_route=\/wp\/v2\/pages\/113","targetHints":{"allow":["GET"]}}],"collection":[{"href":"https:\/\/grupomontevideo.org\/ndca\/ndpelse\/index.php?rest_route=\/wp\/v2\/pages"}],"about":[{"href":"https:\/\/grupomontevideo.org\/ndca\/ndpelse\/index.php?rest_route=\/wp\/v2\/types\/page"}],"author":[{"embeddable":true,"href":"https:\/\/grupomontevideo.org\/ndca\/ndpelse\/index.php?rest_route=\/wp\/v2\/users\/1"}],"replies":[{"embeddable":true,"href":"https:\/\/grupomontevideo.org\/ndca\/ndpelse\/index.php?rest_route=%2Fwp%2Fv2%2Fcomments&post=113"}],"version-history":[{"count":6,"href":"https:\/\/grupomontevideo.org\/ndca\/ndpelse\/index.php?rest_route=\/wp\/v2\/pages\/113\/revisions"}],"predecessor-version":[{"id":330,"href":"https:\/\/grupomontevideo.org\/ndca\/ndpelse\/index.php?rest_route=\/wp\/v2\/pages\/113\/revisions\/330"}],"wp:attachment":[{"href":"https:\/\/grupomontevideo.org\/ndca\/ndpelse\/index.php?rest_route=%2Fwp%2Fv2%2Fmedia&parent=113"}],"curies":[{"name":"wp","href":"https:\/\/api.w.org\/{rel}","templated":true}]}}