{"id":86,"date":"2018-12-02T22:10:47","date_gmt":"2018-12-02T22:10:47","guid":{"rendered":"http:\/\/grupomontevideo.org\/ndca\/ndmatematicaaplicada\/?page_id=86"},"modified":"2020-08-26T21:24:22","modified_gmt":"2020-08-26T21:24:22","slug":"noticias","status":"publish","type":"page","link":"https:\/\/grupomontevideo.org\/ndca\/ndmatematicaaplicada\/?page_id=86","title":{"rendered":"INICIO"},"content":{"rendered":"<h1 style=\"text-align: center;\">Ciclo de Seminarios Virtuales 2020<\/h1>\n<div>\n<div>1 \u2013 AGO 27 \u2014\u2014\u2014- Luiz Alberto D\u00edaz R. (UFSM)<\/div>\n<div>Tema: Modelos Matem\u00e1ticos em Epidemiologia: o que s\u00e3o e porque podem ser importantes<\/div>\n<div>2 \u2013 SEP 10 \u2014\u2014\u2014- Amalia Pizarro (UV)<\/div>\n<div>Tema:\u00a0<em>Algunos desaf\u00edos en criptograf\u00eda<\/em><\/div>\n<div>3 \u2013 SEP 25 \u2014\u2014\u2014- Fernando C. Tura (UFSM)<\/div>\n<div>Tema:\u00a0<em>Grafos Threshold Coespectrais<\/em><\/div>\n<div>4 \u2013 OCT 08 \u2014\u2014\u2014- Rosemaira D. Copetti (UFSM)<\/div>\n<div>Tema: A solu\u00e7\u00e3o fundamental nas respostas livre e for\u00e7ada de problemas que envolvem vibra\u00e7\u00f5es<\/div>\n<div>5 \u2013 OCT 22 \u2014\u2014\u2014- Elvio Pilotta (UNC)<\/div>\n<div>Tema: Matem\u00e1tica aplicada en la FaMAF-UNC<\/div>\n<div>6 \u2013 NOV 05 \u2014\u2014\u2014 Walter Reartes (UNS)<\/div>\n<div>Tema:\u00a0<em>Reinterpretando el modelo SIR en la pandemia de COVID-19<\/em><\/div>\n<div>7 \u2013 NOV 19 \u2014\u2014\u2014 JM Alonso (UNSL)<\/div>\n<div>Tema:\u00a0<em>Grafos que aproximan espacios m\u00e9tricos finitos<\/em><\/div>\n<div>8 \u2013 DIC 03 \u2014\u2014\u2014- Claudio Delrieux (UNS)<\/div>\n<div>Tema:\u00a0<em>Modelos fractales para an\u00e1lisis y generaci\u00f3n de fen\u00f3menos complejos<\/em><\/div>\n<div>9 \u2013 DIC 17 \u2014\u2014\u2014- Beatriz Marr\u00f3n (UNS)<\/div>\n<div>Tema:\u00a0<em>Herramientas estad\u00edsticas para un estudio global del status de la vitamina D en la Argentina.<\/em><\/div>\n<\/div>\n<hr \/>\n<h1 style=\"text-align: center;\">VII MACI 2019<\/h1>\n<h3 style=\"text-align: center;\"><span style=\"color: #808080;\">VII Congreso de Matem\u00e1tica Aplicada, Computacional e Industrial<\/span><\/h3>\n<h4 style=\"text-align: center;\">8-10 de mayo de 2019, R\u00edo Cuarto, Argentina<\/h4>\n<p><a href=\"https:\/\/grupomontevideo.org\/ndca\/ndmatematicaaplicada\/wp-content\/uploads\/2018\/12\/VII-MACI-2019-Primer-Anuncio-.pdf\">VII MACI 2019 &#8211; Primer Anuncio<\/a><\/p>\n","protected":false},"excerpt":{"rendered":"<p>Ciclo de Seminarios Virtuales 2020 1 \u2013 AGO 27 \u2014\u2014\u2014- Luiz Alberto D\u00edaz R. (UFSM) Tema: Modelos Matem\u00e1ticos em Epidemiologia: o que s\u00e3o e porque&#8230;<\/p>\n","protected":false},"author":5,"featured_media":0,"parent":0,"menu_order":0,"comment_status":"closed","ping_status":"closed","template":"","meta":{"footnotes":""},"class_list":["post-86","page","type-page","status-publish","hentry"],"_links":{"self":[{"href":"https:\/\/grupomontevideo.org\/ndca\/ndmatematicaaplicada\/index.php?rest_route=\/wp\/v2\/pages\/86","targetHints":{"allow":["GET"]}}],"collection":[{"href":"https:\/\/grupomontevideo.org\/ndca\/ndmatematicaaplicada\/index.php?rest_route=\/wp\/v2\/pages"}],"about":[{"href":"https:\/\/grupomontevideo.org\/ndca\/ndmatematicaaplicada\/index.php?rest_route=\/wp\/v2\/types\/page"}],"author":[{"embeddable":true,"href":"https:\/\/grupomontevideo.org\/ndca\/ndmatematicaaplicada\/index.php?rest_route=\/wp\/v2\/users\/5"}],"replies":[{"embeddable":true,"href":"https:\/\/grupomontevideo.org\/ndca\/ndmatematicaaplicada\/index.php?rest_route=%2Fwp%2Fv2%2Fcomments&post=86"}],"version-history":[{"count":9,"href":"https:\/\/grupomontevideo.org\/ndca\/ndmatematicaaplicada\/index.php?rest_route=\/wp\/v2\/pages\/86\/revisions"}],"predecessor-version":[{"id":210,"href":"https:\/\/grupomontevideo.org\/ndca\/ndmatematicaaplicada\/index.php?rest_route=\/wp\/v2\/pages\/86\/revisions\/210"}],"wp:attachment":[{"href":"https:\/\/grupomontevideo.org\/ndca\/ndmatematicaaplicada\/index.php?rest_route=%2Fwp%2Fv2%2Fmedia&parent=86"}],"curies":[{"name":"wp","href":"https:\/\/api.w.org\/{rel}","templated":true}]}}