{"id":199,"date":"2020-08-13T21:47:41","date_gmt":"2020-08-13T21:47:41","guid":{"rendered":"http:\/\/grupomontevideo.org\/ndca\/ndmatematicaaplicada\/?page_id=199"},"modified":"2020-08-26T21:22:00","modified_gmt":"2020-08-26T21:22:00","slug":"seminarios","status":"publish","type":"page","link":"https:\/\/grupomontevideo.org\/ndca\/ndmatematicaaplicada\/?page_id=199","title":{"rendered":"SEMINARIOS"},"content":{"rendered":"<p><strong>2020<\/strong><\/p>\n<div><span style=\"font-family: arial, sans-serif;\">1 &#8211; AGO 27 &#8212;&#8212;&#8212;- Luiz Alberto D\u00edaz R. (UFSM)<\/span><\/div>\n<div>Tema: Modelos Matem\u00e1ticos em Epidemiologia: o que s\u00e3o e porque podem ser importantes<\/div>\n<div><span style=\"font-family: arial, sans-serif;\">2 &#8211; SEP 10 &#8212;&#8212;&#8212;- Amalia Pizarro (UV)<\/span><\/div>\n<div>Tema: <em>Algunos desaf\u00edos en criptograf\u00eda<\/em><\/div>\n<div><span style=\"font-family: arial, sans-serif;\">3 &#8211; SEP 25 &#8212;&#8212;&#8212;- Fernando C. Tura (UFSM)<\/span><\/div>\n<div>Tema: <em>Grafos Threshold Coespectrais<\/em><\/div>\n<div><span style=\"font-family: arial, sans-serif;\">4 &#8211; OCT 08 &#8212;&#8212;&#8212;- Rosemaira D. Copetti (UFSM)<\/span><\/div>\n<div>Tema: A solu\u00e7\u00e3o fundamental nas respostas livre e for\u00e7ada de problemas que envolvem vibra\u00e7\u00f5es<\/div>\n<div><span style=\"font-family: arial, sans-serif;\">5 &#8211; OCT 22 &#8212;&#8212;&#8212;- Elvio Pilotta (UNC)<\/span><\/div>\n<div>Tema: Matem\u00e1tica aplicada en la FaMAF-UNC<\/div>\n<div><span style=\"font-family: arial, sans-serif;\">6 &#8211; NOV 05 &#8212;&#8212;&#8212; Walter Reartes (UNS)<\/span><\/div>\n<div>Tema: <em>Reinterpretando el modelo SIR en la pandemia de COVID-19<\/em><\/div>\n<div><span style=\"font-family: arial, sans-serif;\">7 &#8211; NOV 19 &#8212;&#8212;&#8212; JM Alonso (UNSL)<\/span><\/div>\n<div>Tema: <em>Grafos que aproximan espacios m\u00e9tricos finitos<\/em><\/div>\n<div><span style=\"font-family: arial, sans-serif;\">8 &#8211; DIC 03 &#8212;&#8212;&#8212;- Claudio Delrieux (UNS)<\/span><\/div>\n<div>Tema: <em>Modelos fractales para an\u00e1lisis y generaci\u00f3n de fen\u00f3menos complejos<\/em><\/div>\n<div><span style=\"font-family: arial, sans-serif;\">9 &#8211; DIC 17 &#8212;&#8212;&#8212;- Beatriz Marr\u00f3n (UNS)<\/span><\/div>\n<div>Tema: <em>Herramientas estad\u00edsticas para un estudio global del status de la vitamina D en la Argentina.<\/em><\/div>\n","protected":false},"excerpt":{"rendered":"<p>2020 1 &#8211; AGO 27 &#8212;&#8212;&#8212;- Luiz Alberto D\u00edaz R. (UFSM) Tema: Modelos Matem\u00e1ticos em Epidemiologia: o que s\u00e3o e porque podem ser importantes 2&#8230;<\/p>\n","protected":false},"author":1,"featured_media":0,"parent":0,"menu_order":0,"comment_status":"closed","ping_status":"closed","template":"","meta":{"footnotes":""},"class_list":["post-199","page","type-page","status-publish","hentry"],"_links":{"self":[{"href":"https:\/\/grupomontevideo.org\/ndca\/ndmatematicaaplicada\/index.php?rest_route=\/wp\/v2\/pages\/199","targetHints":{"allow":["GET"]}}],"collection":[{"href":"https:\/\/grupomontevideo.org\/ndca\/ndmatematicaaplicada\/index.php?rest_route=\/wp\/v2\/pages"}],"about":[{"href":"https:\/\/grupomontevideo.org\/ndca\/ndmatematicaaplicada\/index.php?rest_route=\/wp\/v2\/types\/page"}],"author":[{"embeddable":true,"href":"https:\/\/grupomontevideo.org\/ndca\/ndmatematicaaplicada\/index.php?rest_route=\/wp\/v2\/users\/1"}],"replies":[{"embeddable":true,"href":"https:\/\/grupomontevideo.org\/ndca\/ndmatematicaaplicada\/index.php?rest_route=%2Fwp%2Fv2%2Fcomments&post=199"}],"version-history":[{"count":4,"href":"https:\/\/grupomontevideo.org\/ndca\/ndmatematicaaplicada\/index.php?rest_route=\/wp\/v2\/pages\/199\/revisions"}],"predecessor-version":[{"id":209,"href":"https:\/\/grupomontevideo.org\/ndca\/ndmatematicaaplicada\/index.php?rest_route=\/wp\/v2\/pages\/199\/revisions\/209"}],"wp:attachment":[{"href":"https:\/\/grupomontevideo.org\/ndca\/ndmatematicaaplicada\/index.php?rest_route=%2Fwp%2Fv2%2Fmedia&parent=199"}],"curies":[{"name":"wp","href":"https:\/\/api.w.org\/{rel}","templated":true}]}}