{"id":18,"date":"2015-12-04T19:37:06","date_gmt":"2015-12-04T19:37:06","guid":{"rendered":"http:\/\/grupomontevideo.org\/ndca\/caagroalimentario\/?page_id=18"},"modified":"2025-07-21T12:48:11","modified_gmt":"2025-07-21T12:48:11","slug":"objetivos","status":"publish","type":"page","link":"https:\/\/grupomontevideo.org\/ndca\/ndliteratura\/?page_id=18","title":{"rendered":"OBJETIVOS"},"content":{"rendered":"<p style=\"text-align: justify;\">&#8211; Favorecer el desarrollo de las investigaciones universitarias en el \u00e1rea de Literatura y Cultura Latinoamericanas.<br \/>\n&#8211; Contribuir, desde la investigaci\u00f3n y la transferencia, a las ofertas educativas de grado y posgrado en este campo que se desarrollen en las universidades miembros del Grupo Montevideo.<br \/>\n&#8211; Promover el intercambio de conocimientos, experiencias de producci\u00f3n y cooperaci\u00f3n acad\u00e9mica entre los centros de investigaci\u00f3n de las universidades miembro.<br \/>\n&#8211; Facilitar el dise\u00f1o y ejecuci\u00f3n de programas y proyectos de intercambio de docentes, investigadores y alumnos inscriptos en esta \u00e1rea de inter\u00e9s, y fomentar la idea de un Proyecto conjunto entendido como un trabajo solidario de proyecciones materiales en la regi\u00f3n.<br \/>\n&#8211; Propiciar la realizaci\u00f3n de Simposios, Jornadas, Seminarios y Congresos Interregionales e Internacionales orientados (cada uno con sus respectivas din\u00e1micas) a la circulaci\u00f3n de masa cr\u00edtica.<br \/>\n&#8211; Fomentar investigaciones conjuntas en temas de inter\u00e9s de las distintas universidades en vistas de fortalecer, por un lado, las redes acad\u00e9micas y, por el otro, de promover colectiva y solidariamente las publicaciones de sus resultados obtenidos.<br \/>\n&#8211; Estimular la publicaci\u00f3n y difusi\u00f3n conjunta de producci\u00f3n sobre temas de nuestra \u00e1rea a partir de la experiencia recabada en el Sello Editorial Katatay, destinado a la publicaci\u00f3n de trabajos cr\u00edticos sobre Am\u00e9rica Latina (adjuntamos cat\u00e1logo)<br \/>\n&#8211; Promover la vinculaci\u00f3n entre centros, institutos, grupos de investigaci\u00f3n, expertos y alumnos dedicados a estudios en nuestra \u00e1rea.<br \/>\n&#8211; Asesorar a asociaciones, equipos de distintas disciplinas, organismos de nuestras comunidades en cuestiones, temas, proyectos etc. de nuestra incumbencia.<br \/>\n&#8211; Crear redes de investigadores donde no las hay y consolidar las existentes entre los pa\u00edses participantes de la iniciativa.<\/p>\n<p>&nbsp;<\/p>\n","protected":false},"excerpt":{"rendered":"<p>&#8211; Favorecer el desarrollo de las investigaciones universitarias en el \u00e1rea de Literatura y Cultura Latinoamericanas. &#8211; Contribuir, desde la investigaci\u00f3n y la transferencia, a&#8230;<\/p>\n","protected":false},"author":1,"featured_media":0,"parent":0,"menu_order":0,"comment_status":"closed","ping_status":"closed","template":"","meta":{"footnotes":""},"class_list":["post-18","page","type-page","status-publish","hentry"],"_links":{"self":[{"href":"https:\/\/grupomontevideo.org\/ndca\/ndliteratura\/index.php?rest_route=\/wp\/v2\/pages\/18","targetHints":{"allow":["GET"]}}],"collection":[{"href":"https:\/\/grupomontevideo.org\/ndca\/ndliteratura\/index.php?rest_route=\/wp\/v2\/pages"}],"about":[{"href":"https:\/\/grupomontevideo.org\/ndca\/ndliteratura\/index.php?rest_route=\/wp\/v2\/types\/page"}],"author":[{"embeddable":true,"href":"https:\/\/grupomontevideo.org\/ndca\/ndliteratura\/index.php?rest_route=\/wp\/v2\/users\/1"}],"replies":[{"embeddable":true,"href":"https:\/\/grupomontevideo.org\/ndca\/ndliteratura\/index.php?rest_route=%2Fwp%2Fv2%2Fcomments&post=18"}],"version-history":[{"count":8,"href":"https:\/\/grupomontevideo.org\/ndca\/ndliteratura\/index.php?rest_route=\/wp\/v2\/pages\/18\/revisions"}],"predecessor-version":[{"id":199,"href":"https:\/\/grupomontevideo.org\/ndca\/ndliteratura\/index.php?rest_route=\/wp\/v2\/pages\/18\/revisions\/199"}],"wp:attachment":[{"href":"https:\/\/grupomontevideo.org\/ndca\/ndliteratura\/index.php?rest_route=%2Fwp%2Fv2%2Fmedia&parent=18"}],"curies":[{"name":"wp","href":"https:\/\/api.w.org\/{rel}","templated":true}]}}