{"id":18,"date":"2015-12-04T19:37:06","date_gmt":"2015-12-04T19:37:06","guid":{"rendered":"http:\/\/grupomontevideo.org\/ndca\/caagroalimentario\/?page_id=18"},"modified":"2025-02-20T19:30:08","modified_gmt":"2025-02-20T19:30:08","slug":"objetivos","status":"publish","type":"page","link":"https:\/\/grupomontevideo.org\/ndca\/ndgca\/?page_id=18","title":{"rendered":"OBJETIVOS"},"content":{"rendered":"<p><strong>Objetivos Generales:<\/strong><\/p>\n<p>Promover la integraci\u00f3n acad\u00e9mica de los grupos que act\u00faan en investigaci\u00f3n y ense\u00f1anza en las \u00e1reas te\u00f3ricas y aplicadas de GyCA, a trav\u00e9s del desarrollo de proyectos de investigaci\u00f3n colaborativos, reuniones anuales de intercambio acad\u00e9mico y publicaci\u00f3n de conocimiento y resultados obtenidos en el marco del n\u00facleo disciplinario a los efectos de contribuir a los ODS &#8211; Objetivos del Desarrollo Sostenible 2030 -.<\/p>\n<p><b>Objetivos Espec\u00edficos:<\/b><\/p>\n<p>-Difundir las actividades del N\u00facleo Disciplinar dentro de cada instituci\u00f3n miembro de AUGM, de forma tal de potenciar el trabajo interdisciplinar en el \u00e1rea referida a las tem\u00e1ticas de GyCA.<br \/>\n-Fomentar la formaci\u00f3n de recursos humanos en GyCA a trav\u00e9s del intercambio de profesores\/investigadores\/estudiantes para entrenamientos, eventos cient\u00edficos entre otros.<br \/>\n&#8211; Gestionar la vinculaci\u00f3n con entidades primarias de producci\u00f3n de datos satelitales integr\u00e1ndolos en un observatorio del ND GyCA, tales como CONAE, INPE, entre otros.<br \/>\n&#8211; Gestionar y articular la posibilidad de disponer de un espacio donde se encuentren fuentes y oportunidades de financiamiento para proyectos de investigaci\u00f3n.<br \/>\n-Desarrollar una base de datos que incluya a los grupos interesados en GyCA dentro de cada instituci\u00f3n miembro de AUGM (temas, informaci\u00f3n de contacto, materias de grado y posgrado vinculadas a la tem\u00e1tica). Disponible en el sitio web del ND.<br \/>\n&#8211; Mapeo de datos sobre l\u00edneas de investigaci\u00f3n desarrolladas y capacidad instalada (recursos humanos y materiales existentes) en el \u00e1rea, dentro de las Universidades de AUGM.<br \/>\n&#8211; Fomentar la integraci\u00f3n de las universidades involucradas en el ND GyCA en el desarrollo de proyectos de investigaci\u00f3n utilizando im\u00e1genes de satelitales SAR provenientes de diversas plataformas tales como SAOCOM; en \u00e1reas tem\u00e1ticas tales como: ordenamiento territorial, monitoreo de cultivos, detecci\u00f3n de estr\u00e9s bi\u00f3tico y abi\u00f3tico, detecci\u00f3n de da\u00f1os por granizo, monitoreo de humedales, etc.<br \/>\n&#8211; Favorecer la vinculaci\u00f3n de las universidades involucradas en el ND GyCA para potenciar el desarrollo de proyectos de investigaci\u00f3n utilizando Sistemas de Aeronaves Remotamente Tripuladas (RPAS); en aplicaciones como topograf\u00eda y agrimensura digitales, manejo sitio-espec\u00edfico y agricultura de precisi\u00f3n, monitoreo de plagas y evaluaci\u00f3n de estr\u00e9s bi\u00f3tico y abi\u00f3tico, etc.<br \/>\n&#8211; Fomentar la integraci\u00f3n de las universidades involucradas en el ND GyCA en el desarrollo de proyectos de investigaci\u00f3n utilizando im\u00e1genes de satelitales \u00f3pticos provenientes de diversas plataformas tales como CBERS, LANDSAT, SENTINEL, etc.; en \u00e1reas tem\u00e1ticas tales como: monitoreo de cultivos, detecci\u00f3n de estr\u00e9s por sequ\u00eda, estimativa de cosecha, monitoreo de humedales, cambios de uso de suelo, demograf\u00eda y econom\u00eda, etc.<br \/>\n&#8211; Desarrollo de estudios a escalas micro-meteorol\u00f3gica, regional de Tiempo y Clima, as\u00ed como modelos Clim\u00e1ticos.<br \/>\n&#8211; Desarrollo de estudios y proyectos relacionados con el manejo de datos geogr\u00e1ficos, as\u00ed como su captura primaria y posterior difusi\u00f3n a la comunidad (WebGIS, IDEs, datos abiertos).<br \/>\n&#8211; Vincular, articular y promover los servicios clim\u00e1ticos estrat\u00e9gicos de nuestras universidades para la sociedad y los sectores productivos como, por ejemplo: Energ\u00eda, Transportes, Agricultura, Salud, Protecci\u00f3n Civil y Ambiental.<br \/>\n&#8211; Vincularse con otros grupos acad\u00e9micos de AUGM (CA Medio Ambiente, Aguas, Energ\u00eda, Agroalimentario, ND Matem\u00e1tica Aplicada, etc.) para abordar temas como, cambio clim\u00e1tico, desarrollo sustentable.<\/p>\n<p>[:pt]OBJETIVO DEL COMIT\u00c9<br \/>\nCrear un foro de intercambio y gesti\u00f3n de conocimientos vinculados al sector<br \/>\nagroalimentario (desde la producci\u00f3n hasta el consumidor), interdisciplinario,<br \/>\ninterinstitucional e intersectorial, que fortalezca la planificaci\u00f3n y gesti\u00f3n de<br \/>\npol\u00edticas y programas de desarrollo sostenible en Am\u00e9rica Latina.<\/p>\n<p>DESCARGUE PDF:\u00a0<a href=\"http:\/\/grupomontevideo.org\/ndca\/caagroalimentario\/wp-content\/uploads\/2013\/10\/Objetivos-y-Fundamentaci\u00f3n.pdf\">Objetivos y Fundamentaci\u00f3n<\/a><\/p>\n","protected":false},"excerpt":{"rendered":"<p>Objetivos Generales: Promover la integraci\u00f3n acad\u00e9mica de los grupos que act\u00faan en investigaci\u00f3n y ense\u00f1anza en las \u00e1reas te\u00f3ricas y aplicadas de GyCA, a trav\u00e9s&#8230;<\/p>\n","protected":false},"author":1,"featured_media":0,"parent":0,"menu_order":0,"comment_status":"closed","ping_status":"closed","template":"","meta":{"footnotes":""},"class_list":["post-18","page","type-page","status-publish","hentry"],"_links":{"self":[{"href":"https:\/\/grupomontevideo.org\/ndca\/ndgca\/index.php?rest_route=\/wp\/v2\/pages\/18","targetHints":{"allow":["GET"]}}],"collection":[{"href":"https:\/\/grupomontevideo.org\/ndca\/ndgca\/index.php?rest_route=\/wp\/v2\/pages"}],"about":[{"href":"https:\/\/grupomontevideo.org\/ndca\/ndgca\/index.php?rest_route=\/wp\/v2\/types\/page"}],"author":[{"embeddable":true,"href":"https:\/\/grupomontevideo.org\/ndca\/ndgca\/index.php?rest_route=\/wp\/v2\/users\/1"}],"replies":[{"embeddable":true,"href":"https:\/\/grupomontevideo.org\/ndca\/ndgca\/index.php?rest_route=%2Fwp%2Fv2%2Fcomments&post=18"}],"version-history":[{"count":7,"href":"https:\/\/grupomontevideo.org\/ndca\/ndgca\/index.php?rest_route=\/wp\/v2\/pages\/18\/revisions"}],"predecessor-version":[{"id":186,"href":"https:\/\/grupomontevideo.org\/ndca\/ndgca\/index.php?rest_route=\/wp\/v2\/pages\/18\/revisions\/186"}],"wp:attachment":[{"href":"https:\/\/grupomontevideo.org\/ndca\/ndgca\/index.php?rest_route=%2Fwp%2Fv2%2Fmedia&parent=18"}],"curies":[{"name":"wp","href":"https:\/\/api.w.org\/{rel}","templated":true}]}}