{"id":156,"date":"2022-10-17T13:47:26","date_gmt":"2022-10-17T13:47:26","guid":{"rendered":"http:\/\/grupomontevideo.org\/ndca\/ndgca\/?page_id=156"},"modified":"2023-05-07T22:05:06","modified_gmt":"2023-05-07T22:05:06","slug":"publicaciones","status":"publish","type":"page","link":"https:\/\/grupomontevideo.org\/ndca\/ndgca\/?page_id=156","title":{"rendered":"PUBLICACIONES"},"content":{"rendered":"<div><a href=\"https:\/\/grupomontevideo.org\/ndca\/ndgca\/wp-content\/uploads\/2023\/05\/GCA.jpg\"><img loading=\"lazy\" decoding=\"async\" class=\"aligncenter  wp-image-164\" src=\"https:\/\/grupomontevideo.org\/ndca\/ndgca\/wp-content\/uploads\/2023\/05\/GCA-212x300.jpg\" alt=\"\" width=\"302\" height=\"427\" srcset=\"https:\/\/grupomontevideo.org\/ndca\/ndgca\/wp-content\/uploads\/2023\/05\/GCA-212x300.jpg 212w, https:\/\/grupomontevideo.org\/ndca\/ndgca\/wp-content\/uploads\/2023\/05\/GCA.jpg 629w\" sizes=\"auto, (max-width: 302px) 100vw, 302px\" \/><\/a><\/div>\n<div><\/div>\n<div><a href=\"https:\/\/grupomontevideo.org\/ndca\/ndgca\/wp-content\/uploads\/2023\/05\/Libro-GeotecODS_2023_AUGM-ND-GyCA.pdf\" target=\"_blank\" rel=\"noopener\">Acceder a la publicaci\u00f3n<\/a><\/div>\n<div><\/div>\n<div>\n<hr \/>\n<\/div>\n<div><b>Monitoramento Fitossanit\u00e1rio Utilizando Sensoriamento Remoto: Avan\u00e7os e Desafios<\/b><\/div>\n<div><span style=\"font-family: verdana, sans-serif;\"><a href=\"https:\/\/seer.ufu.br\/index.php\/revistabrasileiracartografia\/article\/view\/56597\" target=\"_blank\" rel=\"noopener\" data-saferedirecturl=\"https:\/\/www.google.com\/url?q=https:\/\/seer.ufu.br\/index.php\/revistabrasileiracartografia\/article\/view\/56597&amp;source=gmail&amp;ust=1666100276316000&amp;usg=AOvVaw0H0EIKER79GIJ1zX_VHwSW\">https:\/\/seer.ufu.br\/index.php\/<wbr \/>revistabrasileiracartografia\/<wbr \/>article\/view\/56597<\/a><\/span><\/div>\n<div><\/div>\n<div><a href=\"https:\/\/grupomontevideo.org\/ndca\/ndgca\/wp-content\/uploads\/2022\/10\/jvmbravo9-56597.pdf\" target=\"_blank\" rel=\"noopener\">Acceda al articulo completo<\/a><\/div>\n","protected":false},"excerpt":{"rendered":"<p>Acceder a la publicaci\u00f3n Monitoramento Fitossanit\u00e1rio Utilizando Sensoriamento Remoto: Avan\u00e7os e Desafios https:\/\/seer.ufu.br\/index.php\/revistabrasileiracartografia\/article\/view\/56597 Acceda al articulo completo<\/p>\n","protected":false},"author":1,"featured_media":0,"parent":0,"menu_order":0,"comment_status":"closed","ping_status":"closed","template":"","meta":{"footnotes":""},"class_list":["post-156","page","type-page","status-publish","hentry"],"_links":{"self":[{"href":"https:\/\/grupomontevideo.org\/ndca\/ndgca\/index.php?rest_route=\/wp\/v2\/pages\/156","targetHints":{"allow":["GET"]}}],"collection":[{"href":"https:\/\/grupomontevideo.org\/ndca\/ndgca\/index.php?rest_route=\/wp\/v2\/pages"}],"about":[{"href":"https:\/\/grupomontevideo.org\/ndca\/ndgca\/index.php?rest_route=\/wp\/v2\/types\/page"}],"author":[{"embeddable":true,"href":"https:\/\/grupomontevideo.org\/ndca\/ndgca\/index.php?rest_route=\/wp\/v2\/users\/1"}],"replies":[{"embeddable":true,"href":"https:\/\/grupomontevideo.org\/ndca\/ndgca\/index.php?rest_route=%2Fwp%2Fv2%2Fcomments&post=156"}],"version-history":[{"count":3,"href":"https:\/\/grupomontevideo.org\/ndca\/ndgca\/index.php?rest_route=\/wp\/v2\/pages\/156\/revisions"}],"predecessor-version":[{"id":165,"href":"https:\/\/grupomontevideo.org\/ndca\/ndgca\/index.php?rest_route=\/wp\/v2\/pages\/156\/revisions\/165"}],"wp:attachment":[{"href":"https:\/\/grupomontevideo.org\/ndca\/ndgca\/index.php?rest_route=%2Fwp%2Fv2%2Fmedia&parent=156"}],"curies":[{"name":"wp","href":"https:\/\/api.w.org\/{rel}","templated":true}]}}