{"id":14,"date":"2015-12-04T19:36:50","date_gmt":"2015-12-04T19:36:50","guid":{"rendered":"http:\/\/grupomontevideo.org\/ndca\/caagroalimentario\/?page_id=14"},"modified":"2020-09-11T21:43:07","modified_gmt":"2020-09-11T21:43:07","slug":"actas-de-reunion","status":"publish","type":"page","link":"https:\/\/grupomontevideo.org\/ndca\/ndgca\/?page_id=14","title":{"rendered":"REUNIONES PRESENCIALES"},"content":{"rendered":"<p><strong>Acta de la Reuni\u00f3n del N\u00facleo de fecha:<\/strong><\/p>\n<p>2019 &#8211; Octubre 23 &#8211;<a href=\"https:\/\/grupomontevideo.org\/ndca\/ndgca\/wp-content\/uploads\/2019\/11\/Acta-2019-es.pdf\" target=\"_blank\" rel=\"noopener noreferrer\">Espa\u00f1ol<\/a> &#8211; <a href=\"https:\/\/grupomontevideo.org\/ndca\/ndgca\/wp-content\/uploads\/2019\/11\/2019-10-23-Acta-ND-GyCa-Portugu\u00eas.pdf\" target=\"_blank\" rel=\"noopener noreferrer\">Portugu\u00e9s<\/a><br \/>\n2018 &#8211; noviembre 12 &#8211;<a href=\"https:\/\/grupomontevideo.org\/ndca\/ndgca\/wp-content\/uploads\/2018\/11\/Acta-ND-SRyMA_.pdf\">Espa\u00f1ol<\/a> &#8211; <a href=\"https:\/\/grupomontevideo.org\/ndca\/ndgca\/wp-content\/uploads\/2018\/11\/Acta-ND-SRyMA.pdf\">Portugu\u00e9s<\/a><br \/>\n<a href=\"https:\/\/grupomontevideo.org\/ndca\/ndgca\/wp-content\/uploads\/2015\/12\/ND-Sensoramiento-Remoto-ACTA-2007-octubre-24.pdf\">2007 \u2013 octubre 24<\/a><br \/>\n<a href=\"https:\/\/grupomontevideo.org\/ndca\/ndgca\/wp-content\/uploads\/2015\/12\/ND-Sensoramiento-Remoto-ACTA-2004-setiembre-1.pdf\">2004 \u2013 setiembre 1<\/a><br \/>\n<a href=\"https:\/\/grupomontevideo.org\/ndca\/ndgca\/wp-content\/uploads\/2015\/12\/ND-Sensoramiento-Remoto-ACTA-2003-setiembre-9-11.pdf\">2003 \u2013 setiembre 9-11<\/a><\/p>\n","protected":false},"excerpt":{"rendered":"<p>Acta de la Reuni\u00f3n del N\u00facleo de fecha: 2019 &#8211; Octubre 23 &#8211;Espa\u00f1ol &#8211; Portugu\u00e9s 2018 &#8211; noviembre 12 &#8211;Espa\u00f1ol &#8211; Portugu\u00e9s 2007 \u2013 octubre&#8230;<\/p>\n","protected":false},"author":1,"featured_media":0,"parent":0,"menu_order":0,"comment_status":"closed","ping_status":"closed","template":"","meta":{"footnotes":""},"class_list":["post-14","page","type-page","status-publish","hentry"],"_links":{"self":[{"href":"https:\/\/grupomontevideo.org\/ndca\/ndgca\/index.php?rest_route=\/wp\/v2\/pages\/14","targetHints":{"allow":["GET"]}}],"collection":[{"href":"https:\/\/grupomontevideo.org\/ndca\/ndgca\/index.php?rest_route=\/wp\/v2\/pages"}],"about":[{"href":"https:\/\/grupomontevideo.org\/ndca\/ndgca\/index.php?rest_route=\/wp\/v2\/types\/page"}],"author":[{"embeddable":true,"href":"https:\/\/grupomontevideo.org\/ndca\/ndgca\/index.php?rest_route=\/wp\/v2\/users\/1"}],"replies":[{"embeddable":true,"href":"https:\/\/grupomontevideo.org\/ndca\/ndgca\/index.php?rest_route=%2Fwp%2Fv2%2Fcomments&post=14"}],"version-history":[{"count":13,"href":"https:\/\/grupomontevideo.org\/ndca\/ndgca\/index.php?rest_route=\/wp\/v2\/pages\/14\/revisions"}],"predecessor-version":[{"id":113,"href":"https:\/\/grupomontevideo.org\/ndca\/ndgca\/index.php?rest_route=\/wp\/v2\/pages\/14\/revisions\/113"}],"wp:attachment":[{"href":"https:\/\/grupomontevideo.org\/ndca\/ndgca\/index.php?rest_route=%2Fwp%2Fv2%2Fmedia&parent=14"}],"curies":[{"name":"wp","href":"https:\/\/api.w.org\/{rel}","templated":true}]}}