{"id":124,"date":"2021-04-12T23:39:50","date_gmt":"2021-04-12T23:39:50","guid":{"rendered":"http:\/\/grupomontevideo.org\/ndca\/ndgca\/?page_id=124"},"modified":"2026-04-10T14:12:41","modified_gmt":"2026-04-10T14:12:41","slug":"escuela-regional-sobre-tecnicas-geodesicas","status":"publish","type":"page","link":"https:\/\/grupomontevideo.org\/ndca\/ndgca\/?page_id=124","title":{"rendered":"ESCUELA REGIONAL SOBRE T\u00c9CNICAS GEOD\u00c9SICAS"},"content":{"rendered":"<p><a href=\"https:\/\/grupomontevideo.org\/ndca\/ndgca\/wp-content\/uploads\/2021\/04\/Jornada-AUGM-Geodesia-v.8.pdf\">CRONOGRAMA DE ACTIVIDADES<\/a><\/p>\n<p><em>Material presentado en la ERTG<\/em><\/p>\n<p><a href=\"https:\/\/grupomontevideo.org\/ndca\/ndgca\/wp-content\/uploads\/2021\/04\/presentacion-global-ANA.pdf\" target=\"_blank\" rel=\"noopener\">Red Acad\u00e9mica Am\u00e9ricas<\/a><\/p>\n<p><a href=\"https:\/\/grupomontevideo.org\/ndca\/ndgca\/wp-content\/uploads\/2021\/04\/AUGM_2021_UNT.pdf\" target=\"_blank\" rel=\"noopener\">Actividades desarrolladas en el \u00e1rea de la Geof\u00edsica Espacial en la UNT<\/a><\/p>\n<p>UN-GGIM: Am\u00e9ricas Comit\u00e9 Regional de Naciones Unidas sobre la Gesti\u00f3n Global de Informaci\u00f3n Geoespacial para las Am\u00e9ricas. <a href=\"https:\/\/grupomontevideo.org\/ndca\/ndgca\/wp-content\/uploads\/2021\/04\/UN-GGIM-Americas-2021-red.pdf\" target=\"_blank\" rel=\"noopener\">Ver<\/a><\/p>\n<p><a href=\"https:\/\/grupomontevideo.org\/ndca\/ndgca\/wp-content\/uploads\/2021\/04\/Productos-troposfericos-SIRGAS_CIMA_AUGM-2021.pdf\" target=\"_blank\" rel=\"noopener\">Productos troposf\u00e9ricos SIRGAS_CIMA<\/a><\/p>\n<p><a href=\"https:\/\/grupomontevideo.org\/ndca\/ndgca\/wp-content\/uploads\/2021\/04\/AUGM202_Geodesia_Hidrografia.pdf\" target=\"_blank\" rel=\"noopener\">Geodesia _ Hidrograf\u00eda<\/a><\/p>\n<p>Interferometr\u00eda Diferencial: caracterizando deformaci\u00f3n cortical en Latinoam\u00e9rica desde el espacio. <a href=\"https:\/\/grupomontevideo.org\/ndca\/ndgca\/wp-content\/uploads\/2021\/04\/JornadaAUGMEscuelaGeodesia_InSAR_PEuillades.pdf\" target=\"_blank\" rel=\"noopener\">Ver<\/a><\/p>\n<p><a href=\"https:\/\/grupomontevideo.org\/ndca\/ndgca\/wp-content\/uploads\/2021\/04\/GaleraMonicoAUGMFinal.pdf\" target=\"_blank\" rel=\"noopener\">Cintila\u00e7\u00e3o Ionosf\u00e9rica e seus efeitos na Navega\u00e7\u00e3o por GNSS<\/a><\/p>\n<p>La respuesta de la tierra s\u00f3lida a cambios de masa de hielo y procesos tect\u00f3nicos en la Patagonia austral <a href=\"https:\/\/grupomontevideo.org\/ndca\/ndgca\/wp-content\/uploads\/2021\/04\/richter_unlp2021augm.pdf\" target=\"_blank\" rel=\"noopener\">Ver<\/a><\/p>\n<p>Gravimetr\u00eda satelital aplicada al estudio de las variaciones del almacenamiento de agua en Sudam\u00e9rica <a href=\"https:\/\/grupomontevideo.org\/ndca\/ndgca\/wp-content\/uploads\/2021\/04\/Aylen_Presentacion_A.Pereira_AGGO.pdf\" target=\"_blank\" rel=\"noopener\">Ver<\/a><\/p>\n","protected":false},"excerpt":{"rendered":"<p>CRONOGRAMA DE ACTIVIDADES Material presentado en la ERTG Red Acad\u00e9mica Am\u00e9ricas Actividades desarrolladas en el \u00e1rea de la Geof\u00edsica Espacial en la UNT UN-GGIM: Am\u00e9ricas&#8230;<\/p>\n","protected":false},"author":1,"featured_media":0,"parent":0,"menu_order":0,"comment_status":"closed","ping_status":"closed","template":"","meta":{"footnotes":""},"class_list":["post-124","page","type-page","status-publish","hentry"],"_links":{"self":[{"href":"https:\/\/grupomontevideo.org\/ndca\/ndgca\/index.php?rest_route=\/wp\/v2\/pages\/124","targetHints":{"allow":["GET"]}}],"collection":[{"href":"https:\/\/grupomontevideo.org\/ndca\/ndgca\/index.php?rest_route=\/wp\/v2\/pages"}],"about":[{"href":"https:\/\/grupomontevideo.org\/ndca\/ndgca\/index.php?rest_route=\/wp\/v2\/types\/page"}],"author":[{"embeddable":true,"href":"https:\/\/grupomontevideo.org\/ndca\/ndgca\/index.php?rest_route=\/wp\/v2\/users\/1"}],"replies":[{"embeddable":true,"href":"https:\/\/grupomontevideo.org\/ndca\/ndgca\/index.php?rest_route=%2Fwp%2Fv2%2Fcomments&post=124"}],"version-history":[{"count":7,"href":"https:\/\/grupomontevideo.org\/ndca\/ndgca\/index.php?rest_route=\/wp\/v2\/pages\/124\/revisions"}],"predecessor-version":[{"id":200,"href":"https:\/\/grupomontevideo.org\/ndca\/ndgca\/index.php?rest_route=\/wp\/v2\/pages\/124\/revisions\/200"}],"wp:attachment":[{"href":"https:\/\/grupomontevideo.org\/ndca\/ndgca\/index.php?rest_route=%2Fwp%2Fv2%2Fmedia&parent=124"}],"curies":[{"name":"wp","href":"https:\/\/api.w.org\/{rel}","templated":true}]}}