{"id":255,"date":"2026-04-09T15:54:01","date_gmt":"2026-04-09T15:54:01","guid":{"rendered":"https:\/\/grupomontevideo.org\/ndca\/ndevaluacioninst\/?page_id=255"},"modified":"2026-04-09T15:54:01","modified_gmt":"2026-04-09T15:54:01","slug":"auditorias-universitarias","status":"publish","type":"page","link":"https:\/\/grupomontevideo.org\/ndca\/ndevaluacioninstitucional\/?page_id=255","title":{"rendered":"Auditor\u00edas Universitarias"},"content":{"rendered":"<p><a href=\"https:\/\/grupomontevideo.org\/ndca\/ndevaluacioninstitucional\/wp-content\/uploads\/2025\/03\/Resumen-GT-Auditorias-Universitarias-18-10-2023.pdf\" target=\"_blank\" rel=\"noopener\">Acta 18.10.23<\/a><br \/>\n<a href=\"https:\/\/grupomontevideo.org\/ndca\/ndevaluacioninstitucional\/wp-content\/uploads\/2025\/03\/Resumen-GT-Auditorias-Universitarias-08.11.23-1.pdf\" target=\"_blank\" rel=\"noopener\">Acta 08.11.23<\/a><br \/>\n<a href=\"https:\/\/grupomontevideo.org\/ndca\/ndevaluacioninstitucional\/wp-content\/uploads\/2025\/03\/Resumen-GT-Auditorias-Universitarias-13.12.23.pdf\" target=\"_blank\" rel=\"noopener\">Acta 13.12.23<\/a><\/p>\n<ul>\n<li><a href=\"https:\/\/grupomontevideo.org\/ndca\/ndevaluacioninstitucional\/wp-content\/uploads\/2025\/03\/APRESENTACAO-AUDITORIA-UFSM.pdf\" target=\"_blank\" rel=\"noopener\">Presentaci\u00f3n: Auditorias UFSM<\/a><\/li>\n<li><a href=\"https:\/\/grupomontevideo.org\/ndca\/ndevaluacioninstitucional\/wp-content\/uploads\/2025\/03\/Presentacion-Direccion-General-Auditoria-Interna-Udelar.pdf\" target=\"_blank\" rel=\"noopener\">Presentaci\u00f3n: Direcci\u00f3n General Auditoria Interna Udelar<\/a><\/li>\n<li><a href=\"https:\/\/grupomontevideo.org\/ndca\/ndevaluacioninstitucional\/wp-content\/uploads\/2025\/03\/Presentacion-Autonomia-y-Control-AUGM-Auditoria-Direccion-Juridica-Udelar.pdf\" target=\"_blank\" rel=\"noopener\">Presentaci\u00f3n: Autonom\u00eda y Control &#8211; Auditoria Direcci\u00f3n Jur\u00eddica Udelar &#8211;<\/a><\/li>\n<li><a href=\"https:\/\/grupomontevideo.org\/ndca\/ndevaluacioninstitucional\/wp-content\/uploads\/2025\/03\/Unidades-de-Auditoria-Interna-en-las-UUNN.pdf\" target=\"_blank\" rel=\"noopener\">Presentaci\u00f3n: Unidades de Auditoria Interna en las Universidades<\/a><\/li>\n<\/ul>\n","protected":false},"excerpt":{"rendered":"<p>Acta 18.10.23 Acta 08.11.23 Acta 13.12.23 Presentaci\u00f3n: Auditorias UFSM Presentaci\u00f3n: Direcci\u00f3n General Auditoria Interna Udelar Presentaci\u00f3n: Autonom\u00eda y Control &#8211; Auditoria Direcci\u00f3n Jur\u00eddica Udelar &#8211;&#8230;<\/p>\n","protected":false},"author":1,"featured_media":0,"parent":0,"menu_order":0,"comment_status":"closed","ping_status":"closed","template":"","meta":{"footnotes":""},"class_list":["post-255","page","type-page","status-publish","hentry"],"_links":{"self":[{"href":"https:\/\/grupomontevideo.org\/ndca\/ndevaluacioninstitucional\/index.php?rest_route=\/wp\/v2\/pages\/255","targetHints":{"allow":["GET"]}}],"collection":[{"href":"https:\/\/grupomontevideo.org\/ndca\/ndevaluacioninstitucional\/index.php?rest_route=\/wp\/v2\/pages"}],"about":[{"href":"https:\/\/grupomontevideo.org\/ndca\/ndevaluacioninstitucional\/index.php?rest_route=\/wp\/v2\/types\/page"}],"author":[{"embeddable":true,"href":"https:\/\/grupomontevideo.org\/ndca\/ndevaluacioninstitucional\/index.php?rest_route=\/wp\/v2\/users\/1"}],"replies":[{"embeddable":true,"href":"https:\/\/grupomontevideo.org\/ndca\/ndevaluacioninstitucional\/index.php?rest_route=%2Fwp%2Fv2%2Fcomments&post=255"}],"version-history":[{"count":1,"href":"https:\/\/grupomontevideo.org\/ndca\/ndevaluacioninstitucional\/index.php?rest_route=\/wp\/v2\/pages\/255\/revisions"}],"predecessor-version":[{"id":257,"href":"https:\/\/grupomontevideo.org\/ndca\/ndevaluacioninstitucional\/index.php?rest_route=\/wp\/v2\/pages\/255\/revisions\/257"}],"wp:attachment":[{"href":"https:\/\/grupomontevideo.org\/ndca\/ndevaluacioninstitucional\/index.php?rest_route=%2Fwp%2Fv2%2Fmedia&parent=255"}],"curies":[{"name":"wp","href":"https:\/\/api.w.org\/{rel}","templated":true}]}}