{"id":252,"date":"2026-04-09T15:53:41","date_gmt":"2026-04-09T15:53:41","guid":{"rendered":"https:\/\/grupomontevideo.org\/ndca\/ndevaluacioninst\/?page_id=252"},"modified":"2026-04-09T15:53:41","modified_gmt":"2026-04-09T15:53:41","slug":"ods-planeamiento-y-presupuesto","status":"publish","type":"page","link":"https:\/\/grupomontevideo.org\/ndca\/ndevaluacioninstitucional\/?page_id=252","title":{"rendered":"ODS. Planeamiento y Presupuesto"},"content":{"rendered":"<ul>\n<li><a href=\"https:\/\/grupomontevideo.org\/ndca\/ndevaluacioninstitucional\/wp-content\/uploads\/2025\/03\/accelerating-education-for-the-sdgs-in-unis-ES-web.pdf\" target=\"_blank\" rel=\"noopener\">Acelerando la Educaci\u00f3n para los ODS en las Universidades -una Gu\u00eda para Universidades e Instituciones de Educaci\u00f3n Superior y Terciaria-<\/a><\/li>\n<li><a href=\"https:\/\/grupomontevideo.org\/ndca\/ndevaluacioninstitucional\/wp-content\/uploads\/2025\/03\/EHUagenda2030-Panel-Indicadores.pdf\" target=\"_blank\" rel=\"noopener\">EHU Agenda 2030 -Panel sobre Indicadores<\/a><\/li>\n<li><a href=\"https:\/\/grupomontevideo.org\/ndca\/ndevaluacioninstitucional\/wp-content\/uploads\/2025\/03\/GuiaUNiversidadesODS.pdf\" target=\"_blank\" rel=\"noopener\">Gu\u00eda de Universidades y ODS<\/a><\/li>\n<li><a href=\"https:\/\/grupomontevideo.org\/ndca\/ndevaluacioninstitucional\/wp-content\/uploads\/2025\/03\/Resumen-GT-ODS.-Planeamiento-y-Presupuesto.-ND-12.09.2023-AUGM.pdf\" target=\"_blank\" rel=\"noopener\">Acta GT ODS 12.09.23<\/a><\/li>\n<\/ul>\n","protected":false},"excerpt":{"rendered":"<p>Acelerando la Educaci\u00f3n para los ODS en las Universidades -una Gu\u00eda para Universidades e Instituciones de Educaci\u00f3n Superior y Terciaria- EHU Agenda 2030 -Panel sobre&#8230;<\/p>\n","protected":false},"author":1,"featured_media":0,"parent":0,"menu_order":0,"comment_status":"closed","ping_status":"closed","template":"","meta":{"footnotes":""},"class_list":["post-252","page","type-page","status-publish","hentry"],"_links":{"self":[{"href":"https:\/\/grupomontevideo.org\/ndca\/ndevaluacioninstitucional\/index.php?rest_route=\/wp\/v2\/pages\/252","targetHints":{"allow":["GET"]}}],"collection":[{"href":"https:\/\/grupomontevideo.org\/ndca\/ndevaluacioninstitucional\/index.php?rest_route=\/wp\/v2\/pages"}],"about":[{"href":"https:\/\/grupomontevideo.org\/ndca\/ndevaluacioninstitucional\/index.php?rest_route=\/wp\/v2\/types\/page"}],"author":[{"embeddable":true,"href":"https:\/\/grupomontevideo.org\/ndca\/ndevaluacioninstitucional\/index.php?rest_route=\/wp\/v2\/users\/1"}],"replies":[{"embeddable":true,"href":"https:\/\/grupomontevideo.org\/ndca\/ndevaluacioninstitucional\/index.php?rest_route=%2Fwp%2Fv2%2Fcomments&post=252"}],"version-history":[{"count":1,"href":"https:\/\/grupomontevideo.org\/ndca\/ndevaluacioninstitucional\/index.php?rest_route=\/wp\/v2\/pages\/252\/revisions"}],"predecessor-version":[{"id":254,"href":"https:\/\/grupomontevideo.org\/ndca\/ndevaluacioninstitucional\/index.php?rest_route=\/wp\/v2\/pages\/252\/revisions\/254"}],"wp:attachment":[{"href":"https:\/\/grupomontevideo.org\/ndca\/ndevaluacioninstitucional\/index.php?rest_route=%2Fwp%2Fv2%2Fmedia&parent=252"}],"curies":[{"name":"wp","href":"https:\/\/api.w.org\/{rel}","templated":true}]}}