{"id":237,"date":"2026-04-09T15:50:25","date_gmt":"2026-04-09T15:50:25","guid":{"rendered":"https:\/\/grupomontevideo.org\/ndca\/ndevaluacioninst\/?page_id=237"},"modified":"2026-04-09T15:50:26","modified_gmt":"2026-04-09T15:50:26","slug":"encuentro-regional","status":"publish","type":"page","link":"https:\/\/grupomontevideo.org\/ndca\/ndevaluacioninstitucional\/?page_id=237","title":{"rendered":"ENCUENTRO REGIONAL"},"content":{"rendered":"<p><b>2023 &#8211; XV Encuentro Regional &#8211; UNCuyo<\/b><\/p>\n<p style=\"text-align: center;\"><em><strong>\u201cEnfoques integrados: Planificaci\u00f3n Estrat\u00e9gica Universitaria a trav\u00e9s de los Objetivos de Desarrollo Sostenible y Gesti\u00f3n Presupuestaria\u201d<\/strong><\/em><\/p>\n<p><b>Documentaci\u00f3n y Material de trabajo<\/b><\/p>\n<p><span style=\"font-weight: 400;\">XV Encuentro Regional:<\/span><a href=\"https:\/\/www.uncuyo.edu.ar\/planificacion\/autoevaluacion\/se-encuentra-a-disposicion-el-material-del-xv-encuentro-regional-de-augm\"><span style=\"font-weight: 400;\"> Videos informativos<\/span><\/a><\/p>\n<p><a href=\"https:\/\/www.uncuyo.edu.ar\/planificacion\/autoevaluacion\/finalizo-el-xv-encuentro-regional-de-asociacion-de-universidades-grupo-montevideo\"><span style=\"font-weight: 400;\">Entrevista a la Rectora de nuestra Universidad, Esther S\u00e1nchez y las palabras de nuestros decanos\/as.<\/span><\/a><\/p>\n<p><span style=\"font-weight: 400;\">Informe del XV Encuentro Regional: \u201cEnfoques Integrados: Planificaci\u00f3n Estrat\u00e9gica Universitaria a trav\u00e9s de los Objetivos de Desarrollo Sostenible y la Gesti\u00f3n Presupuestaria\u201d\u00a0\u00a0<\/span><\/p>\n<p><b>2023 &#8211; Encuentro Regional N\u00b0 XIV &#8211; UNER<\/b><\/p>\n<p><b>Panel: Dispositivos de Planeamiento y Estad\u00edstica Universitaria<\/b><\/p>\n<ul>\n<li style=\"font-weight: 400;\" aria-level=\"1\"><a href=\"http:\/\/grupomontevideo.org\/ndca\/ndevaluacioninstitucional\/wp-content\/uploads\/2024\/05\/Gestionar-con-informacion.-El-desafio-de-medir-el-avance-del-PE-de-la-UNCUYO.pptx\"><span style=\"font-weight: 400;\">Presentaci\u00f3n: Gestionar con informaci\u00f3n. El desaf\u00edo de medir el avance del PE. Universidad Nacional de CUYO<\/span><\/a><\/li>\n<li style=\"font-weight: 400;\" aria-level=\"1\"><a href=\"http:\/\/grupomontevideo.org\/ndca\/ndevaluacioninstitucional\/wp-content\/uploads\/2024\/05\/Presentacion-UNL-AUGM-Parana-junio-2023.pptx.pdf\"><span style=\"font-weight: 400;\">Presentaci\u00f3n: Proceso de definici\u00f3n de metas e indicadores PIE UNL 100+10. Universidad Nacional del Litoral<\/span><\/a><\/li>\n<li style=\"font-weight: 400;\" aria-level=\"1\"><a href=\"http:\/\/grupomontevideo.org\/ndca\/ndevaluacioninstitucional\/wp-content\/uploads\/2024\/05\/UNNE-DOC-20230629-WA0021.Blanca-Sobol.pdf\"><span style=\"font-weight: 400;\">Presentaci\u00f3n: Desaf\u00edos en la implementaci\u00f3n de herramientas digitales para el seguimiento del Plan Estrat\u00e9gico de Desarrollo Institucional. Universidad Nacional del Nordeste.<\/span><\/a><\/li>\n<li style=\"font-weight: 400;\" aria-level=\"1\"><a href=\"http:\/\/grupomontevideo.org\/ndca\/ndevaluacioninstitucional\/wp-content\/uploads\/2024\/05\/Presentacion_UNR_Marfetan.pdf\"><span style=\"font-weight: 400;\">Presentaci\u00f3n: Uso de aplicaciones interactivas para monitorear la evoluci\u00f3n del claustro estudiantil. Universidad Nacional de Rosario<\/span><\/a><\/li>\n<li style=\"font-weight: 400;\" aria-level=\"1\"><a href=\"http:\/\/grupomontevideo.org\/ndca\/ndevaluacioninstitucional\/wp-content\/uploads\/2024\/05\/Presentacion-UNSL-O.Gagliardi.pdf\"><span style=\"font-weight: 400;\">Presentaci\u00f3n: Plan de Desarrollo Institucional Fase II: Programas\/Proyectos. Universidad Nacional de San Luis\u00a0<\/span><\/a><\/li>\n<li style=\"font-weight: 400;\" aria-level=\"1\"><a href=\"http:\/\/grupomontevideo.org\/ndca\/ndevaluacioninstitucional\/wp-content\/uploads\/2024\/05\/01-UFSM-DispositivosDePlaneamientoYEstadisticaUniversitaria.pdf\"><span style=\"font-weight: 400;\">Presentaci\u00f3n: Dispositivos De Planeamiento y Estad\u00edstica Universitaria. Universidad Federal de Santa Mar\u00eda<\/span><\/a><\/li>\n<\/ul>\n<p><b>Panel: Construcci\u00f3n de Informaci\u00f3n sobre Graduadas y Graduados<\/b><\/p>\n<ul>\n<li style=\"font-weight: 400;\" aria-level=\"1\"><a href=\"http:\/\/grupomontevideo.org\/ndca\/ndevaluacioninstitucional\/wp-content\/uploads\/2024\/05\/1.PresentacionAUGM-29.06.23-Udelar.ppt\"><span style=\"font-weight: 400;\">Presentaci\u00f3n: Universidad de la Rep\u00fablica<\/span><\/a><\/li>\n<li style=\"font-weight: 400;\" aria-level=\"1\"><span style=\"font-weight: 400;\"><a href=\"http:\/\/grupomontevideo.org\/ndca\/ndevaluacioninstitucional\/wp-content\/uploads\/2024\/05\/DOC-20230728-WA0005.pdf\">Presentaci\u00f3n: \u2013 Mapa de graduados \u2013 Universidad Nacional de Rosario<\/a>\u00a0<\/span><\/li>\n<li style=\"font-weight: 400;\" aria-level=\"1\"><a href=\"https:\/\/planeamiento.udelar.edu.uy\/wp-content\/uploads\/sites\/33\/2023\/07\/DOC-20230524-WA0006.pdf\"><span style=\"font-weight: 400;\">Porque una direcci\u00f3n de Graduados. Universidad Nacional de Rosario.<\/span><\/a><\/li>\n<\/ul>\n<p><b>Panel: Generaci\u00f3n de indicadores sobre las funciones de Extensi\u00f3n e Investigaci\u00f3n Universitaria<\/b><\/p>\n<ul>\n<li style=\"font-weight: 400;\" aria-level=\"1\"><a href=\"http:\/\/grupomontevideo.org\/ndca\/ndevaluacioninstitucional\/wp-content\/uploads\/2024\/05\/02-UFSM-GeneracionDeIndicadoresSobreLasFuncionesDeExtensionEInvestigacionUniversitaria-1.pptx\"><span style=\"font-weight: 400;\">Presentaci\u00f3n: Generaci\u00f3n De Indicadores Sobre Las Funciones De Extensi\u00f3n E Investigaci\u00f3n Universitaria. Universidad Federal de Santa Mar\u00eda<\/span><\/a><span style=\"font-weight: 400;\">\u00a0<\/span><\/li>\n<li style=\"font-weight: 400;\" aria-level=\"1\"><a href=\"http:\/\/grupomontevideo.org\/ndca\/ndevaluacioninstitucional\/wp-content\/uploads\/2024\/05\/PRESENTACION-INDICADORES-IDi-UNER-29-06-2023.pptx\"><span style=\"font-weight: 400;\">Presentaci\u00f3n: INDICADORES IDi. Universidad Nacional de Entre R\u00edos<\/span><\/a><\/li>\n<li style=\"font-weight: 400;\" aria-level=\"1\"><a href=\"http:\/\/grupomontevideo.org\/ndca\/ndevaluacioninstitucional\/wp-content\/uploads\/2024\/05\/AUGM-Extension_final.pptx-2.pdf\"><span style=\"font-weight: 400;\">Presentaci\u00f3n: Selecci\u00f3n de indicadores de extensi\u00f3n. Universidad Nacional de Quilmes<\/span><\/a><\/li>\n<\/ul>\n<p><b>Panel: Informaci\u00f3n sobre Trayectorias Estudiantiles<\/b><\/p>\n<ul>\n<li style=\"font-weight: 400;\" aria-level=\"1\"><a href=\"http:\/\/grupomontevideo.org\/ndca\/ndevaluacioninstitucional\/wp-content\/uploads\/2024\/05\/APRESENTACAO-AUGM.pdf\"><span style=\"font-weight: 400;\">Presentaci\u00f3n: Internacionaliza\u00e7\u00e3o do ensino superior, Fluxos e condi\u00e7\u00f5es de vida de estudantes da CPLP no Brasil e em Portugal ,<br \/>\nFluxos de estudantes de pa\u00edses da AL para os Programas de P\u00f3s-Gradua\u00e7\u00e3o no Brasil. Universidad Federal do Rio do Janeiro<\/span><\/a><\/li>\n<li style=\"font-weight: 400;\" aria-level=\"1\"><a href=\"http:\/\/grupomontevideo.org\/ndca\/ndevaluacioninstitucional\/wp-content\/uploads\/2024\/05\/03-InformacionSobreTrayectoriasEstudantiles.pdf\"><span style=\"font-weight: 400;\">Presentaci\u00f3n: Ferramentas para Gest\u00e3o universit\u00e1ria. Universidad Federal de Santa Mar\u00eda<\/span><\/a><\/li>\n<li style=\"font-weight: 400;\" aria-level=\"1\"><a href=\"http:\/\/grupomontevideo.org\/ndca\/ndevaluacioninstitucional\/wp-content\/uploads\/2024\/05\/Presentacion-AUGM-Miguez-29-06-23.pptx\"><span style=\"font-weight: 400;\">Presentacion &#8211; Miguez 29.06.23<\/span><\/a><\/li>\n<li style=\"font-weight: 400;\" aria-level=\"1\"><a href=\"http:\/\/grupomontevideo.org\/ndca\/ndevaluacioninstitucional\/wp-content\/uploads\/2024\/05\/CENSO-ACADEMICO-DE-ESTUDIANTES-RESUMEN-EJECUTIVO-2.pdf\"><span style=\"font-weight: 400;\">Presentaci\u00f3n: CENSO ACAD\u00c9MICO DE ESTUDIANTES 2022. Universidad Nacional de Cuyo\u00a0<\/span><\/a><\/li>\n<li style=\"font-weight: 400;\" aria-level=\"1\"><a href=\"http:\/\/grupomontevideo.org\/ndca\/ndevaluacioninstitucional\/wp-content\/uploads\/2024\/05\/Presentacion-Trayectorias_AUGM.pptx\"><span style=\"font-weight: 400;\">Presentacion-Trayectorias<\/span><\/a><\/li>\n<li style=\"font-weight: 400;\" aria-level=\"1\"><a href=\"http:\/\/grupomontevideo.org\/ndca\/ndevaluacioninstitucional\/wp-content\/uploads\/2024\/05\/Presentacion-SEI-UNER-Junio-de-2023.pptx\"><span style=\"font-weight: 400;\">Presentacion-SEI-Universidad Nacional de Entre R\u00edos<\/span><\/a><\/li>\n<li style=\"font-weight: 400;\" aria-level=\"1\"><a href=\"http:\/\/grupomontevideo.org\/ndca\/ndevaluacioninstitucional\/wp-content\/uploads\/2024\/05\/Seguimiento-de-Estudiantes-Ingresantes-FaCEN-UNA.pdf\"><span style=\"font-weight: 400;\">Presentaci\u00f3n: Seguimiento de Estudiantes Ingresantes. FaCEN Universidad Nacional de Asunci\u00f3n.<\/span><\/a><\/li>\n<\/ul>\n<p><b>2022 &#8211; Encuentro Regional N\u00b0 XIII &#8211;\u00a0 UDELAR<\/b><\/p>\n<p><b>Documentos y presentaciones<\/b><\/p>\n<p><a href=\"http:\/\/grupomontevideo.org\/ndca\/ndevaluacioninstitucional\/wp-content\/uploads\/2024\/05\/La-UNSL-en-numeros-2021.pdf\"><span style=\"font-weight: 400;\">La UNSL en numeros &#8211; 2021 &#8211;<\/span><\/a><\/p>\n<p><a href=\"http:\/\/grupomontevideo.org\/ndca\/ndevaluacioninstitucional\/wp-content\/uploads\/2024\/05\/Sintesis-estadistica-2021-Web.pdf\"><span style=\"font-weight: 400;\">Sintesis estadistica 2021<\/span><\/a><\/p>\n<p><b>Presentaciones \u2013 Encuentro Regional N\u00b0 XIII<\/b><\/p>\n<p><a href=\"http:\/\/grupomontevideo.org\/ndca\/ndevaluacioninstitucional\/wp-content\/uploads\/2024\/05\/1.Presentacion-UNNE-3era-EI_Encuentro-AUGM.pdf\"><span style=\"font-weight: 400;\">1.Tercera Evaluaci\u00f3n Institucional de la Universidad Nacional del Nordeste<\/span><\/a><\/p>\n<p><a href=\"http:\/\/grupomontevideo.org\/ndca\/ndevaluacioninstitucional\/wp-content\/uploads\/2024\/05\/2.-UNSL-Poli%CC%81ticas-de-ge%CC%81nero-PDI-AEI-AUGM.pdf\"><span style=\"font-weight: 400;\">2.Experiencias en planeamiento, evaluaci\u00f3n y pol\u00edticas de g\u00e9nero: la Universidad<br \/>\nNacional de San Luis.<\/span><\/a><\/p>\n<p><a href=\"http:\/\/grupomontevideo.org\/ndca\/ndevaluacioninstitucional\/wp-content\/uploads\/2024\/05\/3.-Presentacion-Passarini-Evaluacion-Institucional-para-AUGM.pdf\"><span style=\"font-weight: 400;\">3.\u00abExperiencias sobre el planeamiento, evaluaci\u00f3n y pol\u00edticas de g\u00e9nero en las<br \/>\nUniversidades p\u00fablicas\u00bb.<\/span><\/a><\/p>\n<p><a href=\"http:\/\/grupomontevideo.org\/ndca\/ndevaluacioninstitucional\/wp-content\/uploads\/2024\/05\/4.-Presentacion-AUGM-Nucleo-Planeamiento.pdf\"><span style=\"font-weight: 400;\">4. UNER 2018-2022<\/span><\/a><\/p>\n<p><a href=\"http:\/\/grupomontevideo.org\/ndca\/ndevaluacioninstitucional\/wp-content\/uploads\/2024\/05\/5.UNICAMPApresentacao-Planes-21-25_consu.pdf\"><span style=\"font-weight: 400;\">5.UNICAMP Plan-21-25<\/span><\/a><\/p>\n<p><a href=\"http:\/\/grupomontevideo.org\/ndca\/ndevaluacioninstitucional\/wp-content\/uploads\/2024\/05\/6.-AUGM-UNCUYO.pdf\"><span style=\"font-weight: 400;\">6.UNCUYO Planeamiento<\/span><\/a><\/p>\n<p><a href=\"http:\/\/grupomontevideo.org\/ndca\/ndevaluacioninstitucional\/wp-content\/uploads\/2024\/05\/7.-GENERO-UNCUYO-AUGM.pdf\"><span style=\"font-weight: 400;\">7. \u201cDesaf\u00edos de planificar en tiempos de pandemia\u201d UNCUYO<\/span><\/a><\/p>\n<p><a href=\"http:\/\/grupomontevideo.org\/ndca\/ndevaluacioninstitucional\/wp-content\/uploads\/2024\/05\/8.-Presentacion-2022_Observatorio-igualdad-de-genero-.pdf\"><span style=\"font-weight: 400;\">8. Observatorio igualdad de genero\u00a0<\/span><\/a><\/p>\n<p><a href=\"http:\/\/grupomontevideo.org\/ndca\/ndevaluacioninstitucional\/wp-content\/uploads\/2024\/05\/9.-Presentacion-FormA-Docente-AUGM.pdf\"><span style=\"font-weight: 400;\">9.-Formaci\u00f3n Docente<\/span><\/a><\/p>\n<p><span style=\"font-weight: 400;\">XIII Encuentro Regional <\/span><a href=\"http:\/\/grupomontevideo.org\/ndca\/ndevaluacioninstitucional\/wp-content\/uploads\/2024\/05\/XIII-Encuentro-Regional-del-Nucleo-EI.PE_.GU-Agenda-08.06.2022.pdf\"><span style=\"font-weight: 400;\">&#8211; Agenda-<\/span><\/a><\/p>\n<p><a href=\"https:\/\/grupomontevideo.org\/ndca\/ndevaluacioninstitucional\/wp-content\/uploads\/2025\/03\/XV-Encuentro-Regional-Informe-Uncuyo.-punto-3.pdf\" target=\"_blank\" rel=\"noopener\">Encuentro Regional en Universidad Nacional de Cuyo, Mendoza, Argentina<\/a><\/p>\n<p><a href=\"https:\/\/grupomontevideo.org\/ndca\/ndevaluacioninstitucional\/encuentro-regional-universidad-de-buenos-aires\/\">Encuentro Regional en Universidad de Buenos Aires, Argentina<\/a><\/p>\n<p><a href=\"https:\/\/grupomontevideo.org\/ndca\/ndevaluacioninstitucional\/encuentro-regional-universidad-nacional-del-nordeste-corrientes-argentina\/\" target=\"_blank\" rel=\"noopener\">Encuentro Regional en Universidad Nacional del Nordeste, Corrientes, Argentina<\/a><\/p>\n<p><a href=\"https:\/\/grupomontevideo.org\/ndca\/ndevaluacioninstitucional\/encuentro-regional-en-universidad-nacional-del-litoral-santa-fe-argentina\/\">Encuentro Regional en Universidad Nacional del Litoral, Santa Fe, Argentina<\/a><\/p>\n<p><a href=\"https:\/\/grupomontevideo.org\/ndca\/ndevaluacioninstitucional\/encuentro-regional-en-universidad-de-la-republica-uruguay\/\">Encuentro Regional en Universidad de la Rep\u00fablica, Uruguay<\/a><\/p>\n<p><a href=\"https:\/\/grupomontevideo.org\/ndca\/ndevaluacioninstitucional\/cuarto-encuentro-regional\/\">Encuentro Regional en Universidad Nacional de Cuyo, Mendoza, Argentina<\/a><\/p>\n<p><a href=\"https:\/\/grupomontevideo.org\/ndca\/ndevaluacioninstitucional\/encuentro-regional-en-universidad-nacional-del-este-ciudad-del-este-paraguay\/\">Encuentro Regional en Universidad Nacional del Este, Ciudad del Este, Paraguay<\/a><\/p>\n<p><a href=\"https:\/\/grupomontevideo.org\/ndca\/ndevaluacioninstitucional\/segundo-encuentro-regional\/\">Encuentro Regional en Universidad de Playa Ancha, Valpara\u00edso, Chile<\/a><\/p>\n<p><a href=\"https:\/\/grupomontevideo.org\/ndca\/ndevaluacioninstitucional\/primer-encuentro-regional-los-indicadores-en-la-universidad-definiciones-alternativas-y-experiencias-en-latinoamerica\/\">Encuentro Regional en Universidade Federal do Rio Grande do Sul, Porto Alegre, Brasil<\/a><\/p>\n<hr \/>\n<p>&nbsp;<\/p>\n","protected":false},"excerpt":{"rendered":"<p>2023 &#8211; XV Encuentro Regional &#8211; UNCuyo \u201cEnfoques integrados: Planificaci\u00f3n Estrat\u00e9gica Universitaria a trav\u00e9s de los Objetivos de Desarrollo Sostenible y Gesti\u00f3n Presupuestaria\u201d Documentaci\u00f3n y&#8230;<\/p>\n","protected":false},"author":1,"featured_media":0,"parent":0,"menu_order":0,"comment_status":"closed","ping_status":"closed","template":"","meta":{"footnotes":""},"class_list":["post-237","page","type-page","status-publish","hentry"],"_links":{"self":[{"href":"https:\/\/grupomontevideo.org\/ndca\/ndevaluacioninstitucional\/index.php?rest_route=\/wp\/v2\/pages\/237","targetHints":{"allow":["GET"]}}],"collection":[{"href":"https:\/\/grupomontevideo.org\/ndca\/ndevaluacioninstitucional\/index.php?rest_route=\/wp\/v2\/pages"}],"about":[{"href":"https:\/\/grupomontevideo.org\/ndca\/ndevaluacioninstitucional\/index.php?rest_route=\/wp\/v2\/types\/page"}],"author":[{"embeddable":true,"href":"https:\/\/grupomontevideo.org\/ndca\/ndevaluacioninstitucional\/index.php?rest_route=\/wp\/v2\/users\/1"}],"replies":[{"embeddable":true,"href":"https:\/\/grupomontevideo.org\/ndca\/ndevaluacioninstitucional\/index.php?rest_route=%2Fwp%2Fv2%2Fcomments&post=237"}],"version-history":[{"count":1,"href":"https:\/\/grupomontevideo.org\/ndca\/ndevaluacioninstitucional\/index.php?rest_route=\/wp\/v2\/pages\/237\/revisions"}],"predecessor-version":[{"id":239,"href":"https:\/\/grupomontevideo.org\/ndca\/ndevaluacioninstitucional\/index.php?rest_route=\/wp\/v2\/pages\/237\/revisions\/239"}],"wp:attachment":[{"href":"https:\/\/grupomontevideo.org\/ndca\/ndevaluacioninstitucional\/index.php?rest_route=%2Fwp%2Fv2%2Fmedia&parent=237"}],"curies":[{"name":"wp","href":"https:\/\/api.w.org\/{rel}","templated":true}]}}