{"id":18,"date":"2015-12-04T19:37:06","date_gmt":"2015-12-04T19:37:06","guid":{"rendered":"http:\/\/grupomontevideo.org\/ndca\/caagroalimentario\/?page_id=18"},"modified":"2026-04-09T15:45:02","modified_gmt":"2026-04-09T15:45:02","slug":"objetivos","status":"publish","type":"page","link":"https:\/\/grupomontevideo.org\/ndca\/ndevaluacioninstitucional\/","title":{"rendered":"OBJETIVOS"},"content":{"rendered":"<p><b>Objetivo General<\/b><\/p>\n<p><span style=\"font-weight: 400;\">Crear un espacio de intercambio en docencia, investigaci\u00f3n y gesti\u00f3n para todo lo atinente a los temas vinculados al N\u00facleo Disciplinar de Evaluaci\u00f3n (Institucional y\/o de Carreras), Planeamiento Estrat\u00e9gico y Gesti\u00f3n Universitaria. Se pretende Potenciar la articulaci\u00f3n entre los procesos de evaluaci\u00f3n, planeamiento y gesti\u00f3n al interior de<\/span><\/p>\n<p><b>Objetivos espec\u00edficos<\/b><\/p>\n<ul>\n<li style=\"font-weight: 400;\" aria-level=\"1\"><span style=\"font-weight: 400;\">Analizar, caracterizar y compartir las experiencias, las normativas y los procesos\u00a0de evaluaci\u00f3n y acreditaci\u00f3n a nivel de las instituciones integrantes de la AUGM\u00a0y a nivel nacional y regional.<\/span><\/li>\n<li style=\"font-weight: 400;\" aria-level=\"1\"><span style=\"font-weight: 400;\">Promover el intercambio de docentes y alumnos en programas de formaci\u00f3n\u00a0relativos a estos temas.<\/span><\/li>\n<li style=\"font-weight: 400;\" aria-level=\"1\"><span style=\"font-weight: 400;\">Asesorar a las Universidades para el fortalecimiento de las estructuras de gesti\u00f3n\u00a0de las de las instituciones integrantes del Grupo.<\/span><\/li>\n<li style=\"font-weight: 400;\" aria-level=\"1\"><span style=\"font-weight: 400;\">Impulsar programas de cooperaci\u00f3n interuniversitaria en materia de\u00a0investigaci\u00f3n y formaci\u00f3n en estas tem\u00e1ticas.<\/span><\/li>\n<li style=\"font-weight: 400;\" aria-level=\"1\"><span style=\"font-weight: 400;\">Mantener la base de datos\u00a0 actualizada sobre los aportes acad\u00e9micos acerca de estos temas.<\/span><\/li>\n<li style=\"font-weight: 400;\" aria-level=\"1\"><span style=\"font-weight: 400;\">Compartir informes, experiencias, instrumentos, etc. elaborados por las\u00a0instituciones participantes vinculados a los temas del n\u00facleo.<\/span><\/li>\n<li style=\"font-weight: 400;\" aria-level=\"1\"><span style=\"font-weight: 400;\">Generar investigaciones disciplinares e interdisciplinares entre las Universidades\u00a0involucradas en el n\u00facleo.<\/span><\/li>\n<li style=\"font-weight: 400;\" aria-level=\"1\"><span style=\"font-weight: 400;\">Mantener un repositorio digital actualizado en el sitio web del ND sobre los aportes acad\u00e9micos acerca de estos temas.<\/span><\/li>\n<\/ul>\n<p><b>\u00c1reas o ejes de trabajo<\/b><\/p>\n<ul>\n<li><span style=\"font-weight: 400;\">Investigaciones Socioeducativa.<\/span><\/li>\n<li><span style=\"font-weight: 400;\">Plan de Desarrollo Institucional: construcci\u00f3n e implementaci\u00f3n<\/span><\/li>\n<li><span style=\"font-weight: 400;\">Evaluaci\u00f3n Institucional: sistema de informaci\u00f3n, elaboraci\u00f3n de indicadores, entre otros.\u00a0<\/span><\/li>\n<li><span style=\"font-weight: 400;\">Formaci\u00f3n para la Gesti\u00f3n.\u00a0<\/span><\/li>\n<\/ul>\n<p><\/p>","protected":false},"excerpt":{"rendered":"<p>Objetivo General Crear un espacio de intercambio en docencia, investigaci\u00f3n y gesti\u00f3n para todo lo atinente a los temas vinculados al N\u00facleo Disciplinar de Evaluaci\u00f3n&#8230;<\/p>\n","protected":false},"author":1,"featured_media":0,"parent":0,"menu_order":0,"comment_status":"closed","ping_status":"closed","template":"","meta":{"footnotes":""},"class_list":["post-18","page","type-page","status-publish","hentry"],"_links":{"self":[{"href":"https:\/\/grupomontevideo.org\/ndca\/ndevaluacioninstitucional\/index.php?rest_route=\/wp\/v2\/pages\/18","targetHints":{"allow":["GET"]}}],"collection":[{"href":"https:\/\/grupomontevideo.org\/ndca\/ndevaluacioninstitucional\/index.php?rest_route=\/wp\/v2\/pages"}],"about":[{"href":"https:\/\/grupomontevideo.org\/ndca\/ndevaluacioninstitucional\/index.php?rest_route=\/wp\/v2\/types\/page"}],"author":[{"embeddable":true,"href":"https:\/\/grupomontevideo.org\/ndca\/ndevaluacioninstitucional\/index.php?rest_route=\/wp\/v2\/users\/1"}],"replies":[{"embeddable":true,"href":"https:\/\/grupomontevideo.org\/ndca\/ndevaluacioninstitucional\/index.php?rest_route=%2Fwp%2Fv2%2Fcomments&post=18"}],"version-history":[{"count":15,"href":"https:\/\/grupomontevideo.org\/ndca\/ndevaluacioninstitucional\/index.php?rest_route=\/wp\/v2\/pages\/18\/revisions"}],"predecessor-version":[{"id":225,"href":"https:\/\/grupomontevideo.org\/ndca\/ndevaluacioninstitucional\/index.php?rest_route=\/wp\/v2\/pages\/18\/revisions\/225"}],"wp:attachment":[{"href":"https:\/\/grupomontevideo.org\/ndca\/ndevaluacioninstitucional\/index.php?rest_route=%2Fwp%2Fv2%2Fmedia&parent=18"}],"curies":[{"name":"wp","href":"https:\/\/api.w.org\/{rel}","templated":true}]}}