{"id":20,"date":"2015-12-04T19:37:35","date_gmt":"2015-12-04T19:37:35","guid":{"rendered":"http:\/\/grupomontevideo.org\/ndca\/caagroalimentario\/?page_id=20"},"modified":"2025-06-10T15:53:41","modified_gmt":"2025-06-10T15:53:41","slug":"convocatorias","status":"publish","type":"page","link":"https:\/\/grupomontevideo.org\/ndca\/ndeducacionparalaintegracion\/?page_id=20","title":{"rendered":"PUBLICACIONES"},"content":{"rendered":"<p><strong>Revistas:<\/strong><\/p>\n<ul>\n<li><a href=\"http:\/\/seer.ufrgs.br\/Poled\" target=\"_blank\" rel=\"noopener noreferrer\">Pol\u00edticas Educativas (POLED)<\/a><\/li>\n<li><a href=\"https:\/\/grupomontevideo.org\/ndca\/ndeducacionparalaintegracion\/?page_id=171\" target=\"_blank\" rel=\"noopener noreferrer\">Pol\u00edticas Ling\u00fc\u00edsticas<\/a>\/<a href=\"https:\/\/revistas.unc.edu.ar\/index.php\/RDPL\" target=\"_blank\" rel=\"noopener\">RDPL<\/a><\/li>\n<\/ul>\n<p><strong>Libros<\/strong><\/p>\n<ul>\n<li><a href=\"https:\/\/grupomontevideo.org\/ndca\/ndeducacionparalaintegracion\/wp-content\/uploads\/2025\/06\/Resumenes-_-XI-EIIPL_UNNOBA_2024.pdf\">Res\u00famenes _ XI EIIPL_UNNOBA_2024<\/a><\/li>\n<li><a href=\"https:\/\/grupomontevideo.org\/ndca\/ndeducacionparalaintegracion\/wp-content\/uploads\/2025\/06\/Informe-XI-EIIPL-NEPI-UNNOBA-2024.pdf\">Informe XI EIIPL NEPI UNNOBA 2024<\/a><\/li>\n<li><a href=\"https:\/\/grupomontevideo.org\/ndca\/ndeducacionparalaintegracion\/?page_id=167\" target=\"_blank\" rel=\"noopener noreferrer\">Encuentro Internacional de Investigadores de Pol\u00edticas Educativas<\/a><\/li>\n<li><a href=\"https:\/\/grupomontevideo.org\/ndca\/ndeducacionparalaintegracion\/wp-content\/uploads\/2021\/10\/IX-EIIPE-Compilacion-de-ponencias-ISBN.pdf\" target=\"_blank\" rel=\"noopener\">IX Encuentro Internacional de Investigadores de Pol\u00edticas Educativas<\/a><\/li>\n<\/ul>\n","protected":false},"excerpt":{"rendered":"<p>Revistas: Pol\u00edticas Educativas (POLED) Pol\u00edticas Ling\u00fc\u00edsticas\/RDPL Libros Res\u00famenes _ XI EIIPL_UNNOBA_2024 Informe XI EIIPL NEPI UNNOBA 2024 Encuentro Internacional de Investigadores de Pol\u00edticas Educativas IX&#8230;<\/p>\n","protected":false},"author":1,"featured_media":0,"parent":0,"menu_order":0,"comment_status":"closed","ping_status":"closed","template":"","meta":{"footnotes":""},"class_list":["post-20","page","type-page","status-publish","hentry"],"_links":{"self":[{"href":"https:\/\/grupomontevideo.org\/ndca\/ndeducacionparalaintegracion\/index.php?rest_route=\/wp\/v2\/pages\/20","targetHints":{"allow":["GET"]}}],"collection":[{"href":"https:\/\/grupomontevideo.org\/ndca\/ndeducacionparalaintegracion\/index.php?rest_route=\/wp\/v2\/pages"}],"about":[{"href":"https:\/\/grupomontevideo.org\/ndca\/ndeducacionparalaintegracion\/index.php?rest_route=\/wp\/v2\/types\/page"}],"author":[{"embeddable":true,"href":"https:\/\/grupomontevideo.org\/ndca\/ndeducacionparalaintegracion\/index.php?rest_route=\/wp\/v2\/users\/1"}],"replies":[{"embeddable":true,"href":"https:\/\/grupomontevideo.org\/ndca\/ndeducacionparalaintegracion\/index.php?rest_route=%2Fwp%2Fv2%2Fcomments&post=20"}],"version-history":[{"count":18,"href":"https:\/\/grupomontevideo.org\/ndca\/ndeducacionparalaintegracion\/index.php?rest_route=\/wp\/v2\/pages\/20\/revisions"}],"predecessor-version":[{"id":326,"href":"https:\/\/grupomontevideo.org\/ndca\/ndeducacionparalaintegracion\/index.php?rest_route=\/wp\/v2\/pages\/20\/revisions\/326"}],"wp:attachment":[{"href":"https:\/\/grupomontevideo.org\/ndca\/ndeducacionparalaintegracion\/index.php?rest_route=%2Fwp%2Fv2%2Fmedia&parent=20"}],"curies":[{"name":"wp","href":"https:\/\/api.w.org\/{rel}","templated":true}]}}