{"id":14,"date":"2015-12-04T19:36:50","date_gmt":"2015-12-04T19:36:50","guid":{"rendered":"http:\/\/grupomontevideo.org\/ndca\/caagroalimentario\/?page_id=14"},"modified":"2026-04-17T20:47:27","modified_gmt":"2026-04-17T20:47:27","slug":"actas-de-reunion","status":"publish","type":"page","link":"https:\/\/grupomontevideo.org\/ndca\/ndeducacionparalaintegracion\/?page_id=14","title":{"rendered":"ACTAS DE REUNI\u00d3N"},"content":{"rendered":"<p><strong>Actas de la Reuniones de Representantes del N\u00facleo:<\/strong><\/p>\n<ul>\n<li><a href=\"https:\/\/grupomontevideo.org\/ndca\/ndeducacionparalaintegracion\/wp-content\/uploads\/2026\/04\/Listado-grupos-PPE-2025-2026-NEPI-1.pdf\" target=\"_blank\" rel=\"noopener\">PPE 2025-2026<\/a><\/li>\n<li>XXIX Reuni\u00f3n de Representantes &#8211; Septiembre 2024 &#8211; <a href=\"https:\/\/grupomontevideo.org\/ndca\/ndeducacionparalaintegracion\/wp-content\/uploads\/2025\/04\/ATA-XXIX-Nucleo-Educacion-para-la-Integracion-2024.pdf\">Acta<\/a> e <a href=\"https:\/\/grupomontevideo.org\/ndca\/ndeducacionparalaintegracion\/wp-content\/uploads\/2025\/04\/Informes-coordenacao-do-NEPI-2024.pdf\" target=\"_blank\" rel=\"noopener\">Informe de Actividades<\/a><\/li>\n<li>XXVIII\u00a0 Reuni\u00f3n de Representantes Virtual &#8211; Septiembre 2023 &#8211; <a href=\"https:\/\/grupomontevideo.org\/ndca\/ndeducacionparalaintegracion\/wp-content\/uploads\/2023\/10\/Acta-XXVIII-Reunion-NEPI-AUGM-2023.pdf\">Acta<\/a> e <a href=\"https:\/\/grupomontevideo.org\/ndca\/ndeducacionparalaintegracion\/wp-content\/uploads\/2023\/10\/INFORME-NEPI-AUGM-2022-2023.pdf\">Informe de actividades<\/a><\/li>\n<li>XXVI Reuni\u00f3n de Representantes Virtual y reporte de actividades &#8211; <a href=\"https:\/\/grupomontevideo.org\/ndca\/ndeducacionparalaintegracion\/wp-content\/uploads\/2022\/10\/Acta-XXV-Reunio\u0301n-NEPI-AUGM-2022.pdf\" target=\"_blank\" rel=\"noopener\">Acta <\/a> y <a href=\"https:\/\/grupomontevideo.org\/ndca\/ndeducacionparalaintegracion\/wp-content\/uploads\/2022\/10\/INFORME-NEPI.pdf\" target=\"_blank\" rel=\"noopener\">Reporte de actividades y PDT<\/a>.<\/li>\n<li>XXV Reuni\u00f3n de Representantes Virtual y reporte de actividades &#8211; Noviembre 2020 &#8211;<br \/>\n<a href=\"https:\/\/grupomontevideo.org\/ndca\/ndeducacionparalaintegracion\/wp-content\/uploads\/2020\/12\/a-Acta-XXV-Reunion-NEPI-AUGM-2020-y-Agenda-2021.pdf\" target=\"_blank\" rel=\"noopener\">Acta<\/a>&#8211; <a href=\"https:\/\/grupomontevideo.org\/ndca\/ndeducacionparalaintegracion\/wp-content\/uploads\/2020\/12\/b-Anexos-INFORMES-y-PLAN.pdf\" target=\"_blank\" rel=\"noopener\">Reporte<\/a><\/li>\n<li>XXIV Reuni\u00f3n de Representantes &#8211; Setiembre 2019 &#8211; Universidad Nacional de Rosario &#8211; <a href=\"https:\/\/grupomontevideo.org\/ndca\/ndeducacionparalaintegracion\/wp-content\/uploads\/2019\/10\/ACTA-XXIV-REUNI\u00d3N-NEPI-AUGM-2019.pdf\" target=\"_blank\" rel=\"noopener noreferrer\">M\u00e1s informaci\u00f3n<\/a><\/li>\n<li>XXIII Reuni\u00f3n de Representantes &#8211;\u00a0 Septiembre 2018 &#8211; Universidade Federal do Rio Grande do Sul &#8211; <a href=\"https:\/\/grupomontevideo.org\/ndca\/ndeducacionparalaintegracion\/wp-content\/uploads\/2018\/10\/1-Ata-XXIII-REUNIAO-DE-REPRESENTANTES-NEPI-Set.-2018-.pdf\" target=\"_blank\" rel=\"noopener noreferrer\">M\u00e1s informaci\u00f3n<\/a><\/li>\n<li>XXII Reuni\u00f3n de Representantes ND \u00abEducaci\u00f3n para la Integraci\u00f3n\u00bb &#8211; Septiembre 2017 &#8211; Universidad Federal de Santa Catarina.-\u00a0<a href=\"https:\/\/grupomontevideo.org\/ndca\/ndeducacionparalaintegracion\/wp-content\/uploads\/2015\/12\/Ata-XXII-REUNIAO-DE-REPRESENTANTES-NEPI-Set.-2017-.pdf\" target=\"_blank\" rel=\"noopener noreferrer\">Mas informaci\u00f3n<\/a><\/li>\n<li>XXI Reuni\u00f3n de Representantes ND \u00abEducaci\u00f3n para la Integraci\u00f3n\u00bb &#8211; Septiembre 2016 &#8211; Universidad de la Rep\u00fablica.- <a href=\"https:\/\/grupomontevideo.org\/ndca\/ndeducacionparalaintegracion\/wp-content\/uploads\/2015\/12\/Ata-XXI-REUNIAO-DE-REPRESENTANTES-NEPI-Set.-2016.pdf\" target=\"_blank\" rel=\"noopener noreferrer\">Mas informaci\u00f3n<\/a><\/li>\n<li>XX Reuni\u00f3n de Representantes del\u00a0 ND: \u201cEduacion para la Integraci\u00f3n\u201d \u2013 Septiembre 2015 \u2013 Universidad Nacional de C\u00f3rdoba.\u00a0\u2013 <a href=\"https:\/\/grupomontevideo.org\/ndca\/ndeducacionparalaintegracion\/wp-content\/uploads\/2015\/12\/ND-NEPI-ACTA-2015-setiembre-17.pdf\">M\u00e1s Informaci\u00f3n<\/a><\/li>\n<li>XIX Reuni\u00f3n de Representantes del ND: \u201cEduacion para la Integraci\u00f3n\u201d \u2013 Setiembre 2014 \u2013 Universidad Federal de Santa Mar\u00eda, R\u00edo Grande del Sur.- <a href=\"https:\/\/grupomontevideo.org\/ndca\/ndeducacionparalaintegracion\/wp-content\/uploads\/2015\/12\/ND-NEPI-ACTA-2014-setiembre.pdf\" target=\"_blank\" rel=\"noopener noreferrer\">M\u00e1s Informaci\u00f3n<\/a><\/li>\n<li>XVIII Reuni\u00f3n de Representantes del ND: \u201cEducaci\u00f3n para la Integraci\u00f3n\u201d \u2013 Setiembre 2013 \u2013 Universidad Federal de R\u00edo Grande del Sur &#8211; <a href=\"https:\/\/grupomontevideo.org\/ndca\/ndeducacionparalaintegracion\/wp-content\/uploads\/2015\/12\/ND-NEPI-ACTA-2013-setiembre-26.pdf\">M\u00e1s Informaci\u00f3n<\/a><\/li>\n<li>XVII Reuni\u00f3n de Representantes del ND: \u201cEducaci\u00f3n para la Integraci\u00f3n\u201d \u2013 Mayo\u00a02012 \u2013 Universidad Nacional de C\u00f3rdoba &#8211; <a href=\"https:\/\/grupomontevideo.org\/ndca\/ndeducacionparalaintegracion\/wp-content\/uploads\/2015\/12\/ACTA-XVII-Reuni\u00f3n-de-Representantes-C\u00f3rdoba-Octubre-de-2012-NEPI.pdf\">M\u00e1s Informaci\u00f3n<\/a><\/li>\n<li>XVI Reuni\u00f3n de Representantes del ND:\u00a0\u201cEducaci\u00f3n para la Integraci\u00f3n\u201d- Setiembre 2011 \u2013 Universidad de la Rep\u00fablica.- <a href=\"https:\/\/grupomontevideo.org\/ndca\/ndeducacionparalaintegracion\/wp-content\/uploads\/2015\/12\/ND-NEPI-ACTA-2011-setiembre-15.pdf\">Mas Informaci\u00f3n<\/a><\/li>\n<li>XV Reuni\u00f3n de Representantes del ND:\u00a0\u201cEducaci\u00f3n para la Integraci\u00f3n\u201d- Agosto 2010 \u2013 Universidad Nacional de Rosario.-\u00a0<a href=\"https:\/\/grupomontevideo.org\/ndca\/ndeducacionparalaintegracion\/wp-content\/uploads\/2015\/12\/ND-NEPI-ACTA-2010-agosto-26.pdf\">Mas Informaci\u00f3n<\/a><\/li>\n<li>Reuni\u00f3n de Coordinadores de Programas ND:\u00a0\u201dEducaci\u00f3n para la Integraci\u00f3n\u201d \u2013 Abril 2010 \u2013 Universidad de la Rep\u00fablica.- <a href=\"https:\/\/grupomontevideo.org\/ndca\/ndeducacionparalaintegracion\/wp-content\/uploads\/2015\/12\/ND-NEPI-ACTA-2010-abril-21-221.pdf\">Mas Informaci\u00f3n<\/a><\/li>\n<li>XIV Reuni\u00f3n de Representantes del ND:\u00a0\u201cEducaci\u00f3n para la Integraci\u00f3n\u201d- Setiembre 2009 &#8211;\u00a0Universidad Nacional de Entre R\u00edos.-\u00a0<a href=\"https:\/\/grupomontevideo.org\/ndca\/ndeducacionparalaintegracion\/wp-content\/uploads\/2015\/12\/ND-NEPI-ACTA-2009-setiembre-24.pdf\">Mas Informaci\u00f3n<\/a><\/li>\n<li>XIII Reuni\u00f3n de Representantes del ND:\u00a0\u201cEducaci\u00f3n para la Integraci\u00f3n\u201d- \u00a0Octubre 2008 \u2013 Universidad de la Rep\u00fablica.- <a href=\"https:\/\/grupomontevideo.org\/ndca\/ndeducacionparalaintegracion\/wp-content\/uploads\/2015\/12\/ND-NEPI-ACTA-2008-octubre-27.pdf\">Mas Informaci\u00f3n<\/a><\/li>\n<li>XII Reuni\u00f3n de Representantes del ND:\u00a0\u201cEducaci\u00f3n para la Integraci\u00f3n\u201d- Octubre 2007 &#8211;\u00a0\u00a0Universidad Nacional de Entre R\u00edos.-\u00a0<a href=\"https:\/\/grupomontevideo.org\/ndca\/ndeducacionparalaintegracion\/wp-content\/uploads\/2015\/12\/ND-NEPI-ACTA-2007-octubre-8.pdf\">Mas Informaci\u00f3n<\/a><\/li>\n<li>XI Reuni\u00f3n de Representantes del ND:\u00a0\u201cEducaci\u00f3n para la Integraci\u00f3n\u201d- Setiembre 2006 \u2013 Universidad Estadual de Campinas.- <a href=\"https:\/\/grupomontevideo.org\/ndca\/ndeducacionparalaintegracion\/wp-content\/uploads\/2015\/12\/ND-NEPI-ACTA-2006-setiembre-14.pdf\">Mas Informaci\u00f3n<\/a><\/li>\n<li>X Reuni\u00f3n de Representantes del ND:\u00a0\u201cEducaci\u00f3n para la Integraci\u00f3n\u201d- Marzo 2006 \u2013 Universidad Nacional de Entre R\u00edos.- <a href=\"https:\/\/grupomontevideo.org\/ndca\/ndeducacionparalaintegracion\/wp-content\/uploads\/2015\/12\/ND-NEPI-ACTA-2006-marzo-31.pdf\">Mas Informaci\u00f3n<\/a><\/li>\n<li>IX Reunion de Representantes ND:\u00a0\u201cEducaci\u00f3n para la Integraci\u00f3n\u201d \u2013 Agosto de 2005 \u2013 Universidad Federal de Paran\u00e1 \u2013 Curitiba.<\/li>\n<li>VIII Reunion de Representantes ND:\u00a0\u201cEducaci\u00f3n para la Integraci\u00f3n\u201d \u2013 \u00a0Paran\u00e1, Entre R\u00edos \u2013 22 de septiembre de 2003 \u2013 UNER<\/li>\n<li>VII Reunion de Representantes ND:\u00a0Reuni\u00f3n de Trabajo Movilidad Acad\u00e9mica \u2013 Paran\u00e1 12 de Diciembre de 2002.<\/li>\n<li>VI\u00a0Reunion de Representantes ND:\u00a0Educaci\u00f3n para la integraci\u00f3n \u2013 Paran\u00e1, 23 y 24 de Marzo de 2000.<\/li>\n<li>V\u00a0Reunion de Representantes ND:\u00a0Educaci\u00f3n para la integraci\u00f3n \u2013 Concepci\u00f3n del Uruguay, 13 y 14 de noviembre de 1997.<\/li>\n<li>IV\u00a0Reunion de Representantes ND:\u00a0Educaci\u00f3n para la integraci\u00f3n \u2013 Simposio: \u201cUniversidad y Estado en la Integraci\u00f3n Regional\u201d \u2013 Concordia \u2013 22, 23 y 24 de Mayo de 1996.<\/li>\n<li>III\u00a0Reunion de Representantes ND:\u00a0Educaci\u00f3n para la integraci\u00f3n \u2013 Concepci\u00f3n del Uruguay, 08 y 09 de mayo de 1995.<\/li>\n<li>II\u00a0Reunion de Representantes ND:\u00a0Educaci\u00f3n para la integraci\u00f3n \u2013 Concepci\u00f3n del Uruguay, 27 y 26 de mayo de 1993.<\/li>\n<li>I\u00a0Reunion de Representantes ND:\u00a0Educaci\u00f3n para la integraci\u00f3n \u2013 Concepci\u00f3n del Uruguay, 21 y 22 de mayo de 1992.<\/li>\n<\/ul>\n<p><strong>Documentos Finales de los Encuentros de Investigadores<\/strong><\/p>\n<p><strong>Programa de Pol\u00edticas Lig\u00fc\u00edsticas<\/strong><\/p>\n<ul>\n<li>Documento Final del IV Encuentro Internacional de Investigadores de Pol\u00edticas Ling\u00fc\u00edsticas (IVIEIIPL). <a href=\"https:\/\/grupomontevideo.org\/ndca\/ndeducacionparalaintegracion\/wp-content\/uploads\/2015\/12\/DOCUMENTO-FINAL-IV-EIIPE-ROSARIO.pdf\">Documento<\/a><\/li>\n<li>Documento Final del III Encuentro Internacional de Investigadores de Pol\u00edticas Ling\u00fc\u00edsticas (IIIEIIPL). <a href=\"https:\/\/grupomontevideo.org\/ndca\/ndeducacionparalaintegracion\/wp-content\/uploads\/2015\/12\/ACTA-III-Encuentro-Inv.-Pol.-Ling\u00fc\u00edsticas-UNC-09-11oct2007.pdf\">Documento<\/a><\/li>\n<\/ul>\n<p><strong>Programa de Pol\u00edticas Educativas<\/strong><\/p>\n<ul>\n<li>Documento Final del VIII Encuentro\u00a0Internacional de Investigadores de Pol\u00edticas Educativas (VIIIEIIPE). <a href=\"https:\/\/grupomontevideo.org\/ndca\/ndeducacionparalaintegracion\/wp-content\/uploads\/2018\/10\/3-Informe-VIII-EIIPE-Porto-Alegre-2018.pdf\" target=\"_blank\" rel=\"noopener noreferrer\">Documento<\/a>.<\/li>\n<li>Documento Final del V Encuentro Internacional de Investigadores de Pol\u00edticas Educativas (VEIIPE). Documento.<\/li>\n<li>Documento Final del IV Encuentro Internacional de Investigadores de Pol\u00edticas Educativas (IVEIIPE). <a href=\"https:\/\/grupomontevideo.org\/ndca\/ndeducacionparalaintegracion\/wp-content\/uploads\/2015\/12\/DOCUMENTO-FINAL-IV-EIIPE-ROSARIO.pdf\">Documento<\/a>.<\/li>\n<li>Documento Final del III Encuentro Internacional de Investigadores de Pol\u00edticas Educativas (IIIEIIPE). Documento.<\/li>\n<li>Documento Final del II Encuentro Internacional de Investigadores de Pol\u00edticas Educativas (IIEIIPE). Documento.<\/li>\n<\/ul>\n<p><strong>Actas de las Reuniones de Coordinadores de Programas y Responsables de L\u00edneas de Trabajo<\/strong><\/p>\n<ul>\n<li>8a Reuni\u00f3n de Coordinadores de Programas y Responsables de Grupos de Trabajo, 2015.\u00a0Acta<\/li>\n<\/ul>\n<ul>\n<li>7ma Reuni\u00f3n de Coordinadores de Programas y Responsables de Grupos de Trabajo, 2014. <a href=\"https:\/\/grupomontevideo.org\/ndca\/ndeducacionparalaintegracion\/wp-content\/uploads\/2015\/12\/ND-NEPI-ACTA-2014-abril-3.pdf\">Acta<\/a><\/li>\n<\/ul>\n<ul>\n<li>6ta Reuni\u00f3n de Coordinadores de Programas y Responsables de Grupos de Trabajo, 2013. <a href=\"https:\/\/grupomontevideo.org\/ndca\/ndeducacionparalaintegracion\/wp-content\/uploads\/2015\/12\/ND-NEPI-ACTA-2013-junio-5.pdf\">Acta<\/a><\/li>\n<\/ul>\n<ul>\n<li>5ta Reuni\u00f3n de Coordinadores de Programas y Responsables de Grupos de Trabajo, 2012. No se registra Acta Formal Digital.<\/li>\n<\/ul>\n<ul>\n<li>4ta Reuni\u00f3n de Coordinadores de Programas y Responsables de Grupos de Trabajo, 2011. Acta<\/li>\n<\/ul>\n<ul>\n<li>3ra Reuni\u00f3n de Coordinadores de Programas y Responsables de Grupos de Trabajo, 2010. <a href=\"https:\/\/grupomontevideo.org\/ndca\/ndeducacionparalaintegracion\/wp-content\/uploads\/2015\/12\/ND-NEPI-ACTA-2010-abril-21-22.pdf\">Acta<\/a><\/li>\n<\/ul>\n<ul>\n<li>2da Reuni\u00f3n de Coordinadores de Programas y Responsables de Grupos de Trabajo. 2009. No se registra Acta Formal Digital.<\/li>\n<\/ul>\n<ul>\n<li>1ra Reuni\u00f3n de Coordinadores de Programas y Responsables de Grupos de Trabajo, 2008. <a href=\"https:\/\/grupomontevideo.org\/ndca\/ndeducacionparalaintegracion\/wp-content\/uploads\/2015\/12\/ND-NEPI-ACTA-2008-abril-10-11.pdf\">Acta<\/a><\/li>\n<\/ul>\n","protected":false},"excerpt":{"rendered":"<p>Actas de la Reuniones de Representantes del N\u00facleo: PPE 2025-2026 XXIX Reuni\u00f3n de Representantes &#8211; Septiembre 2024 &#8211; Acta e Informe de Actividades XXVIII\u00a0 Reuni\u00f3n&#8230;<\/p>\n","protected":false},"author":1,"featured_media":0,"parent":0,"menu_order":0,"comment_status":"closed","ping_status":"closed","template":"","meta":{"footnotes":""},"class_list":["post-14","page","type-page","status-publish","hentry"],"_links":{"self":[{"href":"https:\/\/grupomontevideo.org\/ndca\/ndeducacionparalaintegracion\/index.php?rest_route=\/wp\/v2\/pages\/14","targetHints":{"allow":["GET"]}}],"collection":[{"href":"https:\/\/grupomontevideo.org\/ndca\/ndeducacionparalaintegracion\/index.php?rest_route=\/wp\/v2\/pages"}],"about":[{"href":"https:\/\/grupomontevideo.org\/ndca\/ndeducacionparalaintegracion\/index.php?rest_route=\/wp\/v2\/types\/page"}],"author":[{"embeddable":true,"href":"https:\/\/grupomontevideo.org\/ndca\/ndeducacionparalaintegracion\/index.php?rest_route=\/wp\/v2\/users\/1"}],"replies":[{"embeddable":true,"href":"https:\/\/grupomontevideo.org\/ndca\/ndeducacionparalaintegracion\/index.php?rest_route=%2Fwp%2Fv2%2Fcomments&post=14"}],"version-history":[{"count":38,"href":"https:\/\/grupomontevideo.org\/ndca\/ndeducacionparalaintegracion\/index.php?rest_route=\/wp\/v2\/pages\/14\/revisions"}],"predecessor-version":[{"id":341,"href":"https:\/\/grupomontevideo.org\/ndca\/ndeducacionparalaintegracion\/index.php?rest_route=\/wp\/v2\/pages\/14\/revisions\/341"}],"wp:attachment":[{"href":"https:\/\/grupomontevideo.org\/ndca\/ndeducacionparalaintegracion\/index.php?rest_route=%2Fwp%2Fv2%2Fmedia&parent=14"}],"curies":[{"name":"wp","href":"https:\/\/api.w.org\/{rel}","templated":true}]}}