{"id":871,"date":"2021-09-19T12:46:20","date_gmt":"2021-09-19T12:46:20","guid":{"rendered":"http:\/\/grupomontevideo.org\/ndca\/ndcienciaeingenieriademateriales\/?page_id=871"},"modified":"2021-09-19T14:23:17","modified_gmt":"2021-09-19T14:23:17","slug":"ciclo-de-seminarios-sobre-ensayos-mecanicos","status":"publish","type":"page","link":"https:\/\/grupomontevideo.org\/ndca\/ndcienciaeingenieriademateriales\/?page_id=871","title":{"rendered":"Ciclo de Seminarios sobre Ensayos Mec\u00e1nicos"},"content":{"rendered":"<div style=\"display: table; border: solid 1px #d1e0e0; border-style: solid solid solid solid; overflow-x: auto; overflow-y: auto; font-size: calc(8px + .70vw); width: 100%; max-width: 100%; padding: 0px 0px 0px 0px; margin: 0px 0px 0px 0px; background: linear-gradient(90deg, rgba(2,0,36,1) 0%, rgba(69,89,79,1) 0%, rgba(196,241,208,1) 50%);\">\n<div style=\"display: flex; max-width: 100%; height: auto;\">\n<div style=\"display: table-cell; width: 5%; height: auto; vertical-align: middle;\">\n<p>&nbsp;<\/p>\n<\/div>\n<div style=\"display: table-cell; width: 25%; height: auto; vertical-align: middle;\"><img decoding=\"async\" style=\"display: block; border: none; max-width: 100%; height: auto; margin: 10px 0px 10px -5px;\" src=\"https:\/\/grupomontevideo.org\/ndca\/ndcienciaeingenieriademateriales\/wp-content\/uploads\/2020\/10\/erm_2020_image1.png\" alt=\"foto\"><\/div>\n<div style=\"display: flex; width: 70%; height: auto; margin: 5px 2px 5px 2px; align-items: center;\">\n<div style=\"display: table; width: 100%; height: auto;\">\n<div style=\"display: table-row; width: 100%; height: auto; text-align: center;\"><span style=\"font-size: 1.45em; font-weight: 600;\">Ciclo de Seminarios<br \/>sobre Ensayos Mec\u00e1nicos<\/span><\/div>\n<div style=\"display: table-row; width: 100%; margin: 5px 0px 5px 0px;\">&nbsp;<\/div>\n<div style=\"display: table-row; width: 100%; height: auto; text-align: center\"><span style=\"font-size: 1.0em; font-weight: 600;\">N\u00facleo Disciplinar de Ciencia<br \/>\ne Ingenier\u00eda de Materiales<\/span><\/div>\n<div style=\"display: table-row; width: 100%; margin: 5px 0px 5px 0px;\">&nbsp;<\/div>\n<div style=\"display: table-row; width: 100%; height: auto; text-align: center;\"><span style=\"font-size: 0.9em; font-weight: 600;\">30 de septiembre al 29 de octubre \u2013 2021<\/span><\/div>\n<\/div>\n<\/div>\n<\/div>\n<\/div>\n<div style=\"margin: 5px;\"><\/div>\n<p style=\"font-size: 1.4em; font-weight: 600; margin-top: 5px; margin-bottom: 5px;\">Descripci\u00f3n<\/p>\n<p style=\"font-size: 1.2em; margin-top: 1px; margin-bottom: 1px;\">El ciclo se compone de 4 Seminarios dedicados a los aspectos fundamentales de la caracterizaci\u00f3n mec\u00e1nica de materiales.<\/p>\n<p style=\"font-size: 1.2em; margin-top: 1px; margin-bottom: 1px;\">Est\u00e1 dirigido a estudiantes tanto de grado como de postgrado interesados en conocer las herramientas de la t\u00e9cnica.<\/p>\n<p style=\"font-size: 1.2em; margin-top: 1px; margin-bottom: 1px;\">El dictado ser\u00e1 virtual y se entregar\u00e1n certificados de asistencia.<\/p>\n<p><!--\n\n\n<div style=\"display: table; max-width: 100%; height: auto;font-size:1.3em;margin-top:5px;\"><a href=\"https:\/\/us02web.zoom.us\/webinar\/register\/WN_zQTQd5M0TAmL2ROsHQcVkA\" target=\"_blank\" rel=\"noopener noreferrer\"><strong>Formulario de Inscripci\u00f3n<\/strong><\/a><\/div>\n\n\n--><\/p>\n<div style=\"display: table; max-width: 100%; height: auto;font-size:1.3em;margin-top:5px;margin-bottom:10px;\"><a href=\"https:\/\/grupomontevideo.org\/ndca\/ndcienciaeingenieriademateriales\/wp-content\/uploads\/2021\/09\/seminario-ensayos-mecanicos-AUGM_programa.pdf\" target=\"_blank\" rel=\"noopener noreferrer\"><strong>Descargar programa<\/strong><\/a><\/div>\n<div style=\"margin: 5px;\"><\/div>\n<p style=\"font-size: 1.4em; font-weight: 600; margin-top: 5px; margin-bottom: 5px;\">Detalles<\/p>\n<div style=\"display: table; border: solid 1px #d1e0e0; border-style: none none solid none; overflow-x: auto; overflow-y: auto; font-size: calc(8px + .70vw); width: 99%; max-width: 99%; padding: 5px 5px 5px 5px; margin: 0px 0px 10px 0px; background: #e9f0ec;\">\n<div style=\"display: table; max-width: 100%; height: auto;\">Duraci\u00f3n: <strong>4 seminarios de  2 horas<\/strong><\/div>\n<div style=\"display: table; max-width: 100%; height: auto;\">Comienzo: <strong>jueves 30 de setiembre<\/strong><\/div>\n<div style=\"display: table; max-width: 100%; height: auto;\">Docente a Cargo: <strong>Profesor Alberto Monsalve<\/strong><\/div>\n<\/div>\n<div style=\"margin: 5px;\"><\/div>\n<p style=\"font-size: 1.4em; font-weight: 600; margin-top: 5px; margin-bottom: 5px;\">Informaci\u00f3n breve del docente<\/p>\n<div style=\"display: table; border: solid 1px #d1e0e0; border-style: none none solid none; overflow-x: auto; overflow-y: auto; font-size: calc(8px + .70vw); width: 100%; max-width: 100%; padding: 2px 2px 2px 2px; margin: 0px 0px 0px 0px; background-color: #ecf2f8;\">\n<div style=\"display: flex; max-width: 100%; height: auto;\">\n<div style=\"display: table-cell; width: 35%; height: auto; vertical-align: middle;\"><img decoding=\"async\" class=\"alignleft\" style=\"display: block; border: none; max-width: 100%; height: auto; margin: 0px 5px 0px 0px;\" src=\"https:\/\/grupomontevideo.org\/ndca\/ndcienciaeingenieriademateriales\/wp-content\/uploads\/2021\/09\/prof_alberto_monsalve.jpg\" alt=\"foto\"><\/div>\n<div style=\"display: flex; width: 65%; height: auto; margin: 5px 2px 0px 2px; align-items: left;\">\n<p style=\"font-size: 0.95em; margin-left: 5px; margin-bottom: 0px;\">El Profesor Monsalve es Ingeniero Metal\u00fargico, Mag\u00edster en Ciencias de la Ingenier\u00eda y Doctor en Ingenier\u00eda por la Universidad de Navarra, Espa\u00f1a.<br style=\"margin-bottom: 5px;\"><br \/>\nDesarrolla sus actividades en el Departamento de Ingenier\u00eda Metal\u00fargica de la Facultad de Ingenier\u00eda de la Universidad de Santiago de Chile, donde actualmente es Subdirector de Investigaci\u00f3n y Desarrollo.<\/p>\n<\/div>\n<\/div>\n<div style=\"display: flex; max-width: 100%; height: auto; border: solid 1px #d1e0e0; border-style: solid none none none; background-color: #ecf2f8;\">\n<div style=\"display: table-cell; width: 100%; height: auto;\">\n<p style=\"font-size: 0.9em; padding-left: 5px; padding-right: 5px; margin-top: 5px; margin-bottom: 5px;\">El desempe\u00f1o profesional del Profesor Monsalve ha estado orientado al estudio de materiales met\u00e1licos desde el punto de vista de sus propiedades mec\u00e1nicas y de la correlaci\u00f3n microestructura-propiedades.<\/p>\n<p style=\"font-size: 0.9em; padding-left: 5px; padding-right: 5px; margin-bottom: 5px;\">Ha sido uno de los creadores del laboratorio SIMET (Servicio de Ingenier\u00eda Metal\u00fargica), que presta servicios al sector industrial nacional e internacional en el \u00e1rea de propiedades mec\u00e1nicas y an\u00e1lisis de fallas.<\/p>\n<p style=\"font-size: 0.9em; padding-left: 5px; padding-right: 5px; margin-bottom: 5px;\">Es autor de m\u00e1s de 60 publicaciones indexadas en revistas de corriente principal y m\u00e1s de 250 publicaciones en congresos y conferencias, habiendo dirigido m\u00e1s de 120 tesistas tanto a nivel de pre como de postgrado.<\/p>\n<p style=\"font-size: 0.9em; padding-left: 5px; padding-right: 5px; margin-bottom: 5px;\">En lo que respecta a la relaci\u00f3n con el sector industrial, ha sido asesor en numerosas empresas en lo relativo a an\u00e1lisis de fallas y propiedades mec\u00e1nicas.<\/p>\n<p style=\"font-size: 0.9em; padding-left: 5px; padding-right: 5px; margin-bottom: 0px;\">Actualmente lidera el Grupo de Integridad Estructural, especializado en el estudio de propiedades mec\u00e1nicas de materiales estructurales para la industria.<\/p>\n<p><\/span><\/div>\n<\/div>\n<\/div>\n","protected":false},"excerpt":{"rendered":"<p>&nbsp; Ciclo de Seminariossobre Ensayos Mec\u00e1nicos &nbsp; N\u00facleo Disciplinar de Ciencia e Ingenier\u00eda de Materiales &nbsp; 30 de septiembre al 29 de octubre \u2013 2021&#8230;<\/p>\n","protected":false},"author":4,"featured_media":0,"parent":0,"menu_order":0,"comment_status":"closed","ping_status":"closed","template":"","meta":{"footnotes":""},"class_list":["post-871","page","type-page","status-publish","hentry"],"_links":{"self":[{"href":"https:\/\/grupomontevideo.org\/ndca\/ndcienciaeingenieriademateriales\/index.php?rest_route=\/wp\/v2\/pages\/871","targetHints":{"allow":["GET"]}}],"collection":[{"href":"https:\/\/grupomontevideo.org\/ndca\/ndcienciaeingenieriademateriales\/index.php?rest_route=\/wp\/v2\/pages"}],"about":[{"href":"https:\/\/grupomontevideo.org\/ndca\/ndcienciaeingenieriademateriales\/index.php?rest_route=\/wp\/v2\/types\/page"}],"author":[{"embeddable":true,"href":"https:\/\/grupomontevideo.org\/ndca\/ndcienciaeingenieriademateriales\/index.php?rest_route=\/wp\/v2\/users\/4"}],"replies":[{"embeddable":true,"href":"https:\/\/grupomontevideo.org\/ndca\/ndcienciaeingenieriademateriales\/index.php?rest_route=%2Fwp%2Fv2%2Fcomments&post=871"}],"version-history":[{"count":7,"href":"https:\/\/grupomontevideo.org\/ndca\/ndcienciaeingenieriademateriales\/index.php?rest_route=\/wp\/v2\/pages\/871\/revisions"}],"predecessor-version":[{"id":886,"href":"https:\/\/grupomontevideo.org\/ndca\/ndcienciaeingenieriademateriales\/index.php?rest_route=\/wp\/v2\/pages\/871\/revisions\/886"}],"wp:attachment":[{"href":"https:\/\/grupomontevideo.org\/ndca\/ndcienciaeingenieriademateriales\/index.php?rest_route=%2Fwp%2Fv2%2Fmedia&parent=871"}],"curies":[{"name":"wp","href":"https:\/\/api.w.org\/{rel}","templated":true}]}}