{"id":838,"date":"2021-07-25T19:57:32","date_gmt":"2021-07-25T19:57:32","guid":{"rendered":"http:\/\/grupomontevideo.org\/ndca\/ndcienciaeingenieriademateriales\/?page_id=838"},"modified":"2021-07-25T19:57:32","modified_gmt":"2021-07-25T19:57:32","slug":"metodos-termicos-de-analisis","status":"publish","type":"page","link":"https:\/\/grupomontevideo.org\/ndca\/ndcienciaeingenieriademateriales\/?page_id=838","title":{"rendered":"M\u00e9todos t\u00e9rmicos de an\u00e1lisis"},"content":{"rendered":"<h2>Tipo de t\u00e9cnica, an\u00e1lisis, m\u00e9todo: M\u00e9todos t\u00e9rmicos de an\u00e1lisis<\/h2>\n<h5>An\u00e1lisis T\u00e9rmico: DSC, DTA; An\u00e1lisis Termogravim\u00e9trico (TGA); An\u00e1lisis Termomec\u00e1nico (TMA) y Termomec\u00e1nico Din\u00e1mico (DMTA).<\/h5>\n<div style=\"overflow-x: auto; overflow-y: auto; font-size: calc(6px + .50vw); margin-top: 0px; padding-top: 0px; width: 100%; max-width: 100%;\">\n<div style=\"display: table; width: 100%; max-width: 100%; border: 1px solid #d9d9d9; border-style: none none solid none; margin-top: 0px; margin-bottom: 0px; padding-top: 0px; padding-bottom: 0px; font-size: calc(14px + .07vw);\">\n<div style=\"display: table-row-group; border: 0px solid #d9d9d9; border-style: none none none none; margin-top: 0px; margin-bottom: 0px; background: linear-gradient(to left, #e1eeef, #e1eeef); padding-top: 0px; padding-bottom: 0px;\">\n<div style=\"display: table-cell; vertical-align: middle; border: 0px solid #d9d9d9; border-style: none none none none; font-weight: 600; width: 100%; max-width: 100%; padding: 2px;\">Equipamiento<\/div>\n<\/div>\n<\/div>\n<div style=\"display: table; width: 100%; max-width: 100%; border: 1px solid #d9d9d9; border-style: none none solid none;margin-top: 0px; margin-bottom: 0px; padding-top: 0px; padding-bottom: 0px; font-size: calc(11px + .07vw);\">\n<ul style=\"list-style-type:disc;padding-left: 0;margin-left: 15px;\">\n<li style=\"line-height: 125%;margin-top:2px; margin-bottom:1px;\"><a href=\"#UFSC-1-1\" style=\"text-decoration: none;\">An\u00e1lise t\u00e9rmica<\/a><\/li>\n<li style=\"line-height: 125%;margin-top:2px; margin-bottom:1px;\"><a href=\"#UNL-11-3\" style=\"text-decoration: none;\">TGA, DMTA, DSC<\/a><\/li>\n<\/ul>\n<\/div>\n<div style=\"width: 100%; max-width: 100%; border: 2px solid #a9a9a9; border-style: solid none none none; margin-top: 0px; margin-bottom: 10px; padding-top: 0px; padding-bottom: 0px;\"><\/div>\n<div id=\"UFSC-1-1\" name=\"UFSC-1-1\" style=\"display: table; width: 100%; max-width: 100%; border: 1px solid #d9d9d9; border-style: none none solid none; margin-top: 0px; margin-bottom: 0px; padding-top: 0px; padding-bottom: 0px;font-size: calc(6px + .50vw);overflow: hidden;\">\n<div style=\"display: table-row-group; border: 0px solid #d9d9d9; border-style: none none none none; margin-top: 0px; margin-bottom: 0px; background: linear-gradient(to left, #f0f5f5, #f0f5f5); padding-top: 0px; padding-bottom: 0px;\">\n<div style=\"display: table-cell; vertical-align: middle; border: 0px solid #d9d9d9; border-style: none none none none; font-weight: 600; width: 100%; max-width: 100%; background-color: #4c7197; color: white; padding: 2px;word-wrap: break-word;\">An\u00e1lise t\u00e9rmica<\/div>\n<\/div>\n<div style=\"display: table; border: 1px solid #d9d9d9; border-style: none none solid none; width: 100%; max-width: 100%;font-size: calc(6px + .50vw);\">\n<div style=\"display: grid;   grid-column-gap: 0.1%;  grid-template-columns: 15% 85%; border: 0px solid #dddddd; border-style: none none none none; margin: 5px 0px 5px 0px; padding: 0px 2px 0px 2px; float: left; width: 100%; max-width: 100%; background-color: #f2f2f2;\">\n<div style=\"display: table-cell; vertical-align: middle; border: 1px solid #a9a9a9; border-style: solid none solid none; width: auto; max-width: auto; padding: 2px;text-align:right;font-weight: 600;\">Descripi\u00f3n:<\/div>\n<div style=\"display: table-cell; vertical-align: middle; border: 1px solid #a9a9a9; border-style: solid none solid none; width: auto; max-width: auto; padding: 1px;margin-left:2px;text-align:left;word-wrap:break-word;\">DSC\/ATD\/TG (TA Instruments)<\/div>\n<div style=\"display: table-cell; vertical-align: middle; border: 1px solid #a9a9a9; border-style: none none solid none; width: auto; max-width: auto; padding: 2px;text-align:right;font-weight: 600;\">Contacto:<\/div>\n<div style=\"display: table-cell; vertical-align: middle; border: 1px solid #a9a9a9; border-style: none none solid none; width: auto; max-width: auto; padding: 1px;margin-left:2px;text-align:left;word-wrap:break-word;\">Prof. Antonio Pedro Novaes de Oliveira (antonio.pedro@ufsc.br)<\/div>\n<div style=\"display: table-cell; vertical-align: middle; border: 1px solid #a9a9a9; border-style: none none solid none; width: auto; max-width: auto; padding: 2px;text-align:right;font-weight: 600;\">Instituci\u00f3n:<\/div>\n<div style=\"display: table-cell; vertical-align: middle; border: 1px solid #a9a9a9; border-style: none none solid none; width: auto; max-width: auto; padding: 1px;margin-left:2px;text-align:left;word-wrap:break-word;\">VITROCER-EMC-UFSC<br \/>Universidade Federal de Santa Catarina (UFSC), Brasil<\/div>\n<div style=\"display: table-cell; vertical-align: middle; border: 1px solid #a9a9a9; border-style: none none solid none; width: auto; max-width: auto; padding: 2px;text-align:right;font-weight: 600;\">Link:<\/div>\n<div style=\"display: table-cell; vertical-align: middle; border: 1px solid #a9a9a9; border-style: none none solid none; width: auto; max-width: auto; padding: 1px;margin-left:2px;text-align:left;word-wrap:break-word;\"><a href=\"http:\/\/www.vitrocer.ufsc.br\/\" target=\"blank\" rel=\"noopener\">http:\/\/www.vitrocer.ufsc.br\/<\/a><\/div>\n<\/div>\n<\/div>\n<\/div>\n<div id=\"UNL-11-3\" name=\"UNL-11-3\" style=\"display: table; width: 100%; max-width: 100%; border: 1px solid #d9d9d9; border-style: none none solid none; margin-top: 0px; margin-bottom: 0px; padding-top: 0px; padding-bottom: 0px;font-size: calc(6px + .50vw);overflow: hidden;\">\n<div style=\"display: table-row-group; border: 0px solid #d9d9d9; border-style: none none none none; margin-top: 0px; margin-bottom: 0px; background: linear-gradient(to left, #f0f5f5, #f0f5f5); padding-top: 0px; padding-bottom: 0px;\">\n<div style=\"display: table-cell; vertical-align: middle; border: 0px solid #d9d9d9; border-style: none none none none; font-weight: 600; width: 100%; max-width: 100%; background-color: #4c7197; color: white; padding: 2px;word-wrap: break-word;\">TGA, DMTA, DSC<\/div>\n<\/div>\n<div style=\"display: table; border: 1px solid #d9d9d9; border-style: none none solid none; width: 100%; max-width: 100%;font-size: calc(6px + .50vw);\">\n<div style=\"display: grid;   grid-column-gap: 0.1%;  grid-template-columns: 15% 85%; border: 0px solid #dddddd; border-style: none none none none; margin: 5px 0px 5px 0px; padding: 0px 2px 0px 2px; float: left; width: 100%; max-width: 100%; background-color: #f2f2f2;\">\n<div style=\"display: table-cell; vertical-align: middle; border: 1px solid #a9a9a9; border-style: solid none solid none; width: auto; max-width: auto; padding: 2px;text-align:right;font-weight: 600;\">Descripi\u00f3n:<\/div>\n<div style=\"display: table-cell; vertical-align: middle; border: 1px solid #a9a9a9; border-style: solid none solid none; width: auto; max-width: auto; padding: 1px;margin-left:2px;text-align:left;word-wrap:break-word;\">TA instruments<\/div>\n<div style=\"display: table-cell; vertical-align: middle; border: 1px solid #a9a9a9; border-style: none none solid none; width: auto; max-width: auto; padding: 2px;text-align:right;font-weight: 600;\">Contacto:<\/div>\n<div style=\"display: table-cell; vertical-align: middle; border: 1px solid #a9a9a9; border-style: none none solid none; width: auto; max-width: auto; padding: 1px;margin-left:2px;text-align:left;word-wrap:break-word;\">Dra. Celina Barrios (cbarrios@santafe-conicet.gob.ar)<\/div>\n<div style=\"display: table-cell; vertical-align: middle; border: 1px solid #a9a9a9; border-style: none none solid none; width: auto; max-width: auto; padding: 2px;text-align:right;font-weight: 600;\">Instituci\u00f3n:<\/div>\n<div style=\"display: table-cell; vertical-align: middle; border: 1px solid #a9a9a9; border-style: none none solid none; width: auto; max-width: auto; padding: 1px;margin-left:2px;text-align:left;word-wrap:break-word;\">Tel: 0342-4559174\/7 Int. 2047<br \/>Lab. HII46, -Ed. Houssay Gral. G\u00fcemes 3454<\/div>\n<div style=\"display: table-cell; vertical-align: middle; border: 1px solid #a9a9a9; border-style: none none solid none; width: auto; max-width: auto; padding: 2px;text-align:right;font-weight: 600;\">Link:<\/div>\n<div style=\"display: table-cell; vertical-align: middle; border: 1px solid #a9a9a9; border-style: none none solid none; width: auto; max-width: auto; padding: 1px;margin-left:2px;text-align:left;word-wrap:break-word;\"><a href=\"https:\/\/santafe.conicet.gov.ar\/wp-content\/uploads\/sites\/102\/2017\/12\/PLANTILLA-FINAL-EQUIPOS2.pdf\" target=\"blank\" rel=\"noopener\">https:\/\/santafe.conicet.gov.ar\/wp-content\/uploads\/sites\/102\/2017\/12\/PLANTILLA-FINAL-EQUIPOS2.pdf<\/a><\/div>\n<\/div>\n<\/div>\n<\/div>\n<\/div>\n<p><!-- FIN EQUIPAMIENTOS --><!-- FIN TECNICA --><\/p>\n","protected":false},"excerpt":{"rendered":"<p>Tipo de t\u00e9cnica, an\u00e1lisis, m\u00e9todo: M\u00e9todos t\u00e9rmicos de an\u00e1lisis An\u00e1lisis T\u00e9rmico: DSC, DTA; An\u00e1lisis Termogravim\u00e9trico (TGA); An\u00e1lisis Termomec\u00e1nico (TMA) y Termomec\u00e1nico Din\u00e1mico (DMTA). Equipamiento An\u00e1lise&#8230;<\/p>\n","protected":false},"author":4,"featured_media":0,"parent":388,"menu_order":0,"comment_status":"closed","ping_status":"closed","template":"","meta":{"footnotes":""},"class_list":["post-838","page","type-page","status-publish","hentry"],"_links":{"self":[{"href":"https:\/\/grupomontevideo.org\/ndca\/ndcienciaeingenieriademateriales\/index.php?rest_route=\/wp\/v2\/pages\/838","targetHints":{"allow":["GET"]}}],"collection":[{"href":"https:\/\/grupomontevideo.org\/ndca\/ndcienciaeingenieriademateriales\/index.php?rest_route=\/wp\/v2\/pages"}],"about":[{"href":"https:\/\/grupomontevideo.org\/ndca\/ndcienciaeingenieriademateriales\/index.php?rest_route=\/wp\/v2\/types\/page"}],"author":[{"embeddable":true,"href":"https:\/\/grupomontevideo.org\/ndca\/ndcienciaeingenieriademateriales\/index.php?rest_route=\/wp\/v2\/users\/4"}],"replies":[{"embeddable":true,"href":"https:\/\/grupomontevideo.org\/ndca\/ndcienciaeingenieriademateriales\/index.php?rest_route=%2Fwp%2Fv2%2Fcomments&post=838"}],"version-history":[{"count":2,"href":"https:\/\/grupomontevideo.org\/ndca\/ndcienciaeingenieriademateriales\/index.php?rest_route=\/wp\/v2\/pages\/838\/revisions"}],"predecessor-version":[{"id":840,"href":"https:\/\/grupomontevideo.org\/ndca\/ndcienciaeingenieriademateriales\/index.php?rest_route=\/wp\/v2\/pages\/838\/revisions\/840"}],"up":[{"embeddable":true,"href":"https:\/\/grupomontevideo.org\/ndca\/ndcienciaeingenieriademateriales\/index.php?rest_route=\/wp\/v2\/pages\/388"}],"wp:attachment":[{"href":"https:\/\/grupomontevideo.org\/ndca\/ndcienciaeingenieriademateriales\/index.php?rest_route=%2Fwp%2Fv2%2Fmedia&parent=838"}],"curies":[{"name":"wp","href":"https:\/\/api.w.org\/{rel}","templated":true}]}}