{"id":834,"date":"2021-07-25T19:51:28","date_gmt":"2021-07-25T19:51:28","guid":{"rendered":"http:\/\/grupomontevideo.org\/ndca\/ndcienciaeingenieriademateriales\/?page_id=834"},"modified":"2021-07-25T19:55:22","modified_gmt":"2021-07-25T19:55:22","slug":"analisis-morfologico","status":"publish","type":"page","link":"https:\/\/grupomontevideo.org\/ndca\/ndcienciaeingenieriademateriales\/?page_id=834","title":{"rendered":"An\u00e1lisis morfol\u00f3gico"},"content":{"rendered":"<h2>Tipo de t\u00e9cnica, an\u00e1lisis, m\u00e9todo: An\u00e1lisis morfol\u00f3gico<\/h2>\n<h5>Microscop\u00eda Electr\u00f3nica de Materiales: Microscop\u00eda Electr\u00f3nica de Barrido (SEM); Microscop\u00eda Electr\u00f3nica de Transmisi\u00f3n (TEM); Microscop\u00eda Electr\u00f3nica de Transmisi\u00f3n con Barrido (STEM); Microscop\u00eda de Fuerza At\u00f3mica (AFM) y de Efecto T\u00fanel (STM); \u00c1rea Superficial, Textura y Distribuci\u00f3n Porosa.<\/h5>\n<div style=\"overflow-x: auto; overflow-y: auto; font-size: calc(6px + .50vw); margin-top: 0px; padding-top: 0px; width: 100%; max-width: 100%;\">\n<div style=\"display: table; width: 100%; max-width: 100%; border: 1px solid #d9d9d9; border-style: none none solid none; margin-top: 0px; margin-bottom: 0px; padding-top: 0px; padding-bottom: 0px; font-size: calc(14px + .07vw);\">\n<div style=\"display: table-row-group; border: 0px solid #d9d9d9; border-style: none none none none; margin-top: 0px; margin-bottom: 0px; background: linear-gradient(to left, #e1eeef, #e1eeef); padding-top: 0px; padding-bottom: 0px;\">\n<div style=\"display: table-cell; vertical-align: middle; border: 0px solid #d9d9d9; border-style: none none none none; font-weight: 600; width: 100%; max-width: 100%; padding: 2px;\">Equipamiento<\/div>\n<\/div>\n<\/div>\n<div style=\"display: table; width: 100%; max-width: 100%; border: 1px solid #d9d9d9; border-style: none none solid none;margin-top: 0px; margin-bottom: 0px; padding-top: 0px; padding-bottom: 0px; font-size: calc(11px + .07vw);\">\n<ul style=\"list-style-type:disc;padding-left: 0;margin-left: 15px;\">\n<li style=\"line-height: 125%;margin-top:2px; margin-bottom:1px;\"><a href=\"#UNL-5-2\" style=\"text-decoration: none;\">AFM<\/a><\/li>\n<li style=\"line-height: 125%;margin-top:2px; margin-bottom:1px;\"><a href=\"#UFSC-5-2\" style=\"text-decoration: none;\">Pore and Surface Area Analyser<\/a><\/li>\n<li style=\"line-height: 125%;margin-top:2px; margin-bottom:1px;\"><a href=\"#UNL-3-2\" style=\"text-decoration: none;\">SEM<\/a><\/li>\n<li style=\"line-height: 125%;margin-top:2px; margin-bottom:1px;\"><a href=\"#UNL-4-2\" style=\"text-decoration: none;\">TEM<\/a><\/li>\n<li style=\"line-height: 125%;margin-top:2px; margin-bottom:1px;\"><a href=\"#UFSC-4-2\" style=\"text-decoration: none;\">Zeta Sizer<\/a><\/li>\n<\/ul>\n<\/div>\n<div style=\"width: 100%; max-width: 100%; border: 2px solid #a9a9a9; border-style: solid none none none; margin-top: 0px; margin-bottom: 10px; padding-top: 0px; padding-bottom: 0px;\"><\/div>\n<div id=\"UNL-5-2\" name=\"UNL-5-2\" style=\"display: table; width: 100%; max-width: 100%; border: 1px solid #d9d9d9; border-style: none none solid none; margin-top: 0px; margin-bottom: 0px; padding-top: 0px; padding-bottom: 0px;font-size: calc(6px + .50vw);overflow: hidden;\">\n<div style=\"display: table-row-group; border: 0px solid #d9d9d9; border-style: none none none none; margin-top: 0px; margin-bottom: 0px; background: linear-gradient(to left, #f0f5f5, #f0f5f5); padding-top: 0px; padding-bottom: 0px;\">\n<div style=\"display: table-cell; vertical-align: middle; border: 0px solid #d9d9d9; border-style: none none none none; font-weight: 600; width: 100%; max-width: 100%; background-color: #4c7197; color: white; padding: 2px;word-wrap: break-word;\">AFM<\/div>\n<\/div>\n<div style=\"display: table; border: 1px solid #d9d9d9; border-style: none none solid none; width: 100%; max-width: 100%;font-size: calc(6px + .50vw);\">\n<div style=\"display: grid;   grid-column-gap: 0.1%;  grid-template-columns: 15% 85%; border: 0px solid #dddddd; border-style: none none none none; margin: 5px 0px 5px 0px; padding: 0px 2px 0px 2px; float: left; width: 100%; max-width: 100%; background-color: #f2f2f2;\">\n<div style=\"display: table-cell; vertical-align: middle; border: 1px solid #a9a9a9; border-style: solid none solid none; width: auto; max-width: auto; padding: 2px;text-align:right;font-weight: 600;\">Descripi\u00f3n:<\/div>\n<div style=\"display: table-cell; vertical-align: middle; border: 1px solid #a9a9a9; border-style: solid none solid none; width: auto; max-width: auto; padding: 1px;margin-left:2px;text-align:left;word-wrap:break-word;\">Agilent<\/div>\n<div style=\"display: table-cell; vertical-align: middle; border: 1px solid #a9a9a9; border-style: none none solid none; width: auto; max-width: auto; padding: 2px;text-align:right;font-weight: 600;\">Contacto:<\/div>\n<div style=\"display: table-cell; vertical-align: middle; border: 1px solid #a9a9a9; border-style: none none solid none; width: auto; max-width: auto; padding: 1px;margin-left:2px;text-align:left;word-wrap:break-word;\">Dres. Mar\u00eda de los \u00c1ngeles Montero (mmontero@fiq.unl.edu.ar) | Jos\u00e9 L. Fern\u00e1ndez (jlfernan@fiq.unl.edu.ar)<\/div>\n<div style=\"display: table-cell; vertical-align: middle; border: 1px solid #a9a9a9; border-style: none none solid none; width: auto; max-width: auto; padding: 2px;text-align:right;font-weight: 600;\">Instituci\u00f3n:<\/div>\n<div style=\"display: table-cell; vertical-align: middle; border: 1px solid #a9a9a9; border-style: none none solid none; width: auto; max-width: auto; padding: 1px;margin-left:2px;text-align:left;word-wrap:break-word;\">Tel: 0342-4571164 Int. 2519<br \/>IQAL-Facultad de Ingenier\u00eda Qu\u00edmica Santiago del Estero 2829<\/div>\n<div style=\"display: table-cell; vertical-align: middle; border: 1px solid #a9a9a9; border-style: none none solid none; width: auto; max-width: auto; padding: 2px;text-align:right;font-weight: 600;\">Link:<\/div>\n<div style=\"display: table-cell; vertical-align: middle; border: 1px solid #a9a9a9; border-style: none none solid none; width: auto; max-width: auto; padding: 1px;margin-left:2px;text-align:left;word-wrap:break-word;\"><a href=\"https:\/\/santafe.conicet.gov.ar\/wp-content\/uploads\/sites\/102\/2017\/12\/PLANTILLA-FINAL-EQUIPOS2.pdf\" target=\"blank\" rel=\"noopener\">https:\/\/santafe.conicet.gov.ar\/wp-content\/uploads\/sites\/102\/2017\/12\/PLANTILLA-FINAL-EQUIPOS2.pdf<\/a><\/div>\n<\/div>\n<\/div>\n<\/div>\n<div id=\"UFSC-5-2\" name=\"UFSC-5-2\" style=\"display: table; width: 100%; max-width: 100%; border: 1px solid #d9d9d9; border-style: none none solid none; margin-top: 0px; margin-bottom: 0px; padding-top: 0px; padding-bottom: 0px;font-size: calc(6px + .50vw);overflow: hidden;\">\n<div style=\"display: table-row-group; border: 0px solid #d9d9d9; border-style: none none none none; margin-top: 0px; margin-bottom: 0px; background: linear-gradient(to left, #f0f5f5, #f0f5f5); padding-top: 0px; padding-bottom: 0px;\">\n<div style=\"display: table-cell; vertical-align: middle; border: 0px solid #d9d9d9; border-style: none none none none; font-weight: 600; width: 100%; max-width: 100%; background-color: #4c7197; color: white; padding: 2px;word-wrap: break-word;\">Pore and Surface Area Analyser (Quantachrome, NOVA 1200e)<\/div>\n<\/div>\n<div style=\"display: table; border: 1px solid #d9d9d9; border-style: none none solid none; width: 100%; max-width: 100%;font-size: calc(6px + .50vw);\">\n<div style=\"display: grid;   grid-column-gap: 0.1%;  grid-template-columns: 15% 85%; border: 0px solid #dddddd; border-style: none none none none; margin: 5px 0px 5px 0px; padding: 0px 2px 0px 2px; float: left; width: 100%; max-width: 100%; background-color: #f2f2f2;\">\n<div style=\"display: table-cell; vertical-align: middle; border: 1px solid #a9a9a9; border-style: solid none solid none; width: auto; max-width: auto; padding: 2px;text-align:right;font-weight: 600;\">Descripi\u00f3n:<\/div>\n<div style=\"display: table-cell; vertical-align: middle; border: 1px solid #a9a9a9; border-style: solid none solid none; width: auto; max-width: auto; padding: 1px;margin-left:2px;text-align:left;word-wrap:break-word;\">Quantachrome, NOVA 1200e<\/div>\n<div style=\"display: table-cell; vertical-align: middle; border: 1px solid #a9a9a9; border-style: none none solid none; width: auto; max-width: auto; padding: 2px;text-align:right;font-weight: 600;\">Contacto:<\/div>\n<div style=\"display: table-cell; vertical-align: middle; border: 1px solid #a9a9a9; border-style: none none solid none; width: auto; max-width: auto; padding: 1px;margin-left:2px;text-align:left;word-wrap:break-word;\">Prof. Carlos Renato Rambo (carlos.rambo@ufsc.br)<\/div>\n<div style=\"display: table-cell; vertical-align: middle; border: 1px solid #a9a9a9; border-style: none none solid none; width: auto; max-width: auto; padding: 2px;text-align:right;font-weight: 600;\">Instituci\u00f3n:<\/div>\n<div style=\"display: table-cell; vertical-align: middle; border: 1px solid #a9a9a9; border-style: none none solid none; width: auto; max-width: auto; padding: 1px;margin-left:2px;text-align:left;word-wrap:break-word;\">LAMATE\u2013Laborat\u00f3rio de Materiais El\u00e9tricos<br \/>Universidade Federal de Santa Catarina (UFSC), Brasil<\/div>\n<div style=\"display: table-cell; vertical-align: middle; border: 1px solid #a9a9a9; border-style: none none solid none; width: auto; max-width: auto; padding: 2px;text-align:right;font-weight: 600;\">Link:<\/div>\n<div style=\"display: table-cell; vertical-align: middle; border: 1px solid #a9a9a9; border-style: none none solid none; width: auto; max-width: auto; padding: 1px;margin-left:2px;text-align:left;word-wrap:break-word;\"><a href=\"http:\/\/lamate.paginas.ufsc.br\/\" target=\"blank\" rel=\"noopener\">http:\/\/lamate.paginas.ufsc.br\/<\/a><\/div>\n<\/div>\n<\/div>\n<\/div>\n<div id=\"UNL-3-2\" name=\"UNL-3-2\" style=\"display: table; width: 100%; max-width: 100%; border: 1px solid #d9d9d9; border-style: none none solid none; margin-top: 0px; margin-bottom: 0px; padding-top: 0px; padding-bottom: 0px;font-size: calc(6px + .50vw);overflow: hidden;\">\n<div style=\"display: table-row-group; border: 0px solid #d9d9d9; border-style: none none none none; margin-top: 0px; margin-bottom: 0px; background: linear-gradient(to left, #f0f5f5, #f0f5f5); padding-top: 0px; padding-bottom: 0px;\">\n<div style=\"display: table-cell; vertical-align: middle; border: 0px solid #d9d9d9; border-style: none none none none; font-weight: 600; width: 100%; max-width: 100%; background-color: #4c7197; color: white; padding: 2px;word-wrap: break-word;\">SEM<\/div>\n<\/div>\n<div style=\"display: table; border: 1px solid #d9d9d9; border-style: none none solid none; width: 100%; max-width: 100%;font-size: calc(6px + .50vw);\">\n<div style=\"display: grid;   grid-column-gap: 0.1%;  grid-template-columns: 15% 85%; border: 0px solid #dddddd; border-style: none none none none; margin: 5px 0px 5px 0px; padding: 0px 2px 0px 2px; float: left; width: 100%; max-width: 100%; background-color: #f2f2f2;\">\n<div style=\"display: table-cell; vertical-align: middle; border: 1px solid #a9a9a9; border-style: solid none solid none; width: auto; max-width: auto; padding: 2px;text-align:right;font-weight: 600;\">Descripi\u00f3n:<\/div>\n<div style=\"display: table-cell; vertical-align: middle; border: 1px solid #a9a9a9; border-style: solid none solid none; width: auto; max-width: auto; padding: 1px;margin-left:2px;text-align:left;word-wrap:break-word;\">PHENOM WORLD ProX<\/div>\n<div style=\"display: table-cell; vertical-align: middle; border: 1px solid #a9a9a9; border-style: none none solid none; width: auto; max-width: auto; padding: 2px;text-align:right;font-weight: 600;\">Contacto:<\/div>\n<div style=\"display: table-cell; vertical-align: middle; border: 1px solid #a9a9a9; border-style: none none solid none; width: auto; max-width: auto; padding: 1px;margin-left:2px;text-align:left;word-wrap:break-word;\">Dres. Mar\u00eda de los \u00c1ngeles Montero (mmontero@fiq.unl.edu.ar) | Jos\u00e9 L. Fern\u00e1ndez (jlfernan@fiq.unl.edu.ar)<\/div>\n<div style=\"display: table-cell; vertical-align: middle; border: 1px solid #a9a9a9; border-style: none none solid none; width: auto; max-width: auto; padding: 2px;text-align:right;font-weight: 600;\">Instituci\u00f3n:<\/div>\n<div style=\"display: table-cell; vertical-align: middle; border: 1px solid #a9a9a9; border-style: none none solid none; width: auto; max-width: auto; padding: 1px;margin-left:2px;text-align:left;word-wrap:break-word;\">Tel: 0342-4571164 Int. 2519<br \/>IQAL-Facultad de Ingenier\u00eda Qu\u00edmica Santiago del Estero 2829<\/div>\n<div style=\"display: table-cell; vertical-align: middle; border: 1px solid #a9a9a9; border-style: none none solid none; width: auto; max-width: auto; padding: 2px;text-align:right;font-weight: 600;\">Link:<\/div>\n<div style=\"display: table-cell; vertical-align: middle; border: 1px solid #a9a9a9; border-style: none none solid none; width: auto; max-width: auto; padding: 1px;margin-left:2px;text-align:left;word-wrap:break-word;\"><a href=\"https:\/\/santafe.conicet.gov.ar\/wp-content\/uploads\/sites\/102\/2017\/12\/PLANTILLA-FINAL-EQUIPOS2.pdf\" target=\"blank\" rel=\"noopener\">https:\/\/santafe.conicet.gov.ar\/wp-content\/uploads\/sites\/102\/2017\/12\/PLANTILLA-FINAL-EQUIPOS2.pdf<\/a><\/div>\n<\/div>\n<\/div>\n<\/div>\n<div id=\"UNL-4-2\" name=\"UNL-4-2\" style=\"display: table; width: 100%; max-width: 100%; border: 1px solid #d9d9d9; border-style: none none solid none; margin-top: 0px; margin-bottom: 0px; padding-top: 0px; padding-bottom: 0px;font-size: calc(6px + .50vw);overflow: hidden;\">\n<div style=\"display: table-row-group; border: 0px solid #d9d9d9; border-style: none none none none; margin-top: 0px; margin-bottom: 0px; background: linear-gradient(to left, #f0f5f5, #f0f5f5); padding-top: 0px; padding-bottom: 0px;\">\n<div style=\"display: table-cell; vertical-align: middle; border: 0px solid #d9d9d9; border-style: none none none none; font-weight: 600; width: 100%; max-width: 100%; background-color: #4c7197; color: white; padding: 2px;word-wrap: break-word;\">TEM<\/div>\n<\/div>\n<div style=\"display: table; border: 1px solid #d9d9d9; border-style: none none solid none; width: 100%; max-width: 100%;font-size: calc(6px + .50vw);\">\n<div style=\"display: grid;   grid-column-gap: 0.1%;  grid-template-columns: 15% 85%; border: 0px solid #dddddd; border-style: none none none none; margin: 5px 0px 5px 0px; padding: 0px 2px 0px 2px; float: left; width: 100%; max-width: 100%; background-color: #f2f2f2;\">\n<div style=\"display: table-cell; vertical-align: middle; border: 1px solid #a9a9a9; border-style: solid none solid none; width: auto; max-width: auto; padding: 2px;text-align:right;font-weight: 600;\">Descripi\u00f3n:<\/div>\n<div style=\"display: table-cell; vertical-align: middle; border: 1px solid #a9a9a9; border-style: solid none solid none; width: auto; max-width: auto; padding: 1px;margin-left:2px;text-align:left;word-wrap:break-word;\">JEOL modelo JEM-2100 plus) de alta resoluci\u00f3n, TEM\/STEM con emisor de hexaboruro de lantano  (LaB6), voltaje de aceleraci\u00f3n m\u00e1xima de 200 kV<\/div>\n<div style=\"display: table-cell; vertical-align: middle; border: 1px solid #a9a9a9; border-style: none none solid none; width: auto; max-width: auto; padding: 2px;text-align:right;font-weight: 600;\">Contacto:<\/div>\n<div style=\"display: table-cell; vertical-align: middle; border: 1px solid #a9a9a9; border-style: none none solid none; width: auto; max-width: auto; padding: 1px;margin-left:2px;text-align:left;word-wrap:break-word;\">Lic. Diana E. Pedulli (secegrin@santafe-conicet.gov.ar)<\/div>\n<div style=\"display: table-cell; vertical-align: middle; border: 1px solid #a9a9a9; border-style: none none solid none; width: auto; max-width: auto; padding: 2px;text-align:right;font-weight: 600;\">Instituci\u00f3n:<\/div>\n<div style=\"display: table-cell; vertical-align: middle; border: 1px solid #a9a9a9; border-style: none none solid none; width: auto; max-width: auto; padding: 1px;margin-left:2px;text-align:left;word-wrap:break-word;\">Tel: 0342-4511370 interno 1620<br \/>SECEGRIN<\/div>\n<div style=\"display: table-cell; vertical-align: middle; border: 1px solid #a9a9a9; border-style: none none solid none; width: auto; max-width: auto; padding: 2px;text-align:right;font-weight: 600;\">Link:<\/div>\n<div style=\"display: table-cell; vertical-align: middle; border: 1px solid #a9a9a9; border-style: none none solid none; width: auto; max-width: auto; padding: 1px;margin-left:2px;text-align:left;word-wrap:break-word;\"><a href=\"https:\/\/santafe.conicet.gov.ar\/instrumentos\/\" target=\"blank\" rel=\"noopener\">https:\/\/santafe.conicet.gov.ar\/instrumentos\/<\/a><\/div>\n<\/div>\n<\/div>\n<\/div>\n<div id=\"UFSC-4-2\" name=\"UFSC-4-2\" style=\"display: table; width: 100%; max-width: 100%; border: 1px solid #d9d9d9; border-style: none none solid none; margin-top: 0px; margin-bottom: 0px; padding-top: 0px; padding-bottom: 0px;font-size: calc(6px + .50vw);overflow: hidden;\">\n<div style=\"display: table-row-group; border: 0px solid #d9d9d9; border-style: none none none none; margin-top: 0px; margin-bottom: 0px; background: linear-gradient(to left, #f0f5f5, #f0f5f5); padding-top: 0px; padding-bottom: 0px;\">\n<div style=\"display: table-cell; vertical-align: middle; border: 0px solid #d9d9d9; border-style: none none none none; font-weight: 600; width: 100%; max-width: 100%; background-color: #4c7197; color: white; padding: 2px;word-wrap: break-word;\">Zeta Sizer (Nano Malvern ZS)<\/div>\n<\/div>\n<div style=\"display: table; border: 1px solid #d9d9d9; border-style: none none solid none; width: 100%; max-width: 100%;font-size: calc(6px + .50vw);\">\n<div style=\"display: grid;   grid-column-gap: 0.1%;  grid-template-columns: 15% 85%; border: 0px solid #dddddd; border-style: none none none none; margin: 5px 0px 5px 0px; padding: 0px 2px 0px 2px; float: left; width: 100%; max-width: 100%; background-color: #f2f2f2;\">\n<div style=\"display: table-cell; vertical-align: middle; border: 1px solid #a9a9a9; border-style: solid none solid none; width: auto; max-width: auto; padding: 2px;text-align:right;font-weight: 600;\">Descripi\u00f3n:<\/div>\n<div style=\"display: table-cell; vertical-align: middle; border: 1px solid #a9a9a9; border-style: solid none solid none; width: auto; max-width: auto; padding: 1px;margin-left:2px;text-align:left;word-wrap:break-word;\">Nano Malvern ZS<\/div>\n<div style=\"display: table-cell; vertical-align: middle; border: 1px solid #a9a9a9; border-style: none none solid none; width: auto; max-width: auto; padding: 2px;text-align:right;font-weight: 600;\">Contacto:<\/div>\n<div style=\"display: table-cell; vertical-align: middle; border: 1px solid #a9a9a9; border-style: none none solid none; width: auto; max-width: auto; padding: 1px;margin-left:2px;text-align:left;word-wrap:break-word;\">Prof. Dachamir Hotza (dhotza@gmail.com)<\/div>\n<div style=\"display: table-cell; vertical-align: middle; border: 1px solid #a9a9a9; border-style: none none solid none; width: auto; max-width: auto; padding: 2px;text-align:right;font-weight: 600;\">Instituci\u00f3n:<\/div>\n<div style=\"display: table-cell; vertical-align: middle; border: 1px solid #a9a9a9; border-style: none none solid none; width: auto; max-width: auto; padding: 1px;margin-left:2px;text-align:left;word-wrap:break-word;\">LINDEN-Laborat\u00f3rio Interdisciplinar para o Desenvolvimento de Nanoestruturas<br \/>Universidade Federal de Santa Catarina (UFSC), Brasil<\/div>\n<div style=\"display: table-cell; vertical-align: middle; border: 1px solid #a9a9a9; border-style: none none solid none; width: auto; max-width: auto; padding: 2px;text-align:right;font-weight: 600;\">Link:<\/div>\n<div style=\"display: table-cell; vertical-align: middle; border: 1px solid #a9a9a9; border-style: none none solid none; width: auto; max-width: auto; padding: 1px;margin-left:2px;text-align:left;word-wrap:break-word;\"><a href=\"http:\/\/linden.ufsc.br\/\" target=\"blank\" rel=\"noopener\">http:\/\/linden.ufsc.br\/<\/a><\/div>\n<\/div>\n<\/div>\n<\/div>\n<\/div>\n<p><!-- FIN EQUIPAMIENTOS --> <!-- FIN TECNICA --><\/p>\n","protected":false},"excerpt":{"rendered":"<p>Tipo de t\u00e9cnica, an\u00e1lisis, m\u00e9todo: An\u00e1lisis morfol\u00f3gico Microscop\u00eda Electr\u00f3nica de Materiales: Microscop\u00eda Electr\u00f3nica de Barrido (SEM); Microscop\u00eda Electr\u00f3nica de Transmisi\u00f3n (TEM); Microscop\u00eda Electr\u00f3nica de Transmisi\u00f3n&#8230;<\/p>\n","protected":false},"author":4,"featured_media":0,"parent":388,"menu_order":0,"comment_status":"closed","ping_status":"closed","template":"","meta":{"footnotes":""},"class_list":["post-834","page","type-page","status-publish","hentry"],"_links":{"self":[{"href":"https:\/\/grupomontevideo.org\/ndca\/ndcienciaeingenieriademateriales\/index.php?rest_route=\/wp\/v2\/pages\/834","targetHints":{"allow":["GET"]}}],"collection":[{"href":"https:\/\/grupomontevideo.org\/ndca\/ndcienciaeingenieriademateriales\/index.php?rest_route=\/wp\/v2\/pages"}],"about":[{"href":"https:\/\/grupomontevideo.org\/ndca\/ndcienciaeingenieriademateriales\/index.php?rest_route=\/wp\/v2\/types\/page"}],"author":[{"embeddable":true,"href":"https:\/\/grupomontevideo.org\/ndca\/ndcienciaeingenieriademateriales\/index.php?rest_route=\/wp\/v2\/users\/4"}],"replies":[{"embeddable":true,"href":"https:\/\/grupomontevideo.org\/ndca\/ndcienciaeingenieriademateriales\/index.php?rest_route=%2Fwp%2Fv2%2Fcomments&post=834"}],"version-history":[{"count":2,"href":"https:\/\/grupomontevideo.org\/ndca\/ndcienciaeingenieriademateriales\/index.php?rest_route=\/wp\/v2\/pages\/834\/revisions"}],"predecessor-version":[{"id":837,"href":"https:\/\/grupomontevideo.org\/ndca\/ndcienciaeingenieriademateriales\/index.php?rest_route=\/wp\/v2\/pages\/834\/revisions\/837"}],"up":[{"embeddable":true,"href":"https:\/\/grupomontevideo.org\/ndca\/ndcienciaeingenieriademateriales\/index.php?rest_route=\/wp\/v2\/pages\/388"}],"wp:attachment":[{"href":"https:\/\/grupomontevideo.org\/ndca\/ndcienciaeingenieriademateriales\/index.php?rest_route=%2Fwp%2Fv2%2Fmedia&parent=834"}],"curies":[{"name":"wp","href":"https:\/\/api.w.org\/{rel}","templated":true}]}}