{"id":753,"date":"2021-06-07T13:06:17","date_gmt":"2021-06-07T13:06:17","guid":{"rendered":"http:\/\/grupomontevideo.org\/ndca\/ndcienciaeingenieriademateriales\/?page_id=753"},"modified":"2021-07-13T12:39:52","modified_gmt":"2021-07-13T12:39:52","slug":"materiales-por-impresion-3d","status":"publish","type":"page","link":"https:\/\/grupomontevideo.org\/ndca\/ndcienciaeingenieriademateriales\/?page_id=753","title":{"rendered":"Materiales por Impresi\u00f3n 3D"},"content":{"rendered":"<h2>\u00c1rea: Materiales por Impresi\u00f3n 3D<\/h2>\n<h5><\/h5>\n<div style=\"overflow-x: auto; overflow-y: auto; font-size: calc(6px + .50vw); margin-top: 0px; padding-top: 0px;width: 100%; max-width: 100%;\">\n<div style=\"display: table; width: 100%; max-width: 100%; border: 1px solid #d9d9d9; border-style: none none solid none; margin-top: 0px; margin-bottom: 0px; padding-top: 0px; padding-bottom: 0px; font-size: calc(14px + .07vw);\">\n<div style=\"display: table-row-group; border: 0px solid #d9d9d9; border-style: none none none none; margin-top: 0px; margin-bottom: 0px; background: linear-gradient(to left, #e1eeef, #e1eeef); padding-top: 0px; padding-bottom: 0px;\">\n<div style=\"display: table-cell; vertical-align: middle; border: 0px solid #d9d9d9; border-style: none none none none; font-weight: 600; width: 100%; max-width: 100%; padding: 2px;\">L\u00edneas de investigaci\u00f3n<\/div>\n<\/div>\n<\/div>\n<div style=\"display: table; width: 100%; max-width: 100%; border: 1px solid #d9d9d9; border-style: none none solid none;margin-top: 0px; margin-bottom: 0px; padding-top: 0px; padding-bottom: 0px; font-size: calc(11px + .07vw);\">\n<ul style=\"list-style-type:disc;padding-left: 0;margin-left: 15px;\">\n<li style=\"line-height: 125%;margin-top:2px; margin-bottom:1px;\"><a href=\"#UNMdP-10-10\" style=\"text-decoration: none;\">Desarrollo de biotintas para bioimpresi\u00f3n 3D en la fabricaci\u00f3n de ap\u00f3sitos para el tratamiento de pies ulcerados.<\/a><\/li>\n<li style=\"line-height: 125%;margin-top:2px; margin-bottom:1px;\"><a href=\"#UFSC-14-10\" style=\"text-decoration: none;\">Desenvolvimento de produtos polim\u00e9ricos e Processamento de Pol\u00edmeros <\/a><\/li>\n<\/ul>\n<\/div>\n<div style=\"width: 100%; max-width: 100%; border: 2px solid #a9a9a9; border-style: solid none none none; margin-top: 0px; margin-bottom: 10px; padding-top: 0px; padding-bottom: 0px;\"><\/div>\n<div id=\"UNMdP-10-10\" name=\"UNMdP-10-10\" style=\"display: table; width: 100%; max-width: 100%; border: 1px solid #d9d9d9; border-style: none none solid none; margin-top: 0px; margin-bottom: 0px; padding-top: 0px; padding-bottom: 0px;font-size: calc(6px + .50vw);overflow: hidden;\">\n<div style=\"display: table-row-group; border: 0px solid #d9d9d9; border-style: none none none none; margin-top: 0px; margin-bottom: 0px; background: linear-gradient(to left, #f0f5f5, #f0f5f5); padding-top: 0px; padding-bottom: 0px;\">\n<div style=\"display: table-cell; vertical-align: middle; border: 0px solid #d9d9d9; border-style: none none none none; font-weight: 600; width: 100%; max-width: 100%; background-color: #4c7197; color: white; padding: 2px;word-wrap: break-word;\">Desarrollo de biotintas para bioimpresi\u00f3n 3D en la fabricaci\u00f3n de ap\u00f3sitos para el tratamiento de pies ulcerados.<\/div>\n<\/div>\n<div style=\"display: table; border: 1px solid #d9d9d9; border-style: none none solid none; width: 100%; max-width: 100%;font-size: calc(6px + .50vw);\">\n<div style=\"display: grid;   grid-column-gap: 0.1%;  grid-template-columns: 15% 85%; border: 0px solid #dddddd; border-style: none none none none; margin: 5px 0px 5px 0px; padding: 0px 2px 0px 2px; float: left; width: 100%; max-width: 100%; background-color: #f2f2f2;\">\n<div style=\"display: table-cell; vertical-align: middle; border: 1px solid #a9a9a9; border-style: solid none solid none; width: auto; max-width: auto; padding: 2px;text-align:right;font-weight: 600;\">Descripi\u00f3n:<\/div>\n<div style=\"display: table-cell; vertical-align: middle; border: 1px solid #a9a9a9; border-style: solid none solid none; width: auto; max-width: auto; padding: 1px;margin-left:2px;text-align:left;word-wrap:break-word;\">El objetivo de esta l\u00ednea de investigaci\u00f3n es desarrollar, caracterizar y evaluar biomateriales para su implementaci\u00f3n como biotintas para ser utilizadas en la fabricaci\u00f3n de ap\u00f3sitos tridimensionales de formatos personalizados para pacientes diab\u00e9ticos que presenten \u00falceras en pies a trav\u00e9s de bioimpresi\u00f3n 3D. &#8211; Pol\u00edmeros &#8211; Materiales por Impresi\u00f3n 3D<\/div>\n<div style=\"display: table-cell; vertical-align: middle; border: 1px solid #a9a9a9; border-style: none none solid none; width: auto; max-width: auto; padding: 2px;text-align:right;font-weight: 600;\">Contacto:<\/div>\n<div style=\"display: table-cell; vertical-align: middle; border: 1px solid #a9a9a9; border-style: none none solid none; width: auto; max-width: auto; padding: 1px;margin-left:2px;text-align:left;word-wrap:break-word;\">Prof. Dra. Vera \u00c1lvarez (alvarezvera@gmail.com)<\/div>\n<div style=\"display: table-cell; vertical-align: middle; border: 1px solid #a9a9a9; border-style: none none solid none; width: auto; max-width: auto; padding: 2px;text-align:right;font-weight: 600;\">Instituci\u00f3n:<\/div>\n<div style=\"display: table-cell; vertical-align: middle; border: 1px solid #a9a9a9; border-style: none none solid none; width: auto; max-width: auto; padding: 1px;margin-left:2px;text-align:left;word-wrap:break-word;\">CoMP &#8211; Grupo de Materiales Compuestos Termopl\u00e1sticos. INTEMA, Instituto de Investigaciones en Ciencia y Tecnolog\u00eda de Materiales <\/div>\n<div style=\"display: table-cell; vertical-align: middle; border: 1px solid #a9a9a9; border-style: none none solid none; width: auto; max-width: auto; padding: 2px;text-align:right;font-weight: 600;\">Link:<\/div>\n<div style=\"display: table-cell; vertical-align: middle; border: 1px solid #a9a9a9; border-style: none none solid none; width: auto; max-width: auto; padding: 1px;margin-left:2px;text-align:left;word-wrap:break-word;\"><a href=\"http:\/\/intema.gob.ar\/materiales-compuestos-termoplasticos\/\" target=\"blank\" rel=\"noopener\">http:\/\/intema.gob.ar\/materiales-compuestos-termoplasticos\/ <\/a><\/div>\n<\/div>\n<\/div>\n<\/div>\n<div id=\"UFSC-14-10\" name=\"UFSC-14-10\" style=\"display: table; width: 100%; max-width: 100%; border: 1px solid #d9d9d9; border-style: none none solid none; margin-top: 0px; margin-bottom: 0px; padding-top: 0px; padding-bottom: 0px;font-size: calc(6px + .50vw);overflow: hidden;\">\n<div style=\"display: table-row-group; border: 0px solid #d9d9d9; border-style: none none none none; margin-top: 0px; margin-bottom: 0px; background: linear-gradient(to left, #f0f5f5, #f0f5f5); padding-top: 0px; padding-bottom: 0px;\">\n<div style=\"display: table-cell; vertical-align: middle; border: 0px solid #d9d9d9; border-style: none none none none; font-weight: 600; width: 100%; max-width: 100%; background-color: #4c7197; color: white; padding: 2px;word-wrap: break-word;\">Desenvolvimento de produtos polim\u00e9ricos e Processamento de Pol\u00edmeros <\/div>\n<\/div>\n<div style=\"display: table; border: 1px solid #d9d9d9; border-style: none none solid none; width: 100%; max-width: 100%;font-size: calc(6px + .50vw);\">\n<div style=\"display: grid;   grid-column-gap: 0.1%;  grid-template-columns: 15% 85%; border: 0px solid #dddddd; border-style: none none none none; margin: 5px 0px 5px 0px; padding: 0px 2px 0px 2px; float: left; width: 100%; max-width: 100%; background-color: #f2f2f2;\">\n<div style=\"display: table-cell; vertical-align: middle; border: 1px solid #a9a9a9; border-style: solid none solid none; width: auto; max-width: auto; padding: 2px;text-align:right;font-weight: 600;\">Descripi\u00f3n:<\/div>\n<div style=\"display: table-cell; vertical-align: middle; border: 1px solid #a9a9a9; border-style: solid none solid none; width: auto; max-width: auto; padding: 1px;margin-left:2px;text-align:left;word-wrap:break-word;\">Manufatura Aditiva e Impress\u00e3o 3D com Pol\u00edmeros; Processamento por Ondas Eletromagn\u00e9ticas (Hiper frequ\u00eancias e Lasers); Materiais para Manufatura Aditiva e Ferramental R\u00e1pido; Desenvolvimento R\u00e1pido de Produtos Polim\u00e9ricos.<\/div>\n<div style=\"display: table-cell; vertical-align: middle; border: 1px solid #a9a9a9; border-style: none none solid none; width: auto; max-width: auto; padding: 2px;text-align:right;font-weight: 600;\">Contacto:<\/div>\n<div style=\"display: table-cell; vertical-align: middle; border: 1px solid #a9a9a9; border-style: none none solid none; width: auto; max-width: auto; padding: 1px;margin-left:2px;text-align:left;word-wrap:break-word;\">Prof. Gean Vitor Salmoria (gean.salmoria@ufsc.br)<\/div>\n<div style=\"display: table-cell; vertical-align: middle; border: 1px solid #a9a9a9; border-style: none none solid none; width: auto; max-width: auto; padding: 2px;text-align:right;font-weight: 600;\">Instituci\u00f3n:<\/div>\n<div style=\"display: table-cell; vertical-align: middle; border: 1px solid #a9a9a9; border-style: none none solid none; width: auto; max-width: auto; padding: 1px;margin-left:2px;text-align:left;word-wrap:break-word;\">LEBM-EMC-UFSC (Campus Florian\u00f3polis)<\/div>\n<div style=\"display: table-cell; vertical-align: middle; border: 1px solid #a9a9a9; border-style: none none solid none; width: auto; max-width: auto; padding: 2px;text-align:right;font-weight: 600;\">Link:<\/div>\n<div style=\"display: table-cell; vertical-align: middle; border: 1px solid #a9a9a9; border-style: none none solid none; width: auto; max-width: auto; padding: 1px;margin-left:2px;text-align:left;word-wrap:break-word;\"><a href=\"http:\/\/www.lebm.ufsc.br\/\" target=\"blank\" rel=\"noopener\">http:\/\/www.lebm.ufsc.br\/<\/a><\/div>\n<\/div>\n<\/div>\n<\/div>\n<\/div>\n<p><!-- FIN LINEAS --><br \/>\n<!-- FIN AREA --><\/p>\n","protected":false},"excerpt":{"rendered":"<p>\u00c1rea: Materiales por Impresi\u00f3n 3D L\u00edneas de investigaci\u00f3n Desarrollo de biotintas para bioimpresi\u00f3n 3D en la fabricaci\u00f3n de ap\u00f3sitos para el tratamiento de pies ulcerados&#8230;.<\/p>\n","protected":false},"author":4,"featured_media":0,"parent":417,"menu_order":0,"comment_status":"closed","ping_status":"closed","template":"","meta":{"footnotes":""},"class_list":["post-753","page","type-page","status-publish","hentry"],"_links":{"self":[{"href":"https:\/\/grupomontevideo.org\/ndca\/ndcienciaeingenieriademateriales\/index.php?rest_route=\/wp\/v2\/pages\/753","targetHints":{"allow":["GET"]}}],"collection":[{"href":"https:\/\/grupomontevideo.org\/ndca\/ndcienciaeingenieriademateriales\/index.php?rest_route=\/wp\/v2\/pages"}],"about":[{"href":"https:\/\/grupomontevideo.org\/ndca\/ndcienciaeingenieriademateriales\/index.php?rest_route=\/wp\/v2\/types\/page"}],"author":[{"embeddable":true,"href":"https:\/\/grupomontevideo.org\/ndca\/ndcienciaeingenieriademateriales\/index.php?rest_route=\/wp\/v2\/users\/4"}],"replies":[{"embeddable":true,"href":"https:\/\/grupomontevideo.org\/ndca\/ndcienciaeingenieriademateriales\/index.php?rest_route=%2Fwp%2Fv2%2Fcomments&post=753"}],"version-history":[{"count":2,"href":"https:\/\/grupomontevideo.org\/ndca\/ndcienciaeingenieriademateriales\/index.php?rest_route=\/wp\/v2\/pages\/753\/revisions"}],"predecessor-version":[{"id":814,"href":"https:\/\/grupomontevideo.org\/ndca\/ndcienciaeingenieriademateriales\/index.php?rest_route=\/wp\/v2\/pages\/753\/revisions\/814"}],"up":[{"embeddable":true,"href":"https:\/\/grupomontevideo.org\/ndca\/ndcienciaeingenieriademateriales\/index.php?rest_route=\/wp\/v2\/pages\/417"}],"wp:attachment":[{"href":"https:\/\/grupomontevideo.org\/ndca\/ndcienciaeingenieriademateriales\/index.php?rest_route=%2Fwp%2Fv2%2Fmedia&parent=753"}],"curies":[{"name":"wp","href":"https:\/\/api.w.org\/{rel}","templated":true}]}}