{"id":744,"date":"2021-06-07T13:00:01","date_gmt":"2021-06-07T13:00:01","guid":{"rendered":"http:\/\/grupomontevideo.org\/ndca\/ndcienciaeingenieriademateriales\/?page_id=744"},"modified":"2021-07-13T12:34:07","modified_gmt":"2021-07-13T12:34:07","slug":"materiales-para-la-construccion","status":"publish","type":"page","link":"https:\/\/grupomontevideo.org\/ndca\/ndcienciaeingenieriademateriales\/?page_id=744","title":{"rendered":"Materiales para la Construcci\u00f3n"},"content":{"rendered":"<h2>\u00c1rea: Materiales para la Construcci\u00f3n<\/h2>\n<h5><\/h5>\n<div style=\"overflow-x: auto; overflow-y: auto; font-size: calc(6px + .50vw); margin-top: 0px; padding-top: 0px;width: 100%; max-width: 100%;\">\n<div style=\"display: table; width: 100%; max-width: 100%; border: 1px solid #d9d9d9; border-style: none none solid none; margin-top: 0px; margin-bottom: 0px; padding-top: 0px; padding-bottom: 0px; font-size: calc(14px + .07vw);\">\n<div style=\"display: table-row-group; border: 0px solid #d9d9d9; border-style: none none none none; margin-top: 0px; margin-bottom: 0px; background: linear-gradient(to left, #e1eeef, #e1eeef); padding-top: 0px; padding-bottom: 0px;\">\n<div style=\"display: table-cell; vertical-align: middle; border: 0px solid #d9d9d9; border-style: none none none none; font-weight: 600; width: 100%; max-width: 100%; padding: 2px;\">L\u00edneas de investigaci\u00f3n<\/div>\n<\/div>\n<\/div>\n<div style=\"display: table; width: 100%; max-width: 100%; border: 1px solid #d9d9d9; border-style: none none solid none;margin-top: 0px; margin-bottom: 0px; padding-top: 0px; padding-bottom: 0px; font-size: calc(11px + .07vw);\">\n<ul style=\"list-style-type:disc;padding-left: 0;margin-left: 15px;\">\n<li style=\"line-height: 125%;margin-top:2px; margin-bottom:1px;\"><a href=\"#UNNOBA-7-8\" style=\"text-decoration: none;\">Desarrollo de placas de poliestireno expandido de alta densidad para la industria de la construcci\u00f3n<\/a><\/li>\n<li style=\"line-height: 125%;margin-top:2px; margin-bottom:1px;\"><a href=\"#UNNOBA-5-8\" style=\"text-decoration: none;\">Hormigones reforzados con fibras de acero para uso en durmientes de ferrocarril<\/a><\/li>\n<li style=\"line-height: 125%;margin-top:2px; margin-bottom:1px;\"><a href=\"#UNNOBA-3-8\" style=\"text-decoration: none;\">Preservaci\u00f3n de madera con m\u00e9todos alternativos y caracterizaci\u00f3n de la misma para uso estructural.<\/a><\/li>\n<li style=\"line-height: 125%;margin-top:2px; margin-bottom:1px;\"><a href=\"#UNNOBA-8-8\" style=\"text-decoration: none;\">Refuerzo y reparaci\u00f3n de columnas de hormig\u00f3n armado con perfiles de acero colocados externamente<\/a><\/li>\n<li style=\"line-height: 125%;margin-top:2px; margin-bottom:1px;\"><a href=\"#UNNOBA-1-8\" style=\"text-decoration: none;\">Resistencia de los Cuerpos Materiales de Madera<\/a><\/li>\n<\/ul>\n<\/div>\n<div style=\"width: 100%; max-width: 100%; border: 2px solid #a9a9a9; border-style: solid none none none; margin-top: 0px; margin-bottom: 10px; padding-top: 0px; padding-bottom: 0px;\"><\/div>\n<div id=\"UNNOBA-7-8\" name=\"UNNOBA-7-8\" style=\"display: table; width: 100%; max-width: 100%; border: 1px solid #d9d9d9; border-style: none none solid none; margin-top: 0px; margin-bottom: 0px; padding-top: 0px; padding-bottom: 0px;font-size: calc(6px + .50vw);overflow: hidden;\">\n<div style=\"display: table-row-group; border: 0px solid #d9d9d9; border-style: none none none none; margin-top: 0px; margin-bottom: 0px; background: linear-gradient(to left, #f0f5f5, #f0f5f5); padding-top: 0px; padding-bottom: 0px;\">\n<div style=\"display: table-cell; vertical-align: middle; border: 0px solid #d9d9d9; border-style: none none none none; font-weight: 600; width: 100%; max-width: 100%; background-color: #4c7197; color: white; padding: 2px;word-wrap: break-word;\">Desarrollo de placas de poliestireno expandido de alta densidad para la industria de la construcci\u00f3n<\/div>\n<\/div>\n<div style=\"display: table; border: 1px solid #d9d9d9; border-style: none none solid none; width: 100%; max-width: 100%;font-size: calc(6px + .50vw);\">\n<div style=\"display: grid;   grid-column-gap: 0.1%;  grid-template-columns: 15% 85%; border: 0px solid #dddddd; border-style: none none none none; margin: 5px 0px 5px 0px; padding: 0px 2px 0px 2px; float: left; width: 100%; max-width: 100%; background-color: #f2f2f2;\">\n<div style=\"display: table-cell; vertical-align: middle; border: 1px solid #a9a9a9; border-style: solid none solid none; width: auto; max-width: auto; padding: 2px;text-align:right;font-weight: 600;\">Descripi\u00f3n:<\/div>\n<div style=\"display: table-cell; vertical-align: middle; border: 1px solid #a9a9a9; border-style: solid none solid none; width: auto; max-width: auto; padding: 1px;margin-left:2px;text-align:left;word-wrap:break-word;\">Se estudian las propiedades f\u00edsicas y mec\u00e1nicas de placas de cerramiento no portantes conformadas de poliestireno expandido, para la utilizaci\u00f3n de \u00e9stas en construcci\u00f3n en seco.<\/div>\n<div style=\"display: table-cell; vertical-align: middle; border: 1px solid #a9a9a9; border-style: none none solid none; width: auto; max-width: auto; padding: 2px;text-align:right;font-weight: 600;\">Contacto:<\/div>\n<div style=\"display: table-cell; vertical-align: middle; border: 1px solid #a9a9a9; border-style: none none solid none; width: auto; max-width: auto; padding: 1px;margin-left:2px;text-align:left;word-wrap:break-word;\">Alejandro Mateos (aamateos@unnoba.edu.ar) | Mar\u00eda Jos\u00e9 Castillo (mariajose.castillo@nexo.unnoba.edu.ar)<\/div>\n<div style=\"display: table-cell; vertical-align: middle; border: 1px solid #a9a9a9; border-style: none none solid none; width: auto; max-width: auto; padding: 2px;text-align:right;font-weight: 600;\">Instituci\u00f3n:<\/div>\n<div style=\"display: table-cell; vertical-align: middle; border: 1px solid #a9a9a9; border-style: none none solid none; width: auto; max-width: auto; padding: 1px;margin-left:2px;text-align:left;word-wrap:break-word;\">LEMEJ (Laboratorio de Ensayos de Materiales y Estructuras) \u2013 UNNOBA (Universidad Nacional del Noroeste de Buenos Aires)<\/div>\n<div style=\"display: table-cell; vertical-align: middle; border: 1px solid #a9a9a9; border-style: none none solid none; width: auto; max-width: auto; padding: 2px;text-align:right;font-weight: 600;\">Link:<\/div>\n<div style=\"display: table-cell; vertical-align: middle; border: 1px solid #a9a9a9; border-style: none none solid none; width: auto; max-width: auto; padding: 1px;margin-left:2px;text-align:left;word-wrap:break-word;\"><a href=\"https:\/\/www.unnoba.edu.ar\/\" target=\"blank\" rel=\"noopener\">https:\/\/www.unnoba.edu.ar\/<\/a><\/div>\n<\/div>\n<\/div>\n<\/div>\n<div id=\"UNNOBA-5-8\" name=\"UNNOBA-5-8\" style=\"display: table; width: 100%; max-width: 100%; border: 1px solid #d9d9d9; border-style: none none solid none; margin-top: 0px; margin-bottom: 0px; padding-top: 0px; padding-bottom: 0px;font-size: calc(6px + .50vw);overflow: hidden;\">\n<div style=\"display: table-row-group; border: 0px solid #d9d9d9; border-style: none none none none; margin-top: 0px; margin-bottom: 0px; background: linear-gradient(to left, #f0f5f5, #f0f5f5); padding-top: 0px; padding-bottom: 0px;\">\n<div style=\"display: table-cell; vertical-align: middle; border: 0px solid #d9d9d9; border-style: none none none none; font-weight: 600; width: 100%; max-width: 100%; background-color: #4c7197; color: white; padding: 2px;word-wrap: break-word;\">Hormigones reforzados con fibras de acero para uso en durmientes de ferrocarril<\/div>\n<\/div>\n<div style=\"display: table; border: 1px solid #d9d9d9; border-style: none none solid none; width: 100%; max-width: 100%;font-size: calc(6px + .50vw);\">\n<div style=\"display: grid;   grid-column-gap: 0.1%;  grid-template-columns: 15% 85%; border: 0px solid #dddddd; border-style: none none none none; margin: 5px 0px 5px 0px; padding: 0px 2px 0px 2px; float: left; width: 100%; max-width: 100%; background-color: #f2f2f2;\">\n<div style=\"display: table-cell; vertical-align: middle; border: 1px solid #a9a9a9; border-style: solid none solid none; width: auto; max-width: auto; padding: 2px;text-align:right;font-weight: 600;\">Descripi\u00f3n:<\/div>\n<div style=\"display: table-cell; vertical-align: middle; border: 1px solid #a9a9a9; border-style: solid none solid none; width: auto; max-width: auto; padding: 1px;margin-left:2px;text-align:left;word-wrap:break-word;\">Desarrollo de hormigones reforzados con fibras (HRF) de aceros para la fabricaci\u00f3n de durmientes con armadura pasiva. Se plantean dosificaciones de hormig\u00f3n con distintos agregados de fibras. Se eval\u00faan la resistencia mec\u00e1nica de los HRF y el aumento de la durabilidad que las fibras le proporcionan a la estructura.<\/div>\n<div style=\"display: table-cell; vertical-align: middle; border: 1px solid #a9a9a9; border-style: none none solid none; width: auto; max-width: auto; padding: 2px;text-align:right;font-weight: 600;\">Contacto:<\/div>\n<div style=\"display: table-cell; vertical-align: middle; border: 1px solid #a9a9a9; border-style: none none solid none; width: auto; max-width: auto; padding: 1px;margin-left:2px;text-align:left;word-wrap:break-word;\">Luis Lima (luislima@unnoba.edu.ar) | Alejandro Mateos (aamateos@unnoba.edu.ar)<\/div>\n<div style=\"display: table-cell; vertical-align: middle; border: 1px solid #a9a9a9; border-style: none none solid none; width: auto; max-width: auto; padding: 2px;text-align:right;font-weight: 600;\">Instituci\u00f3n:<\/div>\n<div style=\"display: table-cell; vertical-align: middle; border: 1px solid #a9a9a9; border-style: none none solid none; width: auto; max-width: auto; padding: 1px;margin-left:2px;text-align:left;word-wrap:break-word;\">LEMEJ (Laboratorio de Ensayos de Materiales y Estructuras) \u2013 UNNOBA (Universidad Nacional del Noroeste de Buenos Aires)<\/div>\n<div style=\"display: table-cell; vertical-align: middle; border: 1px solid #a9a9a9; border-style: none none solid none; width: auto; max-width: auto; padding: 2px;text-align:right;font-weight: 600;\">Link:<\/div>\n<div style=\"display: table-cell; vertical-align: middle; border: 1px solid #a9a9a9; border-style: none none solid none; width: auto; max-width: auto; padding: 1px;margin-left:2px;text-align:left;word-wrap:break-word;\"><a href=\"https:\/\/www.unnoba.edu.ar\/\" target=\"blank\" rel=\"noopener\">https:\/\/www.unnoba.edu.ar\/<\/a><\/div>\n<\/div>\n<\/div>\n<\/div>\n<div id=\"UNNOBA-3-8\" name=\"UNNOBA-3-8\" style=\"display: table; width: 100%; max-width: 100%; border: 1px solid #d9d9d9; border-style: none none solid none; margin-top: 0px; margin-bottom: 0px; padding-top: 0px; padding-bottom: 0px;font-size: calc(6px + .50vw);overflow: hidden;\">\n<div style=\"display: table-row-group; border: 0px solid #d9d9d9; border-style: none none none none; margin-top: 0px; margin-bottom: 0px; background: linear-gradient(to left, #f0f5f5, #f0f5f5); padding-top: 0px; padding-bottom: 0px;\">\n<div style=\"display: table-cell; vertical-align: middle; border: 0px solid #d9d9d9; border-style: none none none none; font-weight: 600; width: 100%; max-width: 100%; background-color: #4c7197; color: white; padding: 2px;word-wrap: break-word;\">Preservaci\u00f3n de madera con m\u00e9todos alternativos y caracterizaci\u00f3n de la misma para uso estructural.<\/div>\n<\/div>\n<div style=\"display: table; border: 1px solid #d9d9d9; border-style: none none solid none; width: 100%; max-width: 100%;font-size: calc(6px + .50vw);\">\n<div style=\"display: grid;   grid-column-gap: 0.1%;  grid-template-columns: 15% 85%; border: 0px solid #dddddd; border-style: none none none none; margin: 5px 0px 5px 0px; padding: 0px 2px 0px 2px; float: left; width: 100%; max-width: 100%; background-color: #f2f2f2;\">\n<div style=\"display: table-cell; vertical-align: middle; border: 1px solid #a9a9a9; border-style: solid none solid none; width: auto; max-width: auto; padding: 2px;text-align:right;font-weight: 600;\">Descripi\u00f3n:<\/div>\n<div style=\"display: table-cell; vertical-align: middle; border: 1px solid #a9a9a9; border-style: solid none solid none; width: auto; max-width: auto; padding: 1px;margin-left:2px;text-align:left;word-wrap:break-word;\">La l\u00ednea de investigaci\u00f3n se basa en la caracterizaci\u00f3n anat\u00f3mica, f\u00edsica y mec\u00e1nica de la madera para uso estructural y el an\u00e1lisis de m\u00e9todos alternativos de preservaci\u00f3n (termo tratamiento y modificaci\u00f3n qu\u00edmica) para aumentar la durabilidad de la misma frente al ataque de microorganismos xil\u00f3fagos.<\/div>\n<div style=\"display: table-cell; vertical-align: middle; border: 1px solid #a9a9a9; border-style: none none solid none; width: auto; max-width: auto; padding: 2px;text-align:right;font-weight: 600;\">Contacto:<\/div>\n<div style=\"display: table-cell; vertical-align: middle; border: 1px solid #a9a9a9; border-style: none none solid none; width: auto; max-width: auto; padding: 1px;margin-left:2px;text-align:left;word-wrap:break-word;\">Ana Clara Cobas (cobasanaclara@yahoo.com.ar) | Miguel Antonio Tortoriello (miguel.tortoriello@nexo.unnnoba.edu.ar)<\/div>\n<div style=\"display: table-cell; vertical-align: middle; border: 1px solid #a9a9a9; border-style: none none solid none; width: auto; max-width: auto; padding: 2px;text-align:right;font-weight: 600;\">Instituci\u00f3n:<\/div>\n<div style=\"display: table-cell; vertical-align: middle; border: 1px solid #a9a9a9; border-style: none none solid none; width: auto; max-width: auto; padding: 1px;margin-left:2px;text-align:left;word-wrap:break-word;\">LEMEJ (Laboratorio de Ensayos de Materiales y Estructuras) \u2013 UNNOBA (Universidad Nacional del Noroeste de Buenos Aires)<\/div>\n<div style=\"display: table-cell; vertical-align: middle; border: 1px solid #a9a9a9; border-style: none none solid none; width: auto; max-width: auto; padding: 2px;text-align:right;font-weight: 600;\">Link:<\/div>\n<div style=\"display: table-cell; vertical-align: middle; border: 1px solid #a9a9a9; border-style: none none solid none; width: auto; max-width: auto; padding: 1px;margin-left:2px;text-align:left;word-wrap:break-word;\"><a href=\"https:\/\/www.unnoba.edu.ar\/\" target=\"blank\" rel=\"noopener\">https:\/\/www.unnoba.edu.ar\/<\/a><\/div>\n<\/div>\n<\/div>\n<\/div>\n<div id=\"UNNOBA-8-8\" name=\"UNNOBA-8-8\" style=\"display: table; width: 100%; max-width: 100%; border: 1px solid #d9d9d9; border-style: none none solid none; margin-top: 0px; margin-bottom: 0px; padding-top: 0px; padding-bottom: 0px;font-size: calc(6px + .50vw);overflow: hidden;\">\n<div style=\"display: table-row-group; border: 0px solid #d9d9d9; border-style: none none none none; margin-top: 0px; margin-bottom: 0px; background: linear-gradient(to left, #f0f5f5, #f0f5f5); padding-top: 0px; padding-bottom: 0px;\">\n<div style=\"display: table-cell; vertical-align: middle; border: 0px solid #d9d9d9; border-style: none none none none; font-weight: 600; width: 100%; max-width: 100%; background-color: #4c7197; color: white; padding: 2px;word-wrap: break-word;\">Refuerzo y reparaci\u00f3n de columnas de hormig\u00f3n armado con perfiles de acero colocados externamente<\/div>\n<\/div>\n<div style=\"display: table; border: 1px solid #d9d9d9; border-style: none none solid none; width: 100%; max-width: 100%;font-size: calc(6px + .50vw);\">\n<div style=\"display: grid;   grid-column-gap: 0.1%;  grid-template-columns: 15% 85%; border: 0px solid #dddddd; border-style: none none none none; margin: 5px 0px 5px 0px; padding: 0px 2px 0px 2px; float: left; width: 100%; max-width: 100%; background-color: #f2f2f2;\">\n<div style=\"display: table-cell; vertical-align: middle; border: 1px solid #a9a9a9; border-style: solid none solid none; width: auto; max-width: auto; padding: 2px;text-align:right;font-weight: 600;\">Descripi\u00f3n:<\/div>\n<div style=\"display: table-cell; vertical-align: middle; border: 1px solid #a9a9a9; border-style: solid none solid none; width: auto; max-width: auto; padding: 1px;margin-left:2px;text-align:left;word-wrap:break-word;\">Se estudia la efectividad del refuerzo externo de columnas de hormig\u00f3n armado, confeccionado con perfiles de acero laminados colocados longitudinal y transversalmente.<\/div>\n<div style=\"display: table-cell; vertical-align: middle; border: 1px solid #a9a9a9; border-style: none none solid none; width: auto; max-width: auto; padding: 2px;text-align:right;font-weight: 600;\">Contacto:<\/div>\n<div style=\"display: table-cell; vertical-align: middle; border: 1px solid #a9a9a9; border-style: none none solid none; width: auto; max-width: auto; padding: 1px;margin-left:2px;text-align:left;word-wrap:break-word;\">Luis Lima (luislima@unnoba.edu.ar) | Alejandro Mateos (aamateos@unnoba.edu.ar)<\/div>\n<div style=\"display: table-cell; vertical-align: middle; border: 1px solid #a9a9a9; border-style: none none solid none; width: auto; max-width: auto; padding: 2px;text-align:right;font-weight: 600;\">Instituci\u00f3n:<\/div>\n<div style=\"display: table-cell; vertical-align: middle; border: 1px solid #a9a9a9; border-style: none none solid none; width: auto; max-width: auto; padding: 1px;margin-left:2px;text-align:left;word-wrap:break-word;\">LEMEJ (Laboratorio de Ensayos de Materiales y Estructuras) \u2013 UNNOBA (Universidad Nacional del Noroeste de Buenos Aires)<\/div>\n<div style=\"display: table-cell; vertical-align: middle; border: 1px solid #a9a9a9; border-style: none none solid none; width: auto; max-width: auto; padding: 2px;text-align:right;font-weight: 600;\">Link:<\/div>\n<div style=\"display: table-cell; vertical-align: middle; border: 1px solid #a9a9a9; border-style: none none solid none; width: auto; max-width: auto; padding: 1px;margin-left:2px;text-align:left;word-wrap:break-word;\"><a href=\"https:\/\/www.unnoba.edu.ar\/\" target=\"blank\" rel=\"noopener\">https:\/\/www.unnoba.edu.ar\/<\/a><\/div>\n<\/div>\n<\/div>\n<\/div>\n<div id=\"UNNOBA-1-8\" name=\"UNNOBA-1-8\" style=\"display: table; width: 100%; max-width: 100%; border: 1px solid #d9d9d9; border-style: none none solid none; margin-top: 0px; margin-bottom: 0px; padding-top: 0px; padding-bottom: 0px;font-size: calc(6px + .50vw);overflow: hidden;\">\n<div style=\"display: table-row-group; border: 0px solid #d9d9d9; border-style: none none none none; margin-top: 0px; margin-bottom: 0px; background: linear-gradient(to left, #f0f5f5, #f0f5f5); padding-top: 0px; padding-bottom: 0px;\">\n<div style=\"display: table-cell; vertical-align: middle; border: 0px solid #d9d9d9; border-style: none none none none; font-weight: 600; width: 100%; max-width: 100%; background-color: #4c7197; color: white; padding: 2px;word-wrap: break-word;\">Resistencia de los Cuerpos Materiales de Madera<\/div>\n<\/div>\n<div style=\"display: table; border: 1px solid #d9d9d9; border-style: none none solid none; width: 100%; max-width: 100%;font-size: calc(6px + .50vw);\">\n<div style=\"display: grid;   grid-column-gap: 0.1%;  grid-template-columns: 15% 85%; border: 0px solid #dddddd; border-style: none none none none; margin: 5px 0px 5px 0px; padding: 0px 2px 0px 2px; float: left; width: 100%; max-width: 100%; background-color: #f2f2f2;\">\n<div style=\"display: table-cell; vertical-align: middle; border: 1px solid #a9a9a9; border-style: solid none solid none; width: auto; max-width: auto; padding: 2px;text-align:right;font-weight: 600;\">Descripi\u00f3n:<\/div>\n<div style=\"display: table-cell; vertical-align: middle; border: 1px solid #a9a9a9; border-style: solid none solid none; width: auto; max-width: auto; padding: 1px;margin-left:2px;text-align:left;word-wrap:break-word;\">Esta l\u00ednea de investigaci\u00f3n consiste en hallar procedimientos te\u00f3ricos\u2013experimentales que permitan determinar los mecanismos resistentes de los cuerpos materiales de madera bajo diferentes solicitaciones a fin de definir una probeta representativa que permita conocer con suficiente precisi\u00f3n las caracter\u00edsticas reales de madera a utilizar en una obra, independientemente de la especie.<\/div>\n<div style=\"display: table-cell; vertical-align: middle; border: 1px solid #a9a9a9; border-style: none none solid none; width: auto; max-width: auto; padding: 2px;text-align:right;font-weight: 600;\">Contacto:<\/div>\n<div style=\"display: table-cell; vertical-align: middle; border: 1px solid #a9a9a9; border-style: none none solid none; width: auto; max-width: auto; padding: 1px;margin-left:2px;text-align:left;word-wrap:break-word;\">Luis Lima (luislima@unnoba.edu.ar) | Ana Clara Cobas (cobasanaclara@yahoo.com.ar) | Miguel Antonio Tortoriello (miguel.tortoriello@nexo.unnnoba.edu.ar) | Renso Cichero (rensocichero@unnoba.edu.ar)<\/div>\n<div style=\"display: table-cell; vertical-align: middle; border: 1px solid #a9a9a9; border-style: none none solid none; width: auto; max-width: auto; padding: 2px;text-align:right;font-weight: 600;\">Instituci\u00f3n:<\/div>\n<div style=\"display: table-cell; vertical-align: middle; border: 1px solid #a9a9a9; border-style: none none solid none; width: auto; max-width: auto; padding: 1px;margin-left:2px;text-align:left;word-wrap:break-word;\">LEMEJ (Laboratorio de Ensayos de Materiales y Estructuras) \u2013 UNNOBA (Universidad Nacional del Noroeste de Buenos Aires)<\/div>\n<div style=\"display: table-cell; vertical-align: middle; border: 1px solid #a9a9a9; border-style: none none solid none; width: auto; max-width: auto; padding: 2px;text-align:right;font-weight: 600;\">Link:<\/div>\n<div style=\"display: table-cell; vertical-align: middle; border: 1px solid #a9a9a9; border-style: none none solid none; width: auto; max-width: auto; padding: 1px;margin-left:2px;text-align:left;word-wrap:break-word;\"><a href=\"https:\/\/www.unnoba.edu.ar\/\" target=\"blank\" rel=\"noopener\">https:\/\/www.unnoba.edu.ar\/<\/a><\/div>\n<\/div>\n<\/div>\n<\/div>\n<\/div>\n<p><!-- FIN LINEAS --><br \/>\n<!-- FIN AREA --><\/p>\n","protected":false},"excerpt":{"rendered":"<p>\u00c1rea: Materiales para la Construcci\u00f3n L\u00edneas de investigaci\u00f3n Desarrollo de placas de poliestireno expandido de alta densidad para la industria de la construcci\u00f3n Hormigones reforzados&#8230;<\/p>\n","protected":false},"author":4,"featured_media":0,"parent":417,"menu_order":0,"comment_status":"closed","ping_status":"closed","template":"","meta":{"footnotes":""},"class_list":["post-744","page","type-page","status-publish","hentry"],"_links":{"self":[{"href":"https:\/\/grupomontevideo.org\/ndca\/ndcienciaeingenieriademateriales\/index.php?rest_route=\/wp\/v2\/pages\/744","targetHints":{"allow":["GET"]}}],"collection":[{"href":"https:\/\/grupomontevideo.org\/ndca\/ndcienciaeingenieriademateriales\/index.php?rest_route=\/wp\/v2\/pages"}],"about":[{"href":"https:\/\/grupomontevideo.org\/ndca\/ndcienciaeingenieriademateriales\/index.php?rest_route=\/wp\/v2\/types\/page"}],"author":[{"embeddable":true,"href":"https:\/\/grupomontevideo.org\/ndca\/ndcienciaeingenieriademateriales\/index.php?rest_route=\/wp\/v2\/users\/4"}],"replies":[{"embeddable":true,"href":"https:\/\/grupomontevideo.org\/ndca\/ndcienciaeingenieriademateriales\/index.php?rest_route=%2Fwp%2Fv2%2Fcomments&post=744"}],"version-history":[{"count":2,"href":"https:\/\/grupomontevideo.org\/ndca\/ndcienciaeingenieriademateriales\/index.php?rest_route=\/wp\/v2\/pages\/744\/revisions"}],"predecessor-version":[{"id":812,"href":"https:\/\/grupomontevideo.org\/ndca\/ndcienciaeingenieriademateriales\/index.php?rest_route=\/wp\/v2\/pages\/744\/revisions\/812"}],"up":[{"embeddable":true,"href":"https:\/\/grupomontevideo.org\/ndca\/ndcienciaeingenieriademateriales\/index.php?rest_route=\/wp\/v2\/pages\/417"}],"wp:attachment":[{"href":"https:\/\/grupomontevideo.org\/ndca\/ndcienciaeingenieriademateriales\/index.php?rest_route=%2Fwp%2Fv2%2Fmedia&parent=744"}],"curies":[{"name":"wp","href":"https:\/\/api.w.org\/{rel}","templated":true}]}}