{"id":344,"date":"2019-08-09T11:58:52","date_gmt":"2019-08-09T11:58:52","guid":{"rendered":"http:\/\/grupomontevideo.org\/ndca\/ndcienciaeingenieriademateriales\/?page_id=344"},"modified":"2019-08-09T12:21:55","modified_gmt":"2019-08-09T12:21:55","slug":"eventos-2018","status":"publish","type":"page","link":"https:\/\/grupomontevideo.org\/ndca\/ndcienciaeingenieriademateriales\/?page_id=344","title":{"rendered":"Eventos 2018"},"content":{"rendered":"<p>Mini Simposio, Universidad Nacional de Cuyo, Mendoza, Argentina.<\/p>\n<p>Presentaciones:<\/p>\n<p>&#8211;<a href=\"https:\/\/grupomontevideo.org\/ndca\/ndcienciaeingenieriademateriales\/wp-content\/uploads\/2018\/11\/C_R__Grandini_UNESP_MiniSimpocioMateriales_2018.pdf\" target=\"_blank\" rel=\"noopener noreferrer\">Titanium Alloys for Biomedical Applications: Past, Present and Future<\/a><br \/>\nC_R__Grandini_Universidad Estadual Paulista<br \/>\n&#8211;<a href=\"https:\/\/grupomontevideo.org\/ndca\/ndcienciaeingenieriademateriales\/wp-content\/uploads\/2018\/11\/A_Monsalve_USACH_MiniSimpocioMateriales_2018.pdf\" target=\"_blank\" rel=\"noopener noreferrer\">Aplicaci\u00f3n de Nanotubos de Carbono al reforzamiento de materiales compuestos usados en aeron\u00e1utica<\/a><br \/>\nA_Monsalve_Univerisdad de Santiago de Chile<br \/>\n&#8211;<a href=\"https:\/\/grupomontevideo.org\/ndca\/ndcienciaeingenieriademateriales\/wp-content\/uploads\/2018\/11\/C_Careglio_UNCuyo_MiniSimpocioMateriales_2018.pdf\" target=\"_blank\" rel=\"noopener noreferrer\">Estudios N\u00famericos de Comportamiento Elastopl\u00e1stico\/Viscoplastico con Cinematica de Grandes Deformaciones.<\/a><br \/>\nC_Careglio_Universidad Nacional de Cuyo<br \/>\n&#8211;<a href=\"https:\/\/grupomontevideo.org\/ndca\/ndcienciaeingenieriademateriales\/wp-content\/uploads\/2018\/11\/A_M_Furlani_UNCuyo_MiniSimpocioMateriales_2018.pdf\">Ensayos de caracterizaci\u00f3n para el diagn\u00f3stico de falla en componentes met\u00e1licos.<\/a><br \/>\nA_M_Furlani_Universidad Nacional de Cuyo<br \/>\n&#8211;<a href=\"https:\/\/grupomontevideo.org\/ndca\/ndcienciaeingenieriademateriales\/wp-content\/uploads\/2018\/11\/D.-Estenoz_UNL_MiniSimpocioMateriales_2018.pdf\" target=\"_blank\" rel=\"noopener noreferrer\">Novel Polymeric Materials and Sustainable Technologies Based on the use of Renewable Resources From the Central Region of Argentina<\/a><br \/>\nD. Estenoz_Universidad Nacional del Litoral<br \/>\n&#8211;<a href=\"https:\/\/grupomontevideo.org\/ndca\/ndcienciaeingenieriademateriales\/wp-content\/uploads\/2018\/11\/R_Bolmaro_UNR_MiniSimpocioMateriales_2018.pdf\" target=\"_blank\" rel=\"noopener noreferrer\">Uso De Grandes Instalaciones Cient\u00edficas Mundiales para Caracterizaci\u00f3n de Materiales. Reactores Nucleares, Radiaci\u00f3n Sincrotr\u00f3n y Fuentes Neutronicas de Impacto.\u00a0<\/a><br \/>\nR_Bolmaro_Universidad Nacional de Rosario<br \/>\n&#8211;<a href=\"https:\/\/grupomontevideo.org\/ndca\/ndcienciaeingenieriademateriales\/wp-content\/uploads\/2018\/11\/J_D_Culcasi_UNLP_MiniSimpocioMateriales_2018.pdf\" target=\"_blank\" rel=\"noopener noreferrer\">La Ingenier\u00eda en Materiales y su Inserci\u00f3n en la Sociedad<\/a><br \/>\nJ_D_Culcasi_Universidad Nacional de La Plata<\/p>\n","protected":false},"excerpt":{"rendered":"<p>Mini Simposio, Universidad Nacional de Cuyo, Mendoza, Argentina. Presentaciones: &#8211;Titanium Alloys for Biomedical Applications: Past, Present and Future C_R__Grandini_Universidad Estadual Paulista &#8211;Aplicaci\u00f3n de Nanotubos de&#8230;<\/p>\n","protected":false},"author":1,"featured_media":0,"parent":0,"menu_order":0,"comment_status":"closed","ping_status":"closed","template":"","meta":{"footnotes":""},"class_list":["post-344","page","type-page","status-publish","hentry"],"_links":{"self":[{"href":"https:\/\/grupomontevideo.org\/ndca\/ndcienciaeingenieriademateriales\/index.php?rest_route=\/wp\/v2\/pages\/344","targetHints":{"allow":["GET"]}}],"collection":[{"href":"https:\/\/grupomontevideo.org\/ndca\/ndcienciaeingenieriademateriales\/index.php?rest_route=\/wp\/v2\/pages"}],"about":[{"href":"https:\/\/grupomontevideo.org\/ndca\/ndcienciaeingenieriademateriales\/index.php?rest_route=\/wp\/v2\/types\/page"}],"author":[{"embeddable":true,"href":"https:\/\/grupomontevideo.org\/ndca\/ndcienciaeingenieriademateriales\/index.php?rest_route=\/wp\/v2\/users\/1"}],"replies":[{"embeddable":true,"href":"https:\/\/grupomontevideo.org\/ndca\/ndcienciaeingenieriademateriales\/index.php?rest_route=%2Fwp%2Fv2%2Fcomments&post=344"}],"version-history":[{"count":4,"href":"https:\/\/grupomontevideo.org\/ndca\/ndcienciaeingenieriademateriales\/index.php?rest_route=\/wp\/v2\/pages\/344\/revisions"}],"predecessor-version":[{"id":353,"href":"https:\/\/grupomontevideo.org\/ndca\/ndcienciaeingenieriademateriales\/index.php?rest_route=\/wp\/v2\/pages\/344\/revisions\/353"}],"wp:attachment":[{"href":"https:\/\/grupomontevideo.org\/ndca\/ndcienciaeingenieriademateriales\/index.php?rest_route=%2Fwp%2Fv2%2Fmedia&parent=344"}],"curies":[{"name":"wp","href":"https:\/\/api.w.org\/{rel}","templated":true}]}}