{"id":206,"date":"2018-07-24T22:13:21","date_gmt":"2018-07-24T22:13:21","guid":{"rendered":"http:\/\/grupomontevideo.org\/ndca\/ndcienciaeingenieriademateriales\/?page_id=206"},"modified":"2018-07-24T22:23:56","modified_gmt":"2018-07-24T22:23:56","slug":"eventos-2017","status":"publish","type":"page","link":"https:\/\/grupomontevideo.org\/ndca\/ndcienciaeingenieriademateriales\/?page_id=206","title":{"rendered":"[:es]EVENTOS 2017[:]"},"content":{"rendered":"<p>[:es]Se llev\u00f3 a cabo los d\u00edas 26 y 27 de Octubre de 2017\u00a0en la Universidad de Santiago de Chile.<\/p>\n<p>Ver <a href=\"https:\/\/grupomontevideo.org\/ndca\/ndcienciaeingenieriademateriales\/wp-content\/uploads\/2017\/10\/Reuni\u00f3nAnualCoordinaci\u00f3n_NuDCIMat_Orden_del_d\u00eda_2017.pdf\">Agenda de la reuni\u00f3n<\/a>[:]<\/p>\n","protected":false},"excerpt":{"rendered":"<p>[:es]Se llev\u00f3 a cabo los d\u00edas 26 y 27 de Octubre de 2017\u00a0en la Universidad de Santiago de Chile. Ver Agenda de la reuni\u00f3n[:]<\/p>\n","protected":false},"author":2,"featured_media":0,"parent":0,"menu_order":0,"comment_status":"closed","ping_status":"closed","template":"","meta":{"footnotes":""},"class_list":["post-206","page","type-page","status-publish","hentry"],"_links":{"self":[{"href":"https:\/\/grupomontevideo.org\/ndca\/ndcienciaeingenieriademateriales\/index.php?rest_route=\/wp\/v2\/pages\/206","targetHints":{"allow":["GET"]}}],"collection":[{"href":"https:\/\/grupomontevideo.org\/ndca\/ndcienciaeingenieriademateriales\/index.php?rest_route=\/wp\/v2\/pages"}],"about":[{"href":"https:\/\/grupomontevideo.org\/ndca\/ndcienciaeingenieriademateriales\/index.php?rest_route=\/wp\/v2\/types\/page"}],"author":[{"embeddable":true,"href":"https:\/\/grupomontevideo.org\/ndca\/ndcienciaeingenieriademateriales\/index.php?rest_route=\/wp\/v2\/users\/2"}],"replies":[{"embeddable":true,"href":"https:\/\/grupomontevideo.org\/ndca\/ndcienciaeingenieriademateriales\/index.php?rest_route=%2Fwp%2Fv2%2Fcomments&post=206"}],"version-history":[{"count":2,"href":"https:\/\/grupomontevideo.org\/ndca\/ndcienciaeingenieriademateriales\/index.php?rest_route=\/wp\/v2\/pages\/206\/revisions"}],"predecessor-version":[{"id":210,"href":"https:\/\/grupomontevideo.org\/ndca\/ndcienciaeingenieriademateriales\/index.php?rest_route=\/wp\/v2\/pages\/206\/revisions\/210"}],"wp:attachment":[{"href":"https:\/\/grupomontevideo.org\/ndca\/ndcienciaeingenieriademateriales\/index.php?rest_route=%2Fwp%2Fv2%2Fmedia&parent=206"}],"curies":[{"name":"wp","href":"https:\/\/api.w.org\/{rel}","templated":true}]}}