{"id":18,"date":"2015-12-04T19:37:06","date_gmt":"2015-12-04T19:37:06","guid":{"rendered":"http:\/\/grupomontevideo.org\/ndca\/caagroalimentario\/?page_id=18"},"modified":"2025-02-20T18:49:16","modified_gmt":"2025-02-20T18:49:16","slug":"objetivos","status":"publish","type":"page","link":"https:\/\/grupomontevideo.org\/ndca\/ndcienciaeingenieriademateriales\/?page_id=18","title":{"rendered":"OBJETIVOS"},"content":{"rendered":"<p>&nbsp;<\/p>\n<p style=\"text-align: justify;\">Este n\u00facleo tiene como objetivo principal promover la integraci\u00f3n acad\u00e9mica de los grupos que act\u00faan en el \u00e1rea de Ciencia e Ingenier\u00eda de Materiales, de particular relevancia pero desigual desarrollo a nivel Regional.<\/p>\n<p style=\"text-align: justify;\">Para ello se ha impulsado una sostenida cooperaci\u00f3n entre docentes e investigadores de las diferentes universidades de la AUGM, estimulando la propuesta de proyectos conjuntos de investigaci\u00f3n, patrocinando eventos cient\u00edficos y creando la Escuela de Materiales AUGM, de car\u00e1cter itinerante entre las universidades miembro del N\u00facleo.<\/p>\n<p style=\"text-align: justify;\">Se ha incentivado la participaci\u00f3n de j\u00f3venes investigadores en las Jornadas de J\u00f3venes Investigadores de AUGM y el intercambio de estudiantes para la realizaci\u00f3n de cursos o pasant\u00edas con el fin de llevar adelante tareas de investigaci\u00f3n y trabajos de tesis de posgrado.<\/p>\n<p style=\"text-align: justify;\">La integraci\u00f3n regional de las diversas disciplinas que involucra se ve facilitada grandemente con el intercambio de conocimiento cient\u00edfico y acad\u00e9mico entre todos sus miembros.<\/p>\n<p>OBJETIVO DEL COMIT\u00c9<br \/>\nCrear un foro de intercambio y gesti\u00f3n de conocimientos vinculados al sector<br \/>\nagroalimentario (desde la producci\u00f3n hasta el consumidor), interdisciplinario,<br \/>\ninterinstitucional e intersectorial, que fortalezca la planificaci\u00f3n y gesti\u00f3n de<br \/>\npol\u00edticas y programas de desarrollo sostenible en Am\u00e9rica Latina.<\/p>\n<p>DESCARGUE PDF:\u00a0<a href=\"http:\/\/grupomontevideo.org\/ndca\/caagroalimentario\/wp-content\/uploads\/2013\/10\/Objetivos-y-Fundamentaci\u00f3n.pdf\">Objetivos y Fundamentaci\u00f3n<\/a><\/p>\n","protected":false},"excerpt":{"rendered":"<p>&nbsp; Este n\u00facleo tiene como objetivo principal promover la integraci\u00f3n acad\u00e9mica de los grupos que act\u00faan en el \u00e1rea de Ciencia e Ingenier\u00eda de Materiales,&#8230;<\/p>\n","protected":false},"author":1,"featured_media":0,"parent":0,"menu_order":0,"comment_status":"closed","ping_status":"closed","template":"","meta":{"footnotes":""},"class_list":["post-18","page","type-page","status-publish","hentry"],"_links":{"self":[{"href":"https:\/\/grupomontevideo.org\/ndca\/ndcienciaeingenieriademateriales\/index.php?rest_route=\/wp\/v2\/pages\/18","targetHints":{"allow":["GET"]}}],"collection":[{"href":"https:\/\/grupomontevideo.org\/ndca\/ndcienciaeingenieriademateriales\/index.php?rest_route=\/wp\/v2\/pages"}],"about":[{"href":"https:\/\/grupomontevideo.org\/ndca\/ndcienciaeingenieriademateriales\/index.php?rest_route=\/wp\/v2\/types\/page"}],"author":[{"embeddable":true,"href":"https:\/\/grupomontevideo.org\/ndca\/ndcienciaeingenieriademateriales\/index.php?rest_route=\/wp\/v2\/users\/1"}],"replies":[{"embeddable":true,"href":"https:\/\/grupomontevideo.org\/ndca\/ndcienciaeingenieriademateriales\/index.php?rest_route=%2Fwp%2Fv2%2Fcomments&post=18"}],"version-history":[{"count":7,"href":"https:\/\/grupomontevideo.org\/ndca\/ndcienciaeingenieriademateriales\/index.php?rest_route=\/wp\/v2\/pages\/18\/revisions"}],"predecessor-version":[{"id":927,"href":"https:\/\/grupomontevideo.org\/ndca\/ndcienciaeingenieriademateriales\/index.php?rest_route=\/wp\/v2\/pages\/18\/revisions\/927"}],"wp:attachment":[{"href":"https:\/\/grupomontevideo.org\/ndca\/ndcienciaeingenieriademateriales\/index.php?rest_route=%2Fwp%2Fv2%2Fmedia&parent=18"}],"curies":[{"name":"wp","href":"https:\/\/api.w.org\/{rel}","templated":true}]}}