{"id":94,"date":"2016-08-23T17:10:27","date_gmt":"2016-08-23T17:10:27","guid":{"rendered":"http:\/\/grupomontevideo.org\/ndca\/casaludhumana\/?page_id=94"},"modified":"2025-02-20T15:28:18","modified_gmt":"2025-02-20T15:28:18","slug":"publicaciones","status":"publish","type":"page","link":"https:\/\/grupomontevideo.org\/ndca\/casaludhumana\/?page_id=94","title":{"rendered":"PUBLICACIONES"},"content":{"rendered":"<p>&nbsp;<\/p>\n<p><strong><a href=\"https:\/\/grupomontevideo.org\/ndca\/casaludhumana\/wp-content\/uploads\/2018\/11\/Antiobioticos.jpg\"><img loading=\"lazy\" decoding=\"async\" class=\" wp-image-134 alignleft\" src=\"https:\/\/grupomontevideo.org\/ndca\/casaludhumana\/wp-content\/uploads\/2018\/11\/Antiobioticos.jpg\" alt=\"\" width=\"163\" height=\"144\" \/><\/a>SEMANA MUNDIAL DE CONCIENTIZACI\u00d3N SOBRE ANTIBI\u00d3TICOS<\/strong><\/p>\n<p>Del 12 al 16 de noviembre se lleva a cabo la Semana mundial de concientizaci\u00f3n sobre los antibi\u00f3ticos. Como parte de las acciones programadas para dicha semana en Argentina, la Secretaria de Gobierno de Salud del Ministerio de Salud y Desarrollo Social organiz\u00f3 un encuentro de expertos en la tem\u00e1tica, llevada a cabo en la Academia Nacional de Medicina. Entre los expertos se encontraron representantes de la Secretaria de Salud, OIE, OPS, INEI, SADI y AAM. Asimismo, participaron del encuentro docentes de las C\u00e1tedras de Microbiolog\u00eda, Microbiolog\u00eda Cl\u00ednica y Farmacia Cl\u00ednica de la Facultad de Farmacia y Bioqu\u00edmica de la UBA.\u00a0<a href=\"https:\/\/grupomontevideo.org\/ndca\/casaludhumana\/wp-content\/uploads\/2018\/11\/Semana-de-concientizacion-sobre-uso-de-ATB.pdf\">Ver mas\u2026<\/a><\/p>\n<p>&nbsp;<\/p>\n<p><strong><a href=\"https:\/\/grupomontevideo.org\/ndca\/casaludhumana\/wp-content\/uploads\/2016\/08\/Logo-zika-y-dengue.jpg\"><img loading=\"lazy\" decoding=\"async\" class=\" wp-image-98 alignleft\" src=\"https:\/\/grupomontevideo.org\/ndca\/casaludhumana\/wp-content\/uploads\/2016\/08\/Logo-zika-y-dengue.jpg\" alt=\"\" width=\"129\" height=\"120\" \/><\/a>ASPECTOS GENERALES DE LOS VIRUS DENGUE, CHIKUNGUNYA Y ZIKA<\/strong><br \/>\n\u00abDengue\u00bb, \u00abChikungunya\u00bb y \u00abZika\u00bb son t\u00e9rminos que en los \u00faltimos tiempos, con m\u00e1s frecuencia de lo habitual, hemos escuchado en noticieros, le\u00eddo en diarios y revistas y comentado en nuestros hogares, lugares de trabajo y de estudio\u2026 <a href=\"https:\/\/grupomontevideo.org\/ndca\/casaludhumana\/wp-content\/uploads\/2016\/08\/Aspectos-generales-de-los-virus-Dengue-Chikungunya-y-Zika.pdf\">ver mas&#8230;<\/a><\/p>\n<p>&nbsp;<\/p>\n<p><a href=\"https:\/\/grupomontevideo.org\/ndca\/casaludhumana\/wp-content\/uploads\/2016\/08\/Gripe.jpg\"><img loading=\"lazy\" decoding=\"async\" class=\"wp-image-101 alignleft\" src=\"https:\/\/grupomontevideo.org\/ndca\/casaludhumana\/wp-content\/uploads\/2016\/08\/Gripe.jpg\" alt=\"Gripe\" width=\"170\" height=\"128\" \/><\/a><\/p>\n<p><strong>GRIPE<\/strong><\/p>\n<p>La gripe es una enfermedad infecciosa, de aparici\u00f3n brusca, aguda, \u00a0producida por el virus de la gripe o influenza&#8230; <a href=\"https:\/\/grupomontevideo.org\/ndca\/casaludhumana\/wp-content\/uploads\/2016\/08\/Gripe.pdf\" target=\"_blank\" rel=\"noopener\">ver mas&#8230;<\/a><\/p>\n<p>&nbsp;<\/p>\n","protected":false},"excerpt":{"rendered":"<p>&nbsp; SEMANA MUNDIAL DE CONCIENTIZACI\u00d3N SOBRE ANTIBI\u00d3TICOS Del 12 al 16 de noviembre se lleva a cabo la Semana mundial de concientizaci\u00f3n sobre los antibi\u00f3ticos&#8230;.<\/p>\n","protected":false},"author":1,"featured_media":0,"parent":0,"menu_order":0,"comment_status":"closed","ping_status":"closed","template":"","meta":{"footnotes":""},"class_list":["post-94","page","type-page","status-publish","hentry"],"_links":{"self":[{"href":"https:\/\/grupomontevideo.org\/ndca\/casaludhumana\/index.php?rest_route=\/wp\/v2\/pages\/94","targetHints":{"allow":["GET"]}}],"collection":[{"href":"https:\/\/grupomontevideo.org\/ndca\/casaludhumana\/index.php?rest_route=\/wp\/v2\/pages"}],"about":[{"href":"https:\/\/grupomontevideo.org\/ndca\/casaludhumana\/index.php?rest_route=\/wp\/v2\/types\/page"}],"author":[{"embeddable":true,"href":"https:\/\/grupomontevideo.org\/ndca\/casaludhumana\/index.php?rest_route=\/wp\/v2\/users\/1"}],"replies":[{"embeddable":true,"href":"https:\/\/grupomontevideo.org\/ndca\/casaludhumana\/index.php?rest_route=%2Fwp%2Fv2%2Fcomments&post=94"}],"version-history":[{"count":9,"href":"https:\/\/grupomontevideo.org\/ndca\/casaludhumana\/index.php?rest_route=\/wp\/v2\/pages\/94\/revisions"}],"predecessor-version":[{"id":236,"href":"https:\/\/grupomontevideo.org\/ndca\/casaludhumana\/index.php?rest_route=\/wp\/v2\/pages\/94\/revisions\/236"}],"wp:attachment":[{"href":"https:\/\/grupomontevideo.org\/ndca\/casaludhumana\/index.php?rest_route=%2Fwp%2Fv2%2Fmedia&parent=94"}],"curies":[{"name":"wp","href":"https:\/\/api.w.org\/{rel}","templated":true}]}}