{"id":16,"date":"2015-12-04T19:36:59","date_gmt":"2015-12-04T19:36:59","guid":{"rendered":"http:\/\/grupomontevideo.org\/ndca\/caagroalimentario\/?page_id=16"},"modified":"2025-10-30T14:17:25","modified_gmt":"2025-10-30T14:17:25","slug":"integrantes","status":"publish","type":"page","link":"https:\/\/grupomontevideo.org\/ndca\/casaludhumana\/?page_id=16","title":{"rendered":"INTEGRANTES"},"content":{"rendered":"<p><strong>Coordinaci\u00f3n: Universidad Nacional del Litoral, Argentina:<br \/>\n<a href=\"mailto:fersimoniello@gmail.com;fersimoniello@yahoo.com.ar\">Fernanda Simoniello<\/a><br \/>\n<a href=\"mailto:lizacarrera@yahoo.com.ar\">Liza Carrera<\/a><\/strong><\/p>\n<p>Coordinaci\u00f3n Alterna: Universidad Nacional de San Luis, Argentina:<br \/>\n<a href=\"mailto:lujancorrea82@gmail.com\">Mar\u00eda Luj\u00e1n Correa<\/a><\/p>\n<hr \/>\n<p><strong><br \/>\nARGENTINA:<\/strong><\/p>\n<p><strong>UBA:<\/strong><br \/>\n<a href=\"mailto:mmollera@ffyb.uba.ar\">Marta\u00a0Mollerach<\/a><\/p>\n<p><strong>UNC:<br \/>\n<\/strong><a href=\"emailto:pablo.fontanetti@unc.edu.ar\">Pablo Fontanetti<\/a> \u00a0&#8211; Ratificado 22.06.23<br \/>\n<a href=\"mailto:lauramoreno2352@gmail.com\">Laura Moreno<\/a> &#8211; Designada 22.06.23<strong><br \/>\n<\/strong><\/p>\n<p><strong>UNCuyo:<\/strong><br \/>\n<a href=\"mailto:gabriela.dilorenzo@yahoo.com.ar\">Gabriela Di Lorenzo<\/a> &#8211; Designada 19.05.23<\/p>\n<p><strong>UNL:<\/strong><br \/>\n<a href=\"mailto:fersimoniello@gmail.com;fersimoniello@yahoo.com.ar\">Fernanda Simoniello<\/a> &#8211; Ratificada 08.11.22<br \/>\n<a href=\"mailto:lizacarrera@yahoo.com.ar\">Liza Carrera<\/a> &#8211; Designada 08.11.22<\/p>\n<p><strong>UNLP:<br \/>\n<\/strong><a href=\"mailto:decano@med.unlp.edu.ar\">Basualdo Farjat<\/a> &#8211; Designado 26.07.23<br \/>\n<a href=\"mailto:mferreras@med.unlp.edu.ar\">M\u00f3nica Ferreras<\/a> &#8211; Designada 26.07.23<\/p>\n<p><strong>UNNE:<\/strong><br \/>\n<a href=\"mailto:rgerometta@yahoo.com.ar\">Rossana Gerometta<\/a> &#8211; Ratificada 21.06.23<br \/>\n<a href=\"mailto:fernando.gomez@med.unne.edu.ar\">Fernando G\u00f3mez<\/a> &#8211; Designado 21.06.23<\/p>\n<p><strong>UNNOBA:<br \/>\n<\/strong><a href=\"mailto:leandrotorsiglieri@unnoba.edu.ar\">Leandro\u00a0Torsiglieri<\/a> &#8211; Designado 27.08.18<br \/>\n<a href=\"mailto:mlazzaro@unnoba.edu.ar\">Mar\u00eda M\u00f3nica L\u00e1zzaro<\/a> &#8211; Designada 19.08.21<\/p>\n<p><strong>UNS:<br \/>\n<\/strong><a href=\"mailto:natgon7055@gmail.com\">Natalia Gonzalez<\/a> &#8211; Designada 27.02.25<br \/>\n<a href=\"mailto:gabilegal_220780@hotmail.com\">Gabriela Stechina<\/a> &#8211; Designada 27.02.25<br \/>\n<strong><br \/>\nUNSL:<\/strong><br \/>\n<a href=\"mailto:lujancorrea82@gmail.com\">Mar\u00eda Luj\u00e1n Correa<\/a><\/p>\n<p><strong>UNT:<br \/>\n<\/strong><a href=\"mailto:mperal@fm.unt.edu.ar\">Mar\u00eda Peral<\/a> &#8211; 13.12.24<br \/>\n<a href=\"mailto:ltefaha@fm.unt.edu.ar\">Liliana Tefaha<\/a> &#8211;\u00a0 Designada 18.08.21<\/p>\n<p><strong><br \/>\nBOLIVIA:<\/strong><\/p>\n<p><strong>UMSA:<br \/>\n<\/strong><a href=\"mailto:ramiroscarfb@hotmail.com\">Ramiro Fuentes<\/a> &#8211; Designado junio 2018<\/p>\n<p><strong>UMSS:<\/strong><br \/>\n<a href=\"mailto:mary.torrico@umss.edu\">Mary Cruz Torrico Rojas<\/a><br \/>\n<a href=\"mailto:a.ventura@umss.edu\">Adolfo Ventura Flores<\/a><br \/>\n<a href=\"mailto:j.luizaga@umss.edu\">Jenny Marcela Luizaga L\u00f3pez<\/a><br \/>\n<a href=\"mailto:aracelilazarte7@gmail.com\">B. Araceli Lazarte Medrano<\/a><\/p>\n<p><strong>USFX:<br \/>\n<\/strong><a href=\"mailto:groverlinares@yahoo.com\">Grover Alfredo Linares Padilla<\/a> &#8211; Designado 14.09.21<\/p>\n<p><strong>BRASIL:<\/strong><\/p>\n<p><strong>UFG:<\/strong><br \/>\n<a href=\"mailto:roxanaisabel@ufg.br\">Roxana Mendoza de Villatoro<\/a> &#8211; Designada 23.08.23<\/p>\n<p><strong>UFPEL:<\/strong><br \/>\n<a href=\"mailto:acmfogaca@gmail.com\">Ant\u00f4nio Foga\u00e7a<\/a> &#8211; Designado 22.07.25<\/p>\n<p><strong>UFRJ:<\/strong><br \/>\n<a href=\"mailto:pacitageovana@gmail.com\">Pacita Geovana Gama de Sousa Aperibense<\/a> &#8211; Designada 01.04.21<br \/>\n<a href=\"mailto:helvosj@gmail.com\">Helvo Slomp Junior<\/a> &#8211; Designado 01.04.21<br \/>\n<a href=\"mailto:ribeirogoncalvesb@gmail.com\">Beatriz Gon\u00e7alves Ribeiro<\/a> &#8211; Designada 01.04.21<\/p>\n<p><strong>UFRGS:<br \/>\n<\/strong><a href=\"mailto:mhidalgo@hcpa.edu.br\">Maria Paz Loayza Hidalgo<\/a> &#8211; Designada 30.10.25<br \/>\n<a href=\"mailto:elisa.calcagnotto@ufrgs.br\">Maria Elisa Calcagnotto<\/a>&#8211; Designada 30.10.25<strong><br \/>\n<\/strong><\/p>\n<p><strong>UFSC:<\/strong><br \/>\n<a href=\"mailto:sergio.freitas@ufsc.br\">Sergio Torres de Freitas<\/a> &#8211; Designado 30.08.18<\/p>\n<p><strong>UFSCar:<\/strong><br \/>\n<a href=\"mailto:simoneprotti@ufscar.br\">Simone Protti-Zanatta<\/a> &#8211; Designada 02.09.21<br \/>\n<a href=\"mailto:fernanda.berchelli@ufscar.br\">Fernanda Berchelli Gir\u00e3o Miranda<\/a> &#8211; Designada 02.09.21<\/p>\n<p><strong>UFMG:<\/strong><br \/>\n<a href=\"mailto:jguveme@gmail.com\">Jorge Velazquez Melendez<\/a> &#8211; Designado 2022<\/p>\n<p><strong>UnB:<\/strong><br \/>\n<a href=\"mailto:jpcmatheus@unb.br\">Jo\u00e3o Paulo Chieregato Matheus<\/a> &#8211; Designada 16.05.25<\/p>\n<p><strong>UNIFESP:<\/strong><br \/>\n<a href=\"mailto:hugo.fernandes@unifesp.br\">Hugo Fernandes<\/a> &#8211; Designado 12.01.24<\/p>\n<p><strong><br \/>\nCHILE:<\/strong><\/p>\n<p><strong>UPLA:<\/strong><br \/>\n<a href=\"mailto:carol.parra@upla.cl\">Carol Parra Ibarra<\/a> &#8211; Designada 06.12.23<br \/>\nUSACH:<br \/>\n<a href=\"mailto:vivienne.bachelet@usach.cl\">Vivienne Bachelet<\/a> &#8211; Designada 01.07.25<\/p>\n<p><strong><br \/>\nPARAGUAY:<\/strong><\/p>\n<p><strong>UNA:<br \/>\n<\/strong><a href=\"mailto:draraquel.segovia@gmail.com\">Raquel Segovia<\/a> &#8211; Designada 23.05.23<\/p>\n<p><strong>UNE:<br \/>\n<\/strong><a href=\"mailto:nancysegovia@facisaune.edu.py\">Nancy Ramona Segovia Coronel<\/a> &#8211; Designada 22.06.23<\/p>\n<p><strong><br \/>\nURUGUAY:<\/strong><\/p>\n<p><strong>UdelaR:<\/strong><br \/>\n<a href=\"gfajardo@nutricion.edu.uy\">Gabriela Fajardo<\/a> &#8211; Designada 03.09.24<\/p>\n<p>&nbsp;<\/p>\n<p>&nbsp;<\/p>\n","protected":false},"excerpt":{"rendered":"<p>Coordinaci\u00f3n: Universidad Nacional del Litoral, Argentina: Fernanda Simoniello Liza Carrera Coordinaci\u00f3n Alterna: Universidad Nacional de San Luis, Argentina: Mar\u00eda Luj\u00e1n Correa ARGENTINA: UBA: Marta\u00a0Mollerach UNC:&#8230;<\/p>\n","protected":false},"author":1,"featured_media":0,"parent":0,"menu_order":0,"comment_status":"closed","ping_status":"closed","template":"","meta":{"footnotes":""},"class_list":["post-16","page","type-page","status-publish","hentry"],"_links":{"self":[{"href":"https:\/\/grupomontevideo.org\/ndca\/casaludhumana\/index.php?rest_route=\/wp\/v2\/pages\/16","targetHints":{"allow":["GET"]}}],"collection":[{"href":"https:\/\/grupomontevideo.org\/ndca\/casaludhumana\/index.php?rest_route=\/wp\/v2\/pages"}],"about":[{"href":"https:\/\/grupomontevideo.org\/ndca\/casaludhumana\/index.php?rest_route=\/wp\/v2\/types\/page"}],"author":[{"embeddable":true,"href":"https:\/\/grupomontevideo.org\/ndca\/casaludhumana\/index.php?rest_route=\/wp\/v2\/users\/1"}],"replies":[{"embeddable":true,"href":"https:\/\/grupomontevideo.org\/ndca\/casaludhumana\/index.php?rest_route=%2Fwp%2Fv2%2Fcomments&post=16"}],"version-history":[{"count":82,"href":"https:\/\/grupomontevideo.org\/ndca\/casaludhumana\/index.php?rest_route=\/wp\/v2\/pages\/16\/revisions"}],"predecessor-version":[{"id":244,"href":"https:\/\/grupomontevideo.org\/ndca\/casaludhumana\/index.php?rest_route=\/wp\/v2\/pages\/16\/revisions\/244"}],"wp:attachment":[{"href":"https:\/\/grupomontevideo.org\/ndca\/casaludhumana\/index.php?rest_route=%2Fwp%2Fv2%2Fmedia&parent=16"}],"curies":[{"name":"wp","href":"https:\/\/api.w.org\/{rel}","templated":true}]}}