{"id":126,"date":"2018-11-13T16:43:33","date_gmt":"2018-11-13T16:43:33","guid":{"rendered":"http:\/\/grupomontevideo.org\/ndca\/casaludhumana\/?page_id=126"},"modified":"2025-02-20T15:28:04","modified_gmt":"2025-02-20T15:28:04","slug":"proximos-eventos","status":"publish","type":"page","link":"https:\/\/grupomontevideo.org\/ndca\/casaludhumana\/?page_id=126","title":{"rendered":"PR\u00d3XIMOS EVENTOS"},"content":{"rendered":"<p><strong><u>CALENDARIO\u00a0<\/u><\/strong><\/p>\n<ul>\n<li><strong>28 y 29 de noviembre de 2018<\/strong><\/li>\n<\/ul>\n<p><strong>\u00a0<\/strong>Curso-Taller Resistencia Antimicrobiana: Evoluci\u00f3n y Perspectivas Actuales con el enfoque \u00abUna salud\u00bb en la Facultad de Medicina de la Universidad de la Rep\u00fablica los d\u00edas 28 y 29 de noviembre de 2018.. Participaci\u00f3n de Profesores UBA y UdelaR<\/p>\n<p><strong>\u00a0<\/strong><strong>\u00a0<\/strong><strong>7 al 9 de marzo de 2019<\/strong><\/p>\n<p><strong>\u00a0<\/strong>II\u00a0 Simposio de Medicina Traslacional, organizado por UNCuyo con la participaci\u00f3n de la Universidad de Buenos Aires y la Universidad de Freiburg (Alemania) a realizarse en \u00a0Mendoza los d\u00edas 7, 8 y 9 de marzo de 2019. El mismo contar\u00e1 con la participaci\u00f3n del Dr. Joachim Frank, Premio Nobel de Qu\u00edmica\u00a0 2017, quien brindar\u00e1 una conferencia (\u201cSingle-particle cryo-electron microscopy of biological molecules: a new era of\u00a0structure research\u201d) y recibir\u00e1 el Doctorado Honoris causa de la Universidad de Cuyo<\/p>\n<p><strong>\u00a0<\/strong><strong>Octubre 2019<\/strong><\/p>\n<p>Participaci\u00f3n en JJI y reuni\u00f3n de Coordinaci\u00f3n del CA<\/p>\n","protected":false},"excerpt":{"rendered":"<p>CALENDARIO\u00a0 28 y 29 de noviembre de 2018 \u00a0Curso-Taller Resistencia Antimicrobiana: Evoluci\u00f3n y Perspectivas Actuales con el enfoque \u00abUna salud\u00bb en la Facultad de Medicina&#8230;<\/p>\n","protected":false},"author":1,"featured_media":0,"parent":0,"menu_order":0,"comment_status":"closed","ping_status":"closed","template":"","meta":{"footnotes":""},"class_list":["post-126","page","type-page","status-publish","hentry"],"_links":{"self":[{"href":"https:\/\/grupomontevideo.org\/ndca\/casaludhumana\/index.php?rest_route=\/wp\/v2\/pages\/126","targetHints":{"allow":["GET"]}}],"collection":[{"href":"https:\/\/grupomontevideo.org\/ndca\/casaludhumana\/index.php?rest_route=\/wp\/v2\/pages"}],"about":[{"href":"https:\/\/grupomontevideo.org\/ndca\/casaludhumana\/index.php?rest_route=\/wp\/v2\/types\/page"}],"author":[{"embeddable":true,"href":"https:\/\/grupomontevideo.org\/ndca\/casaludhumana\/index.php?rest_route=\/wp\/v2\/users\/1"}],"replies":[{"embeddable":true,"href":"https:\/\/grupomontevideo.org\/ndca\/casaludhumana\/index.php?rest_route=%2Fwp%2Fv2%2Fcomments&post=126"}],"version-history":[{"count":3,"href":"https:\/\/grupomontevideo.org\/ndca\/casaludhumana\/index.php?rest_route=\/wp\/v2\/pages\/126\/revisions"}],"predecessor-version":[{"id":235,"href":"https:\/\/grupomontevideo.org\/ndca\/casaludhumana\/index.php?rest_route=\/wp\/v2\/pages\/126\/revisions\/235"}],"wp:attachment":[{"href":"https:\/\/grupomontevideo.org\/ndca\/casaludhumana\/index.php?rest_route=%2Fwp%2Fv2%2Fmedia&parent=126"}],"curies":[{"name":"wp","href":"https:\/\/api.w.org\/{rel}","templated":true}]}}