{"id":78,"date":"2017-07-26T19:13:17","date_gmt":"2017-07-26T19:13:17","guid":{"rendered":"http:\/\/grupomontevideo.org\/ndca\/casaludanimal\/?page_id=78"},"modified":"2022-02-01T18:01:25","modified_gmt":"2022-02-01T18:01:25","slug":"publicaciones","status":"publish","type":"page","link":"https:\/\/grupomontevideo.org\/ndca\/casaludanimal\/?page_id=78","title":{"rendered":"Publicaciones"},"content":{"rendered":"<p>[:es]<a href=\"https:\/\/grupomontevideo.org\/ndca\/casaludanimal\/wp-content\/uploads\/2022\/02\/Memorias-Jornadas-V-2.pdf\">Jornadas de Brucelosis y Tuberculosis Diagn\u00f3stico de la situaci\u00f3n y perspectivas en pa\u00edses del Am\u00e9rica del Sur<\/a><br \/>\n<a href=\"https:\/\/grupomontevideo.org\/ndca\/casaludanimal\/wp-content\/uploads\/2019\/05\/Formentini-EA-2018-Conceptos-b\u00e1sicos-y-alcances-de-los-estudios-de-bioequivalencia-1.pdf\" target=\"_blank\" rel=\"noopener noreferrer\">Conceptos b\u00e1sicos y alcances de los estudios de bioequivalencia<\/a><\/p>\n<p><a href=\"https:\/\/grupomontevideo.org\/ndca\/casaludanimal\/wp-content\/uploads\/2018\/09\/Presentaci\u00f3n-Gladis-Rebak-2018-FCV.pdf\">Calidad de canales y carne porcina con diferentes tecnolog\u00edas de manejo<\/a><\/p>\n<p><a href=\"https:\/\/grupomontevideo.org\/ndca\/casaludanimal\/wp-content\/uploads\/2017\/07\/Cryptosporidiosis-como-modelo-de-una-enfermedad-re-emergente.pdf\" target=\"_blank\" rel=\"noopener noreferrer\">Cryptosporidiosiscomo modelo de una enfermedad re emergente!<\/a><\/p>\n<p><a href=\"https:\/\/grupomontevideo.org\/ndca\/casaludanimal\/wp-content\/uploads\/2017\/07\/Enfermedades-Emergentes-AUGM.pdf\" target=\"_blank\" rel=\"noopener noreferrer\">Enfermedades Emergentes<\/a><\/p>\n<p><a href=\"https:\/\/grupomontevideo.org\/ndca\/casaludanimal\/wp-content\/uploads\/2017\/07\/Epidemiolog\u00eda-Transmisi\u00f3n-y-Control-de-Campylobacter-spp.pdf\" target=\"_blank\" rel=\"noopener noreferrer\">Epidemiolog\u00eda, Transmisi\u00f3n y Control de Campylobacter spp<\/a><\/p>\n<p><a href=\"https:\/\/grupomontevideo.org\/ndca\/casaludanimal\/wp-content\/uploads\/2017\/07\/B-Suarez-Presentacion-Favet-AUGM-30-junio-2016.pdf\" target=\"_blank\" rel=\"noopener noreferrer\">Estrategias de Monitoreo y Manejo de Floraciones Algales Nocivas (FAN) y Biotoxinas Marinas en Chile<\/a><\/p>\n<p><a href=\"https:\/\/grupomontevideo.org\/ndca\/casaludanimal\/wp-content\/uploads\/2018\/09\/Presentaci\u00f3n-Valeria-Borelli-INTA-AUGM.pdf\">Evaluaci\u00f3n de caracteres productivos y de calidad de carne en Machos Enteros Inmunocastrados Porcinos<\/a><\/p>\n<p><a href=\"https:\/\/grupomontevideo.org\/ndca\/casaludanimal\/wp-content\/uploads\/2018\/09\/Presentacion-Maria-Gonzalez-INTA-AUGM-2018.pdf\">La Producci\u00f3n Porcina en el NEA<\/a><\/p>\n<p><a href=\"https:\/\/grupomontevideo.org\/ndca\/casaludanimal\/wp-content\/uploads\/2018\/09\/Presentacion-Guillermo-Driesspel-Asesor-privado-2018.pdf\">Programa de mejoramiento Sanitario en Granjas Porcinas. Experiencia en granjas<\/a><\/p>\n<p><a href=\"https:\/\/grupomontevideo.org\/ndca\/casaludanimal\/wp-content\/uploads\/2018\/09\/REFLEXI\u00d3N-SOBRE-EL-CONCEPTO-DE-UNA-SALUD.pdf\">Reflexi\u00f3n sobre el concepto de Una Salud<\/a>\u00a0\/ <a href=\"https:\/\/grupomontevideo.org\/ndca\/casaludanimal\/wp-content\/uploads\/2018\/09\/Saude-\u00danica-uma-reflex\u00e3o.pdf\">Saude \u00danica: uma reflex\u00e3o<\/a><\/p>\n<p><a href=\"https:\/\/grupomontevideo.org\/ndca\/casaludanimal\/wp-content\/uploads\/2018\/09\/Resumenes-encuentro-Salud-Animal-2018.pdf\">Res\u00famenes\u00a0IV Encuentro de Salud Animal, AUGM<\/a><\/p>\n<p><a href=\"https:\/\/grupomontevideo.org\/ndca\/casaludanimal\/wp-content\/uploads\/2018\/09\/Presentacion-Mauricio-Ghezzi-UNCPBA-AUGM-2018-1\u00b0-Parte.pdf\">Salud y producci\u00f3n porcina sustentabl2 &#8211; 1\u00aa parte<\/a><\/p>\n<p><a href=\"https:\/\/grupomontevideo.org\/ndca\/casaludanimal\/wp-content\/uploads\/2018\/09\/Presentacion-Maurcio-Ghezzi-UNCPBA-AUGM-2018-2\u00b0-Parte.pdf\">Salud y producci\u00f3n porcina sustentable &#8211; 2\u00aa parte<\/a><\/p>\n<p><a href=\"https:\/\/grupomontevideo.org\/ndca\/casaludanimal\/wp-content\/uploads\/2018\/09\/Presentacion-Sara-Williams-26042018.pdf\">Situaci\u00f3n Nacional de la Producci\u00f3n Porcina. Perspectivas<\/a><\/p>\n<p><a href=\"https:\/\/grupomontevideo.org\/ndca\/casaludanimal\/wp-content\/uploads\/2018\/06\/Aparicion-de-anisakis-en-mendoza.pdf\" target=\"_blank\" rel=\"noopener noreferrer\">Zoonosis Emergentes: Hallazgo de Anisakides Vivos en Pescado Fresco en Mendoza, Argentina<\/a><\/p>\n<p>&nbsp;<\/p>\n<p>&nbsp;<\/p>\n<p>&nbsp;[:en]<a href=\"https:\/\/grupomontevideo.org\/ndca\/casaludanimal\/wp-content\/uploads\/2018\/09\/Presentaci\u00f3n-Gladis-Rebak-2018-FCV.pdf\">Calidad de canales y carne porcina con diferentes tecnolog\u00edas de manejo<\/a><\/p>\n<p><a href=\"https:\/\/grupomontevideo.org\/ndca\/casaludanimal\/wp-content\/uploads\/2017\/07\/Cryptosporidiosis-como-modelo-de-una-enfermedad-re-emergente.pdf\" target=\"_blank\" rel=\"noopener noreferrer\">Cryptosporidiosiscomo modelo de una enfermedad re emergente!<\/a><\/p>\n<p><a href=\"https:\/\/grupomontevideo.org\/ndca\/casaludanimal\/wp-content\/uploads\/2017\/07\/Enfermedades-Emergentes-AUGM.pdf\" target=\"_blank\" rel=\"noopener noreferrer\">Enfermedades Emergentes<\/a><\/p>\n<p><a href=\"https:\/\/grupomontevideo.org\/ndca\/casaludanimal\/wp-content\/uploads\/2017\/07\/Epidemiolog\u00eda-Transmisi\u00f3n-y-Control-de-Campylobacter-spp.pdf\" target=\"_blank\" rel=\"noopener noreferrer\">Epidemiolog\u00eda, Transmisi\u00f3n y Control de Campylobacter spp<\/a><\/p>\n<p><a href=\"https:\/\/grupomontevideo.org\/ndca\/casaludanimal\/wp-content\/uploads\/2017\/07\/B-Suarez-Presentacion-Favet-AUGM-30-junio-2016.pdf\" target=\"_blank\" rel=\"noopener noreferrer\">Estrategias de Monitoreo y Manejo de Floraciones Algales Nocivas (FAN) y Biotoxinas Marinas en Chile<\/a><\/p>\n<p><a href=\"https:\/\/grupomontevideo.org\/ndca\/casaludanimal\/wp-content\/uploads\/2018\/09\/Presentaci\u00f3n-Valeria-Borelli-INTA-AUGM.pdf\">Evaluaci\u00f3n de caracteres productivos y de calidad de carne en Machos Enteros Inmunocastrados Porcinos<\/a><\/p>\n<p><a href=\"https:\/\/grupomontevideo.org\/ndca\/casaludanimal\/wp-content\/uploads\/2018\/09\/Presentacion-Maria-Gonzalez-INTA-AUGM-2018.pdf\">La Producci\u00f3n Porcina en el NEA<\/a><\/p>\n<p><a href=\"https:\/\/grupomontevideo.org\/ndca\/casaludanimal\/wp-content\/uploads\/2018\/09\/Presentacion-Guillermo-Driesspel-Asesor-privado-2018.pdf\">Programa de mejoramiento Sanitario en Granjas Porcinas. Experiencia en granjas<\/a><\/p>\n<p><a href=\"https:\/\/grupomontevideo.org\/ndca\/casaludanimal\/wp-content\/uploads\/2018\/09\/REFLEXI\u00d3N-SOBRE-EL-CONCEPTO-DE-UNA-SALUD.pdf\">Reflexi\u00f3n sobre el concepto de Una Salud<\/a>\u00a0\/ <a href=\"https:\/\/grupomontevideo.org\/ndca\/casaludanimal\/wp-content\/uploads\/2018\/09\/Saude-\u00danica-uma-reflex\u00e3o.pdf\">Saude \u00danica: uma reflex\u00e3o<\/a><\/p>\n<p><a href=\"https:\/\/grupomontevideo.org\/ndca\/casaludanimal\/wp-content\/uploads\/2018\/09\/Resumenes-encuentro-Salud-Animal-2018.pdf\">Res\u00famenes\u00a0IV Encuentro de Salud Animal, AUGM<\/a><\/p>\n<p><a href=\"https:\/\/grupomontevideo.org\/ndca\/casaludanimal\/wp-content\/uploads\/2018\/09\/Presentacion-Mauricio-Ghezzi-UNCPBA-AUGM-2018-1\u00b0-Parte.pdf\">Salud y producci\u00f3n porcina sustentabl2 &#8211; 1\u00aa parte<\/a><\/p>\n<p><a href=\"https:\/\/grupomontevideo.org\/ndca\/casaludanimal\/wp-content\/uploads\/2018\/09\/Presentacion-Maurcio-Ghezzi-UNCPBA-AUGM-2018-2\u00b0-Parte.pdf\">Salud y producci\u00f3n porcina sustentable &#8211; 2\u00aa parte<\/a><\/p>\n<p><a href=\"https:\/\/grupomontevideo.org\/ndca\/casaludanimal\/wp-content\/uploads\/2018\/09\/Presentacion-Sara-Williams-26042018.pdf\">Situaci\u00f3n Nacional de la Producci\u00f3n Porcina. Perspectivas<\/a><\/p>\n<p><a href=\"https:\/\/grupomontevideo.org\/ndca\/casaludanimal\/wp-content\/uploads\/2018\/06\/Aparicion-de-anisakis-en-mendoza.pdf\" target=\"_blank\" rel=\"noopener noreferrer\">Zoonosis Emergentes: Hallazgo de Anisakides Vivos en Pescado Fresco en Mendoza, Argentina<\/a><\/p>\n<p>&nbsp;<\/p>\n<p>&nbsp;<\/p>\n<p>&nbsp;<\/p>\n<p>&nbsp;[:]<\/p>\n","protected":false},"excerpt":{"rendered":"<p>[:es]Jornadas de Brucelosis y Tuberculosis Diagn\u00f3stico de la situaci\u00f3n y perspectivas en pa\u00edses del Am\u00e9rica del Sur Conceptos b\u00e1sicos y alcances de los estudios de&#8230;<\/p>\n","protected":false},"author":1,"featured_media":0,"parent":0,"menu_order":0,"comment_status":"closed","ping_status":"closed","template":"","meta":{"footnotes":""},"class_list":["post-78","page","type-page","status-publish","hentry"],"_links":{"self":[{"href":"https:\/\/grupomontevideo.org\/ndca\/casaludanimal\/index.php?rest_route=\/wp\/v2\/pages\/78","targetHints":{"allow":["GET"]}}],"collection":[{"href":"https:\/\/grupomontevideo.org\/ndca\/casaludanimal\/index.php?rest_route=\/wp\/v2\/pages"}],"about":[{"href":"https:\/\/grupomontevideo.org\/ndca\/casaludanimal\/index.php?rest_route=\/wp\/v2\/types\/page"}],"author":[{"embeddable":true,"href":"https:\/\/grupomontevideo.org\/ndca\/casaludanimal\/index.php?rest_route=\/wp\/v2\/users\/1"}],"replies":[{"embeddable":true,"href":"https:\/\/grupomontevideo.org\/ndca\/casaludanimal\/index.php?rest_route=%2Fwp%2Fv2%2Fcomments&post=78"}],"version-history":[{"count":21,"href":"https:\/\/grupomontevideo.org\/ndca\/casaludanimal\/index.php?rest_route=\/wp\/v2\/pages\/78\/revisions"}],"predecessor-version":[{"id":209,"href":"https:\/\/grupomontevideo.org\/ndca\/casaludanimal\/index.php?rest_route=\/wp\/v2\/pages\/78\/revisions\/209"}],"wp:attachment":[{"href":"https:\/\/grupomontevideo.org\/ndca\/casaludanimal\/index.php?rest_route=%2Fwp%2Fv2%2Fmedia&parent=78"}],"curies":[{"name":"wp","href":"https:\/\/api.w.org\/{rel}","templated":true}]}}