{"id":14,"date":"2015-12-04T19:36:50","date_gmt":"2015-12-04T19:36:50","guid":{"rendered":"http:\/\/grupomontevideo.org\/ndca\/caagroalimentario\/?page_id=14"},"modified":"2026-04-17T20:38:55","modified_gmt":"2026-04-17T20:38:55","slug":"actas-de-reunion","status":"publish","type":"page","link":"https:\/\/grupomontevideo.org\/ndca\/casaludanimal\/?page_id=14","title":{"rendered":"REUNIONES PRESENCIALES"},"content":{"rendered":"<p><strong>Acta de la Reuni\u00f3n del comit\u00e9 de fecha<\/strong>:<\/p>\n<p><a href=\"https:\/\/grupomontevideo.org\/ndca\/casaludanimal\/wp-content\/uploads\/2026\/04\/Acta-reunion-e-informe-XXXII-Jornadas-JJII-y-flyer-5-de-noviembre-2025.pdf\" target=\"_blank\" rel=\"noopener\">2025 &#8211;\u00a0 noviembre 5<\/a><br \/>\n<a href=\"https:\/\/grupomontevideo.org\/ndca\/casaludanimal\/wp-content\/uploads\/2025\/03\/Resumen-actividades-CA-SA-AUGM-2019-2024.pdf\">Resumen de actividades 2019-2024<\/a><br \/>\n<a href=\"https:\/\/grupomontevideo.org\/ndca\/casaludanimal\/wp-content\/uploads\/2025\/04\/Acta-reunion-e-informe-XXX-Jornadas-JJII-12-de-octubre-2023.pdf\" target=\"_blank\" rel=\"noopener\">2023 &#8211; octubre 12<\/a><br \/>\n<a href=\"https:\/\/grupomontevideo.org\/ndca\/casaludanimal\/wp-content\/uploads\/2019\/11\/acta-San-Carlos-2019-_final.pdf\">2019 &#8211; octubre 23<\/a><br \/>\n<a href=\"https:\/\/grupomontevideo.org\/ndca\/casaludanimal\/wp-content\/uploads\/2019\/05\/acta-Salto-2019.pdf\" target=\"_blank\" rel=\"noopener noreferrer\">2019 &#8211; abril 23<\/a><br \/>\n<a href=\"https:\/\/grupomontevideo.org\/ndca\/casaludanimal\/wp-content\/uploads\/2019\/02\/acta-Mendoza-2018.pdf\">2018 &#8211; octubre 19<\/a><br \/>\n<a href=\"https:\/\/grupomontevideo.org\/ndca\/casaludanimal\/wp-content\/uploads\/2018\/07\/acta-Corrientes-2018-1.pdf\" target=\"_blank\" rel=\"noopener noreferrer\">2018 &#8211; abril 27<\/a><br \/>\n<a href=\"https:\/\/grupomontevideo.org\/ndca\/casaludanimal\/wp-content\/uploads\/2015\/12\/acta-Encarnacion-2017.pdf\" target=\"_blank\" rel=\"noopener noreferrer\">2017 &#8211; octubre 18 a 20<\/a><br \/>\n<a href=\"https:\/\/grupomontevideo.org\/ndca\/casaludanimal\/wp-content\/uploads\/2015\/12\/CA-Salud-Animal-ACTA-2017-Junio.pdf\" target=\"_blank\" rel=\"noopener noreferrer\">2017 &#8211; junio 7<\/a><br \/>\n<a href=\"https:\/\/grupomontevideo.org\/ndca\/casaludanimal\/wp-content\/uploads\/2015\/12\/Acta-Salud-Animal-26.10.16.pdf\">2016 &#8211; octubre 26 <\/a><br \/>\n<a href=\"https:\/\/grupomontevideo.org\/ndca\/casaludanimal\/wp-content\/uploads\/2015\/12\/CA-Salud-Animal-ACTA-2016-junio-30.pdf\">2016 &#8211; junio 30 a julio 1<\/a><br \/>\n<a href=\"https:\/\/grupomontevideo.org\/ndca\/casaludanimal\/wp-content\/uploads\/2015\/12\/CA-Salud-Animal-ACTA-2015-agosto.pdf\">2015 \u2013 agosto 25 al 27<\/a><br \/>\n<a href=\"https:\/\/grupomontevideo.org\/ndca\/casaludanimal\/wp-content\/uploads\/2015\/12\/Acta-Reuni\u00f3n-del-Comit\u00e9-Acad\u00e9mico-Salud-Animal-5-y-6-de-mayo-2015.pdf\">2015 \u2013 mayo 5 y 6<\/a><br \/>\n<a href=\"https:\/\/grupomontevideo.org\/ndca\/casaludanimal\/wp-content\/uploads\/2015\/12\/Acta-Salud-Animal-22.07.14.pdf\">2014 \u2013 julio 22 y 23<\/a><br \/>\n<a href=\"https:\/\/grupomontevideo.org\/ndca\/casaludanimal\/wp-content\/uploads\/2015\/12\/CA-Salud-Animal-ACTA-2012-noviembre-14.pdf\">2012 \u2013 noviembre 14<\/a><br \/>\n<a href=\"https:\/\/grupomontevideo.org\/ndca\/casaludanimal\/wp-content\/uploads\/2015\/12\/CA-Salud-Animal-ACTA-2010-octubre-20.pdf\">2010 \u2013 octubre 20<\/a><br \/>\n<a href=\"https:\/\/grupomontevideo.org\/ndca\/casaludanimal\/wp-content\/uploads\/2015\/12\/CA-Salud-Animal-ACTA-2010-mayo-26-28.pdf\">2010 \u2013 mayo 26 al 28<\/a><br \/>\n<a href=\"https:\/\/grupomontevideo.org\/ndca\/casaludanimal\/wp-content\/uploads\/2015\/12\/CA-Salud-Animal-ACTA-2009-octubre-27-29.pdf\">2009 \u2013 octubre 27 al 29<\/a><br \/>\n<a href=\"https:\/\/grupomontevideo.org\/ndca\/casaludanimal\/wp-content\/uploads\/2015\/12\/CA-Salud-Animal-ACTA-2008-octubre-28-29.pdf\">2008 \u2013 octubre 28 al 29<\/a><br \/>\n<a href=\"https:\/\/grupomontevideo.org\/ndca\/casaludanimal\/wp-content\/uploads\/2015\/12\/CA-Salud-Animal-ACTA-2007-octubre-24-26.pdf\">2007 \u2013 octubre 24 al 26<\/a><br \/>\n<a href=\"https:\/\/grupomontevideo.org\/ndca\/casaludanimal\/wp-content\/uploads\/2015\/12\/CA-Salud-Animal-ACTA-2006-noviembre-29-30-Lanzamiento.pdf\">2006 \u2013 noviembre 29 y 30 Lanzamiento<\/a><\/p>\n<p><strong>Reuniones Virtuales<\/strong><\/p>\n<p>&nbsp;<\/p>\n<p>&nbsp;<\/p>\n","protected":false},"excerpt":{"rendered":"<p>Acta de la Reuni\u00f3n del comit\u00e9 de fecha: 2025 &#8211;\u00a0 noviembre 5 Resumen de actividades 2019-2024 2023 &#8211; octubre 12 2019 &#8211; octubre 23 2019&#8230;<\/p>\n","protected":false},"author":1,"featured_media":0,"parent":0,"menu_order":0,"comment_status":"closed","ping_status":"closed","template":"","meta":{"footnotes":""},"class_list":["post-14","page","type-page","status-publish","hentry"],"_links":{"self":[{"href":"https:\/\/grupomontevideo.org\/ndca\/casaludanimal\/index.php?rest_route=\/wp\/v2\/pages\/14","targetHints":{"allow":["GET"]}}],"collection":[{"href":"https:\/\/grupomontevideo.org\/ndca\/casaludanimal\/index.php?rest_route=\/wp\/v2\/pages"}],"about":[{"href":"https:\/\/grupomontevideo.org\/ndca\/casaludanimal\/index.php?rest_route=\/wp\/v2\/types\/page"}],"author":[{"embeddable":true,"href":"https:\/\/grupomontevideo.org\/ndca\/casaludanimal\/index.php?rest_route=\/wp\/v2\/users\/1"}],"replies":[{"embeddable":true,"href":"https:\/\/grupomontevideo.org\/ndca\/casaludanimal\/index.php?rest_route=%2Fwp%2Fv2%2Fcomments&post=14"}],"version-history":[{"count":18,"href":"https:\/\/grupomontevideo.org\/ndca\/casaludanimal\/index.php?rest_route=\/wp\/v2\/pages\/14\/revisions"}],"predecessor-version":[{"id":300,"href":"https:\/\/grupomontevideo.org\/ndca\/casaludanimal\/index.php?rest_route=\/wp\/v2\/pages\/14\/revisions\/300"}],"wp:attachment":[{"href":"https:\/\/grupomontevideo.org\/ndca\/casaludanimal\/index.php?rest_route=%2Fwp%2Fv2%2Fmedia&parent=14"}],"curies":[{"name":"wp","href":"https:\/\/api.w.org\/{rel}","templated":true}]}}