{"id":652,"date":"2024-03-20T13:27:59","date_gmt":"2024-03-20T13:27:59","guid":{"rendered":"http:\/\/grupomontevideo.org\/ndca\/caprocesoscooperativos\/?page_id=652"},"modified":"2024-03-20T13:28:47","modified_gmt":"2024-03-20T13:28:47","slug":"revista-otra-economia-2","status":"publish","type":"page","link":"https:\/\/grupomontevideo.org\/ndca\/caprocesoscooperativos\/?page_id=652","title":{"rendered":"Revista Otra Econom\u00eda"},"content":{"rendered":"<p><i>La Revista Otra Econom\u00eda (ROE), fue creada en 2007 por la Red de Investigadores Latinoamericanos de Econom\u00eda Social y Solidaria (RILESS) constituy\u00e9ndose en la primera revista latinoamericana de investigaciones vinculadas espec\u00edficamente a la Econom\u00eda Social y Solidaria. Desde 2019, el Comit\u00e9 Acad\u00e9mico de Procesos Cooperativos y Asociativos, PROCOAS, forma parte de su Comit\u00e9 Editorial\u00bb<\/i><\/p>\n<p>Enlace:\u00a0\u00a0<a href=\"http:\/\/revistas.ungs.edu.ar\/index.php\/otraeconomia\/\" target=\"_blank\" rel=\"noopener\" data-saferedirecturl=\"https:\/\/www.google.com\/url?q=http:\/\/revistas.ungs.edu.ar\/index.php\/otraeconomia\/&amp;source=gmail&amp;ust=1711027117933000&amp;usg=AOvVaw20ev7BEDlO9jvAN8JuqOrw\">http:\/\/revistas.ungs.edu.ar\/<wbr \/>index.php\/otraeconomia\/<\/a><\/p>\n<p>&nbsp;<\/p>\n","protected":false},"excerpt":{"rendered":"<p>La Revista Otra Econom\u00eda (ROE), fue creada en 2007 por la Red de Investigadores Latinoamericanos de Econom\u00eda Social y Solidaria (RILESS) constituy\u00e9ndose en la primera&#8230;<\/p>\n","protected":false},"author":1,"featured_media":0,"parent":0,"menu_order":0,"comment_status":"closed","ping_status":"closed","template":"","meta":{"footnotes":""},"class_list":["post-652","page","type-page","status-publish","hentry"],"_links":{"self":[{"href":"https:\/\/grupomontevideo.org\/ndca\/caprocesoscooperativos\/index.php?rest_route=\/wp\/v2\/pages\/652","targetHints":{"allow":["GET"]}}],"collection":[{"href":"https:\/\/grupomontevideo.org\/ndca\/caprocesoscooperativos\/index.php?rest_route=\/wp\/v2\/pages"}],"about":[{"href":"https:\/\/grupomontevideo.org\/ndca\/caprocesoscooperativos\/index.php?rest_route=\/wp\/v2\/types\/page"}],"author":[{"embeddable":true,"href":"https:\/\/grupomontevideo.org\/ndca\/caprocesoscooperativos\/index.php?rest_route=\/wp\/v2\/users\/1"}],"replies":[{"embeddable":true,"href":"https:\/\/grupomontevideo.org\/ndca\/caprocesoscooperativos\/index.php?rest_route=%2Fwp%2Fv2%2Fcomments&post=652"}],"version-history":[{"count":2,"href":"https:\/\/grupomontevideo.org\/ndca\/caprocesoscooperativos\/index.php?rest_route=\/wp\/v2\/pages\/652\/revisions"}],"predecessor-version":[{"id":656,"href":"https:\/\/grupomontevideo.org\/ndca\/caprocesoscooperativos\/index.php?rest_route=\/wp\/v2\/pages\/652\/revisions\/656"}],"wp:attachment":[{"href":"https:\/\/grupomontevideo.org\/ndca\/caprocesoscooperativos\/index.php?rest_route=%2Fwp%2Fv2%2Fmedia&parent=652"}],"curies":[{"name":"wp","href":"https:\/\/api.w.org\/{rel}","templated":true}]}}