{"id":410,"date":"2020-08-18T23:21:20","date_gmt":"2020-08-18T23:21:20","guid":{"rendered":"http:\/\/grupomontevideo.org\/ndca\/caprocesoscooperativos\/?page_id=410"},"modified":"2020-08-20T17:41:20","modified_gmt":"2020-08-20T17:41:20","slug":"otra-economia","status":"publish","type":"page","link":"https:\/\/grupomontevideo.org\/ndca\/caprocesoscooperativos\/?page_id=410","title":{"rendered":"otra econom\u00eda"},"content":{"rendered":"<p style=\"text-align: justify;\"><strong>En 2019 el Comit\u00e9 Acad\u00e9mico de Procesos Cooperativos y Asociativos, PROCOAS, de AUGM, aprob\u00f3 un acuerdo estrat\u00e9gico con la Revista Otra Econom\u00eda (ROE).<\/strong><\/p>\n<p><a href=\"https:\/\/www.revistaotraeconomia.org\/index.php\/otraeconomia\"><img loading=\"lazy\" decoding=\"async\" class=\"aligncenter wp-image-397\" src=\"https:\/\/grupomontevideo.org\/ndca\/caprocesoscooperativos\/wp-content\/uploads\/2020\/07\/Otra-Ecnonom\u00eda.png\" alt=\"\" width=\"277\" height=\"159\" \/><\/a><\/p>\n<p style=\"text-align: justify;\"><span style=\"font-weight: 400;\">La ROE es la publicaci\u00f3n de mayor trayectoria en la regi\u00f3n en el campo de la econom\u00eda social y solidaria, busca <\/span><i><span style=\"font-weight: 400;\">\u00a0\u201cdifundir, debatir y contribuir a estimular la investigaci\u00f3n cr\u00edtica, te\u00f3rica y emp\u00edrica, sistematizando experiencias y aprendiendo de ellas, identificando y discutiendo cuestiones relevantes para los movimientos sociales y fuerzas democr\u00e1ticas que luchan por una econom\u00eda socialmente justa\u2026.\u201d, <\/span><\/i><span style=\"font-weight: 400;\">a partir de un \u201c<\/span><i><span style=\"font-weight: 400;\">espacio democr\u00e1tico y pluralista de construcci\u00f3n colectiva de marcos conceptuales e informaci\u00f3n rigurosamente producida y presentada, que contribuya a impulsar y acompa\u00f1ar la pr\u00e1ctica y las reflexiones de las organizaciones sociales, profesionales y acad\u00e9mica\/os con inter\u00e9s y compromiso en los diversos procesos de construcci\u00f3n de Otra Econom\u00eda\u201d <\/span><\/i><span style=\"font-weight: 400;\">(www.revistaotraeconomia.org).<\/span><\/p>\n<p style=\"text-align: justify;\"><span style=\"font-weight: 400;\">En la actualidad la ROE es gestionada y coordinada desde la Universidad Nacional General Sarmiento, Buenos Aires, Argentina.<\/span><\/p>\n<p style=\"text-align: justify;\"><span style=\"font-weight: 400;\">La Revista se encuentra registrada en el <em>Directorio Latindex<\/em><\/span><span style=\"font-weight: 400;\"><em>\u00a0<\/em>y participa de la Red Latinoamericana de Revistas Acad\u00e9micas en Ciencias Sociales y Humanidades (LatinRev).<\/span><\/p>\n<p style=\"text-align: justify;\"><span style=\"font-weight: 400;\">El PROCOAS a partir del acuerdo de trabajo pasa a integrar el Comit\u00e9 Editorial de la Revista, y se transforma en la publicaci\u00f3n de referencia para el Comit\u00e9 Acad\u00e9mico.<\/span><\/p>\n<div>Adem\u00e1s te env\u00edo los links de los \u00faltimos tres n\u00fameros de la Revista:<\/div>\n<ul>\n<li>Volumen XIII N\u00ba 23 Primer semestre 2020: <a href=\"https:\/\/revistaotraeconomia.org\/index.php\/otraeconomia\/issue\/view\/705\" target=\"_blank\" rel=\"noopener noreferrer\" data-saferedirecturl=\"https:\/\/www.google.com\/url?q=https:\/\/revistaotraeconomia.org\/index.php\/otraeconomia\/issue\/view\/705&amp;source=gmail&amp;ust=1597881166454000&amp;usg=AFQjCNH7hPyFoS8eAYgEdgus6NMpya00rQ\">https:\/\/revistaotraeconomia.<wbr \/>org\/index.php\/otraeconomia\/<wbr \/>issue\/view\/705<\/a><\/li>\n<li>Volumen XII N\u00ba 22 Segundo semestre 2019:\u00a0<a href=\"https:\/\/revistaotraeconomia.org\/index.php\/otraeconomia\/issue\/view\/704\" target=\"_blank\" rel=\"noopener noreferrer\" data-saferedirecturl=\"https:\/\/www.google.com\/url?q=https:\/\/revistaotraeconomia.org\/index.php\/otraeconomia\/issue\/view\/704&amp;source=gmail&amp;ust=1597881166454000&amp;usg=AFQjCNFbSDOkP2h7FkFEtpn78h9P88BR8w\">https:\/\/revistaotraeconomia.<wbr \/>org\/index.php\/otraeconomia\/<wbr \/>issue\/view\/704<\/a><\/li>\n<li>Volumen XII N\u00ba 21 Primer semestre 2019 :\u00a0\u00a0<a href=\"https:\/\/revistaotraeconomia.org\/index.php\/otraeconomia\/issue\/view\/703\" target=\"_blank\" rel=\"noopener noreferrer\" data-saferedirecturl=\"https:\/\/www.google.com\/url?q=https:\/\/revistaotraeconomia.org\/index.php\/otraeconomia\/issue\/view\/703&amp;source=gmail&amp;ust=1597881166454000&amp;usg=AFQjCNHRa8R4BSbZKQbep_MGuDukTpSvGw\">https:\/\/revistaotraeconomia.<wbr \/>org\/index.php\/otraeconomia\/<wbr \/>issue\/view\/703<\/a><\/li>\n<li><\/li>\n<\/ul>\n","protected":false},"excerpt":{"rendered":"<p>En 2019 el Comit\u00e9 Acad\u00e9mico de Procesos Cooperativos y Asociativos, PROCOAS, de AUGM, aprob\u00f3 un acuerdo estrat\u00e9gico con la Revista Otra Econom\u00eda (ROE). La ROE&#8230;<\/p>\n","protected":false},"author":1,"featured_media":0,"parent":0,"menu_order":0,"comment_status":"closed","ping_status":"closed","template":"","meta":{"footnotes":""},"class_list":["post-410","page","type-page","status-publish","hentry"],"_links":{"self":[{"href":"https:\/\/grupomontevideo.org\/ndca\/caprocesoscooperativos\/index.php?rest_route=\/wp\/v2\/pages\/410","targetHints":{"allow":["GET"]}}],"collection":[{"href":"https:\/\/grupomontevideo.org\/ndca\/caprocesoscooperativos\/index.php?rest_route=\/wp\/v2\/pages"}],"about":[{"href":"https:\/\/grupomontevideo.org\/ndca\/caprocesoscooperativos\/index.php?rest_route=\/wp\/v2\/types\/page"}],"author":[{"embeddable":true,"href":"https:\/\/grupomontevideo.org\/ndca\/caprocesoscooperativos\/index.php?rest_route=\/wp\/v2\/users\/1"}],"replies":[{"embeddable":true,"href":"https:\/\/grupomontevideo.org\/ndca\/caprocesoscooperativos\/index.php?rest_route=%2Fwp%2Fv2%2Fcomments&post=410"}],"version-history":[{"count":5,"href":"https:\/\/grupomontevideo.org\/ndca\/caprocesoscooperativos\/index.php?rest_route=\/wp\/v2\/pages\/410\/revisions"}],"predecessor-version":[{"id":424,"href":"https:\/\/grupomontevideo.org\/ndca\/caprocesoscooperativos\/index.php?rest_route=\/wp\/v2\/pages\/410\/revisions\/424"}],"wp:attachment":[{"href":"https:\/\/grupomontevideo.org\/ndca\/caprocesoscooperativos\/index.php?rest_route=%2Fwp%2Fv2%2Fmedia&parent=410"}],"curies":[{"name":"wp","href":"https:\/\/api.w.org\/{rel}","templated":true}]}}