{"id":18,"date":"2015-12-04T19:37:06","date_gmt":"2015-12-04T19:37:06","guid":{"rendered":"http:\/\/grupomontevideo.org\/ndca\/caagroalimentario\/?page_id=18"},"modified":"2025-02-20T18:25:22","modified_gmt":"2025-02-20T18:25:22","slug":"objetivos","status":"publish","type":"page","link":"https:\/\/grupomontevideo.org\/ndca\/caprocesoscooperativos\/?page_id=18","title":{"rendered":"OBJETIVOS"},"content":{"rendered":"<p style=\"text-align: justify;\">Creado por resoluci\u00f3n de la XXXVIII Reuni\u00f3n del Consejo de Rectores, Curitiba, Brasil, 21 de mayo de 2004.<\/p>\n<p>Sus objetivos son:<\/p>\n<p style=\"text-align: justify;\">1. Promover el desarrollo y difusi\u00f3n de la cultura de la cooperaci\u00f3n y solidaridad\u00a0en la regi\u00f3n del MERCOSUR.<\/p>\n<p style=\"text-align: justify;\">2. Proveer desde el nivel acad\u00e9mico a la demanda educativa de valores y principios\u00a0(orientadores y organizativos) conocimientos, habilidades, y actitudes,\u00a0aplicaci\u00f3n de la divisi\u00f3n del trabajo y de medios t\u00e9cnicos, con el objeto de\u00a0producir material de ense\u00f1anza de alta calidad en la tem\u00e1tica cooperativaasociativa.<\/p>\n<p style=\"text-align: justify;\">3. Contribuir al desarrollo de las actividades de ense\u00f1anza superior en el \u00e1mbito del\u00a0cooperativismo y las iniciativas econ\u00f3micas asociativas a trav\u00e9s de: a)\u00a0intercambio de profesores, investigadores y estudiantes; b) formaci\u00f3n y\u00a0perfeccionamiento de docentes e investigadores; c) fomento de los estudios e\u00a0investigaciones espec\u00edficos regionales; d) potenciar el desarrollo de cursos,\u00a0seminarios, conferencias, talleres; e) incentivar las publicaciones cient\u00edficas\u00a0relacionados a la tem\u00e1tica.<\/p>\n<p style=\"text-align: justify;\">4. Fomentar la participaci\u00f3n, cooperaci\u00f3n y colaboraci\u00f3n tanto institucional como\u00a0econ\u00f3mico-financiera, en el MERCOSUR, de las instituciones p\u00fablicas y\u00a0privadas, de las entidades representativas de las cooperativas y de las iniciativas\u00a0econ\u00f3micas asociativas, de las universidades e instituciones educativas y centros\u00a0de investigaci\u00f3n, dentro y fuera del espacio regional y de organismos nacionales\u00a0e internacionales.<\/p>\n<p style=\"text-align: justify;\">5. Establecer un marco de referencia acad\u00e9mica para la colaboraci\u00f3n con el\u00a0cooperativismo regional y las pol\u00edticas de fomento a los emprendimientos de\u00a0base solidaria, representados en la Reuni\u00f3n Especializada de Cooperativas del\u00a0MERCOSUR (RECM)<\/p>\n<p>&nbsp;<\/p>\n<p><a href=\"https:\/\/grupomontevideo.org\/ndca\/caprocesoscooperativos\/wp-content\/uploads\/2016\/05\/Declaraci\u00f3n-de-la-constituci\u00f3n-del-CA-PROCOAS.pdf\">Declaraci\u00f3n de la constituci\u00f3n del CA PROCOAS<\/a>[:pt]OBJETIVO DEL COMIT\u00c9<br \/>\nCrear un foro de intercambio y gesti\u00f3n de conocimientos vinculados al sector<br \/>\nagroalimentario (desde la producci\u00f3n hasta el consumidor), interdisciplinario,<br \/>\ninterinstitucional e intersectorial, que fortalezca la planificaci\u00f3n y gesti\u00f3n de<br \/>\npol\u00edticas y programas de desarrollo sostenible en Am\u00e9rica Latina.<\/p>\n<p>DESCARGUE PDF:\u00a0<a href=\"http:\/\/grupomontevideo.org\/ndca\/caagroalimentario\/wp-content\/uploads\/2013\/10\/Objetivos-y-Fundamentaci\u00f3n.pdf\">Objetivos y Fundamentaci\u00f3n<\/a><\/p>\n","protected":false},"excerpt":{"rendered":"<p>Creado por resoluci\u00f3n de la XXXVIII Reuni\u00f3n del Consejo de Rectores, Curitiba, Brasil, 21 de mayo de 2004. Sus objetivos son: 1. Promover el desarrollo&#8230;<\/p>\n","protected":false},"author":1,"featured_media":0,"parent":0,"menu_order":0,"comment_status":"closed","ping_status":"closed","template":"","meta":{"footnotes":""},"class_list":["post-18","page","type-page","status-publish","hentry"],"_links":{"self":[{"href":"https:\/\/grupomontevideo.org\/ndca\/caprocesoscooperativos\/index.php?rest_route=\/wp\/v2\/pages\/18","targetHints":{"allow":["GET"]}}],"collection":[{"href":"https:\/\/grupomontevideo.org\/ndca\/caprocesoscooperativos\/index.php?rest_route=\/wp\/v2\/pages"}],"about":[{"href":"https:\/\/grupomontevideo.org\/ndca\/caprocesoscooperativos\/index.php?rest_route=\/wp\/v2\/types\/page"}],"author":[{"embeddable":true,"href":"https:\/\/grupomontevideo.org\/ndca\/caprocesoscooperativos\/index.php?rest_route=\/wp\/v2\/users\/1"}],"replies":[{"embeddable":true,"href":"https:\/\/grupomontevideo.org\/ndca\/caprocesoscooperativos\/index.php?rest_route=%2Fwp%2Fv2%2Fcomments&post=18"}],"version-history":[{"count":8,"href":"https:\/\/grupomontevideo.org\/ndca\/caprocesoscooperativos\/index.php?rest_route=\/wp\/v2\/pages\/18\/revisions"}],"predecessor-version":[{"id":675,"href":"https:\/\/grupomontevideo.org\/ndca\/caprocesoscooperativos\/index.php?rest_route=\/wp\/v2\/pages\/18\/revisions\/675"}],"wp:attachment":[{"href":"https:\/\/grupomontevideo.org\/ndca\/caprocesoscooperativos\/index.php?rest_route=%2Fwp%2Fv2%2Fmedia&parent=18"}],"curies":[{"name":"wp","href":"https:\/\/api.w.org\/{rel}","templated":true}]}}