{"id":14,"date":"2015-12-04T19:36:50","date_gmt":"2015-12-04T19:36:50","guid":{"rendered":"http:\/\/grupomontevideo.org\/ndca\/caagroalimentario\/?page_id=14"},"modified":"2026-04-17T11:40:02","modified_gmt":"2026-04-17T11:40:02","slug":"actas-de-reunion","status":"publish","type":"page","link":"https:\/\/grupomontevideo.org\/ndca\/camedioambiente\/?page_id=14","title":{"rendered":"REUNIONES PRESENCIALES"},"content":{"rendered":"<p><a href=\"https:\/\/grupomontevideo.org\/ndca\/camedioambiente\/wp-content\/uploads\/2026\/04\/ACTA-CMA-AUGM-REUNION-noviembre-2025_.pdf\" target=\"_blank\" rel=\"noopener\">2025 &#8211; noviembre 4<\/a><br \/>\n<a href=\"https:\/\/grupomontevideo.org\/ndca\/camedioambiente\/wp-content\/uploads\/2024\/12\/ACTA-CMA-AUGM-REUNION-5-noviembre-2024.docx.pdf\" target=\"_blank\" rel=\"noopener\">2024 &#8211; noviembre 5<\/a><\/p>\n<p><a href=\"https:\/\/grupomontevideo.org\/ndca\/camedioambiente\/wp-content\/uploads\/2023\/09\/Septiembre-13-.pdf\" target=\"_blank\" rel=\"noopener\">2023 &#8211; septiembre 13<\/a><\/p>\n<p><a href=\"https:\/\/grupomontevideo.org\/ndca\/camedioambiente\/wp-content\/uploads\/2023\/10\/ACTA-CMA-AUGM-REUNION-14-AGOSTO-2023.pdf\">2023 &#8211; Agosto<\/a><\/p>\n<p><a href=\"https:\/\/grupomontevideo.org\/ndca\/camedioambiente\/wp-content\/uploads\/2023\/10\/ACTA-CMA-AUGM-REUNION-12-JULIO-2023.pdf\">2023 &#8211; Julio<\/a><\/p>\n<p><a href=\"https:\/\/grupomontevideo.org\/ndca\/camedioambiente\/wp-content\/uploads\/2023\/10\/ACTA-CMA-AUGM-REUNION-12-JUNIO-2023.pdf\">2023 &#8211; Junio<\/a><\/p>\n<p><a href=\"https:\/\/grupomontevideo.org\/ndca\/camedioambiente\/wp-content\/uploads\/2023\/05\/ACTA-CMA-AUGM-REUNION-10-MAYO-2023.docx-1.pdf\">2023 &#8211; mayo 2<\/a><\/p>\n<p><a href=\"https:\/\/grupomontevideo.org\/ndca\/camedioambiente\/wp-content\/uploads\/2023\/04\/ACTA-CMA-AUGM-REUNION-10-ABRIL-2023.pdf\">2023 &#8211; abril 10<\/a><\/p>\n<p><a href=\"https:\/\/grupomontevideo.org\/ndca\/camedioambiente\/wp-content\/uploads\/2022\/11\/Acta-7_2022.pdf\" target=\"_blank\" rel=\"noopener\">2022 &#8211; Noviembre 11<\/a><\/p>\n<p><a href=\"https:\/\/grupomontevideo.org\/ndca\/camedioambiente\/wp-content\/uploads\/2022\/08\/2022-Abril-7.pdf\" target=\"_blank\" rel=\"noopener\">2022 &#8211; Abril 7<\/a><\/p>\n<p><a href=\"https:\/\/grupomontevideo.org\/ndca\/camedioambiente\/wp-content\/uploads\/2022\/08\/Reporte-AUGM-CMA-2020.pdf\">2020 &#8211; reporte<\/a><\/p>\n<p><a href=\"https:\/\/grupomontevideo.org\/ndca\/camedioambiente\/wp-content\/uploads\/2019\/04\/ACTA-REUNION-CMA-Santa-Maria-2018.pdf\" target=\"_blank\" rel=\"noopener noreferrer\">2018 octubre 9<\/a><\/p>\n<p><a href=\"https:\/\/grupomontevideo.org\/ndca\/camedioambiente\/wp-content\/uploads\/2019\/04\/Octubre-2017.pdf\" target=\"_blank\" rel=\"noopener noreferrer\">2017 octubre 12<\/a><\/p>\n<p><a href=\"https:\/\/grupomontevideo.org\/ndca\/camedioambiente\/wp-content\/uploads\/2015\/12\/Acta-reunion-CMA-Noviembre-2016-Tucuman.pdf\" target=\"_blank\" rel=\"noopener noreferrer\">2016 noviembre 24<\/a><\/p>\n<p><a href=\"https:\/\/grupomontevideo.org\/ndca\/camedioambiente\/wp-content\/uploads\/2015\/12\/Acta-Reuni\u00f3n-Comit\u00e9-MA-AUGM-Encarnaci\u00f3n-09-y-10-mayo-2016-1.pdf\" target=\"_blank\" rel=\"noopener noreferrer\">2016 mayo 10<\/a><\/p>\n<p><a href=\"https:\/\/grupomontevideo.org\/ndca\/camedioambiente\/wp-content\/uploads\/2015\/12\/Acta-Reuni\u00f3n-Comit\u00e9-MA-AUGM-Porto-Alegre-15-y-16-julio-2015.pdf\">2015 julio 15-16<\/a><\/p>\n<p><a href=\"https:\/\/grupomontevideo.org\/ndca\/camedioambiente\/wp-content\/uploads\/2015\/12\/CA-Medio-Ambiente-ACTA-2014-abril-3-4.pdf\">2014 abril 3-4<\/a><\/p>\n<p><a href=\"https:\/\/grupomontevideo.org\/ndca\/camedioambiente\/wp-content\/uploads\/2015\/12\/CA-Medio-Ambiente-ACTA-2013-setiembre-19.pdf\">2013 septiembre 19<\/a><\/p>\n<p><a href=\"https:\/\/grupomontevideo.org\/ndca\/camedioambiente\/wp-content\/uploads\/2015\/12\/3er-Encuentro-conclusiones-y-recomendaciones-2013.pdf\">2013 3er Encuentro de Educaci\u00f3n Ambiental y Gesti\u00f3n Ambiental en Espacios Universitarios<\/a><\/p>\n<p><a href=\"https:\/\/grupomontevideo.org\/ndca\/camedioambiente\/wp-content\/uploads\/2015\/12\/CA-Medio-Ambiente-ACTA-2013-junio-julio.pdf\">2013 junio 30<\/a><\/p>\n<p><a href=\"https:\/\/grupomontevideo.org\/ndca\/camedioambiente\/wp-content\/uploads\/2015\/12\/CA-Medio-Ambiente-ACTA-2012-octubre-24.pdf\">2012 octubre 24<\/a><\/p>\n<p><a href=\"https:\/\/grupomontevideo.org\/ndca\/camedioambiente\/wp-content\/uploads\/2015\/12\/Acta-reunion-CMA-C-Agua-C-Energia.pdf\">2012 mayo 24 Acta reuni\u00f3n conjunta CA Medio Ambiente, CA Aguas &amp; CA Energ\u00eda<\/a><\/p>\n<p><a href=\"https:\/\/grupomontevideo.org\/ndca\/camedioambiente\/wp-content\/uploads\/2015\/12\/CA-Medio-Ambiente-ACTA-2012-mayo-23.pdf\">2012 mayo 23<\/a><\/p>\n<p><a href=\"https:\/\/grupomontevideo.org\/ndca\/camedioambiente\/wp-content\/uploads\/2015\/12\/CA-Medio-Ambiente-ACTA-2011-mayo-3-4.pdf\">2011 mayo 3-4<\/a><\/p>\n<p><a href=\"https:\/\/grupomontevideo.org\/ndca\/camedioambiente\/wp-content\/uploads\/2015\/12\/CA-Medio-Ambiente-ACTA-2010-octubre-21-22.pdf\">2010 octubre 21-22<\/a><\/p>\n<p><a href=\"https:\/\/grupomontevideo.org\/ndca\/camedioambiente\/wp-content\/uploads\/2015\/12\/CA-Medio-Ambiente-ACTA-2010-mayo-5-6.pdf\">2010 mayo 5-6<\/a><\/p>\n<p><a href=\"https:\/\/grupomontevideo.org\/ndca\/camedioambiente\/wp-content\/uploads\/2015\/12\/CA-Medio-Ambiente-ACTA-2009-mayo-6-7.pdf\">2009 mayo 6-7<\/a><\/p>\n<p><a href=\"https:\/\/grupomontevideo.org\/ndca\/camedioambiente\/wp-content\/uploads\/2015\/12\/CA-Medio-Ambiente-ACTA-2008-setiembre-18-19-port.pdf\">2008 setiembre 18-19<\/a><\/p>\n<p><a href=\"https:\/\/grupomontevideo.org\/ndca\/camedioambiente\/wp-content\/uploads\/2015\/12\/CA-Medio-Ambiente-ACTA-2007-octubre-11.pdf\">2007 octubre 11<\/a><\/p>\n<p>2007 marzo 27-28 <a href=\"https:\/\/grupomontevideo.org\/ndca\/camedioambiente\/wp-content\/uploads\/2015\/12\/CA-Medio-Ambiente-ACTA-2007-marzo-27-28-espa\u00f1ol.pdf\">Espa\u00f1ol<\/a> \/ <a href=\"https:\/\/grupomontevideo.org\/ndca\/camedioambiente\/wp-content\/uploads\/2015\/12\/CA-Medio-Ambiente-ACTA-2007-marzo-27-28-portugu\u00e9s.pdf\">Portugu\u00e9s<\/a><\/p>\n<p><a href=\"https:\/\/grupomontevideo.org\/ndca\/camedioambiente\/wp-content\/uploads\/2015\/12\/CA-Medio-Ambiente-ACTA-2006-noviembre-13-14.pdf\">2006 noviembre 13-14<\/a><\/p>\n","protected":false},"excerpt":{"rendered":"<p>2025 &#8211; noviembre 4 2024 &#8211; noviembre 5 2023 &#8211; septiembre 13 2023 &#8211; Agosto 2023 &#8211; Julio 2023 &#8211; Junio 2023 &#8211; mayo 2&#8230;<\/p>\n","protected":false},"author":1,"featured_media":0,"parent":0,"menu_order":0,"comment_status":"closed","ping_status":"closed","template":"","meta":{"footnotes":""},"class_list":["post-14","page","type-page","status-publish","hentry"],"_links":{"self":[{"href":"https:\/\/grupomontevideo.org\/ndca\/camedioambiente\/index.php?rest_route=\/wp\/v2\/pages\/14","targetHints":{"allow":["GET"]}}],"collection":[{"href":"https:\/\/grupomontevideo.org\/ndca\/camedioambiente\/index.php?rest_route=\/wp\/v2\/pages"}],"about":[{"href":"https:\/\/grupomontevideo.org\/ndca\/camedioambiente\/index.php?rest_route=\/wp\/v2\/types\/page"}],"author":[{"embeddable":true,"href":"https:\/\/grupomontevideo.org\/ndca\/camedioambiente\/index.php?rest_route=\/wp\/v2\/users\/1"}],"replies":[{"embeddable":true,"href":"https:\/\/grupomontevideo.org\/ndca\/camedioambiente\/index.php?rest_route=%2Fwp%2Fv2%2Fcomments&post=14"}],"version-history":[{"count":19,"href":"https:\/\/grupomontevideo.org\/ndca\/camedioambiente\/index.php?rest_route=\/wp\/v2\/pages\/14\/revisions"}],"predecessor-version":[{"id":348,"href":"https:\/\/grupomontevideo.org\/ndca\/camedioambiente\/index.php?rest_route=\/wp\/v2\/pages\/14\/revisions\/348"}],"wp:attachment":[{"href":"https:\/\/grupomontevideo.org\/ndca\/camedioambiente\/index.php?rest_route=%2Fwp%2Fv2%2Fmedia&parent=14"}],"curies":[{"name":"wp","href":"https:\/\/api.w.org\/{rel}","templated":true}]}}