{"id":18,"date":"2015-12-04T19:37:06","date_gmt":"2015-12-04T19:37:06","guid":{"rendered":"http:\/\/grupomontevideo.org\/ndca\/caagroalimentario\/?page_id=18"},"modified":"2025-02-20T15:23:23","modified_gmt":"2025-02-20T15:23:23","slug":"objetivos","status":"publish","type":"page","link":"https:\/\/grupomontevideo.org\/ndca\/cagenero\/?page_id=18","title":{"rendered":"OBJETIVOS"},"content":{"rendered":"<p>&nbsp;<\/p>\n<p style=\"text-align: justify;\">Creado por resoluci\u00f3n dela XLI Reuni\u00f3n del Consejo de Rectores, UdelaR, 27 de mayo de 2005, el Comit\u00e9 Acad\u00e9mico G\u00e9nero propone para las universidades miembros de AUGM los siguientes objetivos:<\/p>\n<ul>\n<li style=\"text-align: justify;\">Promover el desarrollo y transversalizaci\u00f3n de los estudios de g\u00e9nero con vistas a la confecci\u00f3n de una agenda regional que contribuya a una creciente equidad e inclusi\u00f3n social.<\/li>\n<li style=\"text-align: justify;\">Impulsar y\/o fortalecer la perspectiva de g\u00e9nero en las funciones sustantivas de la Universidad: docencia, investigaci\u00f3n y extensi\u00f3n.<\/li>\n<li style=\"text-align: justify;\">Propender a la creaci\u00f3n y\/o institucionalizaci\u00f3n de espacios y recursos espec\u00edficos para el desarrollo de los estudios de g\u00e9nero y su articulaci\u00f3n con otr*s actores sociales.<\/li>\n<li style=\"text-align: justify;\">Contribuir a la implementaci\u00f3n de pol\u00edticas de g\u00e9nero en las universidades miembros, para lograr condiciones de trabajo y de estudio que garanticen una creciente equidad.<\/li>\n<\/ul>\n<p>[:pt]OBJETIVO DEL COMIT\u00c9<br \/>\nCrear un foro de intercambio y gesti\u00f3n de conocimientos vinculados al sector<br \/>\nagroalimentario (desde la producci\u00f3n hasta el consumidor), interdisciplinario,<br \/>\ninterinstitucional e intersectorial, que fortalezca la planificaci\u00f3n y gesti\u00f3n de<br \/>\npol\u00edticas y programas de desarrollo sostenible en Am\u00e9rica Latina.<\/p>\n<p>DESCARGUE PDF:\u00a0<a href=\"http:\/\/grupomontevideo.org\/ndca\/caagroalimentario\/wp-content\/uploads\/2013\/10\/Objetivos-y-Fundamentaci\u00f3n.pdf\">Objetivos y Fundamentaci\u00f3n<\/a><\/p>\n","protected":false},"excerpt":{"rendered":"<p>&nbsp; Creado por resoluci\u00f3n dela XLI Reuni\u00f3n del Consejo de Rectores, UdelaR, 27 de mayo de 2005, el Comit\u00e9 Acad\u00e9mico G\u00e9nero propone para las universidades&#8230;<\/p>\n","protected":false},"author":1,"featured_media":0,"parent":0,"menu_order":0,"comment_status":"closed","ping_status":"closed","template":"","meta":{"footnotes":""},"class_list":["post-18","page","type-page","status-publish","hentry"],"_links":{"self":[{"href":"https:\/\/grupomontevideo.org\/ndca\/cagenero\/index.php?rest_route=\/wp\/v2\/pages\/18","targetHints":{"allow":["GET"]}}],"collection":[{"href":"https:\/\/grupomontevideo.org\/ndca\/cagenero\/index.php?rest_route=\/wp\/v2\/pages"}],"about":[{"href":"https:\/\/grupomontevideo.org\/ndca\/cagenero\/index.php?rest_route=\/wp\/v2\/types\/page"}],"author":[{"embeddable":true,"href":"https:\/\/grupomontevideo.org\/ndca\/cagenero\/index.php?rest_route=\/wp\/v2\/users\/1"}],"replies":[{"embeddable":true,"href":"https:\/\/grupomontevideo.org\/ndca\/cagenero\/index.php?rest_route=%2Fwp%2Fv2%2Fcomments&post=18"}],"version-history":[{"count":6,"href":"https:\/\/grupomontevideo.org\/ndca\/cagenero\/index.php?rest_route=\/wp\/v2\/pages\/18\/revisions"}],"predecessor-version":[{"id":227,"href":"https:\/\/grupomontevideo.org\/ndca\/cagenero\/index.php?rest_route=\/wp\/v2\/pages\/18\/revisions\/227"}],"wp:attachment":[{"href":"https:\/\/grupomontevideo.org\/ndca\/cagenero\/index.php?rest_route=%2Fwp%2Fv2%2Fmedia&parent=18"}],"curies":[{"name":"wp","href":"https:\/\/api.w.org\/{rel}","templated":true}]}}