{"id":124,"date":"2017-05-04T15:06:05","date_gmt":"2017-05-04T15:06:05","guid":{"rendered":"http:\/\/grupomontevideo.org\/ndca\/caenergia\/?page_id=124"},"modified":"2017-05-04T15:45:10","modified_gmt":"2017-05-04T15:45:10","slug":"ponencias-xxi-seminario-cae","status":"publish","type":"page","link":"https:\/\/grupomontevideo.org\/ndca\/caenergia\/?page_id=124","title":{"rendered":"[:es]Ponencias XXI Seminario CAE[:]"},"content":{"rendered":"<p>[:es]<a href=\"https:\/\/grupomontevideo.org\/ndca\/caenergia\/wp-content\/uploads\/2017\/05\/El-sector-sucroenerg\u00e9tico-en-Brasil-ayer-hoy-y-ma\u00f1ana-Vico.pdf\" target=\"_blank\">El sector sucro energ\u00e9tico en Brasil, ayer, hoy y ma\u00f1ana <\/a><\/p>\n<p><a href=\"https:\/\/grupomontevideo.org\/ndca\/caenergia\/wp-content\/uploads\/2017\/05\/Dimensionado-el-ahorro-de-energ\u00eda-Leonardo-Assaf.pdf\" target=\"_blank\">Dimensionado el ahorro de energ\u00eda <\/a><\/p>\n<p><a href=\"https:\/\/grupomontevideo.org\/ndca\/caenergia\/wp-content\/uploads\/2017\/05\/Carlos-Wall.pdf\" target=\"_blank\">Carlos Wall<\/a><\/p>\n<p><a href=\"https:\/\/grupomontevideo.org\/ndca\/caenergia\/wp-content\/uploads\/2017\/05\/Energia-Solar-No-Brasil-UFMG.pdf\">Energia Solar No Brasil &#8211; UFMG<\/a><\/p>\n<p><a href=\"https:\/\/grupomontevideo.org\/ndca\/caenergia\/wp-content\/uploads\/2017\/05\/\u00cdndice-de-Prestaciones-Energ\u00e9ticas-IPE.-Proyecto-de-Calificaci\u00f3n-y-Certificaci\u00f3n-de-inmuebles-destinados-a-viviendas-UNR.pdf\" target=\"_blank\">\u00cdndice de Prestaciones Energ\u00e9ticas (IPE). Proyecto de Calificaci\u00f3n y Certificaci\u00f3n de inmuebles destinados a viviendas UNR<\/a><\/p>\n<p><a href=\"https:\/\/grupomontevideo.org\/ndca\/caenergia\/wp-content\/uploads\/2017\/05\/Sostenibilidad-Campus-Universitario-UNNE.pdf\" target=\"_blank\">Sostenibilidad Campus Universitario UNNE<\/a><\/p>\n<p><a href=\"https:\/\/grupomontevideo.org\/ndca\/caenergia\/wp-content\/uploads\/2017\/05\/Una-ventana-de-la-oportunidad-para-la-diversificaci\u00f3n-de-la-matriz-energetica-UNS.pdf\" target=\"_blank\">Una ventana de la oportunidad para la diversificaci\u00f3n de la matriz energetica UNS<\/a><\/p>\n<p><a href=\"https:\/\/grupomontevideo.org\/ndca\/caenergia\/wp-content\/uploads\/2017\/05\/Uruguay-la-participaci\u00f3n-de-la-Energ\u00eda-E\u00f3lica-UdelaR.pdf\" target=\"_blank\">Uruguay, la participaci\u00f3n de la Energ\u00eda E\u00f3lica &#8211; UdelaR<\/a>[:]<\/p>\n","protected":false},"excerpt":{"rendered":"<p>[:es]El sector sucro energ\u00e9tico en Brasil, ayer, hoy y ma\u00f1ana Dimensionado el ahorro de energ\u00eda Carlos Wall Energia Solar No Brasil &#8211; UFMG \u00cdndice de&#8230;<\/p>\n","protected":false},"author":1,"featured_media":0,"parent":0,"menu_order":0,"comment_status":"closed","ping_status":"closed","template":"","meta":{"footnotes":""},"class_list":["post-124","page","type-page","status-publish","hentry"],"_links":{"self":[{"href":"https:\/\/grupomontevideo.org\/ndca\/caenergia\/index.php?rest_route=\/wp\/v2\/pages\/124","targetHints":{"allow":["GET"]}}],"collection":[{"href":"https:\/\/grupomontevideo.org\/ndca\/caenergia\/index.php?rest_route=\/wp\/v2\/pages"}],"about":[{"href":"https:\/\/grupomontevideo.org\/ndca\/caenergia\/index.php?rest_route=\/wp\/v2\/types\/page"}],"author":[{"embeddable":true,"href":"https:\/\/grupomontevideo.org\/ndca\/caenergia\/index.php?rest_route=\/wp\/v2\/users\/1"}],"replies":[{"embeddable":true,"href":"https:\/\/grupomontevideo.org\/ndca\/caenergia\/index.php?rest_route=%2Fwp%2Fv2%2Fcomments&post=124"}],"version-history":[{"count":4,"href":"https:\/\/grupomontevideo.org\/ndca\/caenergia\/index.php?rest_route=\/wp\/v2\/pages\/124\/revisions"}],"predecessor-version":[{"id":136,"href":"https:\/\/grupomontevideo.org\/ndca\/caenergia\/index.php?rest_route=\/wp\/v2\/pages\/124\/revisions\/136"}],"wp:attachment":[{"href":"https:\/\/grupomontevideo.org\/ndca\/caenergia\/index.php?rest_route=%2Fwp%2Fv2%2Fmedia&parent=124"}],"curies":[{"name":"wp","href":"https:\/\/api.w.org\/{rel}","templated":true}]}}