{"id":52,"date":"2015-12-08T19:30:05","date_gmt":"2015-12-08T19:30:05","guid":{"rendered":"http:\/\/grupomontevideo.org\/ndca\/cadesarrollo\/?page_id=52"},"modified":"2024-03-20T14:27:02","modified_gmt":"2024-03-20T14:27:02","slug":"english-revista-pampa","status":"publish","type":"page","link":"https:\/\/grupomontevideo.org\/ndca\/cadesarrollo\/?page_id=52","title":{"rendered":"Revista PAMPA"},"content":{"rendered":"<p><a href=\"https:\/\/bibliotecavirtual.unl.edu.ar\/publicaciones\/index.php\/Pampa\/issue\/view\/1009\">Sitio Oficial de PAMPA<\/a><\/p>\n<p>Revista Pampa est\u00e1 incluida en Directorio y cat\u00e1logo de:<\/p>\n<ul>\n<li>LATINDEX, bajo el N\u00ba 14673, categor\u00eda I<\/li>\n<li>DIALNET, Universidad de la Rioja, Espa\u00f1a<\/li>\n<li>HAPI, Hispanic American Periodicals Index, UCLA Latin American Institute.<\/li>\n<li>RevistALAS \u2013 Red de Revistas de la Asociaci\u00f3n Latinoamericana de Sociolog\u00eda.<\/li>\n<li>Base bibliogr\u00e1fica CLASE \u2013 Citas Latinoamericanas en Ciencias Sociales y Humanidades.<\/li>\n<li>N\u00facleo B\u00e1sico de Revistas Cient\u00edficas Argentinas CONICET<\/li>\n<\/ul>\n<p>______________________________<\/p>\n<p><a href=\"http:\/\/www.augm-cadr.org.ar\/descargas\/NORMAS%20PARA%20LA%20PUBLICACION_2016(1).pdf\">Ver normas para la publicaci\u00f3n de art\u00edculos<\/a><\/p>\n","protected":false},"excerpt":{"rendered":"<p>Sitio Oficial de PAMPA Revista Pampa est\u00e1 incluida en Directorio y cat\u00e1logo de: LATINDEX, bajo el N\u00ba 14673, categor\u00eda I DIALNET, Universidad de la Rioja,&#8230;<\/p>\n","protected":false},"author":1,"featured_media":0,"parent":0,"menu_order":0,"comment_status":"closed","ping_status":"closed","template":"","meta":{"footnotes":""},"class_list":["post-52","page","type-page","status-publish","hentry"],"_links":{"self":[{"href":"https:\/\/grupomontevideo.org\/ndca\/cadesarrollo\/index.php?rest_route=\/wp\/v2\/pages\/52","targetHints":{"allow":["GET"]}}],"collection":[{"href":"https:\/\/grupomontevideo.org\/ndca\/cadesarrollo\/index.php?rest_route=\/wp\/v2\/pages"}],"about":[{"href":"https:\/\/grupomontevideo.org\/ndca\/cadesarrollo\/index.php?rest_route=\/wp\/v2\/types\/page"}],"author":[{"embeddable":true,"href":"https:\/\/grupomontevideo.org\/ndca\/cadesarrollo\/index.php?rest_route=\/wp\/v2\/users\/1"}],"replies":[{"embeddable":true,"href":"https:\/\/grupomontevideo.org\/ndca\/cadesarrollo\/index.php?rest_route=%2Fwp%2Fv2%2Fcomments&post=52"}],"version-history":[{"count":7,"href":"https:\/\/grupomontevideo.org\/ndca\/cadesarrollo\/index.php?rest_route=\/wp\/v2\/pages\/52\/revisions"}],"predecessor-version":[{"id":438,"href":"https:\/\/grupomontevideo.org\/ndca\/cadesarrollo\/index.php?rest_route=\/wp\/v2\/pages\/52\/revisions\/438"}],"wp:attachment":[{"href":"https:\/\/grupomontevideo.org\/ndca\/cadesarrollo\/index.php?rest_route=%2Fwp%2Fv2%2Fmedia&parent=52"}],"curies":[{"name":"wp","href":"https:\/\/api.w.org\/{rel}","templated":true}]}}