{"id":50,"date":"2015-12-08T19:28:12","date_gmt":"2015-12-08T19:28:12","guid":{"rendered":"http:\/\/grupomontevideo.org\/ndca\/cadesarrollo\/?page_id=50"},"modified":"2019-08-28T20:06:19","modified_gmt":"2019-08-28T20:06:19","slug":"english-actividades","status":"publish","type":"page","link":"https:\/\/grupomontevideo.org\/ndca\/cadesarrollo\/?page_id=50","title":{"rendered":"ACTIVIDADES"},"content":{"rendered":"<p style=\"text-align: justify;\"><strong>BIENAL DEL COLOQUIO DE TRANSFORMACIONES TERRITORIALES<\/strong><\/p>\n<p style=\"text-align: justify;\">Con una frecuencia bienal, el Coloquio de Transformaciones Territoriales se desarrolla para generar un \u00e1mbito en el cual se dan cita investigadores no s\u00f3lo originarios de los pa\u00edses miembros de la AUGM (Argentina, Bolivia, Brasil, Chile, Paraguay y Uruguay), sino tambi\u00e9n de otros pa\u00edses hermanos, trabajando en tem\u00e1ticas referidas a las transformaciones, al ordenamiento y al desarrollo de territorios, espec\u00edficamente del Cono de Sur.<\/p>\n<p style=\"text-align: justify;\">Este coloquio tiene por objetivo promover un encuentro de profesores, investigadores y estudiantes, contribuyendo al debate acad\u00e9mico, la ense\u00f1anza, la producci\u00f3n de conocimiento sobre el desarrollo regional, as\u00ed como al fortalecimiento de los v\u00ednculos entre las instituciones integrantes. Cada evento se aborda a partir de actividades tales como conferencias, mesas redondas y mesas tem\u00e1ticas, que propician la profundizaci\u00f3n de las discusiones.<\/p>\n<p>&nbsp;<\/p>\n<p><strong><em>Encuentro de Ciudades y Universidades de AUGM<\/em><\/strong><\/p>\n<p>El Comit\u00e9 Acad\u00e9mico de Desarrollo Regional colabora con la AUGM en el desenvolvimiento de este\u00a0<strong><em>Encuentro de Ciudades y Universidades de AUGM,<\/em><\/strong>\u00a0que se enmarca dentro la RED DE CIUDADES Y UNIVERSIDADES DE AUGM.<\/p>\n<p>Planteado como un espacio de encuentro entre las autoridades de los gobiernos locales y de las Universidades que conforman la red AUGM, el\u00a0<strong><em>Encuentro de Ciudades y Universidades de AUGM<\/em><\/strong>, propone consolidar un espacio inicial de di\u00e1logo, intercambio y an\u00e1lisis de propuestas de cooperaci\u00f3n en el entramado ciudades\/ gobiernos locales\/ Universidad, considerando los factores comunes de las ciudades que cuentan con las Universidades de referencia.<\/p>\n<p>Entre los\u00a0<strong>objetivos<\/strong>\u00a0del Encuentro se distinguen:<\/p>\n<ul>\n<li>Conformar un espacio de encuentro y di\u00e1logo entre las ciudades y las universidades que tengan sede en su jurisdicci\u00f3n y con sus iguales de otras ciudades y universidades.<\/li>\n<li>Compartir experiencias de trabajo articulado entre la Universidad y el Gobierno Local en la resoluci\u00f3n de problem\u00e1ticas y demandas de los ciudadanos.<\/li>\n<li>Promover la transferencia de conocimientos, experiencias, herramientas, equipamiento desarrollado por la universidad y la ciudad que puedan ser replicables o utilizadas en otras ciudades.<\/li>\n<li>Promover el intercambio de funcionarios entre ciudades con el objeto de compartir conocimientos y experiencias exitosas de gesti\u00f3n.<\/li>\n<li>Crear programas de estudio avanzado en los temas municipales y de los gobiernos locales (con las competencias acad\u00e9micas radicadas en las universidades pero con fuerte aporte desde los \u00e1mbitos municipales).<\/li>\n<li>Promover el intercambio y la sinergia entre ciudades y universidades de la AUGM en todos sus aspectos (deportivo, cultural, econ\u00f3mico, productivo, ambiental, urbano, etc).<\/li>\n<\/ul>\n<p>&nbsp;<\/p>\n<p style=\"text-align: justify;\">\n","protected":false},"excerpt":{"rendered":"<p>BIENAL DEL COLOQUIO DE TRANSFORMACIONES TERRITORIALES Con una frecuencia bienal, el Coloquio de Transformaciones Territoriales se desarrolla para generar un \u00e1mbito en el cual se&#8230;<\/p>\n","protected":false},"author":1,"featured_media":0,"parent":0,"menu_order":0,"comment_status":"closed","ping_status":"closed","template":"","meta":{"footnotes":""},"class_list":["post-50","page","type-page","status-publish","hentry"],"_links":{"self":[{"href":"https:\/\/grupomontevideo.org\/ndca\/cadesarrollo\/index.php?rest_route=\/wp\/v2\/pages\/50","targetHints":{"allow":["GET"]}}],"collection":[{"href":"https:\/\/grupomontevideo.org\/ndca\/cadesarrollo\/index.php?rest_route=\/wp\/v2\/pages"}],"about":[{"href":"https:\/\/grupomontevideo.org\/ndca\/cadesarrollo\/index.php?rest_route=\/wp\/v2\/types\/page"}],"author":[{"embeddable":true,"href":"https:\/\/grupomontevideo.org\/ndca\/cadesarrollo\/index.php?rest_route=\/wp\/v2\/users\/1"}],"replies":[{"embeddable":true,"href":"https:\/\/grupomontevideo.org\/ndca\/cadesarrollo\/index.php?rest_route=%2Fwp%2Fv2%2Fcomments&post=50"}],"version-history":[{"count":4,"href":"https:\/\/grupomontevideo.org\/ndca\/cadesarrollo\/index.php?rest_route=\/wp\/v2\/pages\/50\/revisions"}],"predecessor-version":[{"id":224,"href":"https:\/\/grupomontevideo.org\/ndca\/cadesarrollo\/index.php?rest_route=\/wp\/v2\/pages\/50\/revisions\/224"}],"wp:attachment":[{"href":"https:\/\/grupomontevideo.org\/ndca\/cadesarrollo\/index.php?rest_route=%2Fwp%2Fv2%2Fmedia&parent=50"}],"curies":[{"name":"wp","href":"https:\/\/api.w.org\/{rel}","templated":true}]}}