{"id":46,"date":"2015-12-08T19:27:04","date_gmt":"2015-12-08T19:27:04","guid":{"rendered":"http:\/\/grupomontevideo.org\/ndca\/cadesarrollo\/?page_id=46"},"modified":"2025-02-20T15:15:28","modified_gmt":"2025-02-20T15:15:28","slug":"lineas-de-trabajo","status":"publish","type":"page","link":"https:\/\/grupomontevideo.org\/ndca\/cadesarrollo\/?page_id=46","title":{"rendered":"LINEAS DE TRABAJO"},"content":{"rendered":"<p>El Comit\u00e9 Acad\u00e9mico de Desarrollo Regional de la AUGM aborda, desde un enfoque multi e interdisciplinario, los siguientes lineamientos tem\u00e1ticos:<\/p>\n<ul>\n<li>Ordenamiento territorial y gesti\u00f3n urbana<\/li>\n<li>Transformaciones en los modelos de producci\u00f3n y acumulaci\u00f3n<\/li>\n<li>Desarrollo rural y la cuesti\u00f3n agraria<\/li>\n<li>Desarrollo territorial<\/li>\n<li>Patrimonio, cultura e identidades<\/li>\n<li>Gesti\u00f3n de riesgos y sustentabilidad ambiental.<\/li>\n<li>Sistemas de innovaci\u00f3n regional y desarrollo<\/li>\n<\/ul>\n<p>En torno a estas l\u00edneas tem\u00e1ticas este Comit\u00e9 Acad\u00e9mico desarrolla un gran n\u00famero de acciones tales como la realizaci\u00f3n de la Bienal del Coloquio de Transformaciones Territoriales, la formaci\u00f3n de Recursos Humanos; la producci\u00f3n y transferencia de conocimiento (en base a sus publicaciones y eventos acad\u00e9micos); la colaboraci\u00f3n en las Jornadas de J\u00f3venes Investigadores; ejecuci\u00f3n de un Observatorio Urbano de Transferencias e Innovaciones Tecnol\u00f3gico-Sociales.<\/p>\n","protected":false},"excerpt":{"rendered":"<p>El Comit\u00e9 Acad\u00e9mico de Desarrollo Regional de la AUGM aborda, desde un enfoque multi e interdisciplinario, los siguientes lineamientos tem\u00e1ticos: Ordenamiento territorial y gesti\u00f3n urbana&#8230;<\/p>\n","protected":false},"author":1,"featured_media":0,"parent":0,"menu_order":0,"comment_status":"closed","ping_status":"closed","template":"","meta":{"footnotes":""},"class_list":["post-46","page","type-page","status-publish","hentry"],"_links":{"self":[{"href":"https:\/\/grupomontevideo.org\/ndca\/cadesarrollo\/index.php?rest_route=\/wp\/v2\/pages\/46","targetHints":{"allow":["GET"]}}],"collection":[{"href":"https:\/\/grupomontevideo.org\/ndca\/cadesarrollo\/index.php?rest_route=\/wp\/v2\/pages"}],"about":[{"href":"https:\/\/grupomontevideo.org\/ndca\/cadesarrollo\/index.php?rest_route=\/wp\/v2\/types\/page"}],"author":[{"embeddable":true,"href":"https:\/\/grupomontevideo.org\/ndca\/cadesarrollo\/index.php?rest_route=\/wp\/v2\/users\/1"}],"replies":[{"embeddable":true,"href":"https:\/\/grupomontevideo.org\/ndca\/cadesarrollo\/index.php?rest_route=%2Fwp%2Fv2%2Fcomments&post=46"}],"version-history":[{"count":2,"href":"https:\/\/grupomontevideo.org\/ndca\/cadesarrollo\/index.php?rest_route=\/wp\/v2\/pages\/46\/revisions"}],"predecessor-version":[{"id":515,"href":"https:\/\/grupomontevideo.org\/ndca\/cadesarrollo\/index.php?rest_route=\/wp\/v2\/pages\/46\/revisions\/515"}],"wp:attachment":[{"href":"https:\/\/grupomontevideo.org\/ndca\/cadesarrollo\/index.php?rest_route=%2Fwp%2Fv2%2Fmedia&parent=46"}],"curies":[{"name":"wp","href":"https:\/\/api.w.org\/{rel}","templated":true}]}}