{"id":18,"date":"2015-12-04T19:37:06","date_gmt":"2015-12-04T19:37:06","guid":{"rendered":"http:\/\/grupomontevideo.org\/ndca\/caagroalimentario\/?page_id=18"},"modified":"2026-03-04T16:03:59","modified_gmt":"2026-03-04T16:03:59","slug":"objetivos","status":"publish","type":"page","link":"https:\/\/grupomontevideo.org\/ndca\/cadesarrollo\/?page_id=18","title":{"rendered":"OBJETIVOS"},"content":{"rendered":"<p>Creado por resoluci\u00f3n de la X Reuni\u00f3n del Consejo de Rectores, UNER, 21 de setiembre de 1994.<\/p>\n<p>El Comit\u00e9 Acad\u00e9mico de Desarrollo Regional persigue dentro de sus objetivos:<\/p>\n<ul>\n<li style=\"text-align: justify;\">Promover el conocimiento sobre el desarrollo regional, la coordinaci\u00f3n de recursos de capacitaci\u00f3n, investigaci\u00f3n y extensi\u00f3n de las universidades miembro, y el fortalecimiento de v\u00ednculos cient\u00edfico-acad\u00e9micos con organizaciones gubernamentales y no gubernamentales.<\/li>\n<li style=\"text-align: justify;\">Contribuir al desarrollo y a la integraci\u00f3n regional, tomando estos aspectos como centro del debate<\/li>\n<li style=\"text-align: justify;\">Difundir a la comunidad cient\u00edfica y a la sociedad los avances en el conocimiento y las experiencias logradas en el \u00e1rea tem\u00e1tica particular<\/li>\n<li style=\"text-align: justify;\">Contribuir al desarrollo y producci\u00f3n acad\u00e9mica y formaci\u00f3n de recursos humanos.<\/li>\n<li style=\"text-align: justify;\">Generar y fomentar espacios donde se desarrollen y consoliden acciones de integraci\u00f3n bilateral y multilateral<\/li>\n<\/ul>\n<p>OBJETIVO DEL COMIT\u00c9<br \/>\nCrear un foro de intercambio y gesti\u00f3n de conocimientos vinculados al sector<br \/>\nagroalimentario (desde la producci\u00f3n hasta el consumidor), interdisciplinario,<br \/>\ninterinstitucional e intersectorial, que fortalezca la planificaci\u00f3n y gesti\u00f3n de<br \/>\npol\u00edticas y programas de desarrollo sostenible en Am\u00e9rica Latina.<\/p>\n<p>DESCARGUE PDF:\u00a0<a href=\"http:\/\/grupomontevideo.org\/ndca\/caagroalimentario\/wp-content\/uploads\/2013\/10\/Objetivos-y-Fundamentaci\u00f3n.pdf\">Objetivos y Fundamentaci\u00f3n<\/a><\/p>\n","protected":false},"excerpt":{"rendered":"<p>Creado por resoluci\u00f3n de la X Reuni\u00f3n del Consejo de Rectores, UNER, 21 de setiembre de 1994. El Comit\u00e9 Acad\u00e9mico de Desarrollo Regional persigue dentro&#8230;<\/p>\n","protected":false},"author":1,"featured_media":0,"parent":0,"menu_order":0,"comment_status":"closed","ping_status":"closed","template":"","meta":{"footnotes":""},"class_list":["post-18","page","type-page","status-publish","hentry"],"_links":{"self":[{"href":"https:\/\/grupomontevideo.org\/ndca\/cadesarrollo\/index.php?rest_route=\/wp\/v2\/pages\/18","targetHints":{"allow":["GET"]}}],"collection":[{"href":"https:\/\/grupomontevideo.org\/ndca\/cadesarrollo\/index.php?rest_route=\/wp\/v2\/pages"}],"about":[{"href":"https:\/\/grupomontevideo.org\/ndca\/cadesarrollo\/index.php?rest_route=\/wp\/v2\/types\/page"}],"author":[{"embeddable":true,"href":"https:\/\/grupomontevideo.org\/ndca\/cadesarrollo\/index.php?rest_route=\/wp\/v2\/users\/1"}],"replies":[{"embeddable":true,"href":"https:\/\/grupomontevideo.org\/ndca\/cadesarrollo\/index.php?rest_route=%2Fwp%2Fv2%2Fcomments&post=18"}],"version-history":[{"count":7,"href":"https:\/\/grupomontevideo.org\/ndca\/cadesarrollo\/index.php?rest_route=\/wp\/v2\/pages\/18\/revisions"}],"predecessor-version":[{"id":539,"href":"https:\/\/grupomontevideo.org\/ndca\/cadesarrollo\/index.php?rest_route=\/wp\/v2\/pages\/18\/revisions\/539"}],"wp:attachment":[{"href":"https:\/\/grupomontevideo.org\/ndca\/cadesarrollo\/index.php?rest_route=%2Fwp%2Fv2%2Fmedia&parent=18"}],"curies":[{"name":"wp","href":"https:\/\/api.w.org\/{rel}","templated":true}]}}