{"id":16,"date":"2015-12-04T19:36:59","date_gmt":"2015-12-04T19:36:59","guid":{"rendered":"http:\/\/grupomontevideo.org\/ndca\/caagroalimentario\/?page_id=16"},"modified":"2026-03-20T15:02:30","modified_gmt":"2026-03-20T15:02:30","slug":"integrantes","status":"publish","type":"page","link":"https:\/\/grupomontevideo.org\/ndca\/cadesarrollo\/?page_id=16","title":{"rendered":"INTEGRANTES"},"content":{"rendered":"<p><strong>Coordinado por la Universidad de Buenos Aires, Argentina:<\/strong><br \/>\n<strong><a href=\"mailto:ptrabajo@yahoo.com.ar\">Marta Panaia<\/a><\/strong><\/p>\n<hr \/>\n<p><strong><br \/>\nARGENTINA:<\/strong><\/p>\n<p><strong>UBA:<\/strong><br \/>\n<a href=\"mailto:ptrabajo@yahoo.com.ar\">Marta Panaia<\/a><\/p>\n<p><strong>UNC:<\/strong><a href=\"mailto:miriamliborio@gmail.com\"><br \/>\n<\/a><a href=\"mailto:jconrero@agro.unc.edu.ar;jmconrero@unc.edu.ar\">Juan Marcelo Conrero<\/a> &#8211; Designado 22.06.23<br \/>\n<a href=\"mailto:jlnavarrete@unc.edu.ar\">Jos\u00e9 Luis Navarrete<\/a> &#8211; Designado 22.06.23<\/p>\n<p>UNCA:<br \/>\n<a href=\"mailto:mmontivero@tecno.unca.edu.ar\">Marcela Montivero<\/a> &#8211; Designada 20.05.25<\/p>\n<p><strong>UNCuyo:<br \/>\n<\/strong><a href=\"mailto:pablo.salvador@fce.uncu.edu.ar\">Pablo Federico Salvador<\/a> &#8211; Designado 17.05.23<br \/>\n<a href=\"mailto:pepeperlino@gmail.com\">Jos\u00e9 \u00c1ngel Perlino<\/a> &#8211; Designado 17.05.23<\/p>\n<p><strong>UNER:<\/strong><br \/>\n<a href=\"mailto:magdalena.reta@gmail.com\">Magdalena Reta<\/a>\u00a0&#8211;\u00a0Ratificada 09.04.14<br \/>\n<a href=\"mailto:nestoradominguez@hotmail.com\">N\u00e9stor Dom\u00ednguez<\/a>\u00a0&#8211;\u00a0Ratificado 09.04.14<br \/>\n<a href=\"mailto:germanorsini@gmail.com\">Germ\u00e1n Orsini<\/a>\u00a0&#8211; Designado\u00a011.02.16<\/p>\n<p><strong>UNL:<\/strong><br \/>\n<a href=\"mailto:jvigil@fce.unl.edu.ar\">Jos\u00e9 Ignacio Vigil<\/a> &#8211; Ratificado 08.11.22<br \/>\n<a href=\"mailto:andelfino@yahoo.com.ar\">Mar\u00eda Andrea Delfino<\/a> &#8211; Designada 08.11.22<\/p>\n<p><strong>UNLP:<\/strong><br \/>\n<a href=\"mailto:ilopez.arqui@gmail.com\">Isabel Lopez<\/a> &#8211; Designada 08.07.25<br \/>\n<a href=\"mailto:jcetulain@hotmail.com\">Juan Carlos Etulain<\/a>\u00a0&#8211; Ratificado 08.07.25 01.06.16<\/p>\n<p><strong>UNNE:<\/strong><br \/>\n<a href=\"mailto:mberent@unne.edu.ar\">Mario Berent<\/a> &#8211; Designado 21.06.23<br \/>\n<a href=\"mailto:huaira2003@gmail.com\">Mart\u00edn Sebasti\u00e1n Flores Barber\u00e1n<\/a> &#8211; Designado 21.06.23<\/p>\n<p><strong>UNNOBA:<\/strong><br \/>\n<a href=\"mailto:silcarrizo@yahoo.com\">Silvina Carrizo<\/a> &#8211; Designada 27.08.18<br \/>\n<a href=\"mailto:melinayuln@yahoo.com.ar\">Melina Yuln<\/a> &#8211; Designada 27.08.18<\/p>\n<p><strong>UNQ:<br \/>\n<\/strong><a href=\"mailto:cristina.carballo@unq.edu.ar\">Cristina Carballo<\/a> &#8211; Designada 10.07.19<br \/>\n<strong><br \/>\nUNR:<\/strong><br \/>\n<a href=\"mailto:oscar.bragos01@gmail.com\">Oscar Bragos<\/a> &#8211; Ratificado 25.08.25<\/p>\n<p><strong>UNS:<br \/>\n<\/strong><a href=\"mailto:lilianascoponi@gmail.com\">Liliana Scoponi<\/a> &#8211; Designada 26.02.25<br \/>\n<a href=\"mailto:ltdesco@criba.edu.ar\">Lorena Tedesco<\/a> &#8211;\u00a0 Designada 26.02.25<\/p>\n<p><strong>UNSL:<\/strong><br \/>\n<a href=\"mailto:jorgeraulolguin@gmail.com\">Jorge Ra\u00fal Olgu\u00edn<\/a> &#8211; Designado 10.07.18<\/p>\n<p><strong>UNT:<br \/>\n<\/strong><a href=\"mailto:igonzalezalvo@herrera.unt.edu.ar\">In\u00e9s Gonz\u00e1lez Alvo<\/a> &#8211; Designada 24.07.25<\/p>\n<p><strong><br \/>\nBOLIVIA:<\/strong><\/p>\n<p><strong>UMSS:<br \/>\n<\/strong><a href=\"mailto:c.acevedo@umss.edu\">Carlos Gonzalo Acevedo Pe\u00f1a<\/a> &#8211; Designado 09.08.24<br \/>\n<strong><br \/>\n<\/strong><\/p>\n<p><strong>USFX:<\/strong><br \/>\n<a href=\"mailto:prieto.marco@usfx.bo\">Marco Antonio Prieto M\u00e9rida<\/a> &#8211; Designado 14.09.21<\/p>\n<p><strong><br \/>\nBRASIL:<\/strong><\/p>\n<p><strong>UFG:<\/strong><br \/>\n<a href=\"mailto:andrealucena@ufg.br\">Andrea Freire Lucena<\/a> &#8211; Designada 23.08.23<br \/>\n<a href=\"mailto:bittencourtrafael@ufg.br\">Rafael Bittencourt Rodrigues Lopes<\/a> &#8211; Designado 23.08.23<\/p>\n<p><strong>UFMG:<br \/>\n<\/strong><a href=\"mailto:fcimini@cedeplar.ufmg.br\">Fernanda Cimini<\/a> &#8211; Designada 28.07.22<strong><br \/>\n<\/strong><\/p>\n<p><strong>UFPEL:<\/strong><br \/>\n<a href=\"mailto:gilbertocollares@gmail.com\">Gilberto Loguercio Collares<\/a> &#8211; Designado 22.07.25<br \/>\n<a href=\"mailto:fernandoigansi@gmail.com\">Fernando Ignasi<\/a> &#8211; Designado 22.07.25<\/p>\n<p><strong>UFPR:<br \/>\n<\/strong><a href=\"mailto:olgafirk@ufpr.br\">Olga Firkowsky<\/a><br \/>\n<a href=\"mailto:alefilla@yahoo.com\">Alessandro Filla Rosaneli<\/a><\/p>\n<p><strong>UFRGS:<br \/>\n<\/strong><a href=\"mailto:paulo.soares@ufrgs.br\">Paulo Roberto Rodrigues Soares<\/a>\u00a0&#8211;\u00a0Designado 09.03.12<\/p>\n<p><strong>UFRJ:<\/strong><br \/>\n<a href=\"mailto:mviniciustorres@direito.ufrj.br\">Marcos Vinicius Torres Pereira<\/a> &#8211; Designado 01.04.21<br \/>\n<a href=\"mailto:hipolitaufrj@gmail.com\">Hip\u00f3lita Siqueira de Oliveira<\/a>\u00a0&#8211; Designada 01.04.21<\/p>\n<p><strong>UFSCar:<\/strong><br \/>\n<a href=\"mailto:ricougo@ufscar.br;ricougo@yahoo.com.br\">Carlos Henrique Costa da Silva<\/a> &#8211; Designada 03.03.22<\/p>\n<p><strong>UFSM:<\/strong><br \/>\n<a href=\"mailto:marcoavf@hotmail.com\">Marco Ant\u00f4nio Verardi Fialho<\/a> &#8211; Ratificado 20.05.19<br \/>\n<a href=\"mailto:monica@ufsm.br\">M\u00f4nica Elisa Dias Pons<\/a> &#8211; Designada 20.05.19<br \/>\n<a href=\"mailto:jmarcos.froehlich@gmail.com\">Jos\u00e9 Marcos Froehlich<\/a> &#8211; Designado 20.05.19<\/p>\n<p><strong>UnB:<\/strong><br \/>\n<a href=\"mailto:edbias@unb.br\">Edilson de Souza Bias<\/a> &#8211; Designado 16.05.25<\/p>\n<p><strong>UNICAMP:<\/strong><br \/>\n<a href=\"mailto:humbmn@unicamp.br\">Humberto Miranda<\/a> &#8211; Designado 05.05.22<\/p>\n<p><strong><br \/>\nCHILE:<\/strong><\/p>\n<p><strong>UChile:<br \/>\n<\/strong><a href=\"mailto:jlarenas@uchilefau.cl\">Jorge Larenas Salas<\/a> &#8211; Ratificado 05.08.22<\/p>\n<p><strong>USACH:<br \/>\n<\/strong><a href=\"mailto:juan.garces@usach.cl\">Juan Jos\u00e9 Garces<\/a> &#8211; Designado 01.07.25<\/p>\n<p><strong><br \/>\nPARAGUAY:<\/strong><\/p>\n<p><strong>UNA:<\/strong><br \/>\n<a href=\"mailto: czarate@arq.una.py\">Carlos Alberto Z\u00e1rate<\/a>\u00a0&#8211; Ratificado 28.05.18<br \/>\n<a href=\"mailto:magdalenarivarola@gmail.com\">Mar\u00eda Magdalena Rivarola Franco<\/a> &#8211; Designada 04.05.22<\/p>\n<p><strong>UNE:<br \/>\n<\/strong><a href=\"mailto:andreanatalia.rios@fceune.edu.py\">Andrea Natalia R\u00edos Ram\u00edrez<\/a> &#8211; Ratificada 13.04.21<\/p>\n<p><strong><br \/>\nURUGUAY:<\/strong><\/p>\n<p><strong>UdelaR:<br \/>\n<\/strong><a href=\"mailto:alberto@fcs.edu.uy\">Alberto Riella<br \/>\n<\/a><a href=\"mailto:mtubio@gmail.com\">Mauricio Tub\u00edo<\/a>\u00a0&#8211;\u00a0Designado 19.05.15<\/p>\n<p><strong>\u00a0<\/strong><\/p>\n<p>&nbsp;<\/p>\n","protected":false},"excerpt":{"rendered":"<p>Coordinado por la Universidad de Buenos Aires, Argentina: Marta Panaia ARGENTINA: UBA: Marta Panaia UNC: Juan Marcelo Conrero &#8211; Designado 22.06.23 Jos\u00e9 Luis Navarrete &#8211;&#8230;<\/p>\n","protected":false},"author":1,"featured_media":0,"parent":0,"menu_order":0,"comment_status":"closed","ping_status":"closed","template":"","meta":{"footnotes":""},"class_list":["post-16","page","type-page","status-publish","hentry"],"_links":{"self":[{"href":"https:\/\/grupomontevideo.org\/ndca\/cadesarrollo\/index.php?rest_route=\/wp\/v2\/pages\/16","targetHints":{"allow":["GET"]}}],"collection":[{"href":"https:\/\/grupomontevideo.org\/ndca\/cadesarrollo\/index.php?rest_route=\/wp\/v2\/pages"}],"about":[{"href":"https:\/\/grupomontevideo.org\/ndca\/cadesarrollo\/index.php?rest_route=\/wp\/v2\/types\/page"}],"author":[{"embeddable":true,"href":"https:\/\/grupomontevideo.org\/ndca\/cadesarrollo\/index.php?rest_route=\/wp\/v2\/users\/1"}],"replies":[{"embeddable":true,"href":"https:\/\/grupomontevideo.org\/ndca\/cadesarrollo\/index.php?rest_route=%2Fwp%2Fv2%2Fcomments&post=16"}],"version-history":[{"count":89,"href":"https:\/\/grupomontevideo.org\/ndca\/cadesarrollo\/index.php?rest_route=\/wp\/v2\/pages\/16\/revisions"}],"predecessor-version":[{"id":540,"href":"https:\/\/grupomontevideo.org\/ndca\/cadesarrollo\/index.php?rest_route=\/wp\/v2\/pages\/16\/revisions\/540"}],"wp:attachment":[{"href":"https:\/\/grupomontevideo.org\/ndca\/cadesarrollo\/index.php?rest_route=%2Fwp%2Fv2%2Fmedia&parent=16"}],"curies":[{"name":"wp","href":"https:\/\/api.w.org\/{rel}","templated":true}]}}