{"id":46,"date":"2015-12-07T22:16:55","date_gmt":"2015-12-07T22:16:55","guid":{"rendered":"http:\/\/grupomontevideo.org\/ndca\/cacienciaspoliticasysociales\/?page_id=46"},"modified":"2025-02-20T15:12:51","modified_gmt":"2025-02-20T15:12:51","slug":"reuniones-comite","status":"publish","type":"page","link":"https:\/\/grupomontevideo.org\/ndca\/cacienciaspoliticasysociales\/?page_id=46","title":{"rendered":"Reuniones"},"content":{"rendered":"<p><strong>Reuni\u00f3n 2018<\/strong><\/p>\n<p>Lunes 10 de setiembre del corriente, en la Sede de Gobierno de la Universidad Nacional de Rosario, iniciando sus actividades a las 9,00 de la ma\u00f1ana.<\/p>\n<p><em>La reuni\u00f3n tendr\u00e1 como puntos de debate:<\/em><\/p>\n<ul>\n<li><em>Balance y Perspectivas del Comit\u00e9 frente a las diversas realidades universitarias.<\/em><\/li>\n<li><em>Creaci\u00f3n de los grupos tem\u00e1ticos del Comit\u00e9.<\/em><\/li>\n<li><em>Participaci\u00f3n del Comit\u00e9 en los programas de la AUGM.<\/em><\/li>\n<li><em>Evaluaci\u00f3n de la participaci\u00f3n del Comit\u00e9 en las Jornadas de J\u00f3venes Investigadores de la AUGM 2018.<\/em><\/li>\n<li><em>Dem\u00e1s puntos presentados por los participantes.<\/em><\/li>\n<\/ul>\n<p><em>Esta reuni\u00f3n coincide con la realizaci\u00f3n del XIII Congreso Nacional y VI Internacional Sobre Democracia que convoca la Facultad de Ciencia Pol\u00edtica y Relaciones Internacionales de la Universidad Nacional de Rosario &#8211; <a href=\"https:\/\/fcpolit.unr.edu.ar\/congreso\/\">https:\/\/fcpolit.unr.edu.ar\/congreso\/<\/a>.<\/em><\/p>\n<p><strong>En el mismo se llevar\u00e1 a cabo el III Simposio del Comit\u00e9 de Ciencias Pol\u00edticas y Sociales de la AUGM el d\u00eda martes 11 (dos bloques horarios a partir de las 9,00 horas) en el que se dar\u00e1 continuidad a los Simposios precedentes. En el mismo expondr\u00e1n los delegados ante el Comit\u00e9 asistentes y se procurar\u00e1 que del mismo se pueda realizar una publicaci\u00f3n electr\u00f3nica de alto alcance. El tema del mismo es: \u201cLa Democracia en Am\u00e9rica del Sur: evaluaci\u00f3n de sus perspectivas\u201d.<\/strong><\/p>\n<p><strong>Reuni\u00f3n 2016<\/strong><\/p>\n<p>Fecha: 5 y 6 de diciembre de 2016 Local: <span style=\"color: #222222;\">Universidad Federal de Rio Grande do Sul, Porto Alegre, Brasil.<\/span>\u00a0Hor\u00e1rio: 9h<\/p>\n<p><strong><strong>Reuni\u00f3n<\/strong>\u00a02015\u00a0<\/strong><\/p>\n<p>Fecha: 15 y 16 de abril de 2015 Local: <span style=\"color: #222222;\">Universidad Federal de Rio Grande do Sul, ciudad de Porto Alegre, Brasil.<\/span>\u00a0Hor\u00e1rio: 9h<\/p>\n<p><strong>Reuni\u00f3n\u00a02013<\/strong><\/p>\n<p>Fecha: 20 de Julio del 2013 Hora:15h Lugar: Sala de aula 5 de la Facultad de Trabajo Social, en la Universidad Nacional de Entre Rios, Paran\u00e1, Argentina. Pauta: 1) Informes; 2) evaluaci\u00f3n del plan de trabajo del comit\u00e9; 3) articulaci\u00f3n de los cursos de ciencia pol\u00edtica y sociales de los pa\u00edses de AUGM; 4) organizaci\u00f3n de las pr\u00f3ximas actividades; 5) asuntos generales.<\/p>\n","protected":false},"excerpt":{"rendered":"<p>Reuni\u00f3n 2018 Lunes 10 de setiembre del corriente, en la Sede de Gobierno de la Universidad Nacional de Rosario, iniciando sus actividades a las 9,00&#8230;<\/p>\n","protected":false},"author":1,"featured_media":0,"parent":0,"menu_order":0,"comment_status":"closed","ping_status":"closed","template":"","meta":{"footnotes":""},"class_list":["post-46","page","type-page","status-publish","hentry"],"_links":{"self":[{"href":"https:\/\/grupomontevideo.org\/ndca\/cacienciaspoliticasysociales\/index.php?rest_route=\/wp\/v2\/pages\/46","targetHints":{"allow":["GET"]}}],"collection":[{"href":"https:\/\/grupomontevideo.org\/ndca\/cacienciaspoliticasysociales\/index.php?rest_route=\/wp\/v2\/pages"}],"about":[{"href":"https:\/\/grupomontevideo.org\/ndca\/cacienciaspoliticasysociales\/index.php?rest_route=\/wp\/v2\/types\/page"}],"author":[{"embeddable":true,"href":"https:\/\/grupomontevideo.org\/ndca\/cacienciaspoliticasysociales\/index.php?rest_route=\/wp\/v2\/users\/1"}],"replies":[{"embeddable":true,"href":"https:\/\/grupomontevideo.org\/ndca\/cacienciaspoliticasysociales\/index.php?rest_route=%2Fwp%2Fv2%2Fcomments&post=46"}],"version-history":[{"count":6,"href":"https:\/\/grupomontevideo.org\/ndca\/cacienciaspoliticasysociales\/index.php?rest_route=\/wp\/v2\/pages\/46\/revisions"}],"predecessor-version":[{"id":230,"href":"https:\/\/grupomontevideo.org\/ndca\/cacienciaspoliticasysociales\/index.php?rest_route=\/wp\/v2\/pages\/46\/revisions\/230"}],"wp:attachment":[{"href":"https:\/\/grupomontevideo.org\/ndca\/cacienciaspoliticasysociales\/index.php?rest_route=%2Fwp%2Fv2%2Fmedia&parent=46"}],"curies":[{"name":"wp","href":"https:\/\/api.w.org\/{rel}","templated":true}]}}