{"id":18,"date":"2015-12-04T19:37:06","date_gmt":"2015-12-04T19:37:06","guid":{"rendered":"http:\/\/grupomontevideo.org\/ndca\/caagroalimentario\/?page_id=18"},"modified":"2026-03-04T12:07:56","modified_gmt":"2026-03-04T12:07:56","slug":"objetivos","status":"publish","type":"page","link":"https:\/\/grupomontevideo.org\/ndca\/caatencionprimaria\/?page_id=18","title":{"rendered":"OBJETIVOS"},"content":{"rendered":"<p style=\"text-align: justify;\">Creado por resoluci\u00f3n de la LV Reuni\u00f3n del Consejo de Rectores, UFMG, 10-11 de diciembre de 2009.<\/p>\n<p style=\"text-align: justify;\">El car\u00e1cter esencialmente Multidisciplinario de la APS y su desarrollo en cada uno de los pa\u00edses de la regi\u00f3n, as\u00ed como los \u00e1mbitos acad\u00e9micos relacionados, es diverso y diversa la acumulaci\u00f3n de recursos, las \u00e1reas de profundizaci\u00f3n y progreso. Por lo que representa una gran riqueza poder mantener un v\u00ednculo de intercambio, que permita el crecimiento de esta \u00e1rea del conocimiento, fortaleciendo la resoluci\u00f3n de las diversas problem\u00e1ticas de orden local y regional. Creado por resoluci\u00f3n de la LV Reuni\u00f3n del Consejo de Rectores, UFMG, 10-11 de diciembre de 2009.<\/p>\n<p>&nbsp;<\/p>\n","protected":false},"excerpt":{"rendered":"<p>Creado por resoluci\u00f3n de la LV Reuni\u00f3n del Consejo de Rectores, UFMG, 10-11 de diciembre de 2009. El car\u00e1cter esencialmente Multidisciplinario de la APS y&#8230;<\/p>\n","protected":false},"author":1,"featured_media":0,"parent":0,"menu_order":0,"comment_status":"closed","ping_status":"closed","template":"","meta":{"footnotes":""},"class_list":["post-18","page","type-page","status-publish","hentry"],"_links":{"self":[{"href":"https:\/\/grupomontevideo.org\/ndca\/caatencionprimaria\/index.php?rest_route=\/wp\/v2\/pages\/18","targetHints":{"allow":["GET"]}}],"collection":[{"href":"https:\/\/grupomontevideo.org\/ndca\/caatencionprimaria\/index.php?rest_route=\/wp\/v2\/pages"}],"about":[{"href":"https:\/\/grupomontevideo.org\/ndca\/caatencionprimaria\/index.php?rest_route=\/wp\/v2\/types\/page"}],"author":[{"embeddable":true,"href":"https:\/\/grupomontevideo.org\/ndca\/caatencionprimaria\/index.php?rest_route=\/wp\/v2\/users\/1"}],"replies":[{"embeddable":true,"href":"https:\/\/grupomontevideo.org\/ndca\/caatencionprimaria\/index.php?rest_route=%2Fwp%2Fv2%2Fcomments&post=18"}],"version-history":[{"count":8,"href":"https:\/\/grupomontevideo.org\/ndca\/caatencionprimaria\/index.php?rest_route=\/wp\/v2\/pages\/18\/revisions"}],"predecessor-version":[{"id":250,"href":"https:\/\/grupomontevideo.org\/ndca\/caatencionprimaria\/index.php?rest_route=\/wp\/v2\/pages\/18\/revisions\/250"}],"wp:attachment":[{"href":"https:\/\/grupomontevideo.org\/ndca\/caatencionprimaria\/index.php?rest_route=%2Fwp%2Fv2%2Fmedia&parent=18"}],"curies":[{"name":"wp","href":"https:\/\/api.w.org\/{rel}","templated":true}]}}