{"id":16,"date":"2015-12-04T19:36:59","date_gmt":"2015-12-04T19:36:59","guid":{"rendered":"http:\/\/grupomontevideo.org\/ndca\/caagroalimentario\/?page_id=16"},"modified":"2025-10-30T14:00:57","modified_gmt":"2025-10-30T14:00:57","slug":"integrantes","status":"publish","type":"page","link":"https:\/\/grupomontevideo.org\/ndca\/caatencionprimaria\/?page_id=16","title":{"rendered":"INTEGRANTES"},"content":{"rendered":"<p><strong>Coordinado por la Universidad Nacional de San Luis (UNSL)<\/strong> &#8211; <a href=\"mailto:lujancorrea82@gmail.com\">Mar\u00eda Luj\u00e1n Correa<\/a><\/p>\n<p><a href=\"http:\/\/grupomontevideo.org\/reuniones\/wp-content\/uploads\/2022\/02\/Res.-169-de-Presendecia-de-AUGM.pdf\">Resoluci\u00f3n de Presidencia N\u00b0 169<\/a> del 21\/12\/21<\/p>\n<hr \/>\n<p><strong><br \/>\nARGENTINA:<\/strong><\/p>\n<p><strong>UNC:<\/strong><br \/>\n<a href=\"mailto:silvia.catalini@unc.edu.ar\">Silvia Edith Catalini<\/a> &#8211; Designada 22.06.23<br \/>\n<a href=\"mailto:marcela.bella@unc.edu.ar\">Marcela Bella<\/a> &#8211; Designada 22.06.23<br \/>\n<strong><br \/>\nUNCuyo:<\/strong><br \/>\n<a href=\"mailto:licsergiovergara@gmail.com\">Sergio Fabi\u00e1n Vergara<\/a> &#8211; Designado 17.05.23<br \/>\n<a href=\"mailto:zulmaortizok@yahoo.com\">Zulma Elizabeth Ortiz<\/a> &#8211; Designada 17.05.23<br \/>\n<strong><br \/>\nUNER:<\/strong><\/p>\n<div><a href=\"mailto:ricardo.azario@uner.edu.ar\">Ricardo Ra\u00fal Azario\u00a0<\/a><\/div>\n<div><a href=\"mailto:claudia.roca@uner.edu.ar\">Claudia Roca Sallefranque\u00a0<\/a><\/div>\n<p><strong>UNL:<br \/>\n<\/strong><a href=\"mailto:yelenakuttel@gmail.com\">Yelena Kuttel<\/a> &#8211; Ratificada 08.11.22<br \/>\n<a href=\"mailto:hernan_blesio@hotmail.com\">Hern\u00e1n Blesio<\/a> &#8211; Designado 08.11.22<\/p>\n<p><strong>UNLP:<br \/>\n<\/strong><a href=\"mailto:ezequielescudero.1@gmail.com\">Ezequiel Escudero<\/a> &#8211; Designado 12.06.23<\/p>\n<p><strong>UNMdP:<br \/>\n<\/strong><a href=\"mailto:adrianeduardoalasino@gmail.com;medicina@mdp.edu.ar\">Adri\u00e1n Alasino<\/a> &#8211; Designado 31.01.20<strong><br \/>\n<\/strong><\/p>\n<p><strong>UNNE:<br \/>\n<\/strong><a href=\"mailto:ecibils@med.unne.edu.ar;eduardocibils@unne.edu.ar\">Eduardo Cibils<\/a> &#8211; Ratificado 21.06.23<br \/>\n<a href=\"mailto:djperez@med.unne.edu.ar\">Daniela Jaqueline P\u00e9rez<\/a> &#8211; Designada 21.06.23<\/p>\n<p><strong>UNNOBA:<br \/>\n<\/strong><a href=\"mailto:mlazzaro@unnoba.edu.ar\">Mar\u00eda M\u00f3nica\u00a0L\u00e1zzaro<\/a> &#8211; Ratificada 18.05.20<\/p>\n<p><strong>UNR:<\/strong><br \/>\n<a href=\"mailto:paolabenitez.psi@gmail.com\">Paola Benitez<\/a> &#8211; Ratificada 25.08.25<br \/>\n<a href=\"mailto:romina.taglioni@gmail.com\">Romina Taglioni<\/a> &#8211; Ratificada 25.08.25<\/p>\n<p><strong>UNS:<\/strong><br \/>\n<a href=\"mailto:psilberman@uns.edu.ar\">Pedro Silberman<\/a> &#8211; Designado 05.06.18<br \/>\n<a href=\"mailto:flago@criba.edu.ar\">Fernando Lago<\/a> &#8211; Designado 05.06.18<\/p>\n<p><strong>UNSL:<br \/>\n<\/strong><a href=\"mailto:lujancorrea82@gmail.com\">Mar\u00eda Luj\u00e1n Correa<\/a> &#8211; Designada 20.05.20<br \/>\n<strong><br \/>\nUNT:<br \/>\n<\/strong><a href=\"mailto:toledor@fm.unt.edu.ar\">Roxana del Valle Toledo<\/a> &#8211; Designada 04.07.25<\/p>\n<p><strong><br \/>\nBOLIVIA:<\/strong><\/p>\n<p><strong>UMSS:<br \/>\n<\/strong><a href=\"mailto:hv.rojas@umss.edu\">Heydi Ver\u00f3nica Soto Rojas<\/a> &#8211; Designada 27.06.22<br \/>\n<a href=\"mailto:rosychura@gmail.com\">Rosy Chura Cazorla<\/a> &#8211; Designada 27.06.22<br \/>\n<a href=\"mailto:j.luizaga@umss.edu\">Jenny Marcela Luizaga L\u00f3pez<\/a> &#8211; Designada 27.06.22<strong><br \/>\n<\/strong><\/p>\n<p><strong>USFX:<\/strong><br \/>\n<a href=\"mailto:perez.maria@usfx.bo\">Mar\u00eda del Rosario P\u00e9rez Mendoza<\/a> &#8211; Designada 14.09.21<\/p>\n<p><strong><br \/>\nBRASIL:<\/strong><\/p>\n<p><strong>UFG:<br \/>\n<\/strong><a href=\"mailto:cynthiaassis@ufg.br\">Cynthia Assis de Barros Nunes<\/a> &#8211; Designada 23.08.23<br \/>\n<a href=\"mailto:barbararocha@ufg.br\">B\u00e1rbara Souza Rocha<\/a> &#8211; Designada 23.08.23<strong><br \/>\n<\/strong><\/p>\n<p><strong>UFPR:<\/strong><br \/>\n<a href=\"mailto:debora.chong@ufpr.br\">D\u00e9bora Chong<\/a><\/p>\n<p><strong>UFRGS:<br \/>\n<\/strong><a href=\"mailto:rita.mattiello@ufrgs.br\">Rita Matiello<\/a> &#8211; Designada 30.10.25<\/p>\n<p><strong>UFRJ:<\/strong><br \/>\n<a href=\"mailto:carvalho.luisclaudio@gmail.com\">Lu\u00eds Claudio de Carvalho<\/a> &#8211; Designado 01.04.21<br \/>\n<a href=\"mailto:luisa.arueira@ufrj.br\">Luisa Arueira Chaves<\/a> &#8211; Designada 01.04.21<br \/>\n<a href=\"mailto:marcianutrifil@gmail.com\">M\u00e1rcia Regina Viana<\/a> &#8211; Designada 01.04.21<\/p>\n<p><strong>UFSC:<br \/>\n<\/strong><a href=\"mailto:fulvionedel@gmail.com;fulvio.nedel@ufsc.br\">F\u00falvio Borges Nedel<\/a>\u00a0&#8211; Ratificado 06.06.18<\/p>\n<p><strong>UFSCar:<\/strong><br \/>\n<a href=\"mailto:profataisbleicher@gmail.com\">Ta\u00eds Bleicher<\/a> &#8211; Designada 31.05.22<\/p>\n<p><strong>UFSM:<br \/>\n<\/strong><a href=\"mailto:ricardo.dab@gmail.com\">Ricardo Heinzelmann<\/a> &#8211; Designado 15.10.20<br \/>\n<a href=\"mailto:weiller2@hotmail.com\">Teresinha Weiller<\/a> &#8211; Ratificada 15.10.20<br \/>\n<strong><br \/>\nUnB:<br \/>\n<\/strong><a href=\"mailto:thaisfragelli@unb.br\">Tha\u00eds Branquinho Oliveira Fragelli<\/a> &#8211; Designado 16.05.25<\/p>\n<p><strong>UNIFESP:<\/strong><br \/>\n<a href=\"mailto:macarena.devincenzi@unifesp.br\">Macarena Devincenzi<\/a> &#8211; Ratificada 12.01.24<\/p>\n<p><strong><br \/>\nCHILE:<\/strong><\/p>\n<p><strong>UPLA:<br \/>\n<\/strong><a href=\"mailto:lsilva@upla.cl\">Luzmarina Silva Concha<\/a> &#8211; Ratificada 18.07.22<strong><br \/>\n<\/strong><\/p>\n<p><strong><br \/>\nPARAGUAY:<\/strong><\/p>\n<p><strong>UNA:<\/strong><a href=\"mailto:enrique.de.mestral@gmail.com\"><br \/>\n<\/a><a href=\"mailto:mgimenez@med.una.py\">Mar\u00eda Bel\u00e9n Gim\u00e9nez Reyes<\/a> &#8211; Designada 26.05.22<\/p>\n<p><strong>UNC:<\/strong><br \/>\n<a href=\"mailto:uncadmin@gmail.com;facultadunc@hotmail.com\">Roberto Gustavo Barrios<\/a> &#8211; Designado 19.05.20<br \/>\n<a href=\"mailto:secgral@unc.edu.py\">Luis Gilberto Romero Rojas<\/a> &#8211; Designado 19.05.20<\/p>\n<p><strong>UNE:<br \/>\n<\/strong><a href=\"mailto:laraquinonez18@gmail.com\">Lara Leticia Qui\u00f1onez Silvero<\/a>\u00a0&#8211; Designada 23.08.18<\/p>\n<p><strong><br \/>\nURUGUAY:<\/strong><\/p>\n<p><strong>UdelaR:<\/strong><br \/>\n<a href=\"mailto:ponzo4@gmail.com\">Jacqueline Ponzo<\/a><\/p>\n<p>&nbsp;<\/p>\n<p>&nbsp;<\/p>\n","protected":false},"excerpt":{"rendered":"<p>Coordinado por la Universidad Nacional de San Luis (UNSL) &#8211; Mar\u00eda Luj\u00e1n Correa Resoluci\u00f3n de Presidencia N\u00b0 169 del 21\/12\/21 ARGENTINA: UNC: Silvia Edith Catalini&#8230;<\/p>\n","protected":false},"author":1,"featured_media":0,"parent":0,"menu_order":0,"comment_status":"closed","ping_status":"closed","template":"","meta":{"footnotes":""},"class_list":["post-16","page","type-page","status-publish","hentry"],"_links":{"self":[{"href":"https:\/\/grupomontevideo.org\/ndca\/caatencionprimaria\/index.php?rest_route=\/wp\/v2\/pages\/16","targetHints":{"allow":["GET"]}}],"collection":[{"href":"https:\/\/grupomontevideo.org\/ndca\/caatencionprimaria\/index.php?rest_route=\/wp\/v2\/pages"}],"about":[{"href":"https:\/\/grupomontevideo.org\/ndca\/caatencionprimaria\/index.php?rest_route=\/wp\/v2\/types\/page"}],"author":[{"embeddable":true,"href":"https:\/\/grupomontevideo.org\/ndca\/caatencionprimaria\/index.php?rest_route=\/wp\/v2\/users\/1"}],"replies":[{"embeddable":true,"href":"https:\/\/grupomontevideo.org\/ndca\/caatencionprimaria\/index.php?rest_route=%2Fwp%2Fv2%2Fcomments&post=16"}],"version-history":[{"count":88,"href":"https:\/\/grupomontevideo.org\/ndca\/caatencionprimaria\/index.php?rest_route=\/wp\/v2\/pages\/16\/revisions"}],"predecessor-version":[{"id":247,"href":"https:\/\/grupomontevideo.org\/ndca\/caatencionprimaria\/index.php?rest_route=\/wp\/v2\/pages\/16\/revisions\/247"}],"wp:attachment":[{"href":"https:\/\/grupomontevideo.org\/ndca\/caatencionprimaria\/index.php?rest_route=%2Fwp%2Fv2%2Fmedia&parent=16"}],"curies":[{"name":"wp","href":"https:\/\/api.w.org\/{rel}","templated":true}]}}