{"id":134,"date":"2020-09-07T12:02:35","date_gmt":"2020-09-07T12:02:35","guid":{"rendered":"http:\/\/grupomontevideo.org\/ndca\/caatencionprimaria\/?page_id=134"},"modified":"2026-04-10T13:18:34","modified_gmt":"2026-04-10T13:18:34","slug":"seminarios-virtuales-2020","status":"publish","type":"page","link":"https:\/\/grupomontevideo.org\/ndca\/caatencionprimaria\/?page_id=134","title":{"rendered":"Seminarios Virtuales"},"content":{"rendered":"<p><strong>Octubre 2020<\/strong><br \/>\n<em>\u201cRol de la APS y las Universidades P\u00fablicas de AUGM frente a la pandemia\u201d<br \/>\nDra.\u00a0 Mirta Crovetto Matassi &#8211; Chile<br \/>\nDr.\u00a0 Andr\u00e9s Alberto Szwako Pawlowicz &#8211; Paraguay<br \/>\nDr. Marco Tulio Aguiar &#8211; Brasil<br \/>\nDra. Clara Niz &#8211; Uruguay<br \/>\nDra. Larisa Carrera<\/em><\/p>\n<p>Modera: Pablo Fontanetti &#8211; Argentina<\/p>\n<p><a href=\"https:\/\/www.youtube.com\/watch?v=YHK36HTl49g\" target=\"_blank\" rel=\"noopener noreferrer\"><i>Ver<\/i><\/a><\/p>\n<p><strong>Octubre 2020<\/strong><br \/>\n<em><a href=\"https:\/\/grupomontevideo.org\/ndca\/caatencionprimaria\">Comit\u00e9 Acad\u00e9mico Atenci\u00f3n Primaria en Salud<\/a><br \/>\nDesaf\u00edos a futuro para la atenci\u00f3n primaria en salud y los sistemas de salud<\/em>.<\/p>\n<p>&#8211; Lujan Correa &#8211; UNSL &#8211; Argentina<br \/>\n&#8211; Arthur Chioro &#8211; UNIFESP &#8211; Brasil<br \/>\n&#8211; Mirtha Crovetto &#8211; UPLA &#8211; Chile<br \/>\n&#8211; Cesar Augusto Radice &#8211; UNE &#8211; Paraguay<br \/>\n&#8211; Jaqueline Ponzo &#8211; UdelaR -Uruguay<\/p>\n<p>Modera: Yelena Kuttel &#8211; UNL -Argentina<br \/>\n<em><br \/>\n<a href=\"https:\/\/www.youtube.com\/watch?v=uXlnIugMcWM\" target=\"_blank\" rel=\"noopener noreferrer\">Ver<\/a><\/em><\/p>\n<p><strong>Septiembre 2020<\/strong><\/p>\n<p><em>Rol de la APS en los sistemas de salud frente a la pandemia. Fortalezas y debilidades<br \/>\n<\/em><\/p>\n<p>Dr. Mario Rovere \u2013 Argentina<br \/>\nDr. Heider Pinto \u2013 Brasil<br \/>\nMed. Elida Echague \u2013 Paraguay<br \/>\nDra. Jaqueline Ponzo \u2013 Uruguay<br \/>\nDr. Tomas Lagomarsino \u2013 Chile<\/p>\n<p><i><a href=\"https:\/\/www.youtube.com\/watch?v=tyrC88Vr-7I\" target=\"_blank\" rel=\"noopener noreferrer\">Ver<\/a>\u00a0<\/i><\/p>\n<p><a href=\"http:\/\/grupomontevideo.org\/sitio\/wp-content\/uploads\/2020\/09\/WhatsApp-Image-2020-09-03-at-15.43.53.jpeg\" target=\"_blank\" rel=\"noopener noreferrer\">Mas Informaci\u00f3n<\/a><\/p>\n","protected":false},"excerpt":{"rendered":"<p>Octubre 2020 \u201cRol de la APS y las Universidades P\u00fablicas de AUGM frente a la pandemia\u201d Dra.\u00a0 Mirta Crovetto Matassi &#8211; Chile Dr.\u00a0 Andr\u00e9s Alberto&#8230;<\/p>\n","protected":false},"author":1,"featured_media":0,"parent":0,"menu_order":0,"comment_status":"closed","ping_status":"closed","template":"","meta":{"footnotes":""},"class_list":["post-134","page","type-page","status-publish","hentry"],"_links":{"self":[{"href":"https:\/\/grupomontevideo.org\/ndca\/caatencionprimaria\/index.php?rest_route=\/wp\/v2\/pages\/134","targetHints":{"allow":["GET"]}}],"collection":[{"href":"https:\/\/grupomontevideo.org\/ndca\/caatencionprimaria\/index.php?rest_route=\/wp\/v2\/pages"}],"about":[{"href":"https:\/\/grupomontevideo.org\/ndca\/caatencionprimaria\/index.php?rest_route=\/wp\/v2\/types\/page"}],"author":[{"embeddable":true,"href":"https:\/\/grupomontevideo.org\/ndca\/caatencionprimaria\/index.php?rest_route=\/wp\/v2\/users\/1"}],"replies":[{"embeddable":true,"href":"https:\/\/grupomontevideo.org\/ndca\/caatencionprimaria\/index.php?rest_route=%2Fwp%2Fv2%2Fcomments&post=134"}],"version-history":[{"count":8,"href":"https:\/\/grupomontevideo.org\/ndca\/caatencionprimaria\/index.php?rest_route=\/wp\/v2\/pages\/134\/revisions"}],"predecessor-version":[{"id":260,"href":"https:\/\/grupomontevideo.org\/ndca\/caatencionprimaria\/index.php?rest_route=\/wp\/v2\/pages\/134\/revisions\/260"}],"wp:attachment":[{"href":"https:\/\/grupomontevideo.org\/ndca\/caatencionprimaria\/index.php?rest_route=%2Fwp%2Fv2%2Fmedia&parent=134"}],"curies":[{"name":"wp","href":"https:\/\/api.w.org\/{rel}","templated":true}]}}