{"id":662,"date":"2023-12-15T15:41:37","date_gmt":"2023-12-15T15:41:37","guid":{"rendered":"http:\/\/grupomontevideo.org\/ndca\/caaguas\/?page_id=662"},"modified":"2023-12-15T15:41:59","modified_gmt":"2023-12-15T15:41:59","slug":"2020-2","status":"publish","type":"page","link":"https:\/\/grupomontevideo.org\/ndca\/caaguas\/?page_id=662","title":{"rendered":"2022"},"content":{"rendered":"<ol>\n<li>\u00abEstimaci\u00f3n de agua del suelo de acuerdo a im\u00e1genes satelitales\u00bb Prof Dr Gustavo Ovando<br \/>\n\u00abTecnolog\u00edas para estudios hidrol\u00f3gicos y de recursos hidricos de Am\u00e9rica del Sur\u00bb Prof Rodrigo Cauduro Dias de Paiva<\/p>\n<p><a href=\"https:\/\/www.youtube.com\/watch?v=9nsEgosCRxk&amp;list=PLAfBzlUpABtpjousn4Kjv9fZM8B1wIg9F\">Ver el congreso<\/a><\/li>\n<li>\u00abEscenarios de balance h\u00eddrico de acuerdo a la laey agroforestal\u00bb Esp Jorge Raspanti<br \/>\n\u00abO processo de degrada\u00e7\u00e3o do rio Araguaia: desafios da gest\u00e3o\u00bb Prof Dr Maximiliano Bayer<\/p>\n<p><a href=\"https:\/\/www.youtube.com\/watch?v=dfi1FhlOZcA&amp;list=PLAfBzlUpABtpjousn4Kjv9fZM8B1wIg9F&amp;index=2\">Ver el congreso<\/a><\/li>\n<li>\u00abHerramientas num\u00e9ricas de apoyo a la gesti\u00f3n de calidad de agua en embalses para generaci\u00f3n hidroel\u00e9ctrica\u00bb Prof Ing Pablo Santoro<br \/>\n\u00abCambio Clim\u00e1tico y escasez h\u00eddrica en Chile\u00bb Dr Jaime Pizarro<\/p>\n<p><a href=\"https:\/\/www.youtube.com\/watch?v=2-yN1RXiAes&amp;list=PLAfBzlUpABtpjousn4Kjv9fZM8B1wIg9F&amp;index=3\">Ver el congreso<\/a><\/li>\n<li>\u00abGobernanza del agua y su incidencia en la gesti\u00f3n de cuencas\u00bb M. SC. Ing Mario Scheider<br \/>\n\u00abUn planeta pl\u00e1stico\u00bb Dr Andr\u00e9s Arias<\/p>\n<p><a href=\"https:\/\/www.youtube.com\/watch?v=k3zC8dFstUU&amp;list=PLAfBzlUpABtpjousn4Kjv9fZM8B1wIg9F&amp;index=4\">Ver el congreso<\/a><\/li>\n<li>\u00abEl derecho de Jarras y el Derecho a los Seminarios Libres: el Agua en la Nueva Urbanidad del Siglo XXI\u00bb Dr An\u00edbal Ignacio Faccendini\n<p><a href=\"https:\/\/www.youtube.com\/watch?v=uSaSF2wHGd4&amp;list=PLAfBzlUpABtpjousn4Kjv9fZM8B1wIg9F&amp;index=5\">Ver el congreso<\/a><\/li>\n<\/ol>\n","protected":false},"excerpt":{"rendered":"<p>\u00abEstimaci\u00f3n de agua del suelo de acuerdo a im\u00e1genes satelitales\u00bb Prof Dr Gustavo Ovando \u00abTecnolog\u00edas para estudios hidrol\u00f3gicos y de recursos hidricos de Am\u00e9rica del&#8230;<\/p>\n","protected":false},"author":1,"featured_media":0,"parent":0,"menu_order":0,"comment_status":"closed","ping_status":"closed","template":"","meta":{"footnotes":""},"class_list":["post-662","page","type-page","status-publish","hentry"],"_links":{"self":[{"href":"https:\/\/grupomontevideo.org\/ndca\/caaguas\/index.php?rest_route=\/wp\/v2\/pages\/662","targetHints":{"allow":["GET"]}}],"collection":[{"href":"https:\/\/grupomontevideo.org\/ndca\/caaguas\/index.php?rest_route=\/wp\/v2\/pages"}],"about":[{"href":"https:\/\/grupomontevideo.org\/ndca\/caaguas\/index.php?rest_route=\/wp\/v2\/types\/page"}],"author":[{"embeddable":true,"href":"https:\/\/grupomontevideo.org\/ndca\/caaguas\/index.php?rest_route=\/wp\/v2\/users\/1"}],"replies":[{"embeddable":true,"href":"https:\/\/grupomontevideo.org\/ndca\/caaguas\/index.php?rest_route=%2Fwp%2Fv2%2Fcomments&post=662"}],"version-history":[{"count":2,"href":"https:\/\/grupomontevideo.org\/ndca\/caaguas\/index.php?rest_route=\/wp\/v2\/pages\/662\/revisions"}],"predecessor-version":[{"id":664,"href":"https:\/\/grupomontevideo.org\/ndca\/caaguas\/index.php?rest_route=\/wp\/v2\/pages\/662\/revisions\/664"}],"wp:attachment":[{"href":"https:\/\/grupomontevideo.org\/ndca\/caaguas\/index.php?rest_route=%2Fwp%2Fv2%2Fmedia&parent=662"}],"curies":[{"name":"wp","href":"https:\/\/api.w.org\/{rel}","templated":true}]}}