{"id":492,"date":"2020-09-01T18:32:10","date_gmt":"2020-09-01T18:32:10","guid":{"rendered":"http:\/\/grupomontevideo.org\/ndca\/caaguas\/?page_id=492"},"modified":"2023-12-15T16:06:26","modified_gmt":"2023-12-15T16:06:26","slug":"ciclo-de-seminarios-virtuales-2020","status":"publish","type":"page","link":"https:\/\/grupomontevideo.org\/ndca\/caaguas\/?page_id=492","title":{"rendered":"Ciclo de Seminarios Virtuales"},"content":{"rendered":"<p>2023<\/p>\n<ol>\n<li>\u00abIndices de calidaad de agua para diferentes usos\u00bb Dr C\u00e9sar A. Almeida<br \/>\n\u00abIndice de calidad de vida en la cuenca Matanza Riachuelo\u00bb Dra Laura Henry, e Ing Marcos Cipponeri<\/p>\n<p><a href=\"https:\/\/www.youtube.com\/watch?v=OibM1F7W52g&amp;list=PLAfBzlUpABtoytR2B87bRpZEm3EL70P9j\">Ver congreso<\/a><\/li>\n<li>\u00abMicrocistinas produzidas por cianobact\u00e9rias e reservatorios: uma questao de saude publica?\u00bb\u00a0 Dra Cristina Souza Freire Nordi<br \/>\n\u00abEl cuidado de la casa com\u00fan. Implementaci\u00f3n de proyectos de ciencia ciudadana en el marco de los objetivos del desarrollo sostenibles y acuerdos sobre el cambio climatico\u00bb Dr Carlos Marcelo Garc\u00eda, y Fabian Freccia<\/p>\n<p><a href=\"https:\/\/www.youtube.com\/watch?v=ujaHwrdCWqA&amp;list=PLAfBzlUpABtoytR2B87bRpZEm3EL70P9j&amp;index=2\" target=\"_blank\" rel=\"noopener\">Ver congreso<\/a><\/li>\n<li>\u00abLa bajante del R\u00edo Paran\u00e1: causas e impactos\u00bb Dra Viviana Zucarelli<br \/>\n\u00abAgua y desarrollo sostenible\u00bb Ing Ana Mugetti, Lic Andrea Valladares y Dra Silvia Rafaelli<\/p>\n<p><a href=\"https:\/\/www.youtube.com\/watch?v=adRE6GEqWPU&amp;list=PLAfBzlUpABtoytR2B87bRpZEm3EL70P9j&amp;index=3\" target=\"_blank\" rel=\"noopener\">Ver congreso<\/a><\/li>\n<li>\u00abGenerar confianza en datos satelitales para evaluar la eutrofizaci\u00f3n costera. El caso del R\u00edo de la Plata\u00bb Dra Ing Fernanda Maciel<br \/>\n\u00abAporte de geotecnolog\u00edas a la gesti\u00f3n integral de recursos h\u00eddricos: cuenca del R\u00edo colorado\u00bb Dra Carolina Aumassanne, y Mgter Ana Paula Salcedo<\/p>\n<p><a href=\"https:\/\/www.youtube.com\/watch?v=vKRgfMjojKE&amp;list=PLAfBzlUpABtoytR2B87bRpZEm3EL70P9j&amp;index=4\">Ver congreso<\/a><\/li>\n<li>\u00abEl agua, persona no humana sujeto de derechos\u00bb Dr Anibal Faccendini<br \/>\n\u00abNexo agua y g\u00e9nero. Liderar en igualdad como pilar esencial para el desarrollo inclusivo y sostenible\u00bb Dra Mar\u00eda Vakentina Erice<\/p>\n<p><a href=\"https:\/\/www.youtube.com\/watch?v=WGJ9Uic7EgM&amp;list=PLAfBzlUpABtoytR2B87bRpZEm3EL70P9j&amp;index=5\">Ver congreso<\/a><\/li>\n<\/ol>\n<p><a href=\"https:\/\/grupomontevideo.org\/ndca\/caaguas\/?page_id=662\" target=\"_blank\" rel=\"noopener\">2022<\/a><\/p>\n<p><a href=\"https:\/\/grupomontevideo.org\/ndca\/caaguas\/?page_id=666\" target=\"_blank\" rel=\"noopener\">2020<\/a><\/p>\n<p>&nbsp;<\/p>\n","protected":false},"excerpt":{"rendered":"<p>2023 \u00abIndices de calidaad de agua para diferentes usos\u00bb Dr C\u00e9sar A. Almeida \u00abIndice de calidad de vida en la cuenca Matanza Riachuelo\u00bb Dra Laura&#8230;<\/p>\n","protected":false},"author":1,"featured_media":0,"parent":0,"menu_order":0,"comment_status":"closed","ping_status":"closed","template":"","meta":{"footnotes":""},"class_list":["post-492","page","type-page","status-publish","hentry"],"_links":{"self":[{"href":"https:\/\/grupomontevideo.org\/ndca\/caaguas\/index.php?rest_route=\/wp\/v2\/pages\/492","targetHints":{"allow":["GET"]}}],"collection":[{"href":"https:\/\/grupomontevideo.org\/ndca\/caaguas\/index.php?rest_route=\/wp\/v2\/pages"}],"about":[{"href":"https:\/\/grupomontevideo.org\/ndca\/caaguas\/index.php?rest_route=\/wp\/v2\/types\/page"}],"author":[{"embeddable":true,"href":"https:\/\/grupomontevideo.org\/ndca\/caaguas\/index.php?rest_route=\/wp\/v2\/users\/1"}],"replies":[{"embeddable":true,"href":"https:\/\/grupomontevideo.org\/ndca\/caaguas\/index.php?rest_route=%2Fwp%2Fv2%2Fcomments&post=492"}],"version-history":[{"count":5,"href":"https:\/\/grupomontevideo.org\/ndca\/caaguas\/index.php?rest_route=\/wp\/v2\/pages\/492\/revisions"}],"predecessor-version":[{"id":669,"href":"https:\/\/grupomontevideo.org\/ndca\/caaguas\/index.php?rest_route=\/wp\/v2\/pages\/492\/revisions\/669"}],"wp:attachment":[{"href":"https:\/\/grupomontevideo.org\/ndca\/caaguas\/index.php?rest_route=%2Fwp%2Fv2%2Fmedia&parent=492"}],"curies":[{"name":"wp","href":"https:\/\/api.w.org\/{rel}","templated":true}]}}