{"id":18,"date":"2015-12-04T19:37:06","date_gmt":"2015-12-04T19:37:06","guid":{"rendered":"http:\/\/grupomontevideo.org\/ndca\/caagroalimentario\/?page_id=18"},"modified":"2025-02-20T14:30:16","modified_gmt":"2025-02-20T14:30:16","slug":"objetivos","status":"publish","type":"page","link":"https:\/\/grupomontevideo.org\/ndca\/caaguas\/?page_id=18","title":{"rendered":"OBJETIVOS"},"content":{"rendered":"<p>Creado por resoluci\u00f3n de la VII Reuni\u00f3n del Consejo de Rectores, UNLP, 13 de agosto de 1993.<\/p>\n<p style=\"text-align: justify;\">El espacio geogr\u00e1fico en el que se asientan las universidades de la AUGM contiene uno de los sistemas h\u00eddricos de mayor importancia en el mundo. Este comit\u00e9 se ha planteado como objetivo la integraci\u00f3n de las capacidades acad\u00e9micas de los centros de investigaci\u00f3n con el fin de lograr un mejor aprovechamiento y una gesti\u00f3n sustentable de los recursos h\u00eddricos.<\/p>\n<p style=\"text-align: justify;\">El relevamiento de las capacidades de cada universidad y la definici\u00f3n de temas comunes para el desarrollo de proyectos, y propuestas de cursos de grado y posgrado regional.<\/p>\n<p style=\"text-align: justify;\">La organizaci\u00f3n de eventos como el Seminario Internacional \u00abAgua: su conocimiento como base para el uso y manejo sustentable\u00bb, 1996; el Seminario Internacional sobre Manejo del Agua Pluvial Urbana, 1997 y el Taller Regional sobre Hidr\u00e1ulica Fluvial, 1998, el Congreso Internacional sobre Aguas, el Workshop sobre Qu\u00edmica Ambiental y Salud y cursos sat\u00e9lites paralelos y el auspicio del Simposio Internacional sobre Gesti\u00f3n de los Recursos H\u00eddricos organizado por el Instituto de Investigaciones Hidr\u00e1ulicas de la Universidad Federal de Rio Grande do Sul.<\/p>\n<p>DESCARGUE PDF:\u00a0<a href=\"http:\/\/grupomontevideo.org\/ndca\/caagroalimentario\/wp-content\/uploads\/2013\/10\/Objetivos-y-Fundamentaci\u00f3n.pdf\">Objetivos y Fundamentaci\u00f3n<\/a>[:]<\/p>\n","protected":false},"excerpt":{"rendered":"<p>Creado por resoluci\u00f3n de la VII Reuni\u00f3n del Consejo de Rectores, UNLP, 13 de agosto de 1993. El espacio geogr\u00e1fico en el que se asientan&#8230;<\/p>\n","protected":false},"author":1,"featured_media":0,"parent":0,"menu_order":0,"comment_status":"closed","ping_status":"closed","template":"","meta":{"footnotes":""},"class_list":["post-18","page","type-page","status-publish","hentry"],"_links":{"self":[{"href":"https:\/\/grupomontevideo.org\/ndca\/caaguas\/index.php?rest_route=\/wp\/v2\/pages\/18","targetHints":{"allow":["GET"]}}],"collection":[{"href":"https:\/\/grupomontevideo.org\/ndca\/caaguas\/index.php?rest_route=\/wp\/v2\/pages"}],"about":[{"href":"https:\/\/grupomontevideo.org\/ndca\/caaguas\/index.php?rest_route=\/wp\/v2\/types\/page"}],"author":[{"embeddable":true,"href":"https:\/\/grupomontevideo.org\/ndca\/caaguas\/index.php?rest_route=\/wp\/v2\/users\/1"}],"replies":[{"embeddable":true,"href":"https:\/\/grupomontevideo.org\/ndca\/caaguas\/index.php?rest_route=%2Fwp%2Fv2%2Fcomments&post=18"}],"version-history":[{"count":6,"href":"https:\/\/grupomontevideo.org\/ndca\/caaguas\/index.php?rest_route=\/wp\/v2\/pages\/18\/revisions"}],"predecessor-version":[{"id":733,"href":"https:\/\/grupomontevideo.org\/ndca\/caaguas\/index.php?rest_route=\/wp\/v2\/pages\/18\/revisions\/733"}],"wp:attachment":[{"href":"https:\/\/grupomontevideo.org\/ndca\/caaguas\/index.php?rest_route=%2Fwp%2Fv2%2Fmedia&parent=18"}],"curies":[{"name":"wp","href":"https:\/\/api.w.org\/{rel}","templated":true}]}}