{"id":67,"date":"2018-04-04T19:34:28","date_gmt":"2018-04-04T19:34:28","guid":{"rendered":"http:\/\/grupomontevideo.org\/ndca\/caagroalimentario\/?page_id=67"},"modified":"2025-02-20T14:27:01","modified_gmt":"2025-02-20T14:27:01","slug":"objetivos-2","status":"publish","type":"page","link":"https:\/\/grupomontevideo.org\/ndca\/caagroalimentario\/?page_id=67","title":{"rendered":"OBJETIVOS"},"content":{"rendered":"<p><strong><em>Objetivo General<\/em><\/strong><\/p>\n<p>&#8211; Constituir una plataforma de intercambio y gesti\u00f3n de conocimientos vinculados al sector agroalimentario (desde la producci\u00f3n hasta el consumidor), interdisciplinaria, interinstitucional e intersectorial, que fortalezca la planificaci\u00f3n y gesti\u00f3n de pol\u00edticas y programas de desarrollo\u00a0 sostenible en la regi\u00f3n de influencia de AUGM.<\/p>\n<p>&nbsp;<\/p>\n<p><strong><em>Objetivos Espec\u00edficos<\/em><\/strong><\/p>\n<p>&#8211; Relevar y mantener actualizada la informaci\u00f3n sobre competitividad y transformaciones estrat\u00e9gicas de cadenas agroalimentarias, sistemas productivos agr\u00edcolas y pecuarios, con el fin de lograr una base de datos actualizada.<\/p>\n<p>&#8211; Teniendo en cuenta los resultados obtenidos del primer objetivo espec\u00edfico, estimular el desarrollo de proyectos integrados de investigaci\u00f3n, aplicados especialmente a los sectores que producen y comercializan agroalimentos. Motivar la diversificaci\u00f3n y\/o Agregado de Valor en los productos agroalimentarios regionales.<\/p>\n<p>&#8211; Promover estudios sobre el tratamiento de subproductos org\u00e1nicos provenientes de actividades agroalimentarias, ya sea de car\u00e1cter primario o agroindustrial como forma de mitigar los efectos externos al medio ambiente y a partir de los cuales es posible contribuir a la bioeconom\u00eda.<\/p>\n<p>&#8211; Contribuir a los ODS 2030 Punto 2 y 12, fomentando alianzas estrat\u00e9gicas entre los diversos grupos de AUGM.<\/p>\n<p>&#8211; Mantener reuniones virtuales peri\u00f3dicas y una presencial anual entre los referentes y\/o representantes de las distintas universidades de AUGM en el CA Agroalimentario, con el fin de compartir informaci\u00f3n de inter\u00e9s com\u00fan, coordinar acciones conjuntas y\/o eventos que sirvan para consolidar el espacio y la din\u00e1mica interna del CA, de forma tal que esa reuni\u00f3n tenga frutos concretos, abiertos a la comunidad (jornadas, seminarios, talleres, publicaciones, etc.).<\/p>\n<p>&#8211; Incentivar la integraci\u00f3n acad\u00e9mica de los grupos dedicados a la docencia e investigaci\u00f3n en todo lo referente a los agroalimentos, teniendo en cuenta la diversidad de la tem\u00e1tica.<\/p>\n<p>&#8211; Complementar las actividades que se puedan desarrollar en el marco del presente CA, con las de otros grupos de trabajo cient\u00edficos, tales como: centros de investigaci\u00f3n, institutos nacionales de ciencia tecnolog\u00eda e investigaci\u00f3n agropecuaria, etc.<\/p>\n<p>&nbsp;<\/p>\n","protected":false},"excerpt":{"rendered":"<p>Objetivo General &#8211; Constituir una plataforma de intercambio y gesti\u00f3n de conocimientos vinculados al sector agroalimentario (desde la producci\u00f3n hasta el consumidor), interdisciplinaria, interinstitucional e&#8230;<\/p>\n","protected":false},"author":1,"featured_media":0,"parent":0,"menu_order":0,"comment_status":"closed","ping_status":"closed","template":"","meta":{"footnotes":""},"class_list":["post-67","page","type-page","status-publish","hentry"],"_links":{"self":[{"href":"https:\/\/grupomontevideo.org\/ndca\/caagroalimentario\/index.php?rest_route=\/wp\/v2\/pages\/67","targetHints":{"allow":["GET"]}}],"collection":[{"href":"https:\/\/grupomontevideo.org\/ndca\/caagroalimentario\/index.php?rest_route=\/wp\/v2\/pages"}],"about":[{"href":"https:\/\/grupomontevideo.org\/ndca\/caagroalimentario\/index.php?rest_route=\/wp\/v2\/types\/page"}],"author":[{"embeddable":true,"href":"https:\/\/grupomontevideo.org\/ndca\/caagroalimentario\/index.php?rest_route=\/wp\/v2\/users\/1"}],"replies":[{"embeddable":true,"href":"https:\/\/grupomontevideo.org\/ndca\/caagroalimentario\/index.php?rest_route=%2Fwp%2Fv2%2Fcomments&post=67"}],"version-history":[{"count":5,"href":"https:\/\/grupomontevideo.org\/ndca\/caagroalimentario\/index.php?rest_route=\/wp\/v2\/pages\/67\/revisions"}],"predecessor-version":[{"id":325,"href":"https:\/\/grupomontevideo.org\/ndca\/caagroalimentario\/index.php?rest_route=\/wp\/v2\/pages\/67\/revisions\/325"}],"wp:attachment":[{"href":"https:\/\/grupomontevideo.org\/ndca\/caagroalimentario\/index.php?rest_route=%2Fwp%2Fv2%2Fmedia&parent=67"}],"curies":[{"name":"wp","href":"https:\/\/api.w.org\/{rel}","templated":true}]}}