{"id":210,"date":"2020-10-06T14:04:03","date_gmt":"2020-10-06T14:04:03","guid":{"rendered":"http:\/\/grupomontevideo.org\/ndca\/caagroalimentario\/?page_id=210"},"modified":"2020-11-03T17:39:00","modified_gmt":"2020-11-03T17:39:00","slug":"escuela-de-verano-2021","status":"publish","type":"page","link":"https:\/\/grupomontevideo.org\/ndca\/caagroalimentario\/?page_id=210","title":{"rendered":"Escuela de Verano 2021"},"content":{"rendered":"<p style=\"text-align: left;\"><strong><br \/>\n<\/strong><a href=\"https:\/\/grupomontevideo.org\/ndca\/caagroalimentario\/?page_id=210\" target=\"_blank\" rel=\"noopener noreferrer\">\u00abEscuela de Verano Virtual: Buenas Practicas en la cadena productiva de Hortalizas\u00bb<\/a><\/p>\n<p>Sede y soporte: Facultad de Ciencias Agrarias, Universidad Nacional de Rosario, Argentina.<br \/>\nInscripciones:<\/p>\n<p><strong>A partir de Noviembre podr\u00e1n inscribirse a trav\u00e9s de estos links:<\/strong><\/p>\n<p><a href=\"https:\/\/docs.google.com\/forms\/d\/e\/1FAIpQLSfX8UBH-jnWIqCt5n_J_jCg4um2zfB3dDu9BflO6yW0eOyCdQ\/viewform\"><strong>Espa\u00f1ol<\/strong><\/a><\/p>\n<p><a href=\"https:\/\/docs.google.com\/forms\/d\/e\/1FAIpQLSceOBagD9-OuINMFVCay7WeVdqBb4fogGyZnciQnaCVlJZ0Hg\/viewform\"><strong>Portugu\u00e9s<\/strong><\/a><\/p>\n<p>Mas informaci\u00f3n en la web: <a href=\"http:\/\/www.grupomontevideo.org\/evcaa\" target=\"_blank\" rel=\"noopener noreferrer\">www.grupomontevideo.org\/evcaa<\/a><\/p>\n<p>Contacto:\u00a0<a href=\"mailto:escuelaaugmca@gmail.com\"><strong>escuelaaugmca@gmail.com<\/strong><\/a><\/p>\n<p><strong>Periodo de realizaci\u00f3n:<\/strong><br \/>\n<strong>Comienzo: 22\/2\/2021<\/strong><br \/>\n<strong>Finalizaci\u00f3n: 31\/3\/2021<\/strong><br \/>\n<strong>Total: 30hrs de curso.<\/strong><\/p>\n<p>La Escuela estar\u00e1 dirigida a alumnos de grado que est\u00e9n cursando o hayan cursado los dos \u00faltimos a\u00f1os de la carrera de Agronom\u00eda, Ingenier\u00eda Agron\u00f3mica o equivalente, seg\u00fan la denominaci\u00f3n que tenga en las Universidades miembros de AUGM.<\/p>\n<p><strong>Objetivos de la Propuesta<\/strong><\/p>\n<p>Analizar las buenas pr\u00e1cticas en los diferentes eslabones de la cadena productiva de hortalizas a fin de gestionar la aplicaci\u00f3n de tecnolog\u00edas y manejos de bajo impacto ambiental, articulando sistemas sustentables que ofrezcan alimentos inocuos para la salud.<\/p>\n<p>Integrar conocimientos de distintas disciplinas que se relacionan de una u otra forma con los sistemas de producci\u00f3n, procesamiento y comercializaci\u00f3n de hortalizas como son las \u00e1reas de Horticultura, Fitopatolog\u00eda, Terap\u00e9utica, Inocuidad Biol\u00f3gica, Entomolog\u00eda, Fisiolog\u00eda Vegetal, Climatolog\u00eda, Ecolog\u00eda, Mercado, Comercializaci\u00f3n, Sociolog\u00eda, entre otros.<\/p>\n<p><strong>Desaf\u00edo en la producci\u00f3n de hortalizas<\/strong><\/p>\n<p>Las producciones intensivas como la horticultura, implican gran cantidad de inversi\u00f3n empleo de insumos, mano de obra y producci\u00f3n por unidad de superficie. Sus cultivos son fundamentales en la dieta diaria de la poblaci\u00f3n, tanto en cantidad como calidad.<\/p>\n<p>El desaf\u00edo es producir hortalizas de una manera m\u00e1s sustentable, teniendo en cuenta aspectos de rentabilidad, manejo adecuado de los recursos naturales y ofrecer a los consumidores alimentos frescos saludables, de manera econ\u00f3mica y socialmente viables.<\/p>\n<p>La aplicaci\u00f3n de buenas pr\u00e1cticas agr\u00edcolas y de manufactura deber\u00eda atravesar a todas las modalidades de producci\u00f3n que hoy conocemos y las que vendr\u00e1n, ya que significa realizar correctamente cada procedimiento a lo largo de la cadena. Las Buenas Pr\u00e1cticas gu\u00edan los procesos productivos, la planificaci\u00f3n individual y colectiva y garantizan al consumidor la calidad de los alimentos. Es un tema muy amplio e interesante, que no se agota en este curso pero que intenta ser una base de conocimientos, un espacio de b\u00fasqueda, reflexi\u00f3n e intercambio de ideas y experiencias.<\/p>\n<p><a href=\"https:\/\/grupomontevideo.org\/ndca\/caagroalimentario\/wp-content\/uploads\/2020\/10\/Flyer-Curso-AUGM-FCA-UNR..jpeg\"><img loading=\"lazy\" decoding=\"async\" class=\"aligncenter wp-image-214\" src=\"https:\/\/grupomontevideo.org\/ndca\/caagroalimentario\/wp-content\/uploads\/2020\/10\/Flyer-Curso-AUGM-FCA-UNR..jpeg\" alt=\"\" width=\"561\" height=\"861\" \/><\/a><\/p>\n","protected":false},"excerpt":{"rendered":"<p>\u00abEscuela de Verano Virtual: Buenas Practicas en la cadena productiva de Hortalizas\u00bb Sede y soporte: Facultad de Ciencias Agrarias, Universidad Nacional de Rosario, Argentina. Inscripciones:&#8230;<\/p>\n","protected":false},"author":1,"featured_media":0,"parent":0,"menu_order":0,"comment_status":"closed","ping_status":"closed","template":"","meta":{"footnotes":""},"class_list":["post-210","page","type-page","status-publish","hentry"],"_links":{"self":[{"href":"https:\/\/grupomontevideo.org\/ndca\/caagroalimentario\/index.php?rest_route=\/wp\/v2\/pages\/210","targetHints":{"allow":["GET"]}}],"collection":[{"href":"https:\/\/grupomontevideo.org\/ndca\/caagroalimentario\/index.php?rest_route=\/wp\/v2\/pages"}],"about":[{"href":"https:\/\/grupomontevideo.org\/ndca\/caagroalimentario\/index.php?rest_route=\/wp\/v2\/types\/page"}],"author":[{"embeddable":true,"href":"https:\/\/grupomontevideo.org\/ndca\/caagroalimentario\/index.php?rest_route=\/wp\/v2\/users\/1"}],"replies":[{"embeddable":true,"href":"https:\/\/grupomontevideo.org\/ndca\/caagroalimentario\/index.php?rest_route=%2Fwp%2Fv2%2Fcomments&post=210"}],"version-history":[{"count":9,"href":"https:\/\/grupomontevideo.org\/ndca\/caagroalimentario\/index.php?rest_route=\/wp\/v2\/pages\/210\/revisions"}],"predecessor-version":[{"id":230,"href":"https:\/\/grupomontevideo.org\/ndca\/caagroalimentario\/index.php?rest_route=\/wp\/v2\/pages\/210\/revisions\/230"}],"wp:attachment":[{"href":"https:\/\/grupomontevideo.org\/ndca\/caagroalimentario\/index.php?rest_route=%2Fwp%2Fv2%2Fmedia&parent=210"}],"curies":[{"name":"wp","href":"https:\/\/api.w.org\/{rel}","templated":true}]}}