{"id":67,"date":"2018-04-04T19:34:28","date_gmt":"2018-04-04T19:34:28","guid":{"rendered":"http:\/\/grupomontevideo.org\/ndca\/caagroalimentario\/?page_id=67"},"modified":"2025-02-20T14:20:39","modified_gmt":"2025-02-20T14:20:39","slug":"objetivos-2","status":"publish","type":"page","link":"https:\/\/grupomontevideo.org\/ndca\/caaccesibilidad\/?page_id=67","title":{"rendered":"OBJETIVOS"},"content":{"rendered":"<p><strong>Objetivos del Comit\u00e9 Acad\u00e9mico Accesibilidad y Discapacidad (CAAyD)<\/strong><\/p>\n<p>&#8211; Caracterizar el estado del arte nacional e internacional en la materia, considerando los distintos contextos te\u00f3ricos, emp\u00edricos, institucionales y sociopol\u00edticos en que se sit\u00faa dicha proposici\u00f3n.<\/p>\n<p>&#8211; Identificar y difundir experiencias nacionales e internacionales, con la finalidad que el di\u00e1logo colectivo contribuya a profundizar en el an\u00e1lisis de sus alcances y limitaciones, as\u00ed como en la comprensi\u00f3n de sus posibles transferencias a las distintas instituciones universitarias participantes de la AUGM;<\/p>\n<p>&#8211; Contribuir a la generaci\u00f3n de acciones acad\u00e9micas y educativas en las instituciones participantes, favoreciendo la construcci\u00f3n de conocimiento cient\u00edfico relevante para la toma de decisiones en materia de organizaci\u00f3n y buenas pr\u00e1cticas en las universidades miembros;<\/p>\n<p>&#8211; Impulsar en alianza iniciativas de cooperaci\u00f3n, desarrollo de proyectos de investigaci\u00f3n y acciones compartidas y con otras instituciones que compartan la misi\u00f3n desde una perspectiva de diversidad.<\/p>\n<p>&#8211; Propiciar la interacci\u00f3n y vinculaci\u00f3n de la universidad tanto con las Organizaciones de la Sociedad Civil (OSC) que trabajan con las universidades miembro en sus territorios de influencia y otras a nivel regional compatibles con el espacio AUGM, como con las Personas con Discapacidad de las comunidades acad\u00e9micas para validar los conocimientos cient\u00edficos e integrarlos con los del campo vulgar (\u00f3 popular) propendiendo a una s\u00edntesis superadora.<\/p>\n<p>&nbsp;<\/p>\n<p><strong>Objetivos do Comit\u00ea Acad\u00eamico de Acessibilidade e Defici\u00eancia (CAAeD)<\/strong><\/p>\n<p>&#8211; Caracterizar o estado da arte nacional e internacional no tema, considerando os diferentes contextos te\u00f3ricos, emp\u00edricos, institucionais e s\u00f3cio-pol\u00edticos em que esta proposi\u00e7\u00e3o se situa;<\/p>\n<p>&#8211; Identificar e divulgar experi\u00eancias nacionais e internacionais, com o objectivo de que o di\u00e1logo coletivo contribua para aprofundar a an\u00e1lise do seu alcance e limita\u00e7\u00f5es, bem como a compreens\u00e3o das suas poss\u00edveis transfer\u00eancias para as diferentes institui\u00e7\u00f5es universit\u00e1rias que participam no AUGM;<\/p>\n<p>&#8211; Contribuir para a gera\u00e7\u00e3o de a\u00e7\u00f5es acad\u00eamicas e educativas nas institui\u00e7\u00f5es participantes, favorecendo a constru\u00e7\u00e3o de conhecimento cient\u00edfico relevante para a tomada de decis\u00e3o em termos de organiza\u00e7\u00e3o e boas pr\u00e1ticas nas universidades associadas;<\/p>\n<p>&#8211; Promover em parceria, iniciativas de coopera\u00e7\u00e3o, desenvolvimento de projetos de pesquisa e a\u00e7\u00f5es compartilhadas e com outras institui\u00e7\u00f5es que compartilhem a miss\u00e3o de uma perspectiva de diversidade;<\/p>\n<p>&#8211; Incentivar a intera\u00e7\u00e3o e v\u00ednculos da universidade com as Organiza\u00e7\u00f5es da Sociedade Civil (OSCs) que trabalham com universidades afiliadas nos seus territ\u00f3rios de influ\u00eancia e outras regionalmente compat\u00edveis com o espa\u00e7o da AUGM, assim como, com as Pessoas com Defici\u00eancia (PCDs), das comunidades acad\u00eamicas para validar o conhecimento cient\u00edfico e integr\u00e1-los com os do campo vulgar (ou popular), propulsionando a produ\u00e7\u00f5es superiores.<\/p>\n","protected":false},"excerpt":{"rendered":"<p>Objetivos del Comit\u00e9 Acad\u00e9mico Accesibilidad y Discapacidad (CAAyD) &#8211; Caracterizar el estado del arte nacional e internacional en la materia, considerando los distintos contextos te\u00f3ricos,&#8230;<\/p>\n","protected":false},"author":1,"featured_media":0,"parent":0,"menu_order":0,"comment_status":"closed","ping_status":"closed","template":"","meta":{"footnotes":""},"class_list":["post-67","page","type-page","status-publish","hentry"],"_links":{"self":[{"href":"https:\/\/grupomontevideo.org\/ndca\/caaccesibilidad\/index.php?rest_route=\/wp\/v2\/pages\/67","targetHints":{"allow":["GET"]}}],"collection":[{"href":"https:\/\/grupomontevideo.org\/ndca\/caaccesibilidad\/index.php?rest_route=\/wp\/v2\/pages"}],"about":[{"href":"https:\/\/grupomontevideo.org\/ndca\/caaccesibilidad\/index.php?rest_route=\/wp\/v2\/types\/page"}],"author":[{"embeddable":true,"href":"https:\/\/grupomontevideo.org\/ndca\/caaccesibilidad\/index.php?rest_route=\/wp\/v2\/users\/1"}],"replies":[{"embeddable":true,"href":"https:\/\/grupomontevideo.org\/ndca\/caaccesibilidad\/index.php?rest_route=%2Fwp%2Fv2%2Fcomments&post=67"}],"version-history":[{"count":5,"href":"https:\/\/grupomontevideo.org\/ndca\/caaccesibilidad\/index.php?rest_route=\/wp\/v2\/pages\/67\/revisions"}],"predecessor-version":[{"id":397,"href":"https:\/\/grupomontevideo.org\/ndca\/caaccesibilidad\/index.php?rest_route=\/wp\/v2\/pages\/67\/revisions\/397"}],"wp:attachment":[{"href":"https:\/\/grupomontevideo.org\/ndca\/caaccesibilidad\/index.php?rest_route=%2Fwp%2Fv2%2Fmedia&parent=67"}],"curies":[{"name":"wp","href":"https:\/\/api.w.org\/{rel}","templated":true}]}}