{"id":846,"date":"2018-10-15T19:08:41","date_gmt":"2018-10-15T19:08:41","guid":{"rendered":"http:\/\/grupomontevideo.org\/espo\/path-landing-page\/"},"modified":"2024-08-15T18:40:31","modified_gmt":"2024-08-15T18:40:31","slug":"path-landing-page","status":"publish","type":"page","link":"https:\/\/grupomontevideo.org\/espo\/","title":{"rendered":""},"content":{"rendered":"\n<figure class=\"wp-block-image alignfull size-full\"><a href=\"https:\/\/grupomontevideo.org\/espo\/wp-content\/uploads\/2020\/05\/cropped-fondo-textura-webMesa-de-trabajo-1-copia.jpg\"><img loading=\"lazy\" decoding=\"async\" width=\"1000\" height=\"401\" src=\"https:\/\/grupomontevideo.org\/espo\/wp-content\/uploads\/2020\/05\/cropped-fondo-textura-webMesa-de-trabajo-1-copia.jpg\" alt=\"\" class=\"wp-image-4038\" srcset=\"https:\/\/grupomontevideo.org\/espo\/wp-content\/uploads\/2020\/05\/cropped-fondo-textura-webMesa-de-trabajo-1-copia.jpg 1000w, https:\/\/grupomontevideo.org\/espo\/wp-content\/uploads\/2020\/05\/cropped-fondo-textura-webMesa-de-trabajo-1-copia-300x120.jpg 300w, https:\/\/grupomontevideo.org\/espo\/wp-content\/uploads\/2020\/05\/cropped-fondo-textura-webMesa-de-trabajo-1-copia-768x308.jpg 768w\" sizes=\"auto, (max-width: 1000px) 100vw, 1000px\" \/><\/a><\/figure>\n\n\n\n<h2 class=\"wp-block-heading has-text-align-center\"><strong>\u00bfQu\u00e9 es EsPo?<\/strong><\/h2>\n\n\n\n<p>EsPo AUGM es un espacio en construcci\u00f3n para consolidar la cooperaci\u00f3n internacional en el nivel de posgrado entre las 40 instituciones miembro de la Asociaci\u00f3n de Universidades Grupo Montevideo.&nbsp;<\/p>\n\n\n\n<p>Para ello difundimos las diferentes acciones de posgrado que se realizan en la red con el objetivo potenciar la movilidad de estudiantes y acad\u00e9micos de las carreras de maestr\u00edas y doctorados:&nbsp;&nbsp;<\/p>\n\n\n\n<p>En Oferta de Posgrado encontrar\u00e1s los programas, carreras, cursos y seminarios de posgrado que se dictan en cada una de las Universidades de forma regular y peri\u00f3dica.&nbsp;<\/p>\n\n\n\n<p>En Repositorio encontrar\u00e1s, por universidad,&nbsp; diferentes sitios donde consultar materiales de estudio, tesis de maestr\u00eda, libros, publicaciones peri\u00f3dicas, contenidos multimedia, entre otros, que permiten acceder al conocimiento generado por nuestras universidades p\u00fablicas.<\/p>\n","protected":false},"excerpt":{"rendered":"<p>\u00bfQu\u00e9 es EsPo? EsPo AUGM es un espacio en construcci\u00f3n para consolidar la cooperaci\u00f3n internacional en el nivel de posgrado entre las 40 instituciones miembro de la Asociaci\u00f3n de Universidades Grupo Montevideo.&nbsp; Para ello difundimos las diferentes acciones de posgrado que se realizan en la red con el objetivo potenciar la movilidad de estudiantes y [&hellip;]<\/p>\n","protected":false},"author":1,"featured_media":0,"parent":0,"menu_order":0,"comment_status":"closed","ping_status":"closed","template":"templates\/builder-fullwidth-std.php","meta":{"footnotes":""},"class_list":["post-846","page","type-page","status-publish","hentry"],"_links":{"self":[{"href":"https:\/\/grupomontevideo.org\/espo\/wp-json\/wp\/v2\/pages\/846","targetHints":{"allow":["GET"]}}],"collection":[{"href":"https:\/\/grupomontevideo.org\/espo\/wp-json\/wp\/v2\/pages"}],"about":[{"href":"https:\/\/grupomontevideo.org\/espo\/wp-json\/wp\/v2\/types\/page"}],"author":[{"embeddable":true,"href":"https:\/\/grupomontevideo.org\/espo\/wp-json\/wp\/v2\/users\/1"}],"replies":[{"embeddable":true,"href":"https:\/\/grupomontevideo.org\/espo\/wp-json\/wp\/v2\/comments?post=846"}],"version-history":[{"count":76,"href":"https:\/\/grupomontevideo.org\/espo\/wp-json\/wp\/v2\/pages\/846\/revisions"}],"predecessor-version":[{"id":4076,"href":"https:\/\/grupomontevideo.org\/espo\/wp-json\/wp\/v2\/pages\/846\/revisions\/4076"}],"wp:attachment":[{"href":"https:\/\/grupomontevideo.org\/espo\/wp-json\/wp\/v2\/media?parent=846"}],"curies":[{"name":"wp","href":"https:\/\/api.w.org\/{rel}","templated":true}]}}