{"id":836,"date":"2018-10-15T19:03:54","date_gmt":"2018-10-15T19:03:54","guid":{"rendered":"http:\/\/grupomontevideo.org\/espo\/?page_id=836"},"modified":"2023-05-08T15:01:09","modified_gmt":"2023-05-08T15:01:09","slug":"tesis-de-posgrado","status":"publish","type":"page","link":"https:\/\/grupomontevideo.org\/espo\/tesis-de-posgrado\/","title":{"rendered":"Repositorios"},"content":{"rendered":"\n<h2 id=\"wp-block-themeisle-blocks-advanced-heading-46a89766\" class=\"wp-block-themeisle-blocks-advanced-heading wp-block-themeisle-blocks-advanced-heading-46a89766\" style=\"color:#000000;font-style:normal;text-transform:none\">En este espacio encontrar\u00e1s, por universidad,&nbsp; diferentes sitios donde consultar materiales de estudio, tesis de maestr\u00eda, libros, publicaciones peri\u00f3dicas, contenidos multimedia, entre otros, que permiten acceder al conocimiento generado por las Universidades Miembro de AUGM.<\/h2>\n\n\n<h2><strong>Argentina <\/strong><\/h2>\n<p><strong>(<\/strong><a href=\"http:\/\/repositorios.mincyt.gob.ar\/recursos.php\">http:\/\/repositorios.mincyt.gob.ar\/recursos.php<\/a><strong>)<\/strong><\/p>\n<p><a href=\"http:\/\/repositoriouba.sisbi.uba.ar\/gsdl\/cgi-bin\/library.cgi\">Universidad de Buenos Aires (UBA)<\/a><br \/><a href=\"https:\/\/rdu.unc.edu.ar\/\">Universidad Nacional de C\u00f3rdoba (UNC)<\/a><br \/><a href=\"http:\/\/bdigital.uncu.edu.ar\/\">Universidad Nacional de Cuyo (UNCuyo)<\/a><br \/><a href=\"http:\/\/www.uner.edu.ar\/\">Universidad Nacional de Entre R\u00edos (UNER)<\/a><br \/><a href=\"http:\/\/bibliotecavirtual.unl.edu.ar\/\">Universidad Nacional del Litoral (UNL)<\/a><br \/><a href=\"http:\/\/sedici.unlp.edu.ar\/\">Universidad Nacional de La Plata (UNLP)<\/a><br \/><a href=\"http:\/\/biblio1.mdp.edu.ar\/index.php?bdigital\">Universidad Nacional de Mar del Plata (UNMdP)<\/a><br \/><a href=\"http:\/\/repositorio.unne.edu.ar\/\">Universidad Nacional del Nordeste (UNNE)<\/a><br \/><a href=\"http:\/\/bibliotecas.unr.edu.ar\/\">Universidad Nacional de Rosario (UNR)<\/a><br \/><a href=\"http:\/\/repositoriodigital.uns.edu.ar\/\">Universidad Nacional del Sur (UNS)<\/a><br \/><a href=\"http:\/\/bd.unsl.edu.ar\/\">Universidad Nacional de San Luis (UNSL)<\/a><br \/><a href=\"http:\/\/www.repositorio.unt.edu.ar\/\">Universidad Nacional de Tucum\u00e1n (UNT)<\/a><br \/><a href=\"http:\/\/www.unnoba.edu.ar\/\">Universidad Nacional del Noroeste de Buenos Aires<\/a><\/p>\n<h2><strong>Bolivia<\/strong><\/h2>\n<p><a href=\"http:\/\/repositorio.umsa.bo\/\">Universidad Mayor de San Andr\u00e9s (UMSA)<\/a><br \/><a href=\"http:\/\/www.usfx.info\/\">Universidad Mayor, Real y Pontificia de San Francisco Xavier de Chuquisaca (UMRPSFXCH)<\/a><\/p>\n<h2><strong>Brasil <\/strong><\/h2>\n<p><strong>(<\/strong><a href=\"http:\/\/www.ibict.br\/informacao-para-ciencia-tecnologia-e-inovacao%20\/repositorios-digitais\/repositorios-brasileiros\">http:\/\/www.ibict.br\/informacao-para-ciencia-tecnologia-e-inovacao%20\/repositorios-digitais\/repositorios-brasileiros<\/a><strong>)<\/strong><\/p>\n<p><a href=\"http:\/\/repositorio.furg.br\/\">Universidade Federal do Rio Grande (FURG)<\/a><a href=\"https:\/\/repositorio.bc.ufg.br\/\"><br \/>Universidade Federal de Goi\u00e1s (UFG)<\/a><br \/><a href=\"https:\/\/dspaceprod02.grude.ufmg.br\/dspace\/\">Universidade Federal de Minas Gerais (UFMG)<\/a><br \/><a href=\"http:\/\/www.portal.ufpr.br\/\">Universidade Federal do Paran\u00e1 (UFPR)<\/a><br \/><a href=\"https:\/\/www.ufrgs.br\/bibcsh\/pesquisa\/lume-repositorio-digital\/\">Universidade Federal do Rio Grande do Sul (UFRGS)<\/a><br \/><a href=\"http:\/\/pantheon.ufrj.br\/\">Universidade Federal do Rio de Janeiro (UFRJ)<\/a><br \/><a href=\"http:\/\/www.repositorio.ufsc.br\">Universidade Federal de Santa Catarina (UFSC)<\/a><br \/><a href=\"https:\/\/repositorio.ufscar.br\/\">Universidade Federal de S\u00e3o Carlos (UFSCar)<\/a><br \/><a href=\"https:\/\/www.ufsm.br\/pro-reitorias\/prpgp\/mestrado-doutorado\">Universidade Federal de Santa Maria (UFSM)<\/a><br \/><a href=\"https:\/\/repositorio.unesp.br\/\">Universidade Estadual Paulista (UNESP)<br \/><\/a>\u00a0<a href=\"http:\/\/repositorio.unicamp.br\/\">Universidade Estadual de Campinas (UNICAMP)<br \/><\/a><a href=\"http:\/\/www.sibi.usp.br\/bibliotecas\/digitais-sistemicas\/producao-usp\/\">Universidade de S\u00e3o Paulo (USP)<\/a><\/p>\n<h2><strong>Chile<\/strong><\/h2>\n<p><strong> (<\/strong><a href=\"http:\/\/repositorio.conicyt.cl\/\">http:\/\/repositorio.conicyt.cl\/<\/a><strong>)<\/strong><\/p>\n<p><a href=\"Universidad%20de%20Chile%20(UChile)%20http:\/repositorio.uchile.cl\/%20\">Universidad de Chile (UChile)<br \/><\/a><a href=\"http:\/\/www.upla.cl\/bibliotecas\/recursos-en-linea\/\">Universidad de Playa Ancha (UPLA)<br \/><\/a>\u00a0<a href=\"https:\/\/repositorio.usach.cl\/\">Universidad de Santiago de Chile (USACH)<br \/><\/a><a href=\"http:\/\/bibliotecas.uv.cl\/index.php\/investigacionuv\">Universidad de Valpara\u00edso (UV)<\/a><\/p>\n<h2><strong>Paraguay <\/strong><\/h2>\n<p><a href=\"http:\/www.una.py\/index.php\/unidades-academicas\/biblioteca-central\/629-bases-de-datos-online\">Universidad Nacional de Asunci\u00f3n (UNA)<br \/><\/a><a href=\"http:\/\/www.une.edu.py\/\">Universidad Nacional del Este (UNE)<br \/><\/a><a href=\"http:\/\/www.uni.edu.py\/\">Universidad Nacional de Itap\u00faa (UNI)<\/a><\/p>\n<h2><strong>Uruguay<\/strong><\/h2>\n<p><a href=\"http:\/\/udelar.edu.uy\/bibliotecas\/repositorios\/\">Universidad de la Rep\u00fablica (UDELAR)<\/a><\/p>","protected":false},"excerpt":{"rendered":"<p>Argentina (http:\/\/repositorios.mincyt.gob.ar\/recursos.php) Universidad de Buenos Aires (UBA)Universidad Nacional de C\u00f3rdoba (UNC)Universidad Nacional de Cuyo (UNCuyo)Universidad Nacional de Entre R\u00edos (UNER)Universidad Nacional del Litoral (UNL)Universidad Nacional de La Plata (UNLP)Universidad Nacional de Mar del Plata (UNMdP)Universidad Nacional del Nordeste (UNNE)Universidad Nacional de Rosario (UNR)Universidad Nacional del Sur (UNS)Universidad Nacional de San Luis (UNSL)Universidad Nacional de Tucum\u00e1n [&hellip;]<\/p>\n","protected":false},"author":1,"featured_media":0,"parent":0,"menu_order":0,"comment_status":"closed","ping_status":"closed","template":"","meta":{"footnotes":""},"class_list":["post-836","page","type-page","status-publish","hentry"],"_links":{"self":[{"href":"https:\/\/grupomontevideo.org\/espo\/wp-json\/wp\/v2\/pages\/836","targetHints":{"allow":["GET"]}}],"collection":[{"href":"https:\/\/grupomontevideo.org\/espo\/wp-json\/wp\/v2\/pages"}],"about":[{"href":"https:\/\/grupomontevideo.org\/espo\/wp-json\/wp\/v2\/types\/page"}],"author":[{"embeddable":true,"href":"https:\/\/grupomontevideo.org\/espo\/wp-json\/wp\/v2\/users\/1"}],"replies":[{"embeddable":true,"href":"https:\/\/grupomontevideo.org\/espo\/wp-json\/wp\/v2\/comments?post=836"}],"version-history":[{"count":9,"href":"https:\/\/grupomontevideo.org\/espo\/wp-json\/wp\/v2\/pages\/836\/revisions"}],"predecessor-version":[{"id":2047,"href":"https:\/\/grupomontevideo.org\/espo\/wp-json\/wp\/v2\/pages\/836\/revisions\/2047"}],"wp:attachment":[{"href":"https:\/\/grupomontevideo.org\/espo\/wp-json\/wp\/v2\/media?parent=836"}],"curies":[{"name":"wp","href":"https:\/\/api.w.org\/{rel}","templated":true}]}}